{"id":1245138,"date":"2024-10-23T23:02:42","date_gmt":"2024-10-23T22:02:42","guid":{"rendered":"https:\/\/positiveprints.com\/product\/cartel-con-letras-personalizadas\/"},"modified":"2026-04-18T03:19:36","modified_gmt":"2026-04-18T02:19:36","slug":"arte-de-vinilo-de-canciones-personalizado","status":"publish","type":"product","link":"https:\/\/positiveprints.com\/es\/producto\/arte-de-vinilo-de-canciones-personalizado\/","title":{"rendered":"Arte de Vinilo de Canciones Personalizado"},"content":{"rendered":"<p style=\"margin-top: 1rem;\">\u00bfBuscas un regalo \u00fanico y especial? Arte de Vinilo de Canciones Personalizado es una impresi\u00f3n personalizada o un lienzo que muestra maravillosamente la letra de una canci\u00f3n que t\u00fa elijas. Es la forma perfecta de celebrar cualquier ocasi\u00f3n y crear recuerdos duraderos.  <\/p>\r\n\r\n<h2 class=\"grenB f24 cblue\" style=\"margin-top: 3rem;\">Crea tu propia Arte de Vinilo de Canciones Personalizado<\/h2>\r\n\r\n<p style=\"margin-top: 1rem;\">Visita nuestro editor en l\u00ednea y empieza por elegir un fondo. Puedes elegir entre nuestras opciones predefinidas o crear el tuyo propio. A continuaci\u00f3n, selecciona la letra de la canci\u00f3n que quieres mostrar. Tambi\u00e9n puedes a\u00f1adir un mensaje personalizado debajo de la letra para hacerlo m\u00e1s especial.   <\/p>\r\n\r\n<p style=\"margin-top: 1rem;\">Selecciona el formato de tu obra de arte entre varias opciones, como p\u00f3sters impresos o enmarcados, lienzos y descargas digitales instant\u00e1neas. Cada obra se hace s\u00f3lo para ti, asegurando que sea un regalo \u00fanico y apreciado. <\/p>\r\n\r\n<h2 class=\"grenB f24 cblue\" style=\"margin-top: 3rem;\">Regalo perfecto para cualquier ocasi\u00f3n<\/h2>\r\n\r\n<p style=\"margin-top: 1rem;\">El Arte de Vinilo de Canciones Personalizado es un regalo estupendo para cualquier ocasi\u00f3n. Ya sea un cumplea\u00f1os, un aniversario, una boda o simplemente para demostrar que te importa, esta obra de arte es una forma significativa de celebrar momentos especiales. Tambi\u00e9n es un regalo rom\u00e1ntico, perfecto para exponer la canci\u00f3n de vuestro primer baile o de vuestro primer encuentro.  <\/p>\r\n\r\n<p style=\"margin-top: 1rem;\">Este regalo es ideal para amigos, familiares o compa\u00f1eros de trabajo que tengan una canci\u00f3n favorita que signifique algo especial para ellos.<\/p>\r\n\r\n<h2 class=\"grenB f24 cblue\" style=\"margin-top: 3rem;\">Empieza a personalizar tu regalo hoy<\/h2>\r\n\r\n<p style=\"margin-top: 1rem;\">\u00bfListo para crear un regalo sincero? Empieza hoy mismo a personalizar tu Arte de Vinilo de Canciones Personalizado. Visita nuestro editor en l\u00ednea para elegir un fondo, introducir la letra de la canci\u00f3n y a\u00f1adir un mensaje personalizado. Selecciona el formato que mejor se adapte a tu estilo y \u00a1listo!   <\/p>\r\n\r\n<p style=\"margin-top: 1rem;\">Encarga ahora tu Arte de Vinilo de Canciones Personalizado y haz un regalo que atesorar\u00e1s para siempre.<\/p>","protected":false},"excerpt":{"rendered":"<ul class=\"check-list\">\n<li>Personaliza con letras de canciones o el texto que prefieras<\/li>\n<li>Sube tu propia foto (opcional) y crea un dise\u00f1o \u00fanico<\/li>\n<li>A\u00f1ade nombres, fechas o un mensaje emotivo<\/li>\n<li>Personal\u00edzalo todo en solo 2 minutos<\/li>\n<li>La vista previa interactiva en tiempo real te permite ajustar cada detalle<\/li>\n<\/ul>\n","protected":false},"featured_media":1248111,"template":"","meta":[],"product_brand":[],"product_cat":[9280,15115,8250,12104,106,265,11595,11596,11597,11598,11640,11641,11642,11643,11219,11220,5293,7933,5270,11461,11449,7629,7661,7773,7742,7853,7837],"product_tag":[15095,14920,13429,15267],"class_list":{"0":"post-1245138","1":"product","2":"type-product","3":"status-publish","4":"has-post-thumbnail","6":"product_cat-bestsellers-label-es","7":"product_cat-bestsellers-menu-es","8":"product_cat-digital-products-es","9":"product_cat-letras","10":"product_cat-todos-los-productos","11":"product_cat-creators-es-2","12":"product_cat-18-cumpleanos","13":"product_cat-21-cumpleanos","14":"product_cat-30-cumpleanos","15":"product_cat-40-cumpleanos","16":"product_cat-50-cumpleanos","17":"product_cat-60-cumpleanos","18":"product_cat-70-cumpleanos","19":"product_cat-80-cumpleanos","20":"product_cat-regalos-de-cumpleanos-para-mujeres","21":"product_cat-regalos-de-cumpleanos-para-hombres","22":"product_cat-regalos-para-mudanzas","23":"product_cat-regalos-para-despedidas-de-soltera","24":"product_cat-regalos-de-navidad","25":"product_cat-regalos-de-navidad-para-la-hermana","26":"product_cat-regalos-de-navidad-para-el-hermano","27":"product_cat-regalos-para-mi-hermano","28":"product_cat-regalos-para-mi-hijo","29":"product_cat-regalos-para-mi-hija","30":"product_cat-regalos-para-mi-hermana","31":"product_cat-regalos-para-la-familia","32":"product_cat-regalos-para-amigos","33":"product_tag-birthday-pl-es","34":"product_tag-creators-es-2","35":"product_tag-regalo-de-navidad-para-hermana","36":"product_tag-weihnachtsgeschenke-fuer-den-bruder","38":"first","39":"instock","40":"sale","41":"taxable","42":"shipping-taxable","43":"purchasable","44":"product-type-variable"},"yoast_head":"<!-- This site is optimized with the Yoast SEO Premium plugin v27.2 (Yoast SEO v27.2) - https:\/\/yoast.com\/product\/yoast-seo-premium-wordpress\/ -->\n<title>Arte de Vinilo de Canciones Personalizado - Positive Prints<\/title>\n<meta name=\"description\" content=\"\u00bfBuscas un regalo \u00fanico y especial? El Arte de Vinilo de Canciones Personalizado es una impresi\u00f3n personalizada o un lienzo que muestra maravillosamente la letra de una canci\u00f3n que t\u00fa elijas.\" \/>\n<meta name=\"robots\" content=\"index, follow, max-snippet:-1, max-image-preview:large, max-video-preview:-1\" \/>\n<link rel=\"canonical\" href=\"https:\/\/positiveprints.com\/es\/producto\/arte-de-vinilo-de-canciones-personalizado\/\" \/>\n<meta property=\"og:locale\" content=\"es_ES\" \/>\n<meta property=\"og:type\" content=\"article\" \/>\n<meta property=\"og:title\" content=\"Arte de Vinilo de Canciones Personalizado\" \/>\n<meta property=\"og:description\" content=\"Personaliza con letras de canciones o el texto que prefieras Sube tu propia foto (opcional) y crea un dise\u00f1o \u00fanico A\u00f1ade nombres, fechas o un mensaje emotivo Personal\u00edzalo todo en solo 2 minutos La vista previa interactiva en tiempo real te permite ajustar cada detalle\" \/>\n<meta property=\"og:url\" content=\"https:\/\/positiveprints.com\/es\/producto\/arte-de-vinilo-de-canciones-personalizado\/\" \/>\n<meta property=\"og:site_name\" content=\"Positive Prints\" \/>\n<meta property=\"article:publisher\" content=\"https:\/\/www.facebook.com\/positiveprintscom\" \/>\n<meta property=\"article:modified_time\" content=\"2026-04-18T02:19:36+00:00\" \/>\n<meta property=\"og:image\" content=\"https:\/\/positiveprints.com\/wp-content\/uploads\/2024\/11\/Packshot_ES_Custom-Song-Lyrics-Art-with-Photo-product-image-.webp\" \/>\n\t<meta property=\"og:image:width\" content=\"1450\" \/>\n\t<meta property=\"og:image:height\" content=\"1450\" \/>\n\t<meta property=\"og:image:type\" content=\"image\/webp\" \/>\n<meta name=\"twitter:card\" content=\"summary_large_image\" \/>\n<meta name=\"twitter:label1\" content=\"Tiempo de lectura\" \/>\n\t<meta name=\"twitter:data1\" content=\"2 minutos\" \/>\n<!-- \/ Yoast SEO Premium plugin. -->","yoast_head_json":{"title":"Arte de Vinilo de Canciones Personalizado - Positive Prints","description":"\u00bfBuscas un regalo \u00fanico y especial? El Arte de Vinilo de Canciones Personalizado es una impresi\u00f3n personalizada o un lienzo que muestra maravillosamente la letra de una canci\u00f3n que t\u00fa elijas.","robots":{"index":"index","follow":"follow","max-snippet":"max-snippet:-1","max-image-preview":"max-image-preview:large","max-video-preview":"max-video-preview:-1"},"canonical":"https:\/\/positiveprints.com\/es\/producto\/arte-de-vinilo-de-canciones-personalizado\/","og_locale":"es_ES","og_type":"article","og_title":"Arte de Vinilo de Canciones Personalizado","og_description":"Personaliza con letras de canciones o el texto que prefieras Sube tu propia foto (opcional) y crea un dise\u00f1o \u00fanico A\u00f1ade nombres, fechas o un mensaje emotivo Personal\u00edzalo todo en solo 2 minutos La vista previa interactiva en tiempo real te permite ajustar cada detalle","og_url":"https:\/\/positiveprints.com\/es\/producto\/arte-de-vinilo-de-canciones-personalizado\/","og_site_name":"Positive Prints","article_publisher":"https:\/\/www.facebook.com\/positiveprintscom","article_modified_time":"2026-04-18T02:19:36+00:00","og_image":[{"width":1450,"height":1450,"url":"https:\/\/positiveprints.com\/wp-content\/uploads\/2024\/11\/Packshot_ES_Custom-Song-Lyrics-Art-with-Photo-product-image-.webp","type":"image\/webp"}],"twitter_card":"summary_large_image","twitter_misc":{"Tiempo de lectura":"2 minutos"},"schema":{"@context":"https:\/\/schema.org","@graph":[{"@type":["WebPage","ItemPage"],"@id":"https:\/\/positiveprints.com\/es\/producto\/arte-de-vinilo-de-canciones-personalizado\/","url":"https:\/\/positiveprints.com\/es\/producto\/arte-de-vinilo-de-canciones-personalizado\/","name":"Arte de Vinilo de Canciones Personalizado - Positive Prints","isPartOf":{"@id":"https:\/\/positiveprints.com\/es\/#website"},"primaryImageOfPage":{"@id":"https:\/\/positiveprints.com\/es\/producto\/arte-de-vinilo-de-canciones-personalizado\/#primaryimage"},"image":{"@id":"https:\/\/positiveprints.com\/es\/producto\/arte-de-vinilo-de-canciones-personalizado\/#primaryimage"},"thumbnailUrl":"https:\/\/positiveprints.com\/wp-content\/uploads\/2024\/11\/Packshot_ES_Custom-Song-Lyrics-Art-with-Photo-product-image-.webp","datePublished":"2024-10-23T22:02:42+00:00","dateModified":"2026-04-18T02:19:36+00:00","description":"\u00bfBuscas un regalo \u00fanico y especial? El Arte de Vinilo de Canciones Personalizado es una impresi\u00f3n personalizada o un lienzo que muestra maravillosamente la letra de una canci\u00f3n que t\u00fa elijas.","breadcrumb":{"@id":"https:\/\/positiveprints.com\/es\/producto\/arte-de-vinilo-de-canciones-personalizado\/#breadcrumb"},"inLanguage":"es","potentialAction":[{"@type":"ReadAction","target":["https:\/\/positiveprints.com\/es\/producto\/arte-de-vinilo-de-canciones-personalizado\/"]}]},{"@type":"ImageObject","inLanguage":"es","@id":"https:\/\/positiveprints.com\/es\/producto\/arte-de-vinilo-de-canciones-personalizado\/#primaryimage","url":"https:\/\/positiveprints.com\/wp-content\/uploads\/2024\/11\/Packshot_ES_Custom-Song-Lyrics-Art-with-Photo-product-image-.webp","contentUrl":"https:\/\/positiveprints.com\/wp-content\/uploads\/2024\/11\/Packshot_ES_Custom-Song-Lyrics-Art-with-Photo-product-image-.webp","width":1450,"height":1450,"caption":"Packshot_ES_Custom Song Lyrics Art with Photo product image"},{"@type":"BreadcrumbList","@id":"https:\/\/positiveprints.com\/es\/producto\/arte-de-vinilo-de-canciones-personalizado\/#breadcrumb","itemListElement":[{"@type":"ListItem","position":1,"name":"CASA","item":"https:\/\/positiveprints.com\/es\/"},{"@type":"ListItem","position":2,"name":"Productos","item":"https:\/\/positiveprints.com\/es\/shop\/"},{"@type":"ListItem","position":3,"name":"Arte de Vinilo de Canciones Personalizado"}]},{"@type":"WebSite","@id":"https:\/\/positiveprints.com\/es\/#website","url":"https:\/\/positiveprints.com\/es\/","name":"Positive Prints","description":"Custom Gifts for Special Occasions","publisher":{"@id":"https:\/\/positiveprints.com\/es\/#organization"},"potentialAction":[{"@type":"SearchAction","target":{"@type":"EntryPoint","urlTemplate":"https:\/\/positiveprints.com\/es\/?s={search_term_string}"},"query-input":{"@type":"PropertyValueSpecification","valueRequired":true,"valueName":"search_term_string"}}],"inLanguage":"es"},{"@type":"Organization","@id":"https:\/\/positiveprints.com\/es\/#organization","name":"Positive Prints","alternateName":"Positive Prints","url":"https:\/\/positiveprints.com\/es\/","logo":{"@type":"ImageObject","inLanguage":"es","@id":"https:\/\/positiveprints.com\/es\/#\/schema\/logo\/image\/","url":"https:\/\/positiveprints.com\/wp-content\/uploads\/2026\/03\/245815646_1337939713319158_5671353136411139666_n.png","contentUrl":"https:\/\/positiveprints.com\/wp-content\/uploads\/2026\/03\/245815646_1337939713319158_5671353136411139666_n.png","width":800,"height":800,"caption":"Positive Prints"},"image":{"@id":"https:\/\/positiveprints.com\/es\/#\/schema\/logo\/image\/"},"sameAs":["https:\/\/www.facebook.com\/positiveprintscom","https:\/\/www.instagram.com\/positiveprintscom\/","https:\/\/www.tiktok.com\/@positiveprintscom","https:\/\/www.pinterest.com\/positiveprintscom\/"]}]}},"jetpack_sharing_enabled":true,"_links":{"self":[{"href":"https:\/\/positiveprints.com\/es\/wp-json\/wp\/v2\/product\/1245138","targetHints":{"allow":["GET"]}}],"collection":[{"href":"https:\/\/positiveprints.com\/es\/wp-json\/wp\/v2\/product"}],"about":[{"href":"https:\/\/positiveprints.com\/es\/wp-json\/wp\/v2\/types\/product"}],"wp:featuredmedia":[{"embeddable":true,"href":"https:\/\/positiveprints.com\/es\/wp-json\/wp\/v2\/media\/1248111"}],"wp:attachment":[{"href":"https:\/\/positiveprints.com\/es\/wp-json\/wp\/v2\/media?parent=1245138"}],"wp:term":[{"taxonomy":"product_brand","embeddable":true,"href":"https:\/\/positiveprints.com\/es\/wp-json\/wp\/v2\/product_brand?post=1245138"},{"taxonomy":"product_cat","embeddable":true,"href":"https:\/\/positiveprints.com\/es\/wp-json\/wp\/v2\/product_cat?post=1245138"},{"taxonomy":"product_tag","embeddable":true,"href":"https:\/\/positiveprints.com\/es\/wp-json\/wp\/v2\/product_tag?post=1245138"}],"curies":[{"name":"wp","href":"https:\/\/api.w.org\/{rel}","templated":true}]}}