{"id":1169378,"date":"2024-08-05T11:01:05","date_gmt":"2024-08-05T10:01:05","guid":{"rendered":"https:\/\/positiveprints.com\/product\/tres-lunas-para-el-abuelo\/"},"modified":"2026-05-03T17:35:48","modified_gmt":"2026-05-03T16:35:48","slug":"tres-lunas-para-el-abuelo","status":"publish","type":"product","link":"https:\/\/positiveprints.com\/es\/producto\/tres-lunas-para-el-abuelo\/","title":{"rendered":"Tres lunas para el abuelo"},"content":{"rendered":"<p>\u00bfBuscas un regalo sincero y \u00fanico que celebre el v\u00ednculo especial entre el abuelo y sus nietos?\r\nTres lunas para el abuelo es una impresi\u00f3n personalizada o un lienzo que capta maravillosamente la magia de la familia.\r\nCon tres fases lunares -una para cada nieto-, esta exquisita obra de arte es la forma perfecta de honrar al abuelo y crear un recuerdo duradero que apreciar\u00e1 para siempre.  <\/p>\r\n<h2>Tres lunas para el abuelo<\/h2>\r\n<p>Tres lunas para el abuelo es una impresionante obra de arte personalizada que muestra tres fases lunares significativas, cada una de las cuales representa el d\u00eda en que naci\u00f3 cada nieto.\r\nPara crear este significativo recuerdo, s\u00f3lo tienes que visitar nuestro editor en l\u00ednea.\r\nEmpieza seleccionando un fondo.\r\nElige entre las opciones predefinidas o dise\u00f1a tu propia combinaci\u00f3n de colores.\r\nA continuaci\u00f3n, a\u00f1ade un t\u00edtulo a tu obra: un mensaje o sentimiento especial que aparecer\u00e1 sobre las fases lunares.    <\/p>\r\n<p>Tras establecer el t\u00edtulo, introduce las fechas y lugares para mostrar las fases lunares a partir de las fechas de nacimiento de cada nieto.\r\nDebajo de cada fase lunar, puedes a\u00f1adir nombres, fechas de nacimiento o cualquier otro texto que lo haga a\u00fan m\u00e1s personal.\r\nPor \u00faltimo, elige el formato de tu obra de arte.\r\nOfrecemos varios tama\u00f1os y estilos, como p\u00f3sters impresos o enmarcados, lienzos y descargas digitales instant\u00e1neas.   <\/p>\r\n<h2>Por qu\u00e9 Tres Lunas para el Abuelo es el Regalo Perfecto<\/h2>\r\n<p>Encontrar un regalo significativo y personal para el abuelo puede ser todo un reto, pero Tres lunas para el abuelo es la soluci\u00f3n perfecta.\r\nEsta obra de arte no es s\u00f3lo un regalo visual.\r\nEs un recordatorio sentimental de los d\u00edas especiales en que naci\u00f3 cada uno de sus nietos.\r\nIdeal para cumplea\u00f1os, vacaciones o cualquier ocasi\u00f3n especial, este regalo demuestra al abuelo lo mucho que significan esos momentos para ti y tu familia.   <\/p>\r\n<p>La naturaleza personalizada de esta obra de arte garantiza que cada pieza sea \u00fanica.\r\nCada vez que el abuelo la vea, recordar\u00e1 el amor y la alegr\u00eda que sus nietos traen a su vida.\r\nEs un regalo con un profundo significado y seguro que se convertir\u00e1 en una parte muy apreciada de su hogar.  <\/p>\r\n<h2>Empieza a personalizar tu regalo hoy<\/h2>\r\n<p>\u00bfListo para crear un regalo memorable y sincero para el abuelo?\r\nEmpieza a personalizar hoy mismo tu obra de arte Tres lunas para el abuelo. <\/p>\r\n<p>No esperes: convierte esos momentos inolvidables en una impresionante obra de arte que el abuelo atesorar\u00e1 para siempre.\r\nEncarga ahora tus Tres Lunas personalizadas para el abuelo y haz un regalo realmente fuera de serie. <\/p>","protected":false},"excerpt":{"rendered":"<ul class=\"check-list\">\n<li>Captura tres momentos especiales y muestra c\u00f3mo se ve\u00eda la luna en esos d\u00edas<\/li>\n<li>Personalizar en 3 sencillos pasos<\/li>\n<li>Elige entre una gama de dise\u00f1os impresionantes<\/li>\n<li>Incluye un texto personalizado significativo<\/li>\n<li>Ve el resultado de inmediato: la vista previa interactiva te permite perfeccionar cada detalle<\/li>\n<\/ul>\n","protected":false},"featured_media":1178808,"template":"","meta":[],"product_brand":[],"product_cat":[9766,11013,106,7334,8997,5270,11454,15060,7613],"product_tag":[10924,8672,8682,9798,11045,13351,13469],"class_list":{"0":"post-1169378","1":"product","2":"type-product","3":"status-publish","4":"has-post-thumbnail","6":"product_cat-trending-label-es","7":"product_cat-triple-luna","8":"product_cat-todos-los-productos","9":"product_cat-regalos-del-dia-del-padre","10":"product_cat-dia-de-los-abuelos","11":"product_cat-regalos-de-navidad","12":"product_cat-regalos-de-navidad-para-abuelo","13":"product_cat-regalos-de-navidad-para-la-familia","14":"product_cat-regalos-para-el-abuelo","15":"product_tag-fase-lunar","16":"product_tag-grandpa-es","17":"product_tag-grandparents-es","18":"product_tag-luna-es","19":"product_tag-papa-es-3","20":"product_tag-regalo-de-navidad-para-un-abuelo","21":"product_tag-regalos-de-navidad-para-la-familia","23":"first","24":"instock","25":"sale","26":"taxable","27":"shipping-taxable","28":"purchasable","29":"product-type-variable"},"yoast_head":"<!-- This site is optimized with the Yoast SEO Premium plugin v27.2 (Yoast SEO v27.2) - https:\/\/yoast.com\/product\/yoast-seo-premium-wordpress\/ -->\n<title>Tres lunas para el abuelo - Impresiones positivas<\/title>\n<meta name=\"description\" content=\"Tres lunas para el abuelo es una impresi\u00f3n personalizada o un lienzo que capta maravillosamente la magia de la familia. Pide el tuyo ahora.\" \/>\n<meta name=\"robots\" content=\"index, follow, max-snippet:-1, max-image-preview:large, max-video-preview:-1\" \/>\n<link rel=\"canonical\" href=\"https:\/\/positiveprints.com\/es\/producto\/tres-lunas-para-el-abuelo\/\" \/>\n<meta property=\"og:locale\" content=\"es_ES\" \/>\n<meta property=\"og:type\" content=\"article\" \/>\n<meta property=\"og:title\" content=\"Tres lunas para el abuelo\" \/>\n<meta property=\"og:description\" content=\"Captura tres momentos especiales y muestra c\u00f3mo se ve\u00eda la luna en esos d\u00edas Personalizar en 3 sencillos pasos Elige entre una gama de dise\u00f1os impresionantes Incluye un texto personalizado significativo Ve el resultado de inmediato: la vista previa interactiva te permite perfeccionar cada detalle\" \/>\n<meta property=\"og:url\" content=\"https:\/\/positiveprints.com\/es\/producto\/tres-lunas-para-el-abuelo\/\" \/>\n<meta property=\"og:site_name\" content=\"Positive Prints\" \/>\n<meta property=\"article:publisher\" content=\"https:\/\/www.facebook.com\/positiveprintscom\" \/>\n<meta property=\"article:modified_time\" content=\"2026-05-03T16:35:48+00:00\" \/>\n<meta property=\"og:image\" content=\"https:\/\/positiveprints.com\/wp-content\/uploads\/2024\/08\/Tres-lunas-para-el-abuelo.jpg\" \/>\n\t<meta property=\"og:image:width\" content=\"1080\" \/>\n\t<meta property=\"og:image:height\" content=\"1080\" \/>\n\t<meta property=\"og:image:type\" content=\"image\/jpeg\" \/>\n<meta name=\"twitter:card\" content=\"summary_large_image\" \/>\n<!-- \/ Yoast SEO Premium plugin. -->","yoast_head_json":{"title":"Tres lunas para el abuelo - Impresiones positivas","description":"Tres lunas para el abuelo es una impresi\u00f3n personalizada o un lienzo que capta maravillosamente la magia de la familia. Pide el tuyo ahora.","robots":{"index":"index","follow":"follow","max-snippet":"max-snippet:-1","max-image-preview":"max-image-preview:large","max-video-preview":"max-video-preview:-1"},"canonical":"https:\/\/positiveprints.com\/es\/producto\/tres-lunas-para-el-abuelo\/","og_locale":"es_ES","og_type":"article","og_title":"Tres lunas para el abuelo","og_description":"Captura tres momentos especiales y muestra c\u00f3mo se ve\u00eda la luna en esos d\u00edas Personalizar en 3 sencillos pasos Elige entre una gama de dise\u00f1os impresionantes Incluye un texto personalizado significativo Ve el resultado de inmediato: la vista previa interactiva te permite perfeccionar cada detalle","og_url":"https:\/\/positiveprints.com\/es\/producto\/tres-lunas-para-el-abuelo\/","og_site_name":"Positive Prints","article_publisher":"https:\/\/www.facebook.com\/positiveprintscom","article_modified_time":"2026-05-03T16:35:48+00:00","og_image":[{"width":1080,"height":1080,"url":"https:\/\/positiveprints.com\/wp-content\/uploads\/2024\/08\/Tres-lunas-para-el-abuelo.jpg","type":"image\/jpeg"}],"twitter_card":"summary_large_image","schema":{"@context":"https:\/\/schema.org","@graph":[{"@type":["WebPage","ItemPage"],"@id":"https:\/\/positiveprints.com\/es\/producto\/tres-lunas-para-el-abuelo\/","url":"https:\/\/positiveprints.com\/es\/producto\/tres-lunas-para-el-abuelo\/","name":"Tres lunas para el abuelo - Impresiones positivas","isPartOf":{"@id":"https:\/\/positiveprints.com\/es\/#website"},"primaryImageOfPage":{"@id":"https:\/\/positiveprints.com\/es\/producto\/tres-lunas-para-el-abuelo\/#primaryimage"},"image":{"@id":"https:\/\/positiveprints.com\/es\/producto\/tres-lunas-para-el-abuelo\/#primaryimage"},"thumbnailUrl":"https:\/\/positiveprints.com\/wp-content\/uploads\/2024\/08\/Tres-lunas-para-el-abuelo.jpg","datePublished":"2024-08-05T10:01:05+00:00","dateModified":"2026-05-03T16:35:48+00:00","description":"Tres lunas para el abuelo es una impresi\u00f3n personalizada o un lienzo que capta maravillosamente la magia de la familia. Pide el tuyo ahora.","breadcrumb":{"@id":"https:\/\/positiveprints.com\/es\/producto\/tres-lunas-para-el-abuelo\/#breadcrumb"},"inLanguage":"es","potentialAction":[{"@type":"ReadAction","target":["https:\/\/positiveprints.com\/es\/producto\/tres-lunas-para-el-abuelo\/"]}]},{"@type":"ImageObject","inLanguage":"es","@id":"https:\/\/positiveprints.com\/es\/producto\/tres-lunas-para-el-abuelo\/#primaryimage","url":"https:\/\/positiveprints.com\/wp-content\/uploads\/2024\/08\/Tres-lunas-para-el-abuelo.jpg","contentUrl":"https:\/\/positiveprints.com\/wp-content\/uploads\/2024\/08\/Tres-lunas-para-el-abuelo.jpg","width":1080,"height":1080},{"@type":"BreadcrumbList","@id":"https:\/\/positiveprints.com\/es\/producto\/tres-lunas-para-el-abuelo\/#breadcrumb","itemListElement":[{"@type":"ListItem","position":1,"name":"CASA","item":"https:\/\/positiveprints.com\/es\/"},{"@type":"ListItem","position":2,"name":"Productos","item":"https:\/\/positiveprints.com\/es\/shop\/"},{"@type":"ListItem","position":3,"name":"Tres lunas para el abuelo"}]},{"@type":"WebSite","@id":"https:\/\/positiveprints.com\/es\/#website","url":"https:\/\/positiveprints.com\/es\/","name":"Positive Prints","description":"Custom Gifts for Special Occasions","publisher":{"@id":"https:\/\/positiveprints.com\/es\/#organization"},"potentialAction":[{"@type":"SearchAction","target":{"@type":"EntryPoint","urlTemplate":"https:\/\/positiveprints.com\/es\/?s={search_term_string}"},"query-input":{"@type":"PropertyValueSpecification","valueRequired":true,"valueName":"search_term_string"}}],"inLanguage":"es"},{"@type":"Organization","@id":"https:\/\/positiveprints.com\/es\/#organization","name":"Positive Prints","alternateName":"Positive Prints ","url":"https:\/\/positiveprints.com\/es\/","logo":{"@type":"ImageObject","inLanguage":"es","@id":"https:\/\/positiveprints.com\/es\/#\/schema\/logo\/image\/","url":"https:\/\/positiveprints.com\/wp-content\/uploads\/2026\/03\/245815646_1337939713319158_5671353136411139666_n.png","contentUrl":"https:\/\/positiveprints.com\/wp-content\/uploads\/2026\/03\/245815646_1337939713319158_5671353136411139666_n.png","width":800,"height":800,"caption":"Positive Prints"},"image":{"@id":"https:\/\/positiveprints.com\/es\/#\/schema\/logo\/image\/"},"sameAs":["https:\/\/www.facebook.com\/positiveprintscom","https:\/\/www.instagram.com\/positiveprintscom\/","https:\/\/www.tiktok.com\/@positiveprintscom","https:\/\/www.pinterest.com\/positiveprintscom\/"]}]}},"jetpack_sharing_enabled":true,"_links":{"self":[{"href":"https:\/\/positiveprints.com\/es\/wp-json\/wp\/v2\/product\/1169378","targetHints":{"allow":["GET"]}}],"collection":[{"href":"https:\/\/positiveprints.com\/es\/wp-json\/wp\/v2\/product"}],"about":[{"href":"https:\/\/positiveprints.com\/es\/wp-json\/wp\/v2\/types\/product"}],"wp:featuredmedia":[{"embeddable":true,"href":"https:\/\/positiveprints.com\/es\/wp-json\/wp\/v2\/media\/1178808"}],"wp:attachment":[{"href":"https:\/\/positiveprints.com\/es\/wp-json\/wp\/v2\/media?parent=1169378"}],"wp:term":[{"taxonomy":"product_brand","embeddable":true,"href":"https:\/\/positiveprints.com\/es\/wp-json\/wp\/v2\/product_brand?post=1169378"},{"taxonomy":"product_cat","embeddable":true,"href":"https:\/\/positiveprints.com\/es\/wp-json\/wp\/v2\/product_cat?post=1169378"},{"taxonomy":"product_tag","embeddable":true,"href":"https:\/\/positiveprints.com\/es\/wp-json\/wp\/v2\/product_tag?post=1169378"}],"curies":[{"name":"wp","href":"https:\/\/api.w.org\/{rel}","templated":true}]}}