{"id":1169337,"date":"2024-08-05T10:01:00","date_gmt":"2024-08-05T09:01:00","guid":{"rendered":"https:\/\/positiveprints.com\/product\/conocidos-comprometidos-casados-fases-de-la-luna\/"},"modified":"2026-04-03T02:39:06","modified_gmt":"2026-04-03T01:39:06","slug":"met-engaged-married-moon-phases","status":"publish","type":"product","link":"https:\/\/positiveprints.com\/es\/producto\/met-engaged-married-moon-phases\/","title":{"rendered":"Conocidos Comprometidos Casados Fases de la Luna"},"content":{"rendered":"<p>Celebra vuestra historia de amor con un regalo \u00fanico y significativo.\r\nMet Engaged Married Moon Phases es una impresi\u00f3n personalizada o un lienzo que capta maravillosamente los hitos clave de vuestra relaci\u00f3n.\r\nCon tres fases lunares -una del d\u00eda en que os conocisteis, otra del d\u00eda en que os prometisteis y otra del d\u00eda de vuestra boda- esta exquisita obra de arte es la forma perfecta de conmemorar vuestro viaje juntos y crear un recuerdo duradero.  <\/p>\r\n<h2>Conocidos Comprometidos Casados Fases de la Luna<\/h2>\r\n<p>Met Engaged Married Moon Phases es una impresionante obra de arte personalizada que muestra tres fases lunares significativas junto a detalles personales.\r\nPara crear este significativo recuerdo, s\u00f3lo tienes que visitar nuestro editor en l\u00ednea.\r\nEmpieza seleccionando un fondo.\r\nElige entre las opciones predefinidas o crea tu propia combinaci\u00f3n de colores.\r\nA continuaci\u00f3n, a\u00f1ade un t\u00edtulo a tu obra: un mensaje o sentimiento especial que aparecer\u00e1 sobre las fases lunares.    <\/p>\r\n<p>Despu\u00e9s de poner el t\u00edtulo, introduce las fechas y lugares para mostrar las fases lunares del d\u00eda en que os conocisteis, el d\u00eda en que os prometisteis y el d\u00eda de vuestra boda.\r\nDebajo de cada fase lunar, puedes a\u00f1adir nombres, fechas o cualquier otro texto que lo haga a\u00fan m\u00e1s personal.\r\nPor \u00faltimo, elige el formato de tu obra de arte.\r\nOfrecemos varios tama\u00f1os y estilos, como p\u00f3sters impresos o enmarcados, lienzos y descargas digitales instant\u00e1neas.   <\/p>\r\n<h2>Por qu\u00e9 Met Engaged Married Moon Phases es el regalo perfecto<\/h2>\r\n<p>Encontrar un regalo significativo y rom\u00e1ntico para celebrar vuestra relaci\u00f3n puede ser todo un reto, pero Met Engaged Married Moon Phases es la soluci\u00f3n perfecta.\r\nEsta obra de arte no es s\u00f3lo un regalo visual.\r\nEs un recordatorio sentimental de los momentos clave que dieron forma a vuestra historia de amor.\r\nIdeal para aniversarios, bodas, compromisos o cualquier ocasi\u00f3n especial, este regalo muestra a tu pareja lo mucho que esos momentos significan para ti.   <\/p>\r\n<p>La naturaleza personalizada de esta obra de arte garantiza que cada pieza sea \u00fanica.\r\nCada vez que t\u00fa y tu pareja la ve\u00e1is, recordar\u00e9is el amor y la alegr\u00eda que hab\u00e9is compartido.\r\nEs un regalo con un profundo significado y seguro que se convertir\u00e1 en una parte muy apreciada de tu hogar.  <\/p>\r\n<h2>Empieza a personalizar tu regalo hoy<\/h2>\r\n<p>\u00bfListo para crear un recuerdo memorable y sincero?\r\nEmpieza a personalizar hoy mismo tu obra de arte Met Engaged Married Moon Phases. <\/p>\r\n<p>No esperes: convierte los momentos significativos de tu historia de amor en una impresionante obra de arte que t\u00fa y tu pareja atesorar\u00e9is para siempre.\r\nEncarga ahora tu Met Engaged Married Moon Phases personalizado y celebra vuestro viaje juntos con un regalo realmente fuera de este mundo. <\/p>","protected":false},"excerpt":{"rendered":"<ul class=\"check-list\">\n<li>Captura tres momentos especiales y muestra c\u00f3mo se ve\u00eda la luna en esos d\u00edas<\/li>\n<li>Personalizar en 3 sencillos pasos<\/li>\n<li>Elige entre una gama de dise\u00f1os impresionantes<\/li>\n<li>Incluye un texto personalizado significativo<\/li>\n<li>Ve el resultado de inmediato: la vista previa interactiva te permite perfeccionar cada detalle<\/li>\n<\/ul>\n","protected":false},"featured_media":1479529,"template":"","meta":[],"product_brand":[],"product_cat":[5334,3124,7933,3119,5270,11457,11448,11456,8012,11462,11452,7757,7646,11455,7693,11189,11188,11187,11250,11249,106,11013],"product_tag":[14923,10924,13752,13762,9798,15522,11826,11821,11757,11825,11820,11771,15081],"class_list":{"0":"post-1169337","1":"product","2":"type-product","3":"status-publish","4":"has-post-thumbnail","6":"product_cat-regalos-de-aniversario","7":"product_cat-regalos-de-boda","8":"product_cat-regalos-para-despedidas-de-soltera","9":"product_cat-regalos-de-san-valentin","10":"product_cat-regalos-de-navidad","11":"product_cat-regalos-de-navidad-para-el-marido","12":"product_cat-regalos-de-navidad-para-el-novio","13":"product_cat-regalos-de-navidad-para-hombre","14":"product_cat-regalos-para-hombres","15":"product_cat-regalos-de-navidad-para-la-esposa","16":"product_cat-regalos-de-navidad-para-la-novia","17":"product_cat-regalos-para-mi-esposa","18":"product_cat-regalos-para-mi-esposo","19":"product_cat-regalos-de-navidad-para-mujer","20":"product_cat-regalos-para-mujeres","21":"product_cat-regalos-de-aniversario-para-el","22":"product_cat-regalos-de-aniversario-para-ella","23":"product_cat-regalos-de-aniversario-para-pareja","24":"product_cat-regalos-de-san-valentin-hombres","25":"product_cat-regalos-de-san-valentin-mujeres","26":"product_cat-todos-los-productos","27":"product_cat-triple-luna","28":"product_tag-anniversary-es","29":"product_tag-fase-lunar","30":"product_tag-fase-lunar-de-aniversario","31":"product_tag-fase-lunar-del-dia-de-la-boda","32":"product_tag-luna-es","33":"product_tag-nuestra-historia-de-amor","34":"product_tag-regalos-de-navidad-para-el","35":"product_tag-regalos-de-navidad-para-el-marido","36":"product_tag-regalos-de-navidad-para-el-novio","37":"product_tag-regalos-de-navidad-para-ella","38":"product_tag-regalos-de-navidad-para-la-esposa","39":"product_tag-regalos-de-navidad-para-la-novia","40":"product_tag-wedding-es-2","42":"first","43":"instock","44":"sale","45":"taxable","46":"shipping-taxable","47":"purchasable","48":"product-type-variable"},"yoast_head":"<!-- This site is optimized with the Yoast SEO Premium plugin v27.2 (Yoast SEO v27.2) - https:\/\/yoast.com\/product\/yoast-seo-premium-wordpress\/ -->\n<title>Conocidos Comprometidos Casados Fases de la Luna - Impresiones Positivas<\/title>\n<meta name=\"description\" content=\"Met Engaged Married Moon Phases es una impresi\u00f3n personalizada o un lienzo que capta maravillosamente los hitos clave de vuestra relaci\u00f3n.\" \/>\n<meta name=\"robots\" content=\"index, follow, max-snippet:-1, max-image-preview:large, max-video-preview:-1\" \/>\n<link rel=\"canonical\" href=\"https:\/\/positiveprints.com\/es\/producto\/met-engaged-married-moon-phases\/\" \/>\n<meta property=\"og:locale\" content=\"es_ES\" \/>\n<meta property=\"og:type\" content=\"article\" \/>\n<meta property=\"og:title\" content=\"Conocidos Comprometidos Casados Fases de la Luna\" \/>\n<meta property=\"og:description\" content=\"Captura tres momentos especiales y muestra c\u00f3mo se ve\u00eda la luna en esos d\u00edas Personalizar en 3 sencillos pasos Elige entre una gama de dise\u00f1os impresionantes Incluye un texto personalizado significativo Ve el resultado de inmediato: la vista previa interactiva te permite perfeccionar cada detalle\" \/>\n<meta property=\"og:url\" content=\"https:\/\/positiveprints.com\/es\/producto\/met-engaged-married-moon-phases\/\" \/>\n<meta property=\"og:site_name\" content=\"Positive Prints\" \/>\n<meta property=\"article:publisher\" content=\"https:\/\/www.facebook.com\/positiveprintscom\" \/>\n<meta property=\"article:modified_time\" content=\"2026-04-03T01:39:06+00:00\" \/>\n<meta property=\"og:image\" content=\"https:\/\/positiveprints.com\/wp-content\/uploads\/2024\/08\/Conocidos-Comprometidos-Casados-Fases-de-la-Luna.jpg\" \/>\n\t<meta property=\"og:image:width\" content=\"1080\" \/>\n\t<meta property=\"og:image:height\" content=\"1080\" \/>\n\t<meta property=\"og:image:type\" content=\"image\/jpeg\" \/>\n<meta name=\"twitter:card\" content=\"summary_large_image\" \/>\n<meta name=\"twitter:label1\" content=\"Tiempo de lectura\" \/>\n\t<meta name=\"twitter:data1\" content=\"2 minutos\" \/>\n<!-- \/ Yoast SEO Premium plugin. -->","yoast_head_json":{"title":"Conocidos Comprometidos Casados Fases de la Luna - Impresiones Positivas","description":"Met Engaged Married Moon Phases es una impresi\u00f3n personalizada o un lienzo que capta maravillosamente los hitos clave de vuestra relaci\u00f3n.","robots":{"index":"index","follow":"follow","max-snippet":"max-snippet:-1","max-image-preview":"max-image-preview:large","max-video-preview":"max-video-preview:-1"},"canonical":"https:\/\/positiveprints.com\/es\/producto\/met-engaged-married-moon-phases\/","og_locale":"es_ES","og_type":"article","og_title":"Conocidos Comprometidos Casados Fases de la Luna","og_description":"Captura tres momentos especiales y muestra c\u00f3mo se ve\u00eda la luna en esos d\u00edas Personalizar en 3 sencillos pasos Elige entre una gama de dise\u00f1os impresionantes Incluye un texto personalizado significativo Ve el resultado de inmediato: la vista previa interactiva te permite perfeccionar cada detalle","og_url":"https:\/\/positiveprints.com\/es\/producto\/met-engaged-married-moon-phases\/","og_site_name":"Positive Prints","article_publisher":"https:\/\/www.facebook.com\/positiveprintscom","article_modified_time":"2026-04-03T01:39:06+00:00","og_image":[{"width":1080,"height":1080,"url":"https:\/\/positiveprints.com\/wp-content\/uploads\/2024\/08\/Conocidos-Comprometidos-Casados-Fases-de-la-Luna.jpg","type":"image\/jpeg"}],"twitter_card":"summary_large_image","twitter_misc":{"Tiempo de lectura":"2 minutos"},"schema":{"@context":"https:\/\/schema.org","@graph":[{"@type":["WebPage","ItemPage"],"@id":"https:\/\/positiveprints.com\/es\/producto\/met-engaged-married-moon-phases\/","url":"https:\/\/positiveprints.com\/es\/producto\/met-engaged-married-moon-phases\/","name":"Conocidos Comprometidos Casados Fases de la Luna - Impresiones Positivas","isPartOf":{"@id":"https:\/\/positiveprints.com\/es\/#website"},"primaryImageOfPage":{"@id":"https:\/\/positiveprints.com\/es\/producto\/met-engaged-married-moon-phases\/#primaryimage"},"image":{"@id":"https:\/\/positiveprints.com\/es\/producto\/met-engaged-married-moon-phases\/#primaryimage"},"thumbnailUrl":"https:\/\/positiveprints.com\/wp-content\/uploads\/2025\/07\/Packshot_ES_Conocidos-Comprometidos-Casados-Fases-de-la-Luna.webp","datePublished":"2024-08-05T09:01:00+00:00","dateModified":"2026-04-03T01:39:06+00:00","description":"Met Engaged Married Moon Phases es una impresi\u00f3n personalizada o un lienzo que capta maravillosamente los hitos clave de vuestra relaci\u00f3n.","breadcrumb":{"@id":"https:\/\/positiveprints.com\/es\/producto\/met-engaged-married-moon-phases\/#breadcrumb"},"inLanguage":"es","potentialAction":[{"@type":"ReadAction","target":["https:\/\/positiveprints.com\/es\/producto\/met-engaged-married-moon-phases\/"]}]},{"@type":"ImageObject","inLanguage":"es","@id":"https:\/\/positiveprints.com\/es\/producto\/met-engaged-married-moon-phases\/#primaryimage","url":"https:\/\/positiveprints.com\/wp-content\/uploads\/2025\/07\/Packshot_ES_Conocidos-Comprometidos-Casados-Fases-de-la-Luna.webp","contentUrl":"https:\/\/positiveprints.com\/wp-content\/uploads\/2025\/07\/Packshot_ES_Conocidos-Comprometidos-Casados-Fases-de-la-Luna.webp","width":1450,"height":1450},{"@type":"BreadcrumbList","@id":"https:\/\/positiveprints.com\/es\/producto\/met-engaged-married-moon-phases\/#breadcrumb","itemListElement":[{"@type":"ListItem","position":1,"name":"CASA","item":"https:\/\/positiveprints.com\/es\/"},{"@type":"ListItem","position":2,"name":"Productos","item":"https:\/\/positiveprints.com\/es\/shop\/"},{"@type":"ListItem","position":3,"name":"Conocidos Comprometidos Casados Fases de la Luna"}]},{"@type":"WebSite","@id":"https:\/\/positiveprints.com\/es\/#website","url":"https:\/\/positiveprints.com\/es\/","name":"Positive Prints","description":"Custom Gifts for Special Occasions","publisher":{"@id":"https:\/\/positiveprints.com\/es\/#organization"},"potentialAction":[{"@type":"SearchAction","target":{"@type":"EntryPoint","urlTemplate":"https:\/\/positiveprints.com\/es\/?s={search_term_string}"},"query-input":{"@type":"PropertyValueSpecification","valueRequired":true,"valueName":"search_term_string"}}],"inLanguage":"es"},{"@type":"Organization","@id":"https:\/\/positiveprints.com\/es\/#organization","name":"Positive Prints","alternateName":"Positive Prints","url":"https:\/\/positiveprints.com\/es\/","logo":{"@type":"ImageObject","inLanguage":"es","@id":"https:\/\/positiveprints.com\/es\/#\/schema\/logo\/image\/","url":"https:\/\/positiveprints.com\/wp-content\/uploads\/2026\/03\/245815646_1337939713319158_5671353136411139666_n.png","contentUrl":"https:\/\/positiveprints.com\/wp-content\/uploads\/2026\/03\/245815646_1337939713319158_5671353136411139666_n.png","width":800,"height":800,"caption":"Positive Prints"},"image":{"@id":"https:\/\/positiveprints.com\/es\/#\/schema\/logo\/image\/"},"sameAs":["https:\/\/www.facebook.com\/positiveprintscom","https:\/\/www.instagram.com\/positiveprintscom\/","https:\/\/www.tiktok.com\/@positiveprintscom","https:\/\/www.pinterest.com\/positiveprintscom\/"]}]}},"jetpack_sharing_enabled":true,"_links":{"self":[{"href":"https:\/\/positiveprints.com\/es\/wp-json\/wp\/v2\/product\/1169337","targetHints":{"allow":["GET"]}}],"collection":[{"href":"https:\/\/positiveprints.com\/es\/wp-json\/wp\/v2\/product"}],"about":[{"href":"https:\/\/positiveprints.com\/es\/wp-json\/wp\/v2\/types\/product"}],"wp:featuredmedia":[{"embeddable":true,"href":"https:\/\/positiveprints.com\/es\/wp-json\/wp\/v2\/media\/1479529"}],"wp:attachment":[{"href":"https:\/\/positiveprints.com\/es\/wp-json\/wp\/v2\/media?parent=1169337"}],"wp:term":[{"taxonomy":"product_brand","embeddable":true,"href":"https:\/\/positiveprints.com\/es\/wp-json\/wp\/v2\/product_brand?post=1169337"},{"taxonomy":"product_cat","embeddable":true,"href":"https:\/\/positiveprints.com\/es\/wp-json\/wp\/v2\/product_cat?post=1169337"},{"taxonomy":"product_tag","embeddable":true,"href":"https:\/\/positiveprints.com\/es\/wp-json\/wp\/v2\/product_tag?post=1169337"}],"curies":[{"name":"wp","href":"https:\/\/api.w.org\/{rel}","templated":true}]}}