{"id":1169324,"date":"2024-08-02T10:13:41","date_gmt":"2024-08-02T09:13:41","guid":{"rendered":"https:\/\/positiveprints.com\/product\/noche-de-compromiso-fase-lunar-con-foto\/"},"modified":"2026-04-03T02:39:15","modified_gmt":"2026-04-03T01:39:15","slug":"compromiso-noche-luna-fase-con-foto","status":"publish","type":"product","link":"https:\/\/positiveprints.com\/es\/producto\/compromiso-noche-luna-fase-con-foto\/","title":{"rendered":"Noche de compromiso Fase lunar con foto"},"content":{"rendered":"<p>\u00bfBuscas una forma sentida de conmemorar tu compromiso?\r\nNoche de compromiso Fase lunar con foto es una impresi\u00f3n personalizada o un lienzo que capta maravillosamente la esencia de la noche en que os comprometisteis.\r\nEsta asombrosa obra de arte muestra la fase lunar de esa noche m\u00e1gica, junto a una preciada foto tuya y de tu pareja.\r\nEs la forma perfecta de celebrar vuestra historia de amor y crear un recuerdo duradero de vuestro momento especial.   <\/p>\r\n<h2>Noche de compromiso Fase lunar con foto<\/h2>\r\n<p>Noche de compromiso Fase lunar con foto es una bonita obra de arte personalizada que combina una fase lunar y una foto personal.\r\nPara crear este recuerdo memorable, s\u00f3lo tienes que visitar nuestro editor en l\u00ednea.\r\nEmpieza seleccionando un fondo.\r\nElige entre las opciones predefinidas o dise\u00f1a tu propia combinaci\u00f3n de colores.\r\nA continuaci\u00f3n, a\u00f1ade un t\u00edtulo a tu obra de arte: un mensaje o sentimiento especial que aparecer\u00e1 sobre la luna y la foto.    <\/p>\r\n<p>Una vez que hayas puesto el t\u00edtulo, introduce la fecha y el lugar para mostrar la fase lunar de la noche de vuestro compromiso.\r\nDebajo de la luna y la foto, puedes a\u00f1adir nombres, una fecha especial o cualquier otro texto que prefieras para hacerlo a\u00fan m\u00e1s personal.\r\nPor \u00faltimo, elige el formato de tu obra de arte.\r\nOfrecemos varios tama\u00f1os y estilos, como p\u00f3sters impresos o enmarcados, lienzos y descargas digitales instant\u00e1neas.   <\/p>\r\n<h2>Por qu\u00e9 el compromiso nocturno Fase lunar con foto es el regalo perfecto<\/h2>\r\n<p>Encontrar un regalo significativo y rom\u00e1ntico para celebrar tu compromiso puede ser todo un reto, pero Noche de compromiso Fase lunar con foto es la soluci\u00f3n perfecta.\r\nEsta obra de arte no es s\u00f3lo un regalo visual.\r\nEs un recuerdo sentimental de la noche en que empezasteis vuestro viaje hacia la eternidad.\r\nIdeal para aniversarios, fiestas de compromiso o como recuerdo especial, este regalo muestra a tu pareja lo mucho que ese momento significa para ti.   <\/p>\r\n<p>La naturaleza personalizada de esta obra de arte garantiza que cada pieza sea \u00fanica.\r\nCada vez que t\u00fa y tu pareja la ve\u00e1is, recordar\u00e9is el amor y la alegr\u00eda de vuestra noche de compromiso.\r\nEs un regalo con un profundo significado y seguro que se convertir\u00e1 en una parte muy apreciada de tu hogar.  <\/p>\r\n<h2>Empieza a personalizar tu regalo hoy<\/h2>\r\n<p>\u00bfListo para crear un recuerdo memorable y sincero?\r\nEmpieza hoy mismo a personalizar tu Fase lunar de la noche de compromiso con foto.\r\nVisita nuestro editor en l\u00ednea para elegir un fondo, a\u00f1adir un t\u00edtulo especial, introducir la fecha y el lugar de la fase lunar y personalizar el texto debajo de la luna y la foto.\r\nSelecciona el formato que mejor se adapte a tu estilo y \u00a1listo!   <\/p>\r\n<p>No esperes: convierte esa inolvidable noche de compromiso en una impresionante obra de arte que t\u00fa y tu pareja atesorar\u00e9is para siempre.\r\nEncarga ahora tu Fase Lunar de Noche de Compromiso personalizada con Foto y celebra vuestra historia de amor con un regalo realmente fuera de este mundo. <\/p>","protected":false},"excerpt":{"rendered":"<ul class=\"check-list\">\n<li>Recuerda un momento especial con una impresi\u00f3n de las fases lunares de tu fecha y lugar<\/li>\n<li>Personalizar en 3 sencillos pasos<\/li>\n<li>Elige entre una gama de dise\u00f1os impresionantes<\/li>\n<li>Incluye un texto personalizado significativo<\/li>\n<li>Ve el resultado de inmediato: la vista previa interactiva te permite perfeccionar cada detalle<\/li>\n<\/ul>\n","protected":false},"featured_media":1177235,"template":"","meta":[],"product_brand":[],"product_cat":[5277,10920,106],"product_tag":[8440,10924,9798],"class_list":{"0":"post-1169324","1":"product","2":"type-product","3":"status-publish","4":"has-post-thumbnail","6":"product_cat-regalos-de-compromiso","7":"product_cat-luna-doble","8":"product_cat-todos-los-productos","9":"product_tag-compromiso","10":"product_tag-fase-lunar","11":"product_tag-luna-es","13":"first","14":"instock","15":"sale","16":"taxable","17":"shipping-taxable","18":"purchasable","19":"product-type-variable"},"yoast_head":"<!-- This site is optimized with the Yoast SEO Premium plugin v27.2 (Yoast SEO v27.2) - https:\/\/yoast.com\/product\/yoast-seo-premium-wordpress\/ -->\n<title>Noche de compromiso Fase lunar con foto - Positive Prints<\/title>\n<meta name=\"description\" content=\"\u00bfBuscas una forma sentida de conmemorar tu compromiso? Empieza hoy mismo a personalizar tu Noche de compromiso Fase lunar con foto.\" \/>\n<meta name=\"robots\" content=\"index, follow, max-snippet:-1, max-image-preview:large, max-video-preview:-1\" \/>\n<link rel=\"canonical\" href=\"https:\/\/positiveprints.com\/es\/producto\/compromiso-noche-luna-fase-con-foto\/\" \/>\n<meta property=\"og:locale\" content=\"es_ES\" \/>\n<meta property=\"og:type\" content=\"article\" \/>\n<meta property=\"og:title\" content=\"Noche de compromiso Fase lunar con foto\" \/>\n<meta property=\"og:description\" content=\"Recuerda un momento especial con una impresi\u00f3n de las fases lunares de tu fecha y lugar Personalizar en 3 sencillos pasos Elige entre una gama de dise\u00f1os impresionantes Incluye un texto personalizado significativo Ve el resultado de inmediato: la vista previa interactiva te permite perfeccionar cada detalle\" \/>\n<meta property=\"og:url\" content=\"https:\/\/positiveprints.com\/es\/producto\/compromiso-noche-luna-fase-con-foto\/\" \/>\n<meta property=\"og:site_name\" content=\"Positive Prints\" \/>\n<meta property=\"article:publisher\" content=\"https:\/\/www.facebook.com\/positiveprintscom\" \/>\n<meta property=\"article:modified_time\" content=\"2026-04-03T01:39:15+00:00\" \/>\n<meta property=\"og:image\" content=\"https:\/\/positiveprints.com\/wp-content\/uploads\/2024\/08\/Noche-de-compromiso-Fase-lunar-con-foto.jpg\" \/>\n\t<meta property=\"og:image:width\" content=\"1080\" \/>\n\t<meta property=\"og:image:height\" content=\"1080\" \/>\n\t<meta property=\"og:image:type\" content=\"image\/jpeg\" \/>\n<meta name=\"twitter:card\" content=\"summary_large_image\" \/>\n<meta name=\"twitter:label1\" content=\"Tiempo de lectura\" \/>\n\t<meta name=\"twitter:data1\" content=\"3 minutos\" \/>\n<!-- \/ Yoast SEO Premium plugin. -->","yoast_head_json":{"title":"Noche de compromiso Fase lunar con foto - Positive Prints","description":"\u00bfBuscas una forma sentida de conmemorar tu compromiso? Empieza hoy mismo a personalizar tu Noche de compromiso Fase lunar con foto.","robots":{"index":"index","follow":"follow","max-snippet":"max-snippet:-1","max-image-preview":"max-image-preview:large","max-video-preview":"max-video-preview:-1"},"canonical":"https:\/\/positiveprints.com\/es\/producto\/compromiso-noche-luna-fase-con-foto\/","og_locale":"es_ES","og_type":"article","og_title":"Noche de compromiso Fase lunar con foto","og_description":"Recuerda un momento especial con una impresi\u00f3n de las fases lunares de tu fecha y lugar Personalizar en 3 sencillos pasos Elige entre una gama de dise\u00f1os impresionantes Incluye un texto personalizado significativo Ve el resultado de inmediato: la vista previa interactiva te permite perfeccionar cada detalle","og_url":"https:\/\/positiveprints.com\/es\/producto\/compromiso-noche-luna-fase-con-foto\/","og_site_name":"Positive Prints","article_publisher":"https:\/\/www.facebook.com\/positiveprintscom","article_modified_time":"2026-04-03T01:39:15+00:00","og_image":[{"width":1080,"height":1080,"url":"https:\/\/positiveprints.com\/wp-content\/uploads\/2024\/08\/Noche-de-compromiso-Fase-lunar-con-foto.jpg","type":"image\/jpeg"}],"twitter_card":"summary_large_image","twitter_misc":{"Tiempo de lectura":"3 minutos"},"schema":{"@context":"https:\/\/schema.org","@graph":[{"@type":["WebPage","ItemPage"],"@id":"https:\/\/positiveprints.com\/es\/producto\/compromiso-noche-luna-fase-con-foto\/","url":"https:\/\/positiveprints.com\/es\/producto\/compromiso-noche-luna-fase-con-foto\/","name":"Noche de compromiso Fase lunar con foto - Positive Prints","isPartOf":{"@id":"https:\/\/positiveprints.com\/es\/#website"},"primaryImageOfPage":{"@id":"https:\/\/positiveprints.com\/es\/producto\/compromiso-noche-luna-fase-con-foto\/#primaryimage"},"image":{"@id":"https:\/\/positiveprints.com\/es\/producto\/compromiso-noche-luna-fase-con-foto\/#primaryimage"},"thumbnailUrl":"https:\/\/positiveprints.com\/wp-content\/uploads\/2024\/08\/Noche-de-compromiso-Fase-lunar-con-foto.jpg","datePublished":"2024-08-02T09:13:41+00:00","dateModified":"2026-04-03T01:39:15+00:00","description":"\u00bfBuscas una forma sentida de conmemorar tu compromiso? Empieza hoy mismo a personalizar tu Noche de compromiso Fase lunar con foto.","breadcrumb":{"@id":"https:\/\/positiveprints.com\/es\/producto\/compromiso-noche-luna-fase-con-foto\/#breadcrumb"},"inLanguage":"es","potentialAction":[{"@type":"ReadAction","target":["https:\/\/positiveprints.com\/es\/producto\/compromiso-noche-luna-fase-con-foto\/"]}]},{"@type":"ImageObject","inLanguage":"es","@id":"https:\/\/positiveprints.com\/es\/producto\/compromiso-noche-luna-fase-con-foto\/#primaryimage","url":"https:\/\/positiveprints.com\/wp-content\/uploads\/2024\/08\/Noche-de-compromiso-Fase-lunar-con-foto.jpg","contentUrl":"https:\/\/positiveprints.com\/wp-content\/uploads\/2024\/08\/Noche-de-compromiso-Fase-lunar-con-foto.jpg","width":1080,"height":1080},{"@type":"BreadcrumbList","@id":"https:\/\/positiveprints.com\/es\/producto\/compromiso-noche-luna-fase-con-foto\/#breadcrumb","itemListElement":[{"@type":"ListItem","position":1,"name":"CASA","item":"https:\/\/positiveprints.com\/es\/"},{"@type":"ListItem","position":2,"name":"Productos","item":"https:\/\/positiveprints.com\/es\/shop\/"},{"@type":"ListItem","position":3,"name":"Noche de compromiso Fase lunar con foto"}]},{"@type":"WebSite","@id":"https:\/\/positiveprints.com\/es\/#website","url":"https:\/\/positiveprints.com\/es\/","name":"Positive Prints","description":"Custom Gifts for Special Occasions","publisher":{"@id":"https:\/\/positiveprints.com\/es\/#organization"},"potentialAction":[{"@type":"SearchAction","target":{"@type":"EntryPoint","urlTemplate":"https:\/\/positiveprints.com\/es\/?s={search_term_string}"},"query-input":{"@type":"PropertyValueSpecification","valueRequired":true,"valueName":"search_term_string"}}],"inLanguage":"es"},{"@type":"Organization","@id":"https:\/\/positiveprints.com\/es\/#organization","name":"Positive Prints","alternateName":"Positive Prints","url":"https:\/\/positiveprints.com\/es\/","logo":{"@type":"ImageObject","inLanguage":"es","@id":"https:\/\/positiveprints.com\/es\/#\/schema\/logo\/image\/","url":"https:\/\/positiveprints.com\/wp-content\/uploads\/2026\/03\/245815646_1337939713319158_5671353136411139666_n.png","contentUrl":"https:\/\/positiveprints.com\/wp-content\/uploads\/2026\/03\/245815646_1337939713319158_5671353136411139666_n.png","width":800,"height":800,"caption":"Positive Prints"},"image":{"@id":"https:\/\/positiveprints.com\/es\/#\/schema\/logo\/image\/"},"sameAs":["https:\/\/www.facebook.com\/positiveprintscom","https:\/\/www.instagram.com\/positiveprintscom\/","https:\/\/www.tiktok.com\/@positiveprintscom","https:\/\/www.pinterest.com\/positiveprintscom\/"]}]}},"jetpack_sharing_enabled":true,"_links":{"self":[{"href":"https:\/\/positiveprints.com\/es\/wp-json\/wp\/v2\/product\/1169324","targetHints":{"allow":["GET"]}}],"collection":[{"href":"https:\/\/positiveprints.com\/es\/wp-json\/wp\/v2\/product"}],"about":[{"href":"https:\/\/positiveprints.com\/es\/wp-json\/wp\/v2\/types\/product"}],"wp:featuredmedia":[{"embeddable":true,"href":"https:\/\/positiveprints.com\/es\/wp-json\/wp\/v2\/media\/1177235"}],"wp:attachment":[{"href":"https:\/\/positiveprints.com\/es\/wp-json\/wp\/v2\/media?parent=1169324"}],"wp:term":[{"taxonomy":"product_brand","embeddable":true,"href":"https:\/\/positiveprints.com\/es\/wp-json\/wp\/v2\/product_brand?post=1169324"},{"taxonomy":"product_cat","embeddable":true,"href":"https:\/\/positiveprints.com\/es\/wp-json\/wp\/v2\/product_cat?post=1169324"},{"taxonomy":"product_tag","embeddable":true,"href":"https:\/\/positiveprints.com\/es\/wp-json\/wp\/v2\/product_tag?post=1169324"}],"curies":[{"name":"wp","href":"https:\/\/api.w.org\/{rel}","templated":true}]}}