{"id":1169300,"date":"2024-08-02T09:30:21","date_gmt":"2024-08-02T08:30:21","guid":{"rendered":"https:\/\/positiveprints.com\/product\/fase-lunar-con-foto\/"},"modified":"2026-04-03T02:39:51","modified_gmt":"2026-04-03T01:39:51","slug":"fase-lunar-con-foto","status":"publish","type":"product","link":"https:\/\/positiveprints.com\/es\/producto\/fase-lunar-con-foto\/","title":{"rendered":"Fase lunar con foto"},"content":{"rendered":"<p>\u00bfBuscas un regalo \u00fanico y memorable que combine la belleza celeste con los recuerdos personales?\r\nFase lunar con foto es una impresi\u00f3n personalizada o un lienzo que combina maravillosamente la maravilla de las fases lunares con tu preciada foto.\r\nEsta exquisita obra de arte muestra una fase lunar de una fecha significativa de tu vida, junto a una foto preciada.\r\nEs la forma perfecta de celebrar momentos especiales y crear un recuerdo duradero.   <\/p>\r\n<h2>Fase lunar con foto<\/h2>\r\n<p>Fase lunar con foto es una impresionante obra de arte personalizada que muestra una fase lunar y una foto personal.\r\nPara crear este significativo recuerdo, s\u00f3lo tienes que visitar nuestro editor en l\u00ednea.\r\nEmpieza seleccionando un fondo.\r\nElige entre las opciones predefinidas o crea tu propia combinaci\u00f3n de colores.\r\nA continuaci\u00f3n, a\u00f1ade un t\u00edtulo a tu obra de arte: un mensaje o sentimiento especial que aparecer\u00e1 sobre la luna y la foto.    <\/p>\r\n<p>Tras establecer el t\u00edtulo, introduce la fecha y la ubicaci\u00f3n para mostrar la fase lunar del d\u00eda significativo que hayas elegido.\r\nDebajo de la luna y la foto, puedes a\u00f1adir nombres o cualquier otro texto que prefieras para hacerlo a\u00fan m\u00e1s personal.\r\nPor \u00faltimo, elige el formato de tu obra de arte.\r\nOfrecemos varios tama\u00f1os y estilos, como p\u00f3sters impresos o enmarcados, lienzos y descargas digitales instant\u00e1neas.   <\/p>\r\n<h2>Por qu\u00e9 la fase lunar con foto es el regalo perfecto<\/h2>\r\n<p>Encontrar un regalo significativo y personalizado puede ser todo un reto, pero Fase lunar con foto es la soluci\u00f3n perfecta.\r\nEsta obra de arte no es s\u00f3lo un regalo visual.\r\nEs un recordatorio sentimental de un d\u00eda importante de tu vida.\r\nIdeal para cumplea\u00f1os, aniversarios, bodas o cualquier ocasi\u00f3n especial, este regalo muestra a tus seres queridos lo mucho que esos momentos significan para ti.   <\/p>\r\n<p>La naturaleza personalizada de esta obra de arte garantiza que cada pieza sea \u00fanica.\r\nCada vez que t\u00fa o tu ser querido la ve\u00e1is, recordar\u00e9is el amor y los recuerdos que compart\u00eds.\r\nEs un regalo con un profundo significado y seguro que se convertir\u00e1 en un tesoro de tu hogar.  <\/p>\r\n<h2>Empieza a personalizar tu regalo hoy<\/h2>\r\n<p>\u00bfListo para crear un regalo memorable y sincero?\r\nEmpieza hoy mismo a personalizar tu Fase lunar con foto. <\/p>\r\n<p>No esperes: convierte esos momentos especiales en una impresionante obra de arte que t\u00fa y tus seres queridos apreciar\u00e9is para siempre.\r\nEncarga ahora tus Fases de la Luna personalizadas con Foto y haz un regalo realmente fuera de este mundo. <\/p>","protected":false},"excerpt":{"rendered":"<ul class=\"check-list\">\n<li>Recuerda un momento especial con una impresi\u00f3n de las fases lunares de tu fecha y lugar<\/li>\n<li>Personalizar en 3 sencillos pasos<\/li>\n<li>Elige entre una gama de dise\u00f1os impresionantes<\/li>\n<li>Incluye un texto personalizado significativo<\/li>\n<li>Ve el resultado de inmediato: la vista previa interactiva te permite perfeccionar cada detalle<\/li>\n<\/ul>\n","protected":false},"featured_media":1176129,"template":"","meta":[],"product_brand":[],"product_cat":[10920,106,8012,7693],"product_tag":[10924,9798],"class_list":{"0":"post-1169300","1":"product","2":"type-product","3":"status-publish","4":"has-post-thumbnail","6":"product_cat-luna-doble","7":"product_cat-todos-los-productos","8":"product_cat-regalos-para-hombres","9":"product_cat-regalos-para-mujeres","10":"product_tag-fase-lunar","11":"product_tag-luna-es","13":"first","14":"instock","15":"sale","16":"taxable","17":"shipping-taxable","18":"purchasable","19":"product-type-variable"},"yoast_head":"<!-- This site is optimized with the Yoast SEO Premium plugin v27.2 (Yoast SEO v27.2) - https:\/\/yoast.com\/product\/yoast-seo-premium-wordpress\/ -->\n<title>Fase lunar con foto - Impresiones positivas<\/title>\n<meta name=\"description\" content=\"\u00bfBuscas un regalo \u00fanico y memorable que combine la belleza celeste con los recuerdos personales? Empieza hoy mismo a personalizar tu Fase lunar con foto.\" \/>\n<meta name=\"robots\" content=\"index, follow, max-snippet:-1, max-image-preview:large, max-video-preview:-1\" \/>\n<link rel=\"canonical\" href=\"https:\/\/positiveprints.com\/es\/producto\/fase-lunar-con-foto\/\" \/>\n<meta property=\"og:locale\" content=\"es_ES\" \/>\n<meta property=\"og:type\" content=\"article\" \/>\n<meta property=\"og:title\" content=\"Fase lunar con foto\" \/>\n<meta property=\"og:description\" content=\"Recuerda un momento especial con una impresi\u00f3n de las fases lunares de tu fecha y lugar Personalizar en 3 sencillos pasos Elige entre una gama de dise\u00f1os impresionantes Incluye un texto personalizado significativo Ve el resultado de inmediato: la vista previa interactiva te permite perfeccionar cada detalle\" \/>\n<meta property=\"og:url\" content=\"https:\/\/positiveprints.com\/es\/producto\/fase-lunar-con-foto\/\" \/>\n<meta property=\"og:site_name\" content=\"Positive Prints\" \/>\n<meta property=\"article:publisher\" content=\"https:\/\/www.facebook.com\/positiveprintscom\" \/>\n<meta property=\"article:modified_time\" content=\"2026-04-03T01:39:51+00:00\" \/>\n<meta property=\"og:image\" content=\"https:\/\/positiveprints.com\/wp-content\/uploads\/2024\/08\/Fase-lunar-con-foto.jpg\" \/>\n\t<meta property=\"og:image:width\" content=\"1080\" \/>\n\t<meta property=\"og:image:height\" content=\"1080\" \/>\n\t<meta property=\"og:image:type\" content=\"image\/jpeg\" \/>\n<meta name=\"twitter:card\" content=\"summary_large_image\" \/>\n<meta name=\"twitter:label1\" content=\"Tiempo de lectura\" \/>\n\t<meta name=\"twitter:data1\" content=\"2 minutos\" \/>\n<!-- \/ Yoast SEO Premium plugin. -->","yoast_head_json":{"title":"Fase lunar con foto - Impresiones positivas","description":"\u00bfBuscas un regalo \u00fanico y memorable que combine la belleza celeste con los recuerdos personales? Empieza hoy mismo a personalizar tu Fase lunar con foto.","robots":{"index":"index","follow":"follow","max-snippet":"max-snippet:-1","max-image-preview":"max-image-preview:large","max-video-preview":"max-video-preview:-1"},"canonical":"https:\/\/positiveprints.com\/es\/producto\/fase-lunar-con-foto\/","og_locale":"es_ES","og_type":"article","og_title":"Fase lunar con foto","og_description":"Recuerda un momento especial con una impresi\u00f3n de las fases lunares de tu fecha y lugar Personalizar en 3 sencillos pasos Elige entre una gama de dise\u00f1os impresionantes Incluye un texto personalizado significativo Ve el resultado de inmediato: la vista previa interactiva te permite perfeccionar cada detalle","og_url":"https:\/\/positiveprints.com\/es\/producto\/fase-lunar-con-foto\/","og_site_name":"Positive Prints","article_publisher":"https:\/\/www.facebook.com\/positiveprintscom","article_modified_time":"2026-04-03T01:39:51+00:00","og_image":[{"width":1080,"height":1080,"url":"https:\/\/positiveprints.com\/wp-content\/uploads\/2024\/08\/Fase-lunar-con-foto.jpg","type":"image\/jpeg"}],"twitter_card":"summary_large_image","twitter_misc":{"Tiempo de lectura":"2 minutos"},"schema":{"@context":"https:\/\/schema.org","@graph":[{"@type":["WebPage","ItemPage"],"@id":"https:\/\/positiveprints.com\/es\/producto\/fase-lunar-con-foto\/","url":"https:\/\/positiveprints.com\/es\/producto\/fase-lunar-con-foto\/","name":"Fase lunar con foto - Impresiones positivas","isPartOf":{"@id":"https:\/\/positiveprints.com\/es\/#website"},"primaryImageOfPage":{"@id":"https:\/\/positiveprints.com\/es\/producto\/fase-lunar-con-foto\/#primaryimage"},"image":{"@id":"https:\/\/positiveprints.com\/es\/producto\/fase-lunar-con-foto\/#primaryimage"},"thumbnailUrl":"https:\/\/positiveprints.com\/wp-content\/uploads\/2024\/08\/Fase-lunar-con-foto.jpg","datePublished":"2024-08-02T08:30:21+00:00","dateModified":"2026-04-03T01:39:51+00:00","description":"\u00bfBuscas un regalo \u00fanico y memorable que combine la belleza celeste con los recuerdos personales? Empieza hoy mismo a personalizar tu Fase lunar con foto.","breadcrumb":{"@id":"https:\/\/positiveprints.com\/es\/producto\/fase-lunar-con-foto\/#breadcrumb"},"inLanguage":"es","potentialAction":[{"@type":"ReadAction","target":["https:\/\/positiveprints.com\/es\/producto\/fase-lunar-con-foto\/"]}]},{"@type":"ImageObject","inLanguage":"es","@id":"https:\/\/positiveprints.com\/es\/producto\/fase-lunar-con-foto\/#primaryimage","url":"https:\/\/positiveprints.com\/wp-content\/uploads\/2024\/08\/Fase-lunar-con-foto.jpg","contentUrl":"https:\/\/positiveprints.com\/wp-content\/uploads\/2024\/08\/Fase-lunar-con-foto.jpg","width":1080,"height":1080},{"@type":"BreadcrumbList","@id":"https:\/\/positiveprints.com\/es\/producto\/fase-lunar-con-foto\/#breadcrumb","itemListElement":[{"@type":"ListItem","position":1,"name":"CASA","item":"https:\/\/positiveprints.com\/es\/"},{"@type":"ListItem","position":2,"name":"Productos","item":"https:\/\/positiveprints.com\/es\/shop\/"},{"@type":"ListItem","position":3,"name":"Fase lunar con foto"}]},{"@type":"WebSite","@id":"https:\/\/positiveprints.com\/es\/#website","url":"https:\/\/positiveprints.com\/es\/","name":"Positive Prints","description":"Custom Gifts for Special Occasions","publisher":{"@id":"https:\/\/positiveprints.com\/es\/#organization"},"potentialAction":[{"@type":"SearchAction","target":{"@type":"EntryPoint","urlTemplate":"https:\/\/positiveprints.com\/es\/?s={search_term_string}"},"query-input":{"@type":"PropertyValueSpecification","valueRequired":true,"valueName":"search_term_string"}}],"inLanguage":"es"},{"@type":"Organization","@id":"https:\/\/positiveprints.com\/es\/#organization","name":"Positive Prints","alternateName":"Positive Prints","url":"https:\/\/positiveprints.com\/es\/","logo":{"@type":"ImageObject","inLanguage":"es","@id":"https:\/\/positiveprints.com\/es\/#\/schema\/logo\/image\/","url":"https:\/\/positiveprints.com\/wp-content\/uploads\/2026\/03\/245815646_1337939713319158_5671353136411139666_n.png","contentUrl":"https:\/\/positiveprints.com\/wp-content\/uploads\/2026\/03\/245815646_1337939713319158_5671353136411139666_n.png","width":800,"height":800,"caption":"Positive Prints"},"image":{"@id":"https:\/\/positiveprints.com\/es\/#\/schema\/logo\/image\/"},"sameAs":["https:\/\/www.facebook.com\/positiveprintscom","https:\/\/www.instagram.com\/positiveprintscom\/","https:\/\/www.tiktok.com\/@positiveprintscom","https:\/\/www.pinterest.com\/positiveprintscom\/"]}]}},"jetpack_sharing_enabled":true,"_links":{"self":[{"href":"https:\/\/positiveprints.com\/es\/wp-json\/wp\/v2\/product\/1169300","targetHints":{"allow":["GET"]}}],"collection":[{"href":"https:\/\/positiveprints.com\/es\/wp-json\/wp\/v2\/product"}],"about":[{"href":"https:\/\/positiveprints.com\/es\/wp-json\/wp\/v2\/types\/product"}],"wp:featuredmedia":[{"embeddable":true,"href":"https:\/\/positiveprints.com\/es\/wp-json\/wp\/v2\/media\/1176129"}],"wp:attachment":[{"href":"https:\/\/positiveprints.com\/es\/wp-json\/wp\/v2\/media?parent=1169300"}],"wp:term":[{"taxonomy":"product_brand","embeddable":true,"href":"https:\/\/positiveprints.com\/es\/wp-json\/wp\/v2\/product_brand?post=1169300"},{"taxonomy":"product_cat","embeddable":true,"href":"https:\/\/positiveprints.com\/es\/wp-json\/wp\/v2\/product_cat?post=1169300"},{"taxonomy":"product_tag","embeddable":true,"href":"https:\/\/positiveprints.com\/es\/wp-json\/wp\/v2\/product_tag?post=1169300"}],"curies":[{"name":"wp","href":"https:\/\/api.w.org\/{rel}","templated":true}]}}