{"id":1169296,"date":"2024-08-02T09:39:45","date_gmt":"2024-08-02T08:39:45","guid":{"rendered":"https:\/\/positiveprints.com\/product\/luna-de-cumpleanos-con-foto\/"},"modified":"2026-04-12T20:10:02","modified_gmt":"2026-04-12T19:10:02","slug":"cumpleanos-luna-con-foto","status":"publish","type":"product","link":"https:\/\/positiveprints.com\/es\/producto\/cumpleanos-luna-con-foto\/","title":{"rendered":"Luna de cumplea\u00f1os con foto"},"content":{"rendered":"<p>\u00bfBuscas un regalo \u00fanico y sincero para celebrar un cumplea\u00f1os especial?\r\nLuna de Cumplea\u00f1os con Foto es una impresi\u00f3n personalizada o un lienzo que capta maravillosamente la maravilla de la fase lunar del d\u00eda en que alguien naci\u00f3, junto a una preciada foto.\r\nEsta exquisita obra de arte es la forma perfecta de conmemorar un cumplea\u00f1os y crear un recuerdo duradero que se atesorar\u00e1 para siempre.  <\/p>\r\n<h2>Luna de cumplea\u00f1os con foto<\/h2>\r\n<p>Luna de cumplea\u00f1os con foto es una impresionante obra de arte personalizada que muestra una fase lunar y una foto personal.\r\nPara crear este significativo recuerdo, s\u00f3lo tienes que visitar nuestro editor en l\u00ednea.\r\nEmpieza seleccionando un fondo.\r\nElige entre las opciones predefinidas o crea tu propia combinaci\u00f3n de colores.\r\nA continuaci\u00f3n, a\u00f1ade un t\u00edtulo a tu obra de arte: un mensaje o sentimiento especial que aparecer\u00e1 sobre la luna y la foto.    <\/p>\r\n<p>Despu\u00e9s de poner el t\u00edtulo, introduce la fecha y la ubicaci\u00f3n para mostrar la fase lunar del cumplea\u00f1os que quieres conmemorar.\r\nDebajo de la luna y la foto, puedes a\u00f1adir nombres o cualquier otro texto que prefieras para hacerlo a\u00fan m\u00e1s personal.\r\nPor \u00faltimo, elige el formato de tu obra de arte.\r\nOfrecemos varios tama\u00f1os y estilos, como p\u00f3sters impresos o enmarcados, lienzos y descargas digitales instant\u00e1neas.   <\/p>\r\n<h2>Por qu\u00e9 la Luna de Cumplea\u00f1os con Foto es el Regalo Perfecto<\/h2>\r\n<p>Encontrar un regalo de cumplea\u00f1os significativo y personalizado puede ser todo un reto, pero Luna de cumplea\u00f1os con foto es la soluci\u00f3n perfecta.\r\nEsta obra de arte no es s\u00f3lo un regalo visual.\r\nEs un recordatorio sentimental del d\u00eda especial en que naci\u00f3 alguien.\r\nIdeal para cumplea\u00f1os de todas las edades, este regalo demuestra a tu ser querido lo mucho que significa para ti.   <\/p>\r\n<p>La naturaleza personalizada de esta obra de arte garantiza que cada pieza sea \u00fanica.\r\nCada vez que la vean, recordar\u00e1n el amor y la alegr\u00eda que les produce su cumplea\u00f1os.\r\nEs un regalo con un profundo significado que se convertir\u00e1 en un tesoro en su hogar.  <\/p>\r\n<h2>Empieza a personalizar tu regalo hoy<\/h2>\r\n<p>\u00bfListo para crear un regalo de cumplea\u00f1os memorable y sincero?\r\nEmpieza hoy mismo a personalizar tu Luna de cumplea\u00f1os con foto. <\/p>\r\n<p>No esperes: convierte ese cumplea\u00f1os tan especial en una impresionante obra de arte que ser\u00e1 apreciada para siempre.\r\nEncarga ahora tu Luna de Cumplea\u00f1os personalizada con Foto y haz un regalo realmente fuera de este mundo. <\/p>","protected":false},"excerpt":{"rendered":"<ul class=\"check-list\">\n<li>Recuerda un momento especial con una impresi\u00f3n de las fases lunares de tu fecha y lugar<\/li>\n<li>Personalizar en 3 sencillos pasos<\/li>\n<li>Elige entre una gama de dise\u00f1os impresionantes<\/li>\n<li>Incluye un texto personalizado significativo<\/li>\n<li>Ve el resultado de inmediato: la vista previa interactiva te permite perfeccionar cada detalle<\/li>\n<\/ul>\n","protected":false},"featured_media":1689993,"template":"","meta":[],"product_brand":[],"product_cat":[7597,3128,10920,5254,5270,8012,11458,7742,7629,7773,7661,7693,7821,11220,11219,106],"product_tag":[15095,10924,9798,15422,15953],"class_list":{"0":"post-1169296","1":"product","2":"type-product","3":"status-publish","4":"has-post-thumbnail","6":"product_cat-regalos-de-bautismo","7":"product_cat-regalos-de-cumpleanos","8":"product_cat-luna-doble","9":"product_cat-regalos-de-nacimiento-de-bebe","10":"product_cat-regalos-de-navidad","11":"product_cat-regalos-para-hombres","12":"product_cat-regalos-de-navidad-para-los-ninos","13":"product_cat-regalos-para-mi-hermana","14":"product_cat-regalos-para-mi-hermano","15":"product_cat-regalos-para-mi-hija","16":"product_cat-regalos-para-mi-hijo","17":"product_cat-regalos-para-mujeres","18":"product_cat-regalos-para-padres-primerizos","19":"product_cat-regalos-de-cumpleanos-para-hombres","20":"product_cat-regalos-de-cumpleanos-para-mujeres","21":"product_cat-todos-los-productos","22":"product_tag-birthday-pl-es","23":"product_tag-fase-lunar","24":"product_tag-luna-es","25":"product_tag-marco-con-luna-de-nacimiento","26":"product_tag-regalo-de-navidad-para-ninos","28":"first","29":"instock","30":"sale","31":"taxable","32":"shipping-taxable","33":"purchasable","34":"product-type-variable"},"yoast_head":"<!-- This site is optimized with the Yoast SEO Premium plugin v27.2 (Yoast SEO v27.2) - https:\/\/yoast.com\/product\/yoast-seo-premium-wordpress\/ -->\n<title>Luna de Cumplea\u00f1os con Foto - Positive Prints<\/title>\n<meta name=\"description\" content=\"\u00bfListo para crear un regalo de cumplea\u00f1os memorable y sincero? Empieza hoy mismo a personalizar tu Luna de cumplea\u00f1os con foto.\" \/>\n<meta name=\"robots\" content=\"index, follow, max-snippet:-1, max-image-preview:large, max-video-preview:-1\" \/>\n<link rel=\"canonical\" href=\"https:\/\/positiveprints.com\/es\/producto\/cumpleanos-luna-con-foto\/\" \/>\n<meta property=\"og:locale\" content=\"es_ES\" \/>\n<meta property=\"og:type\" content=\"article\" \/>\n<meta property=\"og:title\" content=\"Luna de cumplea\u00f1os con foto\" \/>\n<meta property=\"og:description\" content=\"Recuerda un momento especial con una impresi\u00f3n de las fases lunares de tu fecha y lugar Personalizar en 3 sencillos pasos Elige entre una gama de dise\u00f1os impresionantes Incluye un texto personalizado significativo Ve el resultado de inmediato: la vista previa interactiva te permite perfeccionar cada detalle\" \/>\n<meta property=\"og:url\" content=\"https:\/\/positiveprints.com\/es\/producto\/cumpleanos-luna-con-foto\/\" \/>\n<meta property=\"og:site_name\" content=\"Positive Prints\" \/>\n<meta property=\"article:publisher\" content=\"https:\/\/www.facebook.com\/positiveprintscom\" \/>\n<meta property=\"article:modified_time\" content=\"2026-04-12T19:10:02+00:00\" \/>\n<meta property=\"og:image\" content=\"https:\/\/positiveprints.com\/wp-content\/uploads\/2024\/08\/Luna-de-cumplean\u0303os-con-foto.jpg\" \/>\n\t<meta property=\"og:image:width\" content=\"1080\" \/>\n\t<meta property=\"og:image:height\" content=\"1080\" \/>\n\t<meta property=\"og:image:type\" content=\"image\/jpeg\" \/>\n<meta name=\"twitter:card\" content=\"summary_large_image\" \/>\n<meta name=\"twitter:label1\" content=\"Tiempo de lectura\" \/>\n\t<meta name=\"twitter:data1\" content=\"2 minutos\" \/>\n<!-- \/ Yoast SEO Premium plugin. -->","yoast_head_json":{"title":"Luna de Cumplea\u00f1os con Foto - Positive Prints","description":"\u00bfListo para crear un regalo de cumplea\u00f1os memorable y sincero? Empieza hoy mismo a personalizar tu Luna de cumplea\u00f1os con foto.","robots":{"index":"index","follow":"follow","max-snippet":"max-snippet:-1","max-image-preview":"max-image-preview:large","max-video-preview":"max-video-preview:-1"},"canonical":"https:\/\/positiveprints.com\/es\/producto\/cumpleanos-luna-con-foto\/","og_locale":"es_ES","og_type":"article","og_title":"Luna de cumplea\u00f1os con foto","og_description":"Recuerda un momento especial con una impresi\u00f3n de las fases lunares de tu fecha y lugar Personalizar en 3 sencillos pasos Elige entre una gama de dise\u00f1os impresionantes Incluye un texto personalizado significativo Ve el resultado de inmediato: la vista previa interactiva te permite perfeccionar cada detalle","og_url":"https:\/\/positiveprints.com\/es\/producto\/cumpleanos-luna-con-foto\/","og_site_name":"Positive Prints","article_publisher":"https:\/\/www.facebook.com\/positiveprintscom","article_modified_time":"2026-04-12T19:10:02+00:00","og_image":[{"width":1080,"height":1080,"url":"https:\/\/positiveprints.com\/wp-content\/uploads\/2024\/08\/Luna-de-cumplean\u0303os-con-foto.jpg","type":"image\/jpeg"}],"twitter_card":"summary_large_image","twitter_misc":{"Tiempo de lectura":"2 minutos"},"schema":{"@context":"https:\/\/schema.org","@graph":[{"@type":["WebPage","ItemPage"],"@id":"https:\/\/positiveprints.com\/es\/producto\/cumpleanos-luna-con-foto\/","url":"https:\/\/positiveprints.com\/es\/producto\/cumpleanos-luna-con-foto\/","name":"Luna de Cumplea\u00f1os con Foto - Positive Prints","isPartOf":{"@id":"https:\/\/positiveprints.com\/es\/#website"},"primaryImageOfPage":{"@id":"https:\/\/positiveprints.com\/es\/producto\/cumpleanos-luna-con-foto\/#primaryimage"},"image":{"@id":"https:\/\/positiveprints.com\/es\/producto\/cumpleanos-luna-con-foto\/#primaryimage"},"thumbnailUrl":"https:\/\/positiveprints.com\/wp-content\/uploads\/2026\/03\/Packshot_ES_Luna-de-cumpleanos-con-foto.webp","datePublished":"2024-08-02T08:39:45+00:00","dateModified":"2026-04-12T19:10:02+00:00","description":"\u00bfListo para crear un regalo de cumplea\u00f1os memorable y sincero? Empieza hoy mismo a personalizar tu Luna de cumplea\u00f1os con foto.","breadcrumb":{"@id":"https:\/\/positiveprints.com\/es\/producto\/cumpleanos-luna-con-foto\/#breadcrumb"},"inLanguage":"es","potentialAction":[{"@type":"ReadAction","target":["https:\/\/positiveprints.com\/es\/producto\/cumpleanos-luna-con-foto\/"]}]},{"@type":"ImageObject","inLanguage":"es","@id":"https:\/\/positiveprints.com\/es\/producto\/cumpleanos-luna-con-foto\/#primaryimage","url":"https:\/\/positiveprints.com\/wp-content\/uploads\/2026\/03\/Packshot_ES_Luna-de-cumpleanos-con-foto.webp","contentUrl":"https:\/\/positiveprints.com\/wp-content\/uploads\/2026\/03\/Packshot_ES_Luna-de-cumpleanos-con-foto.webp","width":1450,"height":1450},{"@type":"BreadcrumbList","@id":"https:\/\/positiveprints.com\/es\/producto\/cumpleanos-luna-con-foto\/#breadcrumb","itemListElement":[{"@type":"ListItem","position":1,"name":"CASA","item":"https:\/\/positiveprints.com\/es\/"},{"@type":"ListItem","position":2,"name":"Productos","item":"https:\/\/positiveprints.com\/es\/shop\/"},{"@type":"ListItem","position":3,"name":"Luna de cumplea\u00f1os con foto"}]},{"@type":"WebSite","@id":"https:\/\/positiveprints.com\/es\/#website","url":"https:\/\/positiveprints.com\/es\/","name":"Positive Prints","description":"Custom Gifts for Special Occasions","publisher":{"@id":"https:\/\/positiveprints.com\/es\/#organization"},"potentialAction":[{"@type":"SearchAction","target":{"@type":"EntryPoint","urlTemplate":"https:\/\/positiveprints.com\/es\/?s={search_term_string}"},"query-input":{"@type":"PropertyValueSpecification","valueRequired":true,"valueName":"search_term_string"}}],"inLanguage":"es"},{"@type":"Organization","@id":"https:\/\/positiveprints.com\/es\/#organization","name":"Positive Prints","alternateName":"Positive Prints","url":"https:\/\/positiveprints.com\/es\/","logo":{"@type":"ImageObject","inLanguage":"es","@id":"https:\/\/positiveprints.com\/es\/#\/schema\/logo\/image\/","url":"https:\/\/positiveprints.com\/wp-content\/uploads\/2026\/03\/245815646_1337939713319158_5671353136411139666_n.png","contentUrl":"https:\/\/positiveprints.com\/wp-content\/uploads\/2026\/03\/245815646_1337939713319158_5671353136411139666_n.png","width":800,"height":800,"caption":"Positive Prints"},"image":{"@id":"https:\/\/positiveprints.com\/es\/#\/schema\/logo\/image\/"},"sameAs":["https:\/\/www.facebook.com\/positiveprintscom","https:\/\/www.instagram.com\/positiveprintscom\/","https:\/\/www.tiktok.com\/@positiveprintscom","https:\/\/www.pinterest.com\/positiveprintscom\/"]}]}},"jetpack_sharing_enabled":true,"_links":{"self":[{"href":"https:\/\/positiveprints.com\/es\/wp-json\/wp\/v2\/product\/1169296","targetHints":{"allow":["GET"]}}],"collection":[{"href":"https:\/\/positiveprints.com\/es\/wp-json\/wp\/v2\/product"}],"about":[{"href":"https:\/\/positiveprints.com\/es\/wp-json\/wp\/v2\/types\/product"}],"wp:featuredmedia":[{"embeddable":true,"href":"https:\/\/positiveprints.com\/es\/wp-json\/wp\/v2\/media\/1689993"}],"wp:attachment":[{"href":"https:\/\/positiveprints.com\/es\/wp-json\/wp\/v2\/media?parent=1169296"}],"wp:term":[{"taxonomy":"product_brand","embeddable":true,"href":"https:\/\/positiveprints.com\/es\/wp-json\/wp\/v2\/product_brand?post=1169296"},{"taxonomy":"product_cat","embeddable":true,"href":"https:\/\/positiveprints.com\/es\/wp-json\/wp\/v2\/product_cat?post=1169296"},{"taxonomy":"product_tag","embeddable":true,"href":"https:\/\/positiveprints.com\/es\/wp-json\/wp\/v2\/product_tag?post=1169296"}],"curies":[{"name":"wp","href":"https:\/\/api.w.org\/{rel}","templated":true}]}}