{"id":1169271,"date":"2024-08-01T11:37:09","date_gmt":"2024-08-01T10:37:09","guid":{"rendered":"https:\/\/positiveprints.com\/product\/fases-de-la-luna-de-conocidos-y-casados\/"},"modified":"2026-04-28T13:37:18","modified_gmt":"2026-04-28T12:37:18","slug":"fases-luna-conocido-y-casado","status":"publish","type":"product","link":"https:\/\/positiveprints.com\/es\/producto\/fases-luna-conocido-y-casado\/","title":{"rendered":"Fases de la Luna de Conocidos y Casados"},"content":{"rendered":"<p>\u00bfBuscas una forma \u00fanica y significativa de celebrar tu historia de amor?\r\nMet and Married Moon Phases es una impresi\u00f3n personalizada que capta maravillosamente los momentos especiales en los que os conocisteis y en los que os casasteis.\r\nEsta exquisita obra de arte muestra dos fases lunares: una del d\u00eda en que os conocisteis y otra del d\u00eda de vuestra boda.\r\nEs una forma sentida de honrar vuestro viaje juntos y crear un recuerdo duradero de vuestro amor.   <\/p>\r\n<h2>Fases de la Luna de Conocidos y Casados<\/h2>\r\n<p>Fases de la Luna de Conocido y Casado es una impresionante obra de arte personalizada que muestra dos fases de la luna, cada una de las cuales representa las fechas significativas de vuestra relaci\u00f3n.\r\nPara crear este recuerdo memorable, s\u00f3lo tienes que visitar nuestro editor en l\u00ednea.\r\nEmpieza seleccionando un fondo.\r\nElige entre las opciones predefinidas o dise\u00f1a tu propia combinaci\u00f3n de colores.\r\nA continuaci\u00f3n, a\u00f1ade un t\u00edtulo a tu obra: un mensaje o sentimiento especial que aparecer\u00e1 sobre las lunas.    <\/p>\r\n<p>Una vez que hayas puesto el t\u00edtulo, introduce las fechas y lugares de cada fase lunar.\r\nEsto revelar\u00e1 c\u00f3mo apareci\u00f3 la luna el d\u00eda que os conocisteis y el d\u00eda de vuestra boda.\r\nDebajo de cada luna, puedes a\u00f1adir nombres o cualquier otro texto que prefieras.\r\nPor \u00faltimo, selecciona el formato de tu obra de arte.\r\nOfrecemos varios tama\u00f1os y estilos, como p\u00f3sters impresos o enmarcados, lienzos y descargas digitales instant\u00e1neas.    <\/p>\r\n<h2>Por qu\u00e9 las Fases de la Luna para Conocerse y Casarse es el Regalo Perfecto<\/h2>\r\n<p>Encontrar un regalo de aniversario o de boda significativo puede ser todo un reto, pero Fases de la Luna de Casados y Conocidos es la soluci\u00f3n perfecta.\r\nEsta obra de arte no es s\u00f3lo un regalo visual; es un recordatorio sentimental de los d\u00edas m\u00e1s importantes de vuestra relaci\u00f3n.\r\nIdeal para aniversarios, bodas o cualquier ocasi\u00f3n especial, este regalo muestra a tu pareja cu\u00e1nto significan esos momentos para ti.  <\/p>\r\n<p>La naturaleza personalizada de esta obra de arte garantiza que cada pieza sea \u00fanica.\r\nCada vez que t\u00fa y tu pareja la ve\u00e1is, recordar\u00e9is el amor y la conexi\u00f3n que compart\u00eds.\r\nEs un regalo con un profundo significado y seguro que se convertir\u00e1 en un tesoro de tu hogar.  <\/p>\r\n<h2>Empieza a personalizar tu regalo hoy<\/h2>\r\n<p>\u00bfListo para crear un regalo memorable y sincero para tu pareja?\r\nEmpieza a personalizar hoy mismo tu obra de arte Fases de la Luna para enamorados y casados. <\/p>\r\n<p>No te lo pierdas: convierte esos momentos especiales en una impresionante obra de arte que t\u00fa y tu pareja apreciar\u00e9is para siempre.\r\nEncarga ahora tus Fases de la Luna personalizadas para Conocerse y Casarse y haz un regalo realmente fuera de este mundo. <\/p>","protected":false},"excerpt":{"rendered":"<ul class=\"check-list\">\n<li>Captura dos momentos especiales y muestra c\u00f3mo se ve\u00eda la luna en esos d\u00edas<\/li>\n<li>Personalizar en 3 sencillos pasos<\/li>\n<li>Elige entre una gama de dise\u00f1os impresionantes<\/li>\n<li>Incluye un texto personalizado significativo<\/li>\n<li>Ve el resultado de inmediato: la vista previa interactiva te permite perfeccionar cada detalle<\/li>\n<\/ul>\n","protected":false},"featured_media":1174607,"template":"","meta":[],"product_brand":[],"product_cat":[3124,7933,10920,8986,7757,7646,106],"product_tag":[10924,13752,13762,9798,15081,8485],"class_list":{"0":"post-1169271","1":"product","2":"type-product","3":"status-publish","4":"has-post-thumbnail","6":"product_cat-regalos-de-boda","7":"product_cat-regalos-para-despedidas-de-soltera","8":"product_cat-luna-doble","9":"product_cat-nuevo","10":"product_cat-regalos-para-mi-esposa","11":"product_cat-regalos-para-mi-esposo","12":"product_cat-todos-los-productos","13":"product_tag-fase-lunar","14":"product_tag-fase-lunar-de-aniversario","15":"product_tag-fase-lunar-del-dia-de-la-boda","16":"product_tag-luna-es","17":"product_tag-wedding-es-2","18":"product_tag-wedding-es","20":"first","21":"instock","22":"sale","23":"taxable","24":"shipping-taxable","25":"purchasable","26":"product-type-variable"},"yoast_head":"<!-- This site is optimized with the Yoast SEO Premium plugin v27.2 (Yoast SEO v27.2) - https:\/\/yoast.com\/product\/yoast-seo-premium-wordpress\/ -->\n<title>Fases de la Luna de Conocidos y Casados - Impresiones Positivas<\/title>\n<meta name=\"description\" content=\"Fases de la Luna de Conocidos y Casados es una impresi\u00f3n personalizada que capta maravillosamente los momentos especiales en los que os conocisteis y en los que os casasteis.\" \/>\n<meta name=\"robots\" content=\"index, follow, max-snippet:-1, max-image-preview:large, max-video-preview:-1\" \/>\n<link rel=\"canonical\" href=\"https:\/\/positiveprints.com\/es\/producto\/fases-luna-conocido-y-casado\/\" \/>\n<meta property=\"og:locale\" content=\"es_ES\" \/>\n<meta property=\"og:type\" content=\"article\" \/>\n<meta property=\"og:title\" content=\"Fases de la Luna de Conocidos y Casados\" \/>\n<meta property=\"og:description\" content=\"Captura dos momentos especiales y muestra c\u00f3mo se ve\u00eda la luna en esos d\u00edas Personalizar en 3 sencillos pasos Elige entre una gama de dise\u00f1os impresionantes Incluye un texto personalizado significativo Ve el resultado de inmediato: la vista previa interactiva te permite perfeccionar cada detalle\" \/>\n<meta property=\"og:url\" content=\"https:\/\/positiveprints.com\/es\/producto\/fases-luna-conocido-y-casado\/\" \/>\n<meta property=\"og:site_name\" content=\"Positive Prints\" \/>\n<meta property=\"article:publisher\" content=\"https:\/\/www.facebook.com\/positiveprintscom\" \/>\n<meta property=\"article:modified_time\" content=\"2026-04-28T12:37:18+00:00\" \/>\n<meta property=\"og:image\" content=\"https:\/\/positiveprints.com\/wp-content\/uploads\/2024\/08\/Fases-de-la-Luna-de-Conocidos-y-Casados.jpg\" \/>\n\t<meta property=\"og:image:width\" content=\"1080\" \/>\n\t<meta property=\"og:image:height\" content=\"1080\" \/>\n\t<meta property=\"og:image:type\" content=\"image\/jpeg\" \/>\n<meta name=\"twitter:card\" content=\"summary_large_image\" \/>\n<!-- \/ Yoast SEO Premium plugin. -->","yoast_head_json":{"title":"Fases de la Luna de Conocidos y Casados - Impresiones Positivas","description":"Fases de la Luna de Conocidos y Casados es una impresi\u00f3n personalizada que capta maravillosamente los momentos especiales en los que os conocisteis y en los que os casasteis.","robots":{"index":"index","follow":"follow","max-snippet":"max-snippet:-1","max-image-preview":"max-image-preview:large","max-video-preview":"max-video-preview:-1"},"canonical":"https:\/\/positiveprints.com\/es\/producto\/fases-luna-conocido-y-casado\/","og_locale":"es_ES","og_type":"article","og_title":"Fases de la Luna de Conocidos y Casados","og_description":"Captura dos momentos especiales y muestra c\u00f3mo se ve\u00eda la luna en esos d\u00edas Personalizar en 3 sencillos pasos Elige entre una gama de dise\u00f1os impresionantes Incluye un texto personalizado significativo Ve el resultado de inmediato: la vista previa interactiva te permite perfeccionar cada detalle","og_url":"https:\/\/positiveprints.com\/es\/producto\/fases-luna-conocido-y-casado\/","og_site_name":"Positive Prints","article_publisher":"https:\/\/www.facebook.com\/positiveprintscom","article_modified_time":"2026-04-28T12:37:18+00:00","og_image":[{"width":1080,"height":1080,"url":"https:\/\/positiveprints.com\/wp-content\/uploads\/2024\/08\/Fases-de-la-Luna-de-Conocidos-y-Casados.jpg","type":"image\/jpeg"}],"twitter_card":"summary_large_image","schema":{"@context":"https:\/\/schema.org","@graph":[{"@type":["WebPage","ItemPage"],"@id":"https:\/\/positiveprints.com\/es\/producto\/fases-luna-conocido-y-casado\/","url":"https:\/\/positiveprints.com\/es\/producto\/fases-luna-conocido-y-casado\/","name":"Fases de la Luna de Conocidos y Casados - Impresiones Positivas","isPartOf":{"@id":"https:\/\/positiveprints.com\/es\/#website"},"primaryImageOfPage":{"@id":"https:\/\/positiveprints.com\/es\/producto\/fases-luna-conocido-y-casado\/#primaryimage"},"image":{"@id":"https:\/\/positiveprints.com\/es\/producto\/fases-luna-conocido-y-casado\/#primaryimage"},"thumbnailUrl":"https:\/\/positiveprints.com\/wp-content\/uploads\/2024\/08\/Fases-de-la-Luna-de-Conocidos-y-Casados.jpg","datePublished":"2024-08-01T10:37:09+00:00","dateModified":"2026-04-28T12:37:18+00:00","description":"Fases de la Luna de Conocidos y Casados es una impresi\u00f3n personalizada que capta maravillosamente los momentos especiales en los que os conocisteis y en los que os casasteis.","breadcrumb":{"@id":"https:\/\/positiveprints.com\/es\/producto\/fases-luna-conocido-y-casado\/#breadcrumb"},"inLanguage":"es","potentialAction":[{"@type":"ReadAction","target":["https:\/\/positiveprints.com\/es\/producto\/fases-luna-conocido-y-casado\/"]}]},{"@type":"ImageObject","inLanguage":"es","@id":"https:\/\/positiveprints.com\/es\/producto\/fases-luna-conocido-y-casado\/#primaryimage","url":"https:\/\/positiveprints.com\/wp-content\/uploads\/2024\/08\/Fases-de-la-Luna-de-Conocidos-y-Casados.jpg","contentUrl":"https:\/\/positiveprints.com\/wp-content\/uploads\/2024\/08\/Fases-de-la-Luna-de-Conocidos-y-Casados.jpg","width":1080,"height":1080},{"@type":"BreadcrumbList","@id":"https:\/\/positiveprints.com\/es\/producto\/fases-luna-conocido-y-casado\/#breadcrumb","itemListElement":[{"@type":"ListItem","position":1,"name":"CASA","item":"https:\/\/positiveprints.com\/es\/"},{"@type":"ListItem","position":2,"name":"Productos","item":"https:\/\/positiveprints.com\/es\/shop\/"},{"@type":"ListItem","position":3,"name":"Fases de la Luna de Conocidos y Casados"}]},{"@type":"WebSite","@id":"https:\/\/positiveprints.com\/es\/#website","url":"https:\/\/positiveprints.com\/es\/","name":"Positive Prints","description":"Custom Gifts for Special Occasions","publisher":{"@id":"https:\/\/positiveprints.com\/es\/#organization"},"potentialAction":[{"@type":"SearchAction","target":{"@type":"EntryPoint","urlTemplate":"https:\/\/positiveprints.com\/es\/?s={search_term_string}"},"query-input":{"@type":"PropertyValueSpecification","valueRequired":true,"valueName":"search_term_string"}}],"inLanguage":"es"},{"@type":"Organization","@id":"https:\/\/positiveprints.com\/es\/#organization","name":"Positive Prints","alternateName":"Positive Prints ","url":"https:\/\/positiveprints.com\/es\/","logo":{"@type":"ImageObject","inLanguage":"es","@id":"https:\/\/positiveprints.com\/es\/#\/schema\/logo\/image\/","url":"https:\/\/positiveprints.com\/wp-content\/uploads\/2026\/03\/245815646_1337939713319158_5671353136411139666_n.png","contentUrl":"https:\/\/positiveprints.com\/wp-content\/uploads\/2026\/03\/245815646_1337939713319158_5671353136411139666_n.png","width":800,"height":800,"caption":"Positive Prints"},"image":{"@id":"https:\/\/positiveprints.com\/es\/#\/schema\/logo\/image\/"},"sameAs":["https:\/\/www.facebook.com\/positiveprintscom","https:\/\/www.instagram.com\/positiveprintscom\/","https:\/\/www.tiktok.com\/@positiveprintscom","https:\/\/www.pinterest.com\/positiveprintscom\/"]}]}},"jetpack_sharing_enabled":true,"_links":{"self":[{"href":"https:\/\/positiveprints.com\/es\/wp-json\/wp\/v2\/product\/1169271","targetHints":{"allow":["GET"]}}],"collection":[{"href":"https:\/\/positiveprints.com\/es\/wp-json\/wp\/v2\/product"}],"about":[{"href":"https:\/\/positiveprints.com\/es\/wp-json\/wp\/v2\/types\/product"}],"wp:featuredmedia":[{"embeddable":true,"href":"https:\/\/positiveprints.com\/es\/wp-json\/wp\/v2\/media\/1174607"}],"wp:attachment":[{"href":"https:\/\/positiveprints.com\/es\/wp-json\/wp\/v2\/media?parent=1169271"}],"wp:term":[{"taxonomy":"product_brand","embeddable":true,"href":"https:\/\/positiveprints.com\/es\/wp-json\/wp\/v2\/product_brand?post=1169271"},{"taxonomy":"product_cat","embeddable":true,"href":"https:\/\/positiveprints.com\/es\/wp-json\/wp\/v2\/product_cat?post=1169271"},{"taxonomy":"product_tag","embeddable":true,"href":"https:\/\/positiveprints.com\/es\/wp-json\/wp\/v2\/product_tag?post=1169271"}],"curies":[{"name":"wp","href":"https:\/\/api.w.org\/{rel}","templated":true}]}}