{"id":1169261,"date":"2024-08-01T10:14:47","date_gmt":"2024-08-01T09:14:47","guid":{"rendered":"https:\/\/positiveprints.com\/product\/almas-gemelas-en-fase-lunar\/"},"modified":"2026-04-23T10:49:43","modified_gmt":"2026-04-23T09:49:43","slug":"moon-phase-soulmates","status":"publish","type":"product","link":"https:\/\/positiveprints.com\/es\/producto\/moon-phase-soulmates\/","title":{"rendered":"Almas gemelas en fase lunar"},"content":{"rendered":"<p>\u00bfBuscas un regalo \u00fanico y significativo para celebrar tu amor?\r\nAlmas gemelas en fase lunar es una impresi\u00f3n personalizada que capta maravillosamente la conexi\u00f3n entre tu alma gemela y t\u00fa.\r\nEsta exquisita obra de arte presenta dos fases lunares: una de tu cumplea\u00f1os y otra del cumplea\u00f1os de tu alma gemela.\r\nEs una forma sincera de honrar el v\u00ednculo especial que compart\u00eds y celebrar los momentos que os unieron.   <\/p>\r\n<h2>Almas gemelas en fase lunar<\/h2>\r\n<p>Almas gemelas en fase lunar es una impresionante obra de arte personalizada que muestra dos fases lunares, cada una de las cuales representa tu cumplea\u00f1os y el de tu alma gemela.\r\nPara crear este rom\u00e1ntico recuerdo, visita nuestro editor en l\u00ednea.\r\nEmpieza seleccionando un fondo; elige entre las opciones predefinidas o dise\u00f1a tu propia combinaci\u00f3n de colores.\r\nA continuaci\u00f3n, a\u00f1ade un t\u00edtulo a tu obra: un mensaje o sentimiento especial que aparecer\u00e1 sobre las lunas.   <\/p>\r\n<p>Una vez que hayas puesto el t\u00edtulo, introduce las fechas y lugares de cada fase lunar.\r\nEsto revelar\u00e1 c\u00f3mo apareci\u00f3 la luna en los d\u00edas en que nacisteis t\u00fa y tu alma gemela.\r\nDebajo de cada luna, puedes a\u00f1adir nombres o cualquier otro texto que prefieras.\r\nPor \u00faltimo, selecciona el formato de tu obra de arte.\r\nOfrecemos varios tama\u00f1os y estilos, como p\u00f3sters impresos o enmarcados, lienzos y descargas digitales instant\u00e1neas.    <\/p>\r\n<h2>Por qu\u00e9 Almas Gemelas en Fase Lunar es el Regalo Perfecto<\/h2>\r\n<p>Encontrar un regalo significativo que celebre vuestro amor puede ser un reto, pero Almas Gemelas en Fase Lunar es la soluci\u00f3n perfecta.\r\nEsta obra de arte no es s\u00f3lo un regalo visual.\r\nEs un recordatorio sentimental de los d\u00edas especiales que marcaron vuestros comienzos.\r\nIdeal para aniversarios, San Valent\u00edn o cualquier ocasi\u00f3n rom\u00e1ntica, este regalo demuestra a tu alma gemela lo mucho que significa para ti.   <\/p>\r\n<p>El aspecto personalizado de esta obra de arte garantiza que cada pieza sea \u00fanica.\r\nCada vez que t\u00fa y tu media naranja la ve\u00e1is, recordar\u00e9is el amor y la conexi\u00f3n que compart\u00eds.\r\nEs un regalo con un profundo significado que seguro se convertir\u00e1 en un tesoro de tu hogar.  <\/p>\r\n<h2>Empieza a personalizar tu regalo hoy<\/h2>\r\n<p>\u00bfListo para crear un regalo memorable y sincero para tu alma gemela?\r\nEmpieza a personalizar hoy mismo tu obra de arte Almas gemelas en fase lunar. <\/p>\r\n<p>No te lo pierdas: convierte esos momentos especiales en una impresionante obra de arte que t\u00fa y tu alma gemela apreciar\u00e9is para siempre.\r\nEncarga ahora tu &#8220;Almas gemelas en fase lunar&#8221; personalizado y haz un regalo realmente fuera de este mundo. <\/p>","protected":false},"excerpt":{"rendered":"<ul class=\"check-list\">\n<li>Captura dos momentos especiales y muestra c\u00f3mo se ve\u00eda la luna en esos d\u00edas<\/li>\n<li>Personalizar en 3 sencillos pasos<\/li>\n<li>Elige entre una gama de dise\u00f1os impresionantes<\/li>\n<li>Incluye un texto personalizado significativo<\/li>\n<li>Ve el resultado de inmediato: la vista previa interactiva te permite perfeccionar cada detalle<\/li>\n<\/ul>\n","protected":false},"featured_media":1174206,"template":"","meta":[],"product_brand":[],"product_cat":[10920,8189,8215,106,5334,11187,11188,11189,3128,11219,11220,5277,5270,11461,11449,11458,8012,7678,7629,7661,7693,7773,7789,7742,7805,7853,3119,11249,11250],"product_tag":[11003,10924,9798,13429,15953,13459,15267],"class_list":{"0":"post-1169261","1":"product","2":"type-product","3":"status-publish","4":"has-post-thumbnail","6":"product_cat-luna-doble","7":"product_cat-para-ella","8":"product_cat-para-el","9":"product_cat-todos-los-productos","10":"product_cat-regalos-de-aniversario","11":"product_cat-regalos-de-aniversario-para-pareja","12":"product_cat-regalos-de-aniversario-para-ella","13":"product_cat-regalos-de-aniversario-para-el","14":"product_cat-regalos-de-cumpleanos","15":"product_cat-regalos-de-cumpleanos-para-mujeres","16":"product_cat-regalos-de-cumpleanos-para-hombres","17":"product_cat-regalos-de-compromiso","18":"product_cat-regalos-de-navidad","19":"product_cat-regalos-de-navidad-para-la-hermana","20":"product_cat-regalos-de-navidad-para-el-hermano","21":"product_cat-regalos-de-navidad-para-los-ninos","22":"product_cat-regalos-para-hombres","23":"product_cat-regalos-para-mi-novio","24":"product_cat-regalos-para-mi-hermano","25":"product_cat-regalos-para-mi-hijo","26":"product_cat-regalos-para-mujeres","27":"product_cat-regalos-para-mi-hija","28":"product_cat-regalos-para-mi-novia","29":"product_cat-regalos-para-mi-hermana","30":"product_cat-regalos-para-parejas","31":"product_cat-regalos-para-la-familia","32":"product_cat-regalos-de-san-valentin","33":"product_cat-regalos-de-san-valentin-mujeres","34":"product_cat-regalos-de-san-valentin-hombres","35":"product_tag-almas-gemelas-lunares","36":"product_tag-fase-lunar","37":"product_tag-luna-es","38":"product_tag-regalo-de-navidad-para-hermana","39":"product_tag-regalo-de-navidad-para-ninos","40":"product_tag-regalos-de-navidad-para-hermano","41":"product_tag-weihnachtsgeschenke-fuer-den-bruder","43":"first","44":"instock","45":"sale","46":"taxable","47":"shipping-taxable","48":"purchasable","49":"product-type-variable"},"yoast_head":"<!-- This site is optimized with the Yoast SEO Premium plugin v27.2 (Yoast SEO v27.2) - https:\/\/yoast.com\/product\/yoast-seo-premium-wordpress\/ -->\n<title>Almas gemelas en fase lunar - Impresiones positivas<\/title>\n<meta name=\"description\" content=\"\u00bfBuscas un regalo \u00fanico y significativo para celebrar tu amor? Almas gemelas en fase lunar capta la conexi\u00f3n entre t\u00fa y tu alma gemela.\" \/>\n<meta name=\"robots\" content=\"index, follow, max-snippet:-1, max-image-preview:large, max-video-preview:-1\" \/>\n<link rel=\"canonical\" href=\"https:\/\/positiveprints.com\/es\/producto\/moon-phase-soulmates\/\" \/>\n<meta property=\"og:locale\" content=\"es_ES\" \/>\n<meta property=\"og:type\" content=\"article\" \/>\n<meta property=\"og:title\" content=\"Almas gemelas en fase lunar\" \/>\n<meta property=\"og:description\" content=\"Captura dos momentos especiales y muestra c\u00f3mo se ve\u00eda la luna en esos d\u00edas Personalizar en 3 sencillos pasos Elige entre una gama de dise\u00f1os impresionantes Incluye un texto personalizado significativo Ve el resultado de inmediato: la vista previa interactiva te permite perfeccionar cada detalle\" \/>\n<meta property=\"og:url\" content=\"https:\/\/positiveprints.com\/es\/producto\/moon-phase-soulmates\/\" \/>\n<meta property=\"og:site_name\" content=\"Positive Prints\" \/>\n<meta property=\"article:publisher\" content=\"https:\/\/www.facebook.com\/positiveprintscom\" \/>\n<meta property=\"article:modified_time\" content=\"2026-04-23T09:49:43+00:00\" \/>\n<meta property=\"og:image\" content=\"https:\/\/positiveprints.com\/wp-content\/uploads\/2024\/08\/Almas-gemelas-en-fase-lunar.jpg\" \/>\n\t<meta property=\"og:image:width\" content=\"1080\" \/>\n\t<meta property=\"og:image:height\" content=\"1080\" \/>\n\t<meta property=\"og:image:type\" content=\"image\/jpeg\" \/>\n<meta name=\"twitter:card\" content=\"summary_large_image\" \/>\n<meta name=\"twitter:label1\" content=\"Tiempo de lectura\" \/>\n\t<meta name=\"twitter:data1\" content=\"2 minutos\" \/>\n<!-- \/ Yoast SEO Premium plugin. -->","yoast_head_json":{"title":"Almas gemelas en fase lunar - Impresiones positivas","description":"\u00bfBuscas un regalo \u00fanico y significativo para celebrar tu amor? Almas gemelas en fase lunar capta la conexi\u00f3n entre t\u00fa y tu alma gemela.","robots":{"index":"index","follow":"follow","max-snippet":"max-snippet:-1","max-image-preview":"max-image-preview:large","max-video-preview":"max-video-preview:-1"},"canonical":"https:\/\/positiveprints.com\/es\/producto\/moon-phase-soulmates\/","og_locale":"es_ES","og_type":"article","og_title":"Almas gemelas en fase lunar","og_description":"Captura dos momentos especiales y muestra c\u00f3mo se ve\u00eda la luna en esos d\u00edas Personalizar en 3 sencillos pasos Elige entre una gama de dise\u00f1os impresionantes Incluye un texto personalizado significativo Ve el resultado de inmediato: la vista previa interactiva te permite perfeccionar cada detalle","og_url":"https:\/\/positiveprints.com\/es\/producto\/moon-phase-soulmates\/","og_site_name":"Positive Prints","article_publisher":"https:\/\/www.facebook.com\/positiveprintscom","article_modified_time":"2026-04-23T09:49:43+00:00","og_image":[{"width":1080,"height":1080,"url":"https:\/\/positiveprints.com\/wp-content\/uploads\/2024\/08\/Almas-gemelas-en-fase-lunar.jpg","type":"image\/jpeg"}],"twitter_card":"summary_large_image","twitter_misc":{"Tiempo de lectura":"2 minutos"},"schema":{"@context":"https:\/\/schema.org","@graph":[{"@type":["WebPage","ItemPage"],"@id":"https:\/\/positiveprints.com\/es\/producto\/moon-phase-soulmates\/","url":"https:\/\/positiveprints.com\/es\/producto\/moon-phase-soulmates\/","name":"Almas gemelas en fase lunar - Impresiones positivas","isPartOf":{"@id":"https:\/\/positiveprints.com\/es\/#website"},"primaryImageOfPage":{"@id":"https:\/\/positiveprints.com\/es\/producto\/moon-phase-soulmates\/#primaryimage"},"image":{"@id":"https:\/\/positiveprints.com\/es\/producto\/moon-phase-soulmates\/#primaryimage"},"thumbnailUrl":"https:\/\/positiveprints.com\/wp-content\/uploads\/2024\/08\/Almas-gemelas-en-fase-lunar.jpg","datePublished":"2024-08-01T09:14:47+00:00","dateModified":"2026-04-23T09:49:43+00:00","description":"\u00bfBuscas un regalo \u00fanico y significativo para celebrar tu amor? Almas gemelas en fase lunar capta la conexi\u00f3n entre t\u00fa y tu alma gemela.","breadcrumb":{"@id":"https:\/\/positiveprints.com\/es\/producto\/moon-phase-soulmates\/#breadcrumb"},"inLanguage":"es","potentialAction":[{"@type":"ReadAction","target":["https:\/\/positiveprints.com\/es\/producto\/moon-phase-soulmates\/"]}]},{"@type":"ImageObject","inLanguage":"es","@id":"https:\/\/positiveprints.com\/es\/producto\/moon-phase-soulmates\/#primaryimage","url":"https:\/\/positiveprints.com\/wp-content\/uploads\/2024\/08\/Almas-gemelas-en-fase-lunar.jpg","contentUrl":"https:\/\/positiveprints.com\/wp-content\/uploads\/2024\/08\/Almas-gemelas-en-fase-lunar.jpg","width":1080,"height":1080},{"@type":"BreadcrumbList","@id":"https:\/\/positiveprints.com\/es\/producto\/moon-phase-soulmates\/#breadcrumb","itemListElement":[{"@type":"ListItem","position":1,"name":"CASA","item":"https:\/\/positiveprints.com\/es\/"},{"@type":"ListItem","position":2,"name":"Productos","item":"https:\/\/positiveprints.com\/es\/shop\/"},{"@type":"ListItem","position":3,"name":"Almas gemelas en fase lunar"}]},{"@type":"WebSite","@id":"https:\/\/positiveprints.com\/es\/#website","url":"https:\/\/positiveprints.com\/es\/","name":"Positive Prints","description":"Custom Gifts for Special Occasions","publisher":{"@id":"https:\/\/positiveprints.com\/es\/#organization"},"potentialAction":[{"@type":"SearchAction","target":{"@type":"EntryPoint","urlTemplate":"https:\/\/positiveprints.com\/es\/?s={search_term_string}"},"query-input":{"@type":"PropertyValueSpecification","valueRequired":true,"valueName":"search_term_string"}}],"inLanguage":"es"},{"@type":"Organization","@id":"https:\/\/positiveprints.com\/es\/#organization","name":"Positive Prints","alternateName":"Positive Prints ","url":"https:\/\/positiveprints.com\/es\/","logo":{"@type":"ImageObject","inLanguage":"es","@id":"https:\/\/positiveprints.com\/es\/#\/schema\/logo\/image\/","url":"https:\/\/positiveprints.com\/wp-content\/uploads\/2026\/03\/245815646_1337939713319158_5671353136411139666_n.png","contentUrl":"https:\/\/positiveprints.com\/wp-content\/uploads\/2026\/03\/245815646_1337939713319158_5671353136411139666_n.png","width":800,"height":800,"caption":"Positive Prints"},"image":{"@id":"https:\/\/positiveprints.com\/es\/#\/schema\/logo\/image\/"},"sameAs":["https:\/\/www.facebook.com\/positiveprintscom","https:\/\/www.instagram.com\/positiveprintscom\/","https:\/\/www.tiktok.com\/@positiveprintscom","https:\/\/www.pinterest.com\/positiveprintscom\/"]}]}},"jetpack_sharing_enabled":true,"_links":{"self":[{"href":"https:\/\/positiveprints.com\/es\/wp-json\/wp\/v2\/product\/1169261","targetHints":{"allow":["GET"]}}],"collection":[{"href":"https:\/\/positiveprints.com\/es\/wp-json\/wp\/v2\/product"}],"about":[{"href":"https:\/\/positiveprints.com\/es\/wp-json\/wp\/v2\/types\/product"}],"wp:featuredmedia":[{"embeddable":true,"href":"https:\/\/positiveprints.com\/es\/wp-json\/wp\/v2\/media\/1174206"}],"wp:attachment":[{"href":"https:\/\/positiveprints.com\/es\/wp-json\/wp\/v2\/media?parent=1169261"}],"wp:term":[{"taxonomy":"product_brand","embeddable":true,"href":"https:\/\/positiveprints.com\/es\/wp-json\/wp\/v2\/product_brand?post=1169261"},{"taxonomy":"product_cat","embeddable":true,"href":"https:\/\/positiveprints.com\/es\/wp-json\/wp\/v2\/product_cat?post=1169261"},{"taxonomy":"product_tag","embeddable":true,"href":"https:\/\/positiveprints.com\/es\/wp-json\/wp\/v2\/product_tag?post=1169261"}],"curies":[{"name":"wp","href":"https:\/\/api.w.org\/{rel}","templated":true}]}}