{"id":1169256,"date":"2024-08-01T10:56:20","date_gmt":"2024-08-01T09:56:20","guid":{"rendered":"https:\/\/positiveprints.com\/?post_type=product&#038;p=1169256"},"modified":"2026-04-28T13:37:22","modified_gmt":"2026-04-28T12:37:22","slug":"mejores-amigos-fases-de-la-luna","status":"publish","type":"product","link":"https:\/\/positiveprints.com\/es\/producto\/mejores-amigos-fases-de-la-luna\/","title":{"rendered":"Mejores Amigos Fases de la Luna"},"content":{"rendered":"<p>\u00bfBuscas una forma especial de celebrar tu amistad?\r\nFases lunares de mejores amigos es una impresi\u00f3n personalizada que capta maravillosamente el v\u00ednculo \u00fanico entre los mejores amigos.\r\nEsta exquisita obra de arte muestra dos fases lunares: una de tu cumplea\u00f1os y otra del cumplea\u00f1os de tu mejor amiga.\r\nEs una forma sincera de honrar los momentos especiales que definen vuestra amistad y de crear un recuerdo duradero de vuestro v\u00ednculo.   <\/p>\r\n\r\n<h2>Mejores Amigos Fases de la Luna<\/h2>\r\n\r\n<p>Fases lunares de los mejores amigos es una impresionante obra de arte personalizada que muestra dos fases lunares, cada una de las cuales representa tu cumplea\u00f1os y el de tu mejor amigo.\r\nPara crear este recuerdo memorable, s\u00f3lo tienes que visitar nuestro editor en l\u00ednea.\r\nEmpieza seleccionando un fondo; elige entre las opciones predefinidas o dise\u00f1a tu propia combinaci\u00f3n de colores.\r\nA continuaci\u00f3n, a\u00f1ade un t\u00edtulo a tu obra de arte: un mensaje o sentimiento especial que aparecer\u00e1 sobre las lunas.   <\/p>\r\n<p>Una vez que hayas puesto el t\u00edtulo, introduce las fechas y lugares de cada fase lunar.\r\nEsto revelar\u00e1 c\u00f3mo apareci\u00f3 la luna en los d\u00edas en que nacisteis t\u00fa y tu mejor amigo.\r\nDebajo de cada luna, puedes a\u00f1adir nombres o cualquier otro texto que prefieras.\r\nPor \u00faltimo, selecciona el formato de tu obra de arte.\r\nOfrecemos varios tama\u00f1os y estilos, como p\u00f3sters impresos o enmarcados, lienzos y descargas digitales instant\u00e1neas.    <\/p>\r\n\r\n<h2>Por qu\u00e9 Best Friends Fases de la Luna es el regalo perfecto<\/h2>\r\n<p>Encontrar un regalo significativo para celebrar vuestra amistad puede ser todo un reto, pero Fases lunares de los mejores amigos es la soluci\u00f3n perfecta.\r\nEsta obra de arte no es s\u00f3lo un regalo visual.\r\nEs un recordatorio sentimental de los d\u00edas especiales que marcaron vuestros comienzos.\r\nIdeal para cumplea\u00f1os, el D\u00eda de la Amistad o cualquier ocasi\u00f3n especial, este regalo demuestra a tu mejor amigo lo mucho que significa para ti.   <\/p>\r\n<p>La naturaleza personalizada de esta obra de arte garantiza que cada pieza sea \u00fanica.\r\nCada vez que t\u00fa y tu mejor amiga la ve\u00e1is, recordar\u00e9is el amor y la conexi\u00f3n que compart\u00eds.\r\nEs un regalo con un profundo significado y seguro que se convertir\u00e1 en un tesoro de vuestros hogares.  <\/p>\r\n<h2>Empieza a personalizar tu regalo hoy<\/h2>\r\n<p>\u00bfListo para crear un regalo memorable y sincero para tu mejor amigo?\r\nEmpieza a personalizar hoy mismo tu obra de arte Mejores Amigos Fases de la Luna. <\/p>\r\n<p>No te lo pierdas: convierte esos momentos especiales en una impresionante obra de arte que t\u00fa y tu mejor amiga apreciar\u00e9is para siempre.\r\nEncarga ahora tu &#8220;Fases lunares de las mejores amigas&#8221; personalizado y haz un regalo realmente fuera de este mundo. <\/p>","protected":false},"excerpt":{"rendered":"<ul class=\"check-list\">\n<li>Captura dos momentos especiales y muestra c\u00f3mo se ve\u00eda la luna en esos d\u00edas<\/li>\n<li>Personalizar en 3 sencillos pasos<\/li>\n<li>Elige entre una gama de dise\u00f1os impresionantes<\/li>\n<li>Incluye un texto personalizado significativo<\/li>\n<li>Ve el resultado de inmediato: la vista previa interactiva te permite perfeccionar cada detalle<\/li>\n<\/ul>\n","protected":false},"featured_media":1174483,"template":"","meta":[],"product_brand":[],"product_cat":[10920,9766,106,5270,15045,7837],"product_tag":[8634,11000,11872,15192,15193,9389,15194,10924,15235,13493,9798,9372,13479],"class_list":{"0":"post-1169256","1":"product","2":"type-product","3":"status-publish","4":"has-post-thumbnail","6":"product_cat-luna-doble","7":"product_cat-trending-label-es","8":"product_cat-todos-los-productos","9":"product_cat-regalos-de-navidad","10":"product_cat-regalos-de-navidad-para-amigos","11":"product_cat-regalos-para-amigos","12":"product_tag-amigas","13":"product_tag-amigo","14":"product_tag-amistad","15":"product_tag-best-friend-es","16":"product_tag-best-friends-forever-es","17":"product_tag-besties-es","18":"product_tag-bff-es","19":"product_tag-fase-lunar","20":"product_tag-galentines-day-es-2","21":"product_tag-galentines-day-es","22":"product_tag-luna-es","23":"product_tag-mejores-amigos","24":"product_tag-regalos-de-navidad-para-amigos","26":"first","27":"instock","28":"sale","29":"taxable","30":"shipping-taxable","31":"purchasable","32":"product-type-variable"},"yoast_head":"<!-- This site is optimized with the Yoast SEO Premium plugin v27.2 (Yoast SEO v27.2) - https:\/\/yoast.com\/product\/yoast-seo-premium-wordpress\/ -->\n<title>Mejores Amigos Fases de la Luna - Impresiones Positivas<\/title>\n<meta name=\"description\" content=\"\u00bfBuscas una forma especial de celebrar tu amistad? Fases lunares de los mejores amigos es una impresi\u00f3n personalizada que captura el v\u00ednculo \u00fanico entre los mejores amigos.\" \/>\n<meta name=\"robots\" content=\"index, follow, max-snippet:-1, max-image-preview:large, max-video-preview:-1\" \/>\n<link rel=\"canonical\" href=\"https:\/\/positiveprints.com\/es\/producto\/mejores-amigos-fases-de-la-luna\/\" \/>\n<meta property=\"og:locale\" content=\"es_ES\" \/>\n<meta property=\"og:type\" content=\"article\" \/>\n<meta property=\"og:title\" content=\"Mejores Amigos Fases de la Luna\" \/>\n<meta property=\"og:description\" content=\"Captura dos momentos especiales y muestra c\u00f3mo se ve\u00eda la luna en esos d\u00edas Personalizar en 3 sencillos pasos Elige entre una gama de dise\u00f1os impresionantes Incluye un texto personalizado significativo Ve el resultado de inmediato: la vista previa interactiva te permite perfeccionar cada detalle\" \/>\n<meta property=\"og:url\" content=\"https:\/\/positiveprints.com\/es\/producto\/mejores-amigos-fases-de-la-luna\/\" \/>\n<meta property=\"og:site_name\" content=\"Positive Prints\" \/>\n<meta property=\"article:publisher\" content=\"https:\/\/www.facebook.com\/positiveprintscom\" \/>\n<meta property=\"article:modified_time\" content=\"2026-04-28T12:37:22+00:00\" \/>\n<meta property=\"og:image\" content=\"https:\/\/positiveprints.com\/wp-content\/uploads\/2024\/08\/Mejores-Amigos-Fases-de-la-Luna.jpg\" \/>\n\t<meta property=\"og:image:width\" content=\"1080\" \/>\n\t<meta property=\"og:image:height\" content=\"1080\" \/>\n\t<meta property=\"og:image:type\" content=\"image\/jpeg\" \/>\n<meta name=\"twitter:card\" content=\"summary_large_image\" \/>\n<!-- \/ Yoast SEO Premium plugin. -->","yoast_head_json":{"title":"Mejores Amigos Fases de la Luna - Impresiones Positivas","description":"\u00bfBuscas una forma especial de celebrar tu amistad? Fases lunares de los mejores amigos es una impresi\u00f3n personalizada que captura el v\u00ednculo \u00fanico entre los mejores amigos.","robots":{"index":"index","follow":"follow","max-snippet":"max-snippet:-1","max-image-preview":"max-image-preview:large","max-video-preview":"max-video-preview:-1"},"canonical":"https:\/\/positiveprints.com\/es\/producto\/mejores-amigos-fases-de-la-luna\/","og_locale":"es_ES","og_type":"article","og_title":"Mejores Amigos Fases de la Luna","og_description":"Captura dos momentos especiales y muestra c\u00f3mo se ve\u00eda la luna en esos d\u00edas Personalizar en 3 sencillos pasos Elige entre una gama de dise\u00f1os impresionantes Incluye un texto personalizado significativo Ve el resultado de inmediato: la vista previa interactiva te permite perfeccionar cada detalle","og_url":"https:\/\/positiveprints.com\/es\/producto\/mejores-amigos-fases-de-la-luna\/","og_site_name":"Positive Prints","article_publisher":"https:\/\/www.facebook.com\/positiveprintscom","article_modified_time":"2026-04-28T12:37:22+00:00","og_image":[{"width":1080,"height":1080,"url":"https:\/\/positiveprints.com\/wp-content\/uploads\/2024\/08\/Mejores-Amigos-Fases-de-la-Luna.jpg","type":"image\/jpeg"}],"twitter_card":"summary_large_image","schema":{"@context":"https:\/\/schema.org","@graph":[{"@type":["WebPage","ItemPage"],"@id":"https:\/\/positiveprints.com\/es\/producto\/mejores-amigos-fases-de-la-luna\/","url":"https:\/\/positiveprints.com\/es\/producto\/mejores-amigos-fases-de-la-luna\/","name":"Mejores Amigos Fases de la Luna - Impresiones Positivas","isPartOf":{"@id":"https:\/\/positiveprints.com\/es\/#website"},"primaryImageOfPage":{"@id":"https:\/\/positiveprints.com\/es\/producto\/mejores-amigos-fases-de-la-luna\/#primaryimage"},"image":{"@id":"https:\/\/positiveprints.com\/es\/producto\/mejores-amigos-fases-de-la-luna\/#primaryimage"},"thumbnailUrl":"https:\/\/positiveprints.com\/wp-content\/uploads\/2024\/08\/Mejores-Amigos-Fases-de-la-Luna.jpg","datePublished":"2024-08-01T09:56:20+00:00","dateModified":"2026-04-28T12:37:22+00:00","description":"\u00bfBuscas una forma especial de celebrar tu amistad? Fases lunares de los mejores amigos es una impresi\u00f3n personalizada que captura el v\u00ednculo \u00fanico entre los mejores amigos.","breadcrumb":{"@id":"https:\/\/positiveprints.com\/es\/producto\/mejores-amigos-fases-de-la-luna\/#breadcrumb"},"inLanguage":"es","potentialAction":[{"@type":"ReadAction","target":["https:\/\/positiveprints.com\/es\/producto\/mejores-amigos-fases-de-la-luna\/"]}]},{"@type":"ImageObject","inLanguage":"es","@id":"https:\/\/positiveprints.com\/es\/producto\/mejores-amigos-fases-de-la-luna\/#primaryimage","url":"https:\/\/positiveprints.com\/wp-content\/uploads\/2024\/08\/Mejores-Amigos-Fases-de-la-Luna.jpg","contentUrl":"https:\/\/positiveprints.com\/wp-content\/uploads\/2024\/08\/Mejores-Amigos-Fases-de-la-Luna.jpg","width":1080,"height":1080},{"@type":"BreadcrumbList","@id":"https:\/\/positiveprints.com\/es\/producto\/mejores-amigos-fases-de-la-luna\/#breadcrumb","itemListElement":[{"@type":"ListItem","position":1,"name":"CASA","item":"https:\/\/positiveprints.com\/es\/"},{"@type":"ListItem","position":2,"name":"Productos","item":"https:\/\/positiveprints.com\/es\/shop\/"},{"@type":"ListItem","position":3,"name":"Mejores Amigos Fases de la Luna"}]},{"@type":"WebSite","@id":"https:\/\/positiveprints.com\/es\/#website","url":"https:\/\/positiveprints.com\/es\/","name":"Positive Prints","description":"Custom Gifts for Special Occasions","publisher":{"@id":"https:\/\/positiveprints.com\/es\/#organization"},"potentialAction":[{"@type":"SearchAction","target":{"@type":"EntryPoint","urlTemplate":"https:\/\/positiveprints.com\/es\/?s={search_term_string}"},"query-input":{"@type":"PropertyValueSpecification","valueRequired":true,"valueName":"search_term_string"}}],"inLanguage":"es"},{"@type":"Organization","@id":"https:\/\/positiveprints.com\/es\/#organization","name":"Positive Prints","alternateName":"Positive Prints ","url":"https:\/\/positiveprints.com\/es\/","logo":{"@type":"ImageObject","inLanguage":"es","@id":"https:\/\/positiveprints.com\/es\/#\/schema\/logo\/image\/","url":"https:\/\/positiveprints.com\/wp-content\/uploads\/2026\/03\/245815646_1337939713319158_5671353136411139666_n.png","contentUrl":"https:\/\/positiveprints.com\/wp-content\/uploads\/2026\/03\/245815646_1337939713319158_5671353136411139666_n.png","width":800,"height":800,"caption":"Positive Prints"},"image":{"@id":"https:\/\/positiveprints.com\/es\/#\/schema\/logo\/image\/"},"sameAs":["https:\/\/www.facebook.com\/positiveprintscom","https:\/\/www.instagram.com\/positiveprintscom\/","https:\/\/www.tiktok.com\/@positiveprintscom","https:\/\/www.pinterest.com\/positiveprintscom\/"]}]}},"jetpack_sharing_enabled":true,"_links":{"self":[{"href":"https:\/\/positiveprints.com\/es\/wp-json\/wp\/v2\/product\/1169256","targetHints":{"allow":["GET"]}}],"collection":[{"href":"https:\/\/positiveprints.com\/es\/wp-json\/wp\/v2\/product"}],"about":[{"href":"https:\/\/positiveprints.com\/es\/wp-json\/wp\/v2\/types\/product"}],"wp:featuredmedia":[{"embeddable":true,"href":"https:\/\/positiveprints.com\/es\/wp-json\/wp\/v2\/media\/1174483"}],"wp:attachment":[{"href":"https:\/\/positiveprints.com\/es\/wp-json\/wp\/v2\/media?parent=1169256"}],"wp:term":[{"taxonomy":"product_brand","embeddable":true,"href":"https:\/\/positiveprints.com\/es\/wp-json\/wp\/v2\/product_brand?post=1169256"},{"taxonomy":"product_cat","embeddable":true,"href":"https:\/\/positiveprints.com\/es\/wp-json\/wp\/v2\/product_cat?post=1169256"},{"taxonomy":"product_tag","embeddable":true,"href":"https:\/\/positiveprints.com\/es\/wp-json\/wp\/v2\/product_tag?post=1169256"}],"curies":[{"name":"wp","href":"https:\/\/api.w.org\/{rel}","templated":true}]}}