{"id":1168167,"date":"2024-07-29T10:45:33","date_gmt":"2024-07-29T09:45:33","guid":{"rendered":"https:\/\/positiveprints.com\/product\/dos-lunas-para-mama\/"},"modified":"2026-04-03T02:40:58","modified_gmt":"2026-04-03T01:40:58","slug":"dos-lunas-para-mama","status":"publish","type":"product","link":"https:\/\/positiveprints.com\/es\/producto\/dos-lunas-para-mama\/","title":{"rendered":"Dos lunas para mam\u00e1"},"content":{"rendered":"<p>\u00bfBuscas un regalo especial para mam\u00e1?\r\nDos lunas para mam\u00e1 es un regalo sincero y \u00fanico que la har\u00e1 sonre\u00edr.\r\nEsta impresi\u00f3n o lienzo personalizado muestra las fases lunares de dos fechas significativas, como las fechas de nacimiento de sus hijos.\r\nEs una forma preciosa de capturar esos preciosos momentos y recordarle el v\u00ednculo especial que comparte con sus hijos.   <\/p>\r\n<h2>Dos lunas para mam\u00e1<\/h2>\r\n<p>Dos lunas para mam\u00e1 es una impresionante obra de arte personalizada que presenta dos fases lunares, cada una de las cuales representa una fecha significativa.\r\nPara crear esta obra maestra, s\u00f3lo tienes que visitar nuestro editor en l\u00ednea.\r\nEmpieza seleccionando un fondo.\r\nPuedes elegir entre fondos predefinidos o crear tu propia combinaci\u00f3n de colores.\r\nA continuaci\u00f3n, a\u00f1ade un t\u00edtulo a tu obra de arte: un mensaje personal o un sentimiento que aparecer\u00e1 sobre las lunas.    <\/p>\r\n<p>Tras establecer el t\u00edtulo, introduce la hora y el lugar de cada fase lunar.\r\nEsto mostrar\u00e1 el aspecto de la luna en los d\u00edas especiales que hayas elegido, como las fechas de nacimiento de sus hijos.\r\nDebajo de cada luna, puedes a\u00f1adir nombres o cualquier otro texto que desees.\r\nPor \u00faltimo, elige el formato de tu obra de arte.\r\nOfrecemos varios tama\u00f1os y estilos, como p\u00f3sters impresos o enmarcados, lienzos y descargas digitales instant\u00e1neas.    <\/p>\r\n<h2>Por qu\u00e9 dos lunas para mam\u00e1 es el regalo perfecto<\/h2>\r\n<p>Cuando se trata de regalos para mam\u00e1, encontrar algo que sea a la vez significativo y \u00fanico puede ser todo un reto.\r\nDos Lunas para Mam\u00e1 no es s\u00f3lo una obra de arte.\r\nEs un recuerdo sentimental de dos de los d\u00edas m\u00e1s felices de su vida.\r\nEste regalo es perfecto para cumplea\u00f1os, el D\u00eda de la Madre o cualquier ocasi\u00f3n especial en la que quieras demostrar a mam\u00e1 lo mucho que significa para ti.   <\/p>\r\n<p>La naturaleza personalizada de esta obra de arte garantiza que no haya dos piezas iguales.\r\nCada vez que mam\u00e1 la mire, recordar\u00e1 el amor y la alegr\u00eda que sus hijos traen a su vida.\r\nEs un regalo que dice mucho y que seguro se convertir\u00e1 en un preciado recuerdo en tu familia.  <\/p>\r\n<h2>Empieza a personalizar tu regalo hoy<\/h2>\r\n<p>\u00bfListo para crear un regalo memorable para mam\u00e1?\r\nEmpieza a personalizar ahora tu obra de arte Dos lunas para mam\u00e1.   <\/p>\r\n<p>No esperes: convierte esos momentos especiales en una hermosa obra de arte que mam\u00e1 apreciar\u00e1 para siempre.\r\nEncarga hoy mismo tus Dos Lunas personalizadas para mam\u00e1 y haz un regalo realmente fuera de este mundo. <\/p>","protected":false},"excerpt":{"rendered":"<ul class=\"check-list\">\n<li>Captura dos momentos especiales y muestra c\u00f3mo se ve\u00eda la luna en esos d\u00edas<\/li>\n<li>Personalizar en 3 sencillos pasos<\/li>\n<li>Elige entre una gama de dise\u00f1os impresionantes<\/li>\n<li>Incluye un texto personalizado significativo<\/li>\n<li>Ve el resultado de inmediato: la vista previa interactiva te permite perfeccionar cada detalle<\/li>\n<\/ul>\n","protected":false},"featured_media":1380991,"template":"","meta":[],"product_brand":[],"product_cat":[10920,9766,106,5270,11459,7709],"product_tag":[10939,10924,9798,10959,8408,11822],"class_list":{"0":"post-1168167","1":"product","2":"type-product","3":"status-publish","4":"has-post-thumbnail","6":"product_cat-luna-doble","7":"product_cat-trending-label-es","8":"product_cat-todos-los-productos","9":"product_cat-regalos-de-navidad","10":"product_cat-regalos-de-navidad-para-mama","11":"product_cat-regalos-para-mama","12":"product_tag-dia-de-la-madre","13":"product_tag-fase-lunar","14":"product_tag-luna-es","15":"product_tag-mama-es","16":"product_tag-mother-es","17":"product_tag-regalos-de-navidad-para-mama","19":"first","20":"instock","21":"sale","22":"taxable","23":"shipping-taxable","24":"purchasable","25":"product-type-variable"},"yoast_head":"<!-- This site is optimized with the Yoast SEO Premium plugin v27.2 (Yoast SEO v27.2) - https:\/\/yoast.com\/product\/yoast-seo-premium-wordpress\/ -->\n<title>Dos lunas para mam\u00e1 - Impresiones positivas<\/title>\n<meta name=\"description\" content=\"\u00bfBuscas el regalo perfecto para mam\u00e1? Dos Lunas para Mam\u00e1 es un regalo \u00fanico y considerado que le llegar\u00e1 al coraz\u00f3n. Pide el tuyo ahora.\" \/>\n<meta name=\"robots\" content=\"index, follow, max-snippet:-1, max-image-preview:large, max-video-preview:-1\" \/>\n<link rel=\"canonical\" href=\"https:\/\/positiveprints.com\/es\/producto\/dos-lunas-para-mama\/\" \/>\n<meta property=\"og:locale\" content=\"es_ES\" \/>\n<meta property=\"og:type\" content=\"article\" \/>\n<meta property=\"og:title\" content=\"Dos lunas para mam\u00e1\" \/>\n<meta property=\"og:description\" content=\"Captura dos momentos especiales y muestra c\u00f3mo se ve\u00eda la luna en esos d\u00edas Personalizar en 3 sencillos pasos Elige entre una gama de dise\u00f1os impresionantes Incluye un texto personalizado significativo Ve el resultado de inmediato: la vista previa interactiva te permite perfeccionar cada detalle\" \/>\n<meta property=\"og:url\" content=\"https:\/\/positiveprints.com\/es\/producto\/dos-lunas-para-mama\/\" \/>\n<meta property=\"og:site_name\" content=\"Positive Prints\" \/>\n<meta property=\"article:publisher\" content=\"https:\/\/www.facebook.com\/positiveprintscom\" \/>\n<meta property=\"article:modified_time\" content=\"2026-04-03T01:40:58+00:00\" \/>\n<meta property=\"og:image\" content=\"https:\/\/positiveprints.com\/wp-content\/uploads\/2024\/08\/Dos-lunas-para-mama\u0301.jpg\" \/>\n\t<meta property=\"og:image:width\" content=\"1080\" \/>\n\t<meta property=\"og:image:height\" content=\"1080\" \/>\n\t<meta property=\"og:image:type\" content=\"image\/jpeg\" \/>\n<meta name=\"twitter:card\" content=\"summary_large_image\" \/>\n<meta name=\"twitter:label1\" content=\"Tiempo de lectura\" \/>\n\t<meta name=\"twitter:data1\" content=\"2 minutos\" \/>\n<!-- \/ Yoast SEO Premium plugin. -->","yoast_head_json":{"title":"Dos lunas para mam\u00e1 - Impresiones positivas","description":"\u00bfBuscas el regalo perfecto para mam\u00e1? Dos Lunas para Mam\u00e1 es un regalo \u00fanico y considerado que le llegar\u00e1 al coraz\u00f3n. Pide el tuyo ahora.","robots":{"index":"index","follow":"follow","max-snippet":"max-snippet:-1","max-image-preview":"max-image-preview:large","max-video-preview":"max-video-preview:-1"},"canonical":"https:\/\/positiveprints.com\/es\/producto\/dos-lunas-para-mama\/","og_locale":"es_ES","og_type":"article","og_title":"Dos lunas para mam\u00e1","og_description":"Captura dos momentos especiales y muestra c\u00f3mo se ve\u00eda la luna en esos d\u00edas Personalizar en 3 sencillos pasos Elige entre una gama de dise\u00f1os impresionantes Incluye un texto personalizado significativo Ve el resultado de inmediato: la vista previa interactiva te permite perfeccionar cada detalle","og_url":"https:\/\/positiveprints.com\/es\/producto\/dos-lunas-para-mama\/","og_site_name":"Positive Prints","article_publisher":"https:\/\/www.facebook.com\/positiveprintscom","article_modified_time":"2026-04-03T01:40:58+00:00","og_image":[{"width":1080,"height":1080,"url":"https:\/\/positiveprints.com\/wp-content\/uploads\/2024\/08\/Dos-lunas-para-mama\u0301.jpg","type":"image\/jpeg"}],"twitter_card":"summary_large_image","twitter_misc":{"Tiempo de lectura":"2 minutos"},"schema":{"@context":"https:\/\/schema.org","@graph":[{"@type":["WebPage","ItemPage"],"@id":"https:\/\/positiveprints.com\/es\/producto\/dos-lunas-para-mama\/","url":"https:\/\/positiveprints.com\/es\/producto\/dos-lunas-para-mama\/","name":"Dos lunas para mam\u00e1 - Impresiones positivas","isPartOf":{"@id":"https:\/\/positiveprints.com\/es\/#website"},"primaryImageOfPage":{"@id":"https:\/\/positiveprints.com\/es\/producto\/dos-lunas-para-mama\/#primaryimage"},"image":{"@id":"https:\/\/positiveprints.com\/es\/producto\/dos-lunas-para-mama\/#primaryimage"},"thumbnailUrl":"https:\/\/positiveprints.com\/wp-content\/uploads\/2025\/03\/Dos-lunas-para-mama\u0301-1.webp","datePublished":"2024-07-29T09:45:33+00:00","dateModified":"2026-04-03T01:40:58+00:00","description":"\u00bfBuscas el regalo perfecto para mam\u00e1? Dos Lunas para Mam\u00e1 es un regalo \u00fanico y considerado que le llegar\u00e1 al coraz\u00f3n. Pide el tuyo ahora.","breadcrumb":{"@id":"https:\/\/positiveprints.com\/es\/producto\/dos-lunas-para-mama\/#breadcrumb"},"inLanguage":"es","potentialAction":[{"@type":"ReadAction","target":["https:\/\/positiveprints.com\/es\/producto\/dos-lunas-para-mama\/"]}]},{"@type":"ImageObject","inLanguage":"es","@id":"https:\/\/positiveprints.com\/es\/producto\/dos-lunas-para-mama\/#primaryimage","url":"https:\/\/positiveprints.com\/wp-content\/uploads\/2025\/03\/Dos-lunas-para-mama\u0301-1.webp","contentUrl":"https:\/\/positiveprints.com\/wp-content\/uploads\/2025\/03\/Dos-lunas-para-mama\u0301-1.webp","width":1450,"height":1450},{"@type":"BreadcrumbList","@id":"https:\/\/positiveprints.com\/es\/producto\/dos-lunas-para-mama\/#breadcrumb","itemListElement":[{"@type":"ListItem","position":1,"name":"CASA","item":"https:\/\/positiveprints.com\/es\/"},{"@type":"ListItem","position":2,"name":"Productos","item":"https:\/\/positiveprints.com\/es\/shop\/"},{"@type":"ListItem","position":3,"name":"Dos lunas para mam\u00e1"}]},{"@type":"WebSite","@id":"https:\/\/positiveprints.com\/es\/#website","url":"https:\/\/positiveprints.com\/es\/","name":"Positive Prints","description":"Custom Gifts for Special Occasions","publisher":{"@id":"https:\/\/positiveprints.com\/es\/#organization"},"potentialAction":[{"@type":"SearchAction","target":{"@type":"EntryPoint","urlTemplate":"https:\/\/positiveprints.com\/es\/?s={search_term_string}"},"query-input":{"@type":"PropertyValueSpecification","valueRequired":true,"valueName":"search_term_string"}}],"inLanguage":"es"},{"@type":"Organization","@id":"https:\/\/positiveprints.com\/es\/#organization","name":"Positive Prints","alternateName":"Positive Prints","url":"https:\/\/positiveprints.com\/es\/","logo":{"@type":"ImageObject","inLanguage":"es","@id":"https:\/\/positiveprints.com\/es\/#\/schema\/logo\/image\/","url":"https:\/\/positiveprints.com\/wp-content\/uploads\/2026\/03\/245815646_1337939713319158_5671353136411139666_n.png","contentUrl":"https:\/\/positiveprints.com\/wp-content\/uploads\/2026\/03\/245815646_1337939713319158_5671353136411139666_n.png","width":800,"height":800,"caption":"Positive Prints"},"image":{"@id":"https:\/\/positiveprints.com\/es\/#\/schema\/logo\/image\/"},"sameAs":["https:\/\/www.facebook.com\/positiveprintscom","https:\/\/www.instagram.com\/positiveprintscom\/","https:\/\/www.tiktok.com\/@positiveprintscom","https:\/\/www.pinterest.com\/positiveprintscom\/"]}]}},"jetpack_sharing_enabled":true,"_links":{"self":[{"href":"https:\/\/positiveprints.com\/es\/wp-json\/wp\/v2\/product\/1168167","targetHints":{"allow":["GET"]}}],"collection":[{"href":"https:\/\/positiveprints.com\/es\/wp-json\/wp\/v2\/product"}],"about":[{"href":"https:\/\/positiveprints.com\/es\/wp-json\/wp\/v2\/types\/product"}],"wp:featuredmedia":[{"embeddable":true,"href":"https:\/\/positiveprints.com\/es\/wp-json\/wp\/v2\/media\/1380991"}],"wp:attachment":[{"href":"https:\/\/positiveprints.com\/es\/wp-json\/wp\/v2\/media?parent=1168167"}],"wp:term":[{"taxonomy":"product_brand","embeddable":true,"href":"https:\/\/positiveprints.com\/es\/wp-json\/wp\/v2\/product_brand?post=1168167"},{"taxonomy":"product_cat","embeddable":true,"href":"https:\/\/positiveprints.com\/es\/wp-json\/wp\/v2\/product_cat?post=1168167"},{"taxonomy":"product_tag","embeddable":true,"href":"https:\/\/positiveprints.com\/es\/wp-json\/wp\/v2\/product_tag?post=1168167"}],"curies":[{"name":"wp","href":"https:\/\/api.w.org\/{rel}","templated":true}]}}