{"id":1168145,"date":"2024-07-29T11:43:07","date_gmt":"2024-07-29T10:43:07","guid":{"rendered":"https:\/\/positiveprints.com\/?post_type=product&#038;p=1168145"},"modified":"2026-04-18T03:30:44","modified_gmt":"2026-04-18T02:30:44","slug":"dos-lunas-para-el-abuelo","status":"publish","type":"product","link":"https:\/\/positiveprints.com\/es\/producto\/dos-lunas-para-el-abuelo\/","title":{"rendered":"Dos lunas para el abuelo"},"content":{"rendered":"<p>\u00bfBuscas un regalo especial para el abuelo?\r\nDos lunas para el abuelo es un regalo \u00fanico y sincero que le llegar\u00e1 al coraz\u00f3n.\r\nEsta impresi\u00f3n o lienzo personalizado muestra las fases lunares de dos fechas importantes, como las fechas de nacimiento de sus nietos.\r\nEs una bonita forma de celebrar y honrar los momentos m\u00e1s preciados para \u00e9l.   <\/p>\r\n<h2>Dos lunas para el abuelo<\/h2>\r\n<p>&#8220;Dos lunas para el abuelo&#8221; es una impresionante obra de arte personalizada que muestra dos fases lunares, cada una de las cuales representa una fecha significativa.\r\nPara crear este regalo memorable, s\u00f3lo tienes que visitar nuestro editor en l\u00ednea.\r\nEmpieza seleccionando un fondo; elige entre las opciones predefinidas o dise\u00f1a tu propia combinaci\u00f3n de colores.\r\nA continuaci\u00f3n, a\u00f1ade un t\u00edtulo a tu obra de arte: un mensaje o sentimiento especial que aparecer\u00e1 sobre las lunas.   <\/p>\r\n<p>Una vez que hayas puesto el t\u00edtulo, introduce la hora y el lugar de cada fase lunar.\r\nEsto revelar\u00e1 c\u00f3mo apareci\u00f3 la luna en esos d\u00edas especiales, como las fechas de nacimiento de sus nietos.\r\nDebajo de cada luna, puedes a\u00f1adir nombres o cualquier otro texto que prefieras.\r\nPor \u00faltimo, selecciona el formato de tu obra de arte.\r\nOfrecemos varios tama\u00f1os y estilos, como p\u00f3sters impresos o enmarcados, lienzos y descargas digitales instant\u00e1neas.    <\/p>\r\n<h2>Por qu\u00e9 dos lunas para el abuelo es el regalo perfecto<\/h2>\r\n<p>Encontrar un regalo significativo para el abuelo puede ser todo un reto, pero Dos lunas para el abuelo es la soluci\u00f3n perfecta.\r\nEsta obra de arte no es s\u00f3lo un regalo visual.\r\nEs un recuerdo sentimental de dos de los d\u00edas m\u00e1s felices de su vida.\r\nIdeal para cumplea\u00f1os, el D\u00eda de los Abuelos o cualquier ocasi\u00f3n especial, este regalo demuestra al abuelo lo mucho que significa para ti.   <\/p>\r\n<p>El aspecto personalizado de esta obra de arte garantiza que cada pieza sea \u00fanica.\r\nCada vez que el abuelo la vea, recordar\u00e1 la alegr\u00eda y el amor que sus nietos traen a su vida.\r\nEs un regalo con un profundo significado y seguro que se convertir\u00e1 en un tesoro de su hogar.  <\/p>\r\n<h2>Empieza a personalizar tu regalo hoy<\/h2>\r\n<p>\u00bfListo para crear un regalo memorable y sincero para el abuelo?\r\nEmpieza a personalizar hoy mismo tu obra de arte Dos lunas para el abuelo.\r\nVisita nuestro editor en l\u00ednea para elegir un fondo, a\u00f1adir un t\u00edtulo especial, introducir las fechas y lugares de las fases lunares y personalizar el texto debajo de cada luna.\r\nSelecciona el formato que mejor se adapte al estilo del abuelo, \u00a1y listo!   <\/p>\r\n<p>No te lo pierdas: convierte esos momentos especiales en una impresionante obra de arte que el abuelo apreciar\u00e1 para siempre.\r\nEncarga ahora tus Dos lunas personalizadas para el abuelo y hazle un regalo realmente fuera de serie. <\/p>","protected":false},"excerpt":{"rendered":"<ul class=\"check-list\">\n<li>Captura dos momentos especiales y muestra c\u00f3mo se ve\u00eda la luna en esos d\u00edas<\/li>\n<li>Personalizar en 3 sencillos pasos<\/li>\n<li>Elige entre una gama de dise\u00f1os impresionantes<\/li>\n<li>Incluye un texto personalizado significativo<\/li>\n<li>Ve el resultado de inmediato: la vista previa interactiva te permite perfeccionar cada detalle<\/li>\n<\/ul>\n","protected":false},"featured_media":1173748,"template":"","meta":[],"product_brand":[],"product_cat":[10920,106,8997,5270,11454,7613],"product_tag":[10927,10930,10933,10924,8682,9798,13351],"class_list":{"0":"post-1168145","1":"product","2":"type-product","3":"status-publish","4":"has-post-thumbnail","6":"product_cat-luna-doble","7":"product_cat-todos-los-productos","8":"product_cat-dia-de-los-abuelos","9":"product_cat-regalos-de-navidad","10":"product_cat-regalos-de-navidad-para-abuelo","11":"product_cat-regalos-para-el-abuelo","12":"product_tag-abuelo","13":"product_tag-abuelo-es","14":"product_tag-abuelo-es-2","15":"product_tag-fase-lunar","16":"product_tag-grandparents-es","17":"product_tag-luna-es","18":"product_tag-regalo-de-navidad-para-un-abuelo","20":"first","21":"instock","22":"sale","23":"taxable","24":"shipping-taxable","25":"purchasable","26":"product-type-variable"},"yoast_head":"<!-- This site is optimized with the Yoast SEO Premium plugin v27.2 (Yoast SEO v27.2) - https:\/\/yoast.com\/product\/yoast-seo-premium-wordpress\/ -->\n<title>Dos lunas para el abuelo - Impresiones positivas<\/title>\n<meta name=\"description\" content=\"\u00bfBuscas un regalo \u00fanico y significativo para el abuelo? Dos lunas para el abuelo es un regalo atento y personalizado que har\u00e1 que se le derrita el coraz\u00f3n.\" \/>\n<meta name=\"robots\" content=\"index, follow, max-snippet:-1, max-image-preview:large, max-video-preview:-1\" \/>\n<link rel=\"canonical\" href=\"https:\/\/positiveprints.com\/es\/producto\/dos-lunas-para-el-abuelo\/\" \/>\n<meta property=\"og:locale\" content=\"es_ES\" \/>\n<meta property=\"og:type\" content=\"article\" \/>\n<meta property=\"og:title\" content=\"Dos lunas para el abuelo\" \/>\n<meta property=\"og:description\" content=\"Captura dos momentos especiales y muestra c\u00f3mo se ve\u00eda la luna en esos d\u00edas Personalizar en 3 sencillos pasos Elige entre una gama de dise\u00f1os impresionantes Incluye un texto personalizado significativo Ve el resultado de inmediato: la vista previa interactiva te permite perfeccionar cada detalle\" \/>\n<meta property=\"og:url\" content=\"https:\/\/positiveprints.com\/es\/producto\/dos-lunas-para-el-abuelo\/\" \/>\n<meta property=\"og:site_name\" content=\"Positive Prints\" \/>\n<meta property=\"article:publisher\" content=\"https:\/\/www.facebook.com\/positiveprintscom\" \/>\n<meta property=\"article:modified_time\" content=\"2026-04-18T02:30:44+00:00\" \/>\n<meta property=\"og:image\" content=\"https:\/\/positiveprints.com\/wp-content\/uploads\/2024\/08\/Dos-lunas-para-el-abuelo.jpg\" \/>\n\t<meta property=\"og:image:width\" content=\"1080\" \/>\n\t<meta property=\"og:image:height\" content=\"1080\" \/>\n\t<meta property=\"og:image:type\" content=\"image\/jpeg\" \/>\n<meta name=\"twitter:card\" content=\"summary_large_image\" \/>\n<meta name=\"twitter:label1\" content=\"Tiempo de lectura\" \/>\n\t<meta name=\"twitter:data1\" content=\"2 minutos\" \/>\n<!-- \/ Yoast SEO Premium plugin. -->","yoast_head_json":{"title":"Dos lunas para el abuelo - Impresiones positivas","description":"\u00bfBuscas un regalo \u00fanico y significativo para el abuelo? Dos lunas para el abuelo es un regalo atento y personalizado que har\u00e1 que se le derrita el coraz\u00f3n.","robots":{"index":"index","follow":"follow","max-snippet":"max-snippet:-1","max-image-preview":"max-image-preview:large","max-video-preview":"max-video-preview:-1"},"canonical":"https:\/\/positiveprints.com\/es\/producto\/dos-lunas-para-el-abuelo\/","og_locale":"es_ES","og_type":"article","og_title":"Dos lunas para el abuelo","og_description":"Captura dos momentos especiales y muestra c\u00f3mo se ve\u00eda la luna en esos d\u00edas Personalizar en 3 sencillos pasos Elige entre una gama de dise\u00f1os impresionantes Incluye un texto personalizado significativo Ve el resultado de inmediato: la vista previa interactiva te permite perfeccionar cada detalle","og_url":"https:\/\/positiveprints.com\/es\/producto\/dos-lunas-para-el-abuelo\/","og_site_name":"Positive Prints","article_publisher":"https:\/\/www.facebook.com\/positiveprintscom","article_modified_time":"2026-04-18T02:30:44+00:00","og_image":[{"width":1080,"height":1080,"url":"https:\/\/positiveprints.com\/wp-content\/uploads\/2024\/08\/Dos-lunas-para-el-abuelo.jpg","type":"image\/jpeg"}],"twitter_card":"summary_large_image","twitter_misc":{"Tiempo de lectura":"2 minutos"},"schema":{"@context":"https:\/\/schema.org","@graph":[{"@type":["WebPage","ItemPage"],"@id":"https:\/\/positiveprints.com\/es\/producto\/dos-lunas-para-el-abuelo\/","url":"https:\/\/positiveprints.com\/es\/producto\/dos-lunas-para-el-abuelo\/","name":"Dos lunas para el abuelo - Impresiones positivas","isPartOf":{"@id":"https:\/\/positiveprints.com\/es\/#website"},"primaryImageOfPage":{"@id":"https:\/\/positiveprints.com\/es\/producto\/dos-lunas-para-el-abuelo\/#primaryimage"},"image":{"@id":"https:\/\/positiveprints.com\/es\/producto\/dos-lunas-para-el-abuelo\/#primaryimage"},"thumbnailUrl":"https:\/\/positiveprints.com\/wp-content\/uploads\/2024\/08\/Dos-lunas-para-el-abuelo.jpg","datePublished":"2024-07-29T10:43:07+00:00","dateModified":"2026-04-18T02:30:44+00:00","description":"\u00bfBuscas un regalo \u00fanico y significativo para el abuelo? Dos lunas para el abuelo es un regalo atento y personalizado que har\u00e1 que se le derrita el coraz\u00f3n.","breadcrumb":{"@id":"https:\/\/positiveprints.com\/es\/producto\/dos-lunas-para-el-abuelo\/#breadcrumb"},"inLanguage":"es","potentialAction":[{"@type":"ReadAction","target":["https:\/\/positiveprints.com\/es\/producto\/dos-lunas-para-el-abuelo\/"]}]},{"@type":"ImageObject","inLanguage":"es","@id":"https:\/\/positiveprints.com\/es\/producto\/dos-lunas-para-el-abuelo\/#primaryimage","url":"https:\/\/positiveprints.com\/wp-content\/uploads\/2024\/08\/Dos-lunas-para-el-abuelo.jpg","contentUrl":"https:\/\/positiveprints.com\/wp-content\/uploads\/2024\/08\/Dos-lunas-para-el-abuelo.jpg","width":1080,"height":1080},{"@type":"BreadcrumbList","@id":"https:\/\/positiveprints.com\/es\/producto\/dos-lunas-para-el-abuelo\/#breadcrumb","itemListElement":[{"@type":"ListItem","position":1,"name":"CASA","item":"https:\/\/positiveprints.com\/es\/"},{"@type":"ListItem","position":2,"name":"Productos","item":"https:\/\/positiveprints.com\/es\/shop\/"},{"@type":"ListItem","position":3,"name":"Dos lunas para el abuelo"}]},{"@type":"WebSite","@id":"https:\/\/positiveprints.com\/es\/#website","url":"https:\/\/positiveprints.com\/es\/","name":"Positive Prints","description":"Custom Gifts for Special Occasions","publisher":{"@id":"https:\/\/positiveprints.com\/es\/#organization"},"potentialAction":[{"@type":"SearchAction","target":{"@type":"EntryPoint","urlTemplate":"https:\/\/positiveprints.com\/es\/?s={search_term_string}"},"query-input":{"@type":"PropertyValueSpecification","valueRequired":true,"valueName":"search_term_string"}}],"inLanguage":"es"},{"@type":"Organization","@id":"https:\/\/positiveprints.com\/es\/#organization","name":"Positive Prints","alternateName":"Positive Prints","url":"https:\/\/positiveprints.com\/es\/","logo":{"@type":"ImageObject","inLanguage":"es","@id":"https:\/\/positiveprints.com\/es\/#\/schema\/logo\/image\/","url":"https:\/\/positiveprints.com\/wp-content\/uploads\/2026\/03\/245815646_1337939713319158_5671353136411139666_n.png","contentUrl":"https:\/\/positiveprints.com\/wp-content\/uploads\/2026\/03\/245815646_1337939713319158_5671353136411139666_n.png","width":800,"height":800,"caption":"Positive Prints"},"image":{"@id":"https:\/\/positiveprints.com\/es\/#\/schema\/logo\/image\/"},"sameAs":["https:\/\/www.facebook.com\/positiveprintscom","https:\/\/www.instagram.com\/positiveprintscom\/","https:\/\/www.tiktok.com\/@positiveprintscom","https:\/\/www.pinterest.com\/positiveprintscom\/"]}]}},"jetpack_sharing_enabled":true,"_links":{"self":[{"href":"https:\/\/positiveprints.com\/es\/wp-json\/wp\/v2\/product\/1168145","targetHints":{"allow":["GET"]}}],"collection":[{"href":"https:\/\/positiveprints.com\/es\/wp-json\/wp\/v2\/product"}],"about":[{"href":"https:\/\/positiveprints.com\/es\/wp-json\/wp\/v2\/types\/product"}],"wp:featuredmedia":[{"embeddable":true,"href":"https:\/\/positiveprints.com\/es\/wp-json\/wp\/v2\/media\/1173748"}],"wp:attachment":[{"href":"https:\/\/positiveprints.com\/es\/wp-json\/wp\/v2\/media?parent=1168145"}],"wp:term":[{"taxonomy":"product_brand","embeddable":true,"href":"https:\/\/positiveprints.com\/es\/wp-json\/wp\/v2\/product_brand?post=1168145"},{"taxonomy":"product_cat","embeddable":true,"href":"https:\/\/positiveprints.com\/es\/wp-json\/wp\/v2\/product_cat?post=1168145"},{"taxonomy":"product_tag","embeddable":true,"href":"https:\/\/positiveprints.com\/es\/wp-json\/wp\/v2\/product_tag?post=1168145"}],"curies":[{"name":"wp","href":"https:\/\/api.w.org\/{rel}","templated":true}]}}