{"id":1152728,"date":"2024-07-11T09:26:40","date_gmt":"2024-07-11T08:26:40","guid":{"rendered":"https:\/\/positiveprints.com\/product\/cartel-mapa-de-cadiz\/"},"modified":"2026-04-03T02:44:07","modified_gmt":"2026-04-03T01:44:07","slug":"cadiz-mapa-poster","status":"publish","type":"product","link":"https:\/\/positiveprints.com\/es\/producto\/cadiz-mapa-poster\/","title":{"rendered":"Cartel Mapa de C\u00e1diz"},"content":{"rendered":"","protected":false},"excerpt":{"rendered":"<ul class=\"check-list\">\n<li>Disfrute de la cautivadora belleza de su ciudad favorita con nuestro detallado p\u00f3ster cartogr\u00e1fico<\/li>\n<li>Marcar un lugar especial con un s\u00edmbolo elegido<\/li>\n<li>Personalizar en 3 sencillos pasos<\/li>\n<li>Elija una plantilla o sea creativo<\/li>\n<li>Ve el resultado de inmediato: la vista previa interactiva te permite perfeccionar cada detalle<\/li>\n<\/ul>\n","protected":false},"featured_media":632738,"template":"","meta":[],"product_brand":[],"product_cat":[5459,6876],"product_tag":[],"class_list":{"0":"post-1152728","1":"product","2":"type-product","3":"status-publish","4":"has-post-thumbnail","6":"product_cat-ciudades-es","7":"product_cat-spain-es","9":"first","10":"instock","11":"sale","12":"taxable","13":"shipping-taxable","14":"purchasable","15":"product-type-variable"},"yoast_head":"<!-- This site is optimized with the Yoast SEO Premium plugin v27.2 (Yoast SEO v27.2) - https:\/\/yoast.com\/product\/yoast-seo-premium-wordpress\/ -->\n<title>P\u00f3ster Mapa de C\u00e1diz - Arte del Mapa de tu Ciudad - Impresiones Positivas<\/title>\n<meta name=\"description\" content=\"Ll\u00e9vate a casa un trozo de tus aventuras favoritas con nuestro p\u00f3ster del mapa de C\u00e1diz. Nuestros p\u00f3steres de alta calidad son excelentes obras de arte mural.\" \/>\n<meta name=\"robots\" content=\"index, follow, max-snippet:-1, max-image-preview:large, max-video-preview:-1\" \/>\n<link rel=\"canonical\" href=\"https:\/\/positiveprints.com\/es\/producto\/cadiz-mapa-poster\/\" \/>\n<meta property=\"og:locale\" content=\"es_ES\" \/>\n<meta property=\"og:type\" content=\"article\" \/>\n<meta property=\"og:title\" content=\"Cartel Mapa de C\u00e1diz\" \/>\n<meta property=\"og:description\" content=\"Disfrute de la cautivadora belleza de su ciudad favorita con nuestro detallado p\u00f3ster cartogr\u00e1fico  Marcar un lugar especial con un s\u00edmbolo elegido  Personalizar en 3 sencillos pasos  Elija una plantilla o sea creativo  Ve el resultado de inmediato: la vista previa interactiva te permite perfeccionar cada detalle\" \/>\n<meta property=\"og:url\" content=\"https:\/\/positiveprints.com\/es\/producto\/cadiz-mapa-poster\/\" \/>\n<meta property=\"og:site_name\" content=\"Positive Prints\" \/>\n<meta property=\"article:publisher\" content=\"https:\/\/www.facebook.com\/positiveprintscom\" \/>\n<meta property=\"article:modified_time\" content=\"2026-04-03T01:44:07+00:00\" \/>\n<meta property=\"og:image\" content=\"https:\/\/positiveprints.com\/wp-content\/uploads\/2024\/07\/Cadiz_01-city-map.jpg\" \/>\n\t<meta property=\"og:image:width\" content=\"1080\" \/>\n\t<meta property=\"og:image:height\" content=\"1080\" \/>\n\t<meta property=\"og:image:type\" content=\"image\/jpeg\" \/>\n<meta name=\"twitter:card\" content=\"summary_large_image\" \/>\n<!-- \/ Yoast SEO Premium plugin. -->","yoast_head_json":{"title":"P\u00f3ster Mapa de C\u00e1diz - Arte del Mapa de tu Ciudad - Impresiones Positivas","description":"Ll\u00e9vate a casa un trozo de tus aventuras favoritas con nuestro p\u00f3ster del mapa de C\u00e1diz. Nuestros p\u00f3steres de alta calidad son excelentes obras de arte mural.","robots":{"index":"index","follow":"follow","max-snippet":"max-snippet:-1","max-image-preview":"max-image-preview:large","max-video-preview":"max-video-preview:-1"},"canonical":"https:\/\/positiveprints.com\/es\/producto\/cadiz-mapa-poster\/","og_locale":"es_ES","og_type":"article","og_title":"Cartel Mapa de C\u00e1diz","og_description":"Disfrute de la cautivadora belleza de su ciudad favorita con nuestro detallado p\u00f3ster cartogr\u00e1fico  Marcar un lugar especial con un s\u00edmbolo elegido  Personalizar en 3 sencillos pasos  Elija una plantilla o sea creativo  Ve el resultado de inmediato: la vista previa interactiva te permite perfeccionar cada detalle","og_url":"https:\/\/positiveprints.com\/es\/producto\/cadiz-mapa-poster\/","og_site_name":"Positive Prints","article_publisher":"https:\/\/www.facebook.com\/positiveprintscom","article_modified_time":"2026-04-03T01:44:07+00:00","og_image":[{"width":1080,"height":1080,"url":"https:\/\/positiveprints.com\/wp-content\/uploads\/2024\/07\/Cadiz_01-city-map.jpg","type":"image\/jpeg"}],"twitter_card":"summary_large_image","schema":{"@context":"https:\/\/schema.org","@graph":[{"@type":["WebPage","ItemPage"],"@id":"https:\/\/positiveprints.com\/es\/producto\/cadiz-mapa-poster\/","url":"https:\/\/positiveprints.com\/es\/producto\/cadiz-mapa-poster\/","name":"P\u00f3ster Mapa de C\u00e1diz - Arte del Mapa de tu Ciudad - Impresiones Positivas","isPartOf":{"@id":"https:\/\/positiveprints.com\/es\/#website"},"primaryImageOfPage":{"@id":"https:\/\/positiveprints.com\/es\/producto\/cadiz-mapa-poster\/#primaryimage"},"image":{"@id":"https:\/\/positiveprints.com\/es\/producto\/cadiz-mapa-poster\/#primaryimage"},"thumbnailUrl":"https:\/\/positiveprints.com\/wp-content\/uploads\/2023\/07\/06a.jpg","datePublished":"2024-07-11T08:26:40+00:00","dateModified":"2026-04-03T01:44:07+00:00","description":"Ll\u00e9vate a casa un trozo de tus aventuras favoritas con nuestro p\u00f3ster del mapa de C\u00e1diz. Nuestros p\u00f3steres de alta calidad son excelentes obras de arte mural.","breadcrumb":{"@id":"https:\/\/positiveprints.com\/es\/producto\/cadiz-mapa-poster\/#breadcrumb"},"inLanguage":"es","potentialAction":[{"@type":"ReadAction","target":["https:\/\/positiveprints.com\/es\/producto\/cadiz-mapa-poster\/"]}]},{"@type":"ImageObject","inLanguage":"es","@id":"https:\/\/positiveprints.com\/es\/producto\/cadiz-mapa-poster\/#primaryimage","url":"https:\/\/positiveprints.com\/wp-content\/uploads\/2023\/07\/06a.jpg","contentUrl":"https:\/\/positiveprints.com\/wp-content\/uploads\/2023\/07\/06a.jpg","width":1080,"height":1080,"caption":"Let your Caribbean poster inspire your travels, past and future."},{"@type":"BreadcrumbList","@id":"https:\/\/positiveprints.com\/es\/producto\/cadiz-mapa-poster\/#breadcrumb","itemListElement":[{"@type":"ListItem","position":1,"name":"CASA","item":"https:\/\/positiveprints.com\/es\/"},{"@type":"ListItem","position":2,"name":"Productos","item":"https:\/\/positiveprints.com\/es\/shop\/"},{"@type":"ListItem","position":3,"name":"Cartel Mapa de C\u00e1diz"}]},{"@type":"WebSite","@id":"https:\/\/positiveprints.com\/es\/#website","url":"https:\/\/positiveprints.com\/es\/","name":"Positive Prints","description":"Custom Gifts for Special Occasions","publisher":{"@id":"https:\/\/positiveprints.com\/es\/#organization"},"potentialAction":[{"@type":"SearchAction","target":{"@type":"EntryPoint","urlTemplate":"https:\/\/positiveprints.com\/es\/?s={search_term_string}"},"query-input":{"@type":"PropertyValueSpecification","valueRequired":true,"valueName":"search_term_string"}}],"inLanguage":"es"},{"@type":"Organization","@id":"https:\/\/positiveprints.com\/es\/#organization","name":"Positive Prints","alternateName":"Positive Prints","url":"https:\/\/positiveprints.com\/es\/","logo":{"@type":"ImageObject","inLanguage":"es","@id":"https:\/\/positiveprints.com\/es\/#\/schema\/logo\/image\/","url":"https:\/\/positiveprints.com\/wp-content\/uploads\/2026\/03\/245815646_1337939713319158_5671353136411139666_n.png","contentUrl":"https:\/\/positiveprints.com\/wp-content\/uploads\/2026\/03\/245815646_1337939713319158_5671353136411139666_n.png","width":800,"height":800,"caption":"Positive Prints"},"image":{"@id":"https:\/\/positiveprints.com\/es\/#\/schema\/logo\/image\/"},"sameAs":["https:\/\/www.facebook.com\/positiveprintscom","https:\/\/www.instagram.com\/positiveprintscom\/","https:\/\/www.tiktok.com\/@positiveprintscom","https:\/\/www.pinterest.com\/positiveprintscom\/"]}]}},"jetpack_sharing_enabled":true,"_links":{"self":[{"href":"https:\/\/positiveprints.com\/es\/wp-json\/wp\/v2\/product\/1152728","targetHints":{"allow":["GET"]}}],"collection":[{"href":"https:\/\/positiveprints.com\/es\/wp-json\/wp\/v2\/product"}],"about":[{"href":"https:\/\/positiveprints.com\/es\/wp-json\/wp\/v2\/types\/product"}],"wp:featuredmedia":[{"embeddable":true,"href":"https:\/\/positiveprints.com\/es\/wp-json\/wp\/v2\/media\/632738"}],"wp:attachment":[{"href":"https:\/\/positiveprints.com\/es\/wp-json\/wp\/v2\/media?parent=1152728"}],"wp:term":[{"taxonomy":"product_brand","embeddable":true,"href":"https:\/\/positiveprints.com\/es\/wp-json\/wp\/v2\/product_brand?post=1152728"},{"taxonomy":"product_cat","embeddable":true,"href":"https:\/\/positiveprints.com\/es\/wp-json\/wp\/v2\/product_cat?post=1152728"},{"taxonomy":"product_tag","embeddable":true,"href":"https:\/\/positiveprints.com\/es\/wp-json\/wp\/v2\/product_tag?post=1152728"}],"curies":[{"name":"wp","href":"https:\/\/api.w.org\/{rel}","templated":true}]}}