{"id":1150623,"date":"2024-07-05T23:34:48","date_gmt":"2024-07-05T22:34:48","guid":{"rendered":"https:\/\/positiveprints.com\/product\/doble-fase-lunar\/"},"modified":"2026-04-28T13:45:11","modified_gmt":"2026-04-28T12:45:11","slug":"fase-de-doble-luna","status":"publish","type":"product","link":"https:\/\/positiveprints.com\/es\/producto\/fase-de-doble-luna\/","title":{"rendered":"Doble fase lunar"},"content":{"rendered":"<p style=\"margin-top: 1rem\">\u00bfBuscas un regalo \u00fanico y significativo para tu ser querido? Nuestro P\u00f3ster Doble Luna es la elecci\u00f3n perfecta. Esta impresi\u00f3n personalizada presenta dos fases lunares una al lado de la otra, lo que la convierte en un regalo inolvidable para cualquier ocasi\u00f3n especial.<\/p>\r\n\r\n<h2 class=\"grenB f24 cblue\" style=\"margin-top: 3rem\">Crea tu impresi\u00f3n de la fase lunar doble<\/h2>\r\n<p style=\"margin-top: 1rem\">Para empezar a personalizar y encargar tu impresi\u00f3n, s\u00f3lo tienes que dirigirte a nuestro editor en l\u00ednea. Elige un color de fondo entre nuestras opciones predefinidas o juega t\u00fa mismo con los colores para encontrar la combinaci\u00f3n perfecta. A continuaci\u00f3n, introduce el lugar y la hora para ver c\u00f3mo eran las lunas en los d\u00edas especiales. Tambi\u00e9n puedes a\u00f1adir un mensaje personal arriba y alg\u00fan texto debajo de cada luna.<\/p>\r\n\r\n<h2 class=\"grenB f24 cblue\" style=\"margin-top: 3rem\">Regalo perfecto para ocasiones especiales<\/h2>\r\n<p style=\"margin-top: 1rem\">El P\u00f3ster Doble Luna es un regalo perfecto para aniversarios, ocasiones rom\u00e1nticas o como un detalle para los padres. Captura la fase lunar de tu cumplea\u00f1os junto a la de tu amada, simbolizando tu &#8220;alma gemela lunar&#8221;. Tambi\u00e9n es popular que los padres presenten las fases lunares de los d\u00edas en que nacieron sus dos hijos. Imagina su alegr\u00eda cuando reciban una impresi\u00f3n personalizada que capte la belleza y el significado de sus fechas especiales.<\/p>\r\n\r\n<h2 class=\"grenB f24 cblue\" style=\"margin-top: 3rem\">Elige c\u00f3mo quieres recibir tu P\u00f3ster Doble Luna<\/h2>\r\n<p style=\"margin-top: 1rem\">Pide tu P\u00f3ster de la Doble Luna en varios formatos para adaptarlo a tus necesidades: elige entre un p\u00f3ster impreso enmarcado o sin enmarcar, un lienzo de alta calidad o un archivo de descarga digital instant\u00e1nea. Esta flexibilidad garantiza que puedas presentar tu regalo \u00fanico de la forma que mejor se adapte a tu estilo y a la ocasi\u00f3n.<\/p>\r\n<p style=\"margin-top: 1rem\">Haz un regalo que ser\u00e1 apreciado para siempre. El P\u00f3ster Doble Luna es m\u00e1s que una impresi\u00f3n. Es un homenaje duradero a tus momentos m\u00e1s preciados. Celebra vuestros v\u00ednculos especiales y crea un hermoso recuerdo del amor y los recuerdos que compart\u00eds con este creativo y significativo relicario.<\/p>","protected":false},"excerpt":{"rendered":"<ul class=\"check-list\">\n<li>Captura dos momentos especiales y muestra c\u00f3mo se ve\u00eda la Luna en esos d\u00edas<\/li>\n<li>Usa nuestro editor para personalizar tu dise\u00f1o en apenas tres pasos<\/li>\n<li>Elige entre una gama de dise\u00f1os impresionantes<\/li>\n<li>A\u00f1ade un mensaje personalizado para que\u00a0tu dise\u00f1o sea \u00fanico y especial<\/li>\n<li>Visualiza tu dise\u00f1o de forma r\u00e1pida usando la vista previa interactiva<\/li>\n<\/ul>\n","protected":false},"featured_media":1553200,"template":"","meta":[],"product_brand":[],"product_cat":[10326,106,265,8012,7693],"product_tag":[14920],"class_list":{"0":"post-1150623","1":"product","2":"type-product","3":"status-publish","4":"has-post-thumbnail","6":"product_cat-fases-de-la-luna","7":"product_cat-todos-los-productos","8":"product_cat-creators-es-2","9":"product_cat-regalos-para-hombres","10":"product_cat-regalos-para-mujeres","11":"product_tag-creators-es-2","13":"first","14":"instock","15":"sale","16":"taxable","17":"shipping-taxable","18":"purchasable","19":"product-type-variable"},"yoast_head":"<!-- This site is optimized with the Yoast SEO Premium plugin v27.2 (Yoast SEO v27.2) - https:\/\/yoast.com\/product\/yoast-seo-premium-wordpress\/ -->\n<title>P\u00f3ster Doble Fase Lunar - Regalo Personalizado - Positive Prints<\/title>\n<meta name=\"description\" content=\"\u00bfBuscas un regalo \u00fanico y significativo para alguien especial? Nuestro P\u00f3ster con fase lunar doble es la elecci\u00f3n perfecta.\" \/>\n<meta name=\"robots\" content=\"index, follow, max-snippet:-1, max-image-preview:large, max-video-preview:-1\" \/>\n<link rel=\"canonical\" href=\"https:\/\/positiveprints.com\/es\/producto\/fase-de-doble-luna\/\" \/>\n<meta property=\"og:locale\" content=\"es_ES\" \/>\n<meta property=\"og:type\" content=\"article\" \/>\n<meta property=\"og:title\" content=\"Doble fase lunar\" \/>\n<meta property=\"og:description\" content=\"Captura dos momentos especiales y muestra c\u00f3mo se ve\u00eda la Luna en esos d\u00edas Usa nuestro editor para personalizar tu dise\u00f1o en apenas tres pasos Elige entre una gama de dise\u00f1os impresionantes A\u00f1ade un mensaje personalizado para que\u00a0tu dise\u00f1o sea \u00fanico y especial Visualiza tu dise\u00f1o de forma r\u00e1pida usando la vista previa interactiva\" \/>\n<meta property=\"og:url\" content=\"https:\/\/positiveprints.com\/es\/producto\/fase-de-doble-luna\/\" \/>\n<meta property=\"og:site_name\" content=\"Positive Prints\" \/>\n<meta property=\"article:publisher\" content=\"https:\/\/www.facebook.com\/positiveprintscom\" \/>\n<meta property=\"article:modified_time\" content=\"2026-04-28T12:45:11+00:00\" \/>\n<meta property=\"og:image\" content=\"https:\/\/positiveprints.com\/wp-content\/uploads\/2024\/07\/Doble-fase-lunar.jpg\" \/>\n\t<meta property=\"og:image:width\" content=\"1080\" \/>\n\t<meta property=\"og:image:height\" content=\"1080\" \/>\n\t<meta property=\"og:image:type\" content=\"image\/jpeg\" \/>\n<meta name=\"twitter:card\" content=\"summary_large_image\" \/>\n<!-- \/ Yoast SEO Premium plugin. -->","yoast_head_json":{"title":"P\u00f3ster Doble Fase Lunar - Regalo Personalizado - Positive Prints","description":"\u00bfBuscas un regalo \u00fanico y significativo para alguien especial? Nuestro P\u00f3ster con fase lunar doble es la elecci\u00f3n perfecta.","robots":{"index":"index","follow":"follow","max-snippet":"max-snippet:-1","max-image-preview":"max-image-preview:large","max-video-preview":"max-video-preview:-1"},"canonical":"https:\/\/positiveprints.com\/es\/producto\/fase-de-doble-luna\/","og_locale":"es_ES","og_type":"article","og_title":"Doble fase lunar","og_description":"Captura dos momentos especiales y muestra c\u00f3mo se ve\u00eda la Luna en esos d\u00edas Usa nuestro editor para personalizar tu dise\u00f1o en apenas tres pasos Elige entre una gama de dise\u00f1os impresionantes A\u00f1ade un mensaje personalizado para que\u00a0tu dise\u00f1o sea \u00fanico y especial Visualiza tu dise\u00f1o de forma r\u00e1pida usando la vista previa interactiva","og_url":"https:\/\/positiveprints.com\/es\/producto\/fase-de-doble-luna\/","og_site_name":"Positive Prints","article_publisher":"https:\/\/www.facebook.com\/positiveprintscom","article_modified_time":"2026-04-28T12:45:11+00:00","og_image":[{"width":1080,"height":1080,"url":"https:\/\/positiveprints.com\/wp-content\/uploads\/2024\/07\/Doble-fase-lunar.jpg","type":"image\/jpeg"}],"twitter_card":"summary_large_image","schema":{"@context":"https:\/\/schema.org","@graph":[{"@type":["WebPage","ItemPage"],"@id":"https:\/\/positiveprints.com\/es\/producto\/fase-de-doble-luna\/","url":"https:\/\/positiveprints.com\/es\/producto\/fase-de-doble-luna\/","name":"P\u00f3ster Doble Fase Lunar - Regalo Personalizado - Positive Prints","isPartOf":{"@id":"https:\/\/positiveprints.com\/es\/#website"},"primaryImageOfPage":{"@id":"https:\/\/positiveprints.com\/es\/producto\/fase-de-doble-luna\/#primaryimage"},"image":{"@id":"https:\/\/positiveprints.com\/es\/producto\/fase-de-doble-luna\/#primaryimage"},"thumbnailUrl":"https:\/\/positiveprints.com\/wp-content\/uploads\/2025\/10\/Doble-fase-lunar-1.webp","datePublished":"2024-07-05T22:34:48+00:00","dateModified":"2026-04-28T12:45:11+00:00","description":"\u00bfBuscas un regalo \u00fanico y significativo para alguien especial? Nuestro P\u00f3ster con fase lunar doble es la elecci\u00f3n perfecta.","breadcrumb":{"@id":"https:\/\/positiveprints.com\/es\/producto\/fase-de-doble-luna\/#breadcrumb"},"inLanguage":"es","potentialAction":[{"@type":"ReadAction","target":["https:\/\/positiveprints.com\/es\/producto\/fase-de-doble-luna\/"]}]},{"@type":"ImageObject","inLanguage":"es","@id":"https:\/\/positiveprints.com\/es\/producto\/fase-de-doble-luna\/#primaryimage","url":"https:\/\/positiveprints.com\/wp-content\/uploads\/2025\/10\/Doble-fase-lunar-1.webp","contentUrl":"https:\/\/positiveprints.com\/wp-content\/uploads\/2025\/10\/Doble-fase-lunar-1.webp","width":1450,"height":1450},{"@type":"BreadcrumbList","@id":"https:\/\/positiveprints.com\/es\/producto\/fase-de-doble-luna\/#breadcrumb","itemListElement":[{"@type":"ListItem","position":1,"name":"CASA","item":"https:\/\/positiveprints.com\/es\/"},{"@type":"ListItem","position":2,"name":"Productos","item":"https:\/\/positiveprints.com\/es\/shop\/"},{"@type":"ListItem","position":3,"name":"Doble fase lunar"}]},{"@type":"WebSite","@id":"https:\/\/positiveprints.com\/es\/#website","url":"https:\/\/positiveprints.com\/es\/","name":"Positive Prints","description":"Custom Gifts for Special Occasions","publisher":{"@id":"https:\/\/positiveprints.com\/es\/#organization"},"potentialAction":[{"@type":"SearchAction","target":{"@type":"EntryPoint","urlTemplate":"https:\/\/positiveprints.com\/es\/?s={search_term_string}"},"query-input":{"@type":"PropertyValueSpecification","valueRequired":true,"valueName":"search_term_string"}}],"inLanguage":"es"},{"@type":"Organization","@id":"https:\/\/positiveprints.com\/es\/#organization","name":"Positive Prints","alternateName":"Positive Prints ","url":"https:\/\/positiveprints.com\/es\/","logo":{"@type":"ImageObject","inLanguage":"es","@id":"https:\/\/positiveprints.com\/es\/#\/schema\/logo\/image\/","url":"https:\/\/positiveprints.com\/wp-content\/uploads\/2026\/03\/245815646_1337939713319158_5671353136411139666_n.png","contentUrl":"https:\/\/positiveprints.com\/wp-content\/uploads\/2026\/03\/245815646_1337939713319158_5671353136411139666_n.png","width":800,"height":800,"caption":"Positive Prints"},"image":{"@id":"https:\/\/positiveprints.com\/es\/#\/schema\/logo\/image\/"},"sameAs":["https:\/\/www.facebook.com\/positiveprintscom","https:\/\/www.instagram.com\/positiveprintscom\/","https:\/\/www.tiktok.com\/@positiveprintscom","https:\/\/www.pinterest.com\/positiveprintscom\/"]}]}},"jetpack_sharing_enabled":true,"_links":{"self":[{"href":"https:\/\/positiveprints.com\/es\/wp-json\/wp\/v2\/product\/1150623","targetHints":{"allow":["GET"]}}],"collection":[{"href":"https:\/\/positiveprints.com\/es\/wp-json\/wp\/v2\/product"}],"about":[{"href":"https:\/\/positiveprints.com\/es\/wp-json\/wp\/v2\/types\/product"}],"wp:featuredmedia":[{"embeddable":true,"href":"https:\/\/positiveprints.com\/es\/wp-json\/wp\/v2\/media\/1553200"}],"wp:attachment":[{"href":"https:\/\/positiveprints.com\/es\/wp-json\/wp\/v2\/media?parent=1150623"}],"wp:term":[{"taxonomy":"product_brand","embeddable":true,"href":"https:\/\/positiveprints.com\/es\/wp-json\/wp\/v2\/product_brand?post=1150623"},{"taxonomy":"product_cat","embeddable":true,"href":"https:\/\/positiveprints.com\/es\/wp-json\/wp\/v2\/product_cat?post=1150623"},{"taxonomy":"product_tag","embeddable":true,"href":"https:\/\/positiveprints.com\/es\/wp-json\/wp\/v2\/product_tag?post=1150623"}],"curies":[{"name":"wp","href":"https:\/\/api.w.org\/{rel}","templated":true}]}}