{"id":1145243,"date":"2024-06-21T10:44:43","date_gmt":"2024-06-21T09:44:43","guid":{"rendered":"https:\/\/positiveprints.com\/?post_type=product&#038;p=1145243"},"modified":"2026-04-03T02:48:55","modified_gmt":"2026-04-03T01:48:55","slug":"poster-de-definicion-del-abuelo","status":"publish","type":"product","link":"https:\/\/positiveprints.com\/es\/producto\/poster-de-definicion-del-abuelo\/","title":{"rendered":"P\u00f3ster de definici\u00f3n del abuelo"},"content":{"rendered":"<p>Honra el v\u00ednculo especial que compartes con tu abuelo con nuestro P\u00f3ster Definici\u00f3n del Abuelo. Esta impresi\u00f3n personalizada combina una foto entra\u00f1able con una definici\u00f3n estilo diccionario de &#8220;abuelo&#8221; o cualquier otra palabra que encarne su esencia. Tanto si optas por una definici\u00f3n humor\u00edstica como por una profundamente sentimental, seguro que este regalo le calienta el coraz\u00f3n.<\/p>\r\n\r\n<h2>Crea tu p\u00f3ster de definici\u00f3n del abuelo<\/h2>\r\n\r\n<p>Nuestro intuitivo editor en l\u00ednea hace que crear un cartel \u00fanico sea sencillo y divertido. Selecciona la combinaci\u00f3n de colores que prefieras o personaliza los colores del fondo y de la fuente para adaptarlos a tu estilo. Sube tu foto favorita del abuelo e introduce un t\u00edtulo y una definici\u00f3n. Puedes utilizar una de nuestras definiciones predefinidas o crear la tuya propia para hacerla realmente especial.<\/p>\r\n\r\n<p>Crear un p\u00f3ster personalizado es r\u00e1pido y f\u00e1cil. Visita nuestro sitio web, utiliza el editor en l\u00ednea para personalizar tu impresi\u00f3n y haz tu pedido. Nosotros nos encargamos del resto, asegur\u00e1ndonos de que la impresi\u00f3n se elabora con esmero y se entrega puntualmente.<\/p>\r\n\r\n<h2>Celebra al abuelo con un regalo \u00fanico<\/h2>\r\n\r\n<p>El P\u00f3ster Definici\u00f3n del Abuelo&#8221; es un regalo ideal para cumplea\u00f1os, Navidad o cualquier ocasi\u00f3n que requiera un homenaje especial al abuelo. Imag\u00ednate su orgullo y alegr\u00eda cuando reciba este precioso grabado que celebra su papel \u00fanico en la familia.<\/p>\r\n\r\n<p>Demuestra a tu abuelo lo mucho que significa para ti con un P\u00f3ster de la Definici\u00f3n del Abuelo. Es una forma hermosa y personal de celebrarlo, captando su esencia de una forma que las palabras por s\u00ed solas no pueden expresar. Este regalo \u00fanico ser\u00e1 un complemento muy apreciado en su hogar, que le recordar\u00e1 constantemente el v\u00ednculo especial que compart\u00eds.<\/p>","protected":false},"excerpt":{"rendered":"<ul class=\"check-list\">\n<li>Haz tu definici\u00f3n personal<\/li>\n<li>A\u00f1ade tu propia foto<\/li>\n<li>Personalizar en 3 sencillos pasos<\/li>\n<li>Elija una plantilla o sea creativo<\/li>\n<li>Ve el resultado de inmediato: la vista previa interactiva te permite perfeccionar cada detalle<\/li>\n<\/ul>\n","protected":false},"featured_media":1470912,"template":"","meta":[],"product_brand":[],"product_cat":[9526,5270,11454,7613,106,9766],"product_tag":[8672,11823],"class_list":{"0":"post-1145243","1":"product","2":"type-product","3":"status-publish","4":"has-post-thumbnail","6":"product_cat-definicion","7":"product_cat-regalos-de-navidad","8":"product_cat-regalos-de-navidad-para-abuelo","9":"product_cat-regalos-para-el-abuelo","10":"product_cat-todos-los-productos","11":"product_cat-trending-label-es","12":"product_tag-grandpa-es","13":"product_tag-regalos-de-navidad-para-abuelo","15":"first","16":"instock","17":"sale","18":"taxable","19":"shipping-taxable","20":"purchasable","21":"product-type-variable"},"yoast_head":"<!-- This site is optimized with the Yoast SEO Premium plugin v27.2 (Yoast SEO v27.2) - https:\/\/yoast.com\/product\/yoast-seo-premium-wordpress\/ -->\n<title>P\u00f3ster Definici\u00f3n del Abuelo - Positive Prints<\/title>\n<meta name=\"description\" content=\"Demuestra a tu abuelo lo mucho que significa para ti con un P\u00f3ster de la Definici\u00f3n del Abuelo. Es una forma bonita y personal de celebrarlo.\" \/>\n<meta name=\"robots\" content=\"index, follow, max-snippet:-1, max-image-preview:large, max-video-preview:-1\" \/>\n<link rel=\"canonical\" href=\"https:\/\/positiveprints.com\/es\/producto\/poster-de-definicion-del-abuelo\/\" \/>\n<meta property=\"og:locale\" content=\"es_ES\" \/>\n<meta property=\"og:type\" content=\"article\" \/>\n<meta property=\"og:title\" content=\"P\u00f3ster de definici\u00f3n del abuelo\" \/>\n<meta property=\"og:description\" content=\"Haz tu definici\u00f3n personal A\u00f1ade tu propia foto Personalizar en 3 sencillos pasos Elija una plantilla o sea creativo Ve el resultado de inmediato: la vista previa interactiva te permite perfeccionar cada detalle\" \/>\n<meta property=\"og:url\" content=\"https:\/\/positiveprints.com\/es\/producto\/poster-de-definicion-del-abuelo\/\" \/>\n<meta property=\"og:site_name\" content=\"Positive Prints\" \/>\n<meta property=\"article:publisher\" content=\"https:\/\/www.facebook.com\/positiveprintscom\" \/>\n<meta property=\"article:modified_time\" content=\"2026-04-03T01:48:55+00:00\" \/>\n<meta property=\"og:image\" content=\"https:\/\/positiveprints.com\/wp-content\/uploads\/2024\/07\/Po\u0301ster-de-definicio\u0301n-del-abuelo.jpg\" \/>\n\t<meta property=\"og:image:width\" content=\"1080\" \/>\n\t<meta property=\"og:image:height\" content=\"1080\" \/>\n\t<meta property=\"og:image:type\" content=\"image\/jpeg\" \/>\n<meta name=\"twitter:card\" content=\"summary_large_image\" \/>\n<meta name=\"twitter:label1\" content=\"Tiempo de lectura\" \/>\n\t<meta name=\"twitter:data1\" content=\"2 minutos\" \/>\n<!-- \/ Yoast SEO Premium plugin. -->","yoast_head_json":{"title":"P\u00f3ster Definici\u00f3n del Abuelo - Positive Prints","description":"Demuestra a tu abuelo lo mucho que significa para ti con un P\u00f3ster de la Definici\u00f3n del Abuelo. Es una forma bonita y personal de celebrarlo.","robots":{"index":"index","follow":"follow","max-snippet":"max-snippet:-1","max-image-preview":"max-image-preview:large","max-video-preview":"max-video-preview:-1"},"canonical":"https:\/\/positiveprints.com\/es\/producto\/poster-de-definicion-del-abuelo\/","og_locale":"es_ES","og_type":"article","og_title":"P\u00f3ster de definici\u00f3n del abuelo","og_description":"Haz tu definici\u00f3n personal A\u00f1ade tu propia foto Personalizar en 3 sencillos pasos Elija una plantilla o sea creativo Ve el resultado de inmediato: la vista previa interactiva te permite perfeccionar cada detalle","og_url":"https:\/\/positiveprints.com\/es\/producto\/poster-de-definicion-del-abuelo\/","og_site_name":"Positive Prints","article_publisher":"https:\/\/www.facebook.com\/positiveprintscom","article_modified_time":"2026-04-03T01:48:55+00:00","og_image":[{"width":1080,"height":1080,"url":"https:\/\/positiveprints.com\/wp-content\/uploads\/2024\/07\/Po\u0301ster-de-definicio\u0301n-del-abuelo.jpg","type":"image\/jpeg"}],"twitter_card":"summary_large_image","twitter_misc":{"Tiempo de lectura":"2 minutos"},"schema":{"@context":"https:\/\/schema.org","@graph":[{"@type":["WebPage","ItemPage"],"@id":"https:\/\/positiveprints.com\/es\/producto\/poster-de-definicion-del-abuelo\/","url":"https:\/\/positiveprints.com\/es\/producto\/poster-de-definicion-del-abuelo\/","name":"P\u00f3ster Definici\u00f3n del Abuelo - Positive Prints","isPartOf":{"@id":"https:\/\/positiveprints.com\/es\/#website"},"primaryImageOfPage":{"@id":"https:\/\/positiveprints.com\/es\/producto\/poster-de-definicion-del-abuelo\/#primaryimage"},"image":{"@id":"https:\/\/positiveprints.com\/es\/producto\/poster-de-definicion-del-abuelo\/#primaryimage"},"thumbnailUrl":"https:\/\/positiveprints.com\/wp-content\/uploads\/2025\/07\/Packshot_ES_Po\u0301ster-de-definicio\u0301n-del-abuelo.webp","datePublished":"2024-06-21T09:44:43+00:00","dateModified":"2026-04-03T01:48:55+00:00","description":"Demuestra a tu abuelo lo mucho que significa para ti con un P\u00f3ster de la Definici\u00f3n del Abuelo. Es una forma bonita y personal de celebrarlo.","breadcrumb":{"@id":"https:\/\/positiveprints.com\/es\/producto\/poster-de-definicion-del-abuelo\/#breadcrumb"},"inLanguage":"es","potentialAction":[{"@type":"ReadAction","target":["https:\/\/positiveprints.com\/es\/producto\/poster-de-definicion-del-abuelo\/"]}]},{"@type":"ImageObject","inLanguage":"es","@id":"https:\/\/positiveprints.com\/es\/producto\/poster-de-definicion-del-abuelo\/#primaryimage","url":"https:\/\/positiveprints.com\/wp-content\/uploads\/2025\/07\/Packshot_ES_Po\u0301ster-de-definicio\u0301n-del-abuelo.webp","contentUrl":"https:\/\/positiveprints.com\/wp-content\/uploads\/2025\/07\/Packshot_ES_Po\u0301ster-de-definicio\u0301n-del-abuelo.webp","width":1450,"height":1450},{"@type":"BreadcrumbList","@id":"https:\/\/positiveprints.com\/es\/producto\/poster-de-definicion-del-abuelo\/#breadcrumb","itemListElement":[{"@type":"ListItem","position":1,"name":"CASA","item":"https:\/\/positiveprints.com\/es\/"},{"@type":"ListItem","position":2,"name":"Productos","item":"https:\/\/positiveprints.com\/es\/shop\/"},{"@type":"ListItem","position":3,"name":"P\u00f3ster de definici\u00f3n del abuelo"}]},{"@type":"WebSite","@id":"https:\/\/positiveprints.com\/es\/#website","url":"https:\/\/positiveprints.com\/es\/","name":"Positive Prints","description":"Custom Gifts for Special Occasions","publisher":{"@id":"https:\/\/positiveprints.com\/es\/#organization"},"potentialAction":[{"@type":"SearchAction","target":{"@type":"EntryPoint","urlTemplate":"https:\/\/positiveprints.com\/es\/?s={search_term_string}"},"query-input":{"@type":"PropertyValueSpecification","valueRequired":true,"valueName":"search_term_string"}}],"inLanguage":"es"},{"@type":"Organization","@id":"https:\/\/positiveprints.com\/es\/#organization","name":"Positive Prints","alternateName":"Positive Prints","url":"https:\/\/positiveprints.com\/es\/","logo":{"@type":"ImageObject","inLanguage":"es","@id":"https:\/\/positiveprints.com\/es\/#\/schema\/logo\/image\/","url":"https:\/\/positiveprints.com\/wp-content\/uploads\/2026\/03\/245815646_1337939713319158_5671353136411139666_n.png","contentUrl":"https:\/\/positiveprints.com\/wp-content\/uploads\/2026\/03\/245815646_1337939713319158_5671353136411139666_n.png","width":800,"height":800,"caption":"Positive Prints"},"image":{"@id":"https:\/\/positiveprints.com\/es\/#\/schema\/logo\/image\/"},"sameAs":["https:\/\/www.facebook.com\/positiveprintscom","https:\/\/www.instagram.com\/positiveprintscom\/","https:\/\/www.tiktok.com\/@positiveprintscom","https:\/\/www.pinterest.com\/positiveprintscom\/"]}]}},"jetpack_sharing_enabled":true,"_links":{"self":[{"href":"https:\/\/positiveprints.com\/es\/wp-json\/wp\/v2\/product\/1145243","targetHints":{"allow":["GET"]}}],"collection":[{"href":"https:\/\/positiveprints.com\/es\/wp-json\/wp\/v2\/product"}],"about":[{"href":"https:\/\/positiveprints.com\/es\/wp-json\/wp\/v2\/types\/product"}],"wp:featuredmedia":[{"embeddable":true,"href":"https:\/\/positiveprints.com\/es\/wp-json\/wp\/v2\/media\/1470912"}],"wp:attachment":[{"href":"https:\/\/positiveprints.com\/es\/wp-json\/wp\/v2\/media?parent=1145243"}],"wp:term":[{"taxonomy":"product_brand","embeddable":true,"href":"https:\/\/positiveprints.com\/es\/wp-json\/wp\/v2\/product_brand?post=1145243"},{"taxonomy":"product_cat","embeddable":true,"href":"https:\/\/positiveprints.com\/es\/wp-json\/wp\/v2\/product_cat?post=1145243"},{"taxonomy":"product_tag","embeddable":true,"href":"https:\/\/positiveprints.com\/es\/wp-json\/wp\/v2\/product_tag?post=1145243"}],"curies":[{"name":"wp","href":"https:\/\/api.w.org\/{rel}","templated":true}]}}