{"id":1145231,"date":"2024-06-17T09:01:18","date_gmt":"2024-06-17T08:01:18","guid":{"rendered":"https:\/\/positiveprints.com\/?post_type=product&#038;p=1145231"},"modified":"2026-04-28T13:48:00","modified_gmt":"2026-04-28T12:48:00","slug":"collage-de-4-fotos-sr-y-sra","status":"publish","type":"product","link":"https:\/\/positiveprints.com\/es\/producto\/collage-de-4-fotos-sr-y-sra\/","title":{"rendered":"Collage de 4 fotos Sr. y Sra."},"content":{"rendered":"<p>Captura bellos recuerdos con nuestro Collage de 4 fotos Sr. y Sra. Esta impresi\u00f3n personalizada incluye tus 4 fotos dispuestas en un elegante collage con el texto &#8220;Sr. y Sra.&#8221; escrito en un bonito tipo de letra. Puedes crearlo f\u00e1cilmente tanto en el ordenador como en el m\u00f3vil. S\u00f3lo tienes que dirigirte a nuestro editor en l\u00ednea de f\u00e1cil uso, elegir el dise\u00f1o de 4 cuadr\u00edculas y seleccionar el tema con la inscripci\u00f3n &#8220;Sr. y Sra.&#8221;. Despu\u00e9s, sube tus 4 fotos favoritas para completar tu collage.<\/p>\r\n\r\n<h2>Crea tu collage de 4 fotos Sr. y Sra.<\/h2>\r\n\r\n<p>El Collage de 4 fotos Sr. y Sra. es un regalo ideal para bodas, despedidas de soltera o como regalo especial para los novios. Celebra su amor y sus momentos especiales con un regalo \u00fanico y personalizado que apreciar\u00e1n para siempre. Este collage no es s\u00f3lo una decoraci\u00f3n. Es un recuerdo que les recordar\u00e1 su d\u00eda especial y el hermoso viaje que han compartido.<\/p>\r\n\r\n<p>Imagina la alegr\u00eda y la sorpresa en las caras de los reci\u00e9n casados al desenvolver un regalo tan personal y significativo. El Collage de 4 fotos Sr. y Sra. te permite recopilar sus momentos m\u00e1s felices, capturando la esencia de su relaci\u00f3n. Es un regalo que dice mucho de tu consideraci\u00f3n y amor por ellos.<\/p>\r\n\r\n<h2>\u00bfPor qu\u00e9 elegir nuestro collage de 4 fotos Sr. y Sra.?<\/h2>\r\n\r\n<p>Crear tu collage es r\u00e1pido y f\u00e1cil. Visita nuestro sitio web, utiliza el editor en l\u00ednea para personalizar tu collage y haz tu pedido. Nosotros nos encargaremos del resto, asegur\u00e1ndonos de que tu impresi\u00f3n se elabora con esmero y se entrega puntualmente.<\/p>\r\n\r\n<p>Ya sea una despedida de soltera, el d\u00eda de la boda o un aniversario, este collage es un regalo inolvidable. Tambi\u00e9n es una forma perfecta de que los padres, amigos o hermanos muestren su amor y apoyo a la pareja. Las emociones captadas en las fotos provocar\u00e1n sonrisas, risas y quiz\u00e1 incluso l\u00e1grimas de felicidad.<\/p>\r\n\r\n<p>Haz un regalo que capte a la perfecci\u00f3n su historia de amor. El Collage de 4 fotos Sr. y Sra. es una forma bonita y atenta de celebrar a la pareja especial de tu vida.<\/p>","protected":false},"excerpt":{"rendered":"<ul class=\"check-list\">\n<li>\n<\/li>\n<li>A\u00f1ade superposiciones de texto para que cada regalo sea especial y significativo<\/li>\n<li>Personaliza en s\u00f3lo 2 minutos<\/li>\n<li>Elija una plantilla o sea creativo<\/li>\n<li>Ve el resultado de inmediato: la vista previa interactiva te permite perfeccionar cada detalle<\/li>\n<\/ul>\n","protected":false},"featured_media":1156176,"template":"","meta":[],"product_brand":[],"product_cat":[11592,11593,11589,11594,11590,11603,11591,5334,3124,7933,7501,7757,7646,11189,11188,11187,106],"product_tag":[8712,15081,8485],"class_list":{"0":"post-1145231","1":"product","2":"type-product","3":"status-publish","4":"has-post-thumbnail","6":"product_cat-10-aniversario","7":"product_cat-15-aniversario","8":"product_cat-1-aniversario","9":"product_cat-20-aniversario","10":"product_cat-2-aniversario","11":"product_cat-50-aniversario","12":"product_cat-5-aniversario","13":"product_cat-regalos-de-aniversario","14":"product_cat-regalos-de-boda","15":"product_cat-regalos-para-despedidas-de-soltera","16":"product_cat-foto-es","17":"product_cat-regalos-para-mi-esposa","18":"product_cat-regalos-para-mi-esposo","19":"product_cat-regalos-de-aniversario-para-el","20":"product_cat-regalos-de-aniversario-para-ella","21":"product_cat-regalos-de-aniversario-para-pareja","22":"product_cat-todos-los-productos","23":"product_tag-bridal-shower-es","24":"product_tag-wedding-es-2","25":"product_tag-wedding-es","27":"first","28":"instock","29":"sale","30":"taxable","31":"shipping-taxable","32":"purchasable","33":"product-type-variable"},"yoast_head":"<!-- This site is optimized with the Yoast SEO Premium plugin v27.2 (Yoast SEO v27.2) - https:\/\/yoast.com\/product\/yoast-seo-premium-wordpress\/ -->\n<title>Collage de fotos Sr. y Sra. 4 - Positive Prints<\/title>\n<meta name=\"description\" content=\"Haz un regalo que capte a la perfecci\u00f3n su historia de amor. El Collage de fotos Sr. y Sra. 4 es una forma preciosa de celebrar a la pareja especial de tu vida.\" \/>\n<meta name=\"robots\" content=\"index, follow, max-snippet:-1, max-image-preview:large, max-video-preview:-1\" \/>\n<link rel=\"canonical\" href=\"https:\/\/positiveprints.com\/es\/producto\/collage-de-4-fotos-sr-y-sra\/\" \/>\n<meta property=\"og:locale\" content=\"es_ES\" \/>\n<meta property=\"og:type\" content=\"article\" \/>\n<meta property=\"og:title\" content=\"Collage de 4 fotos Sr. y Sra.\" \/>\n<meta property=\"og:description\" content=\"A\u00f1ade superposiciones de texto para que cada regalo sea especial y significativo Personaliza en s\u00f3lo 2 minutos Elija una plantilla o sea creativo Ve el resultado de inmediato: la vista previa interactiva te permite perfeccionar cada detalle\" \/>\n<meta property=\"og:url\" content=\"https:\/\/positiveprints.com\/es\/producto\/collage-de-4-fotos-sr-y-sra\/\" \/>\n<meta property=\"og:site_name\" content=\"Positive Prints\" \/>\n<meta property=\"article:publisher\" content=\"https:\/\/www.facebook.com\/positiveprintscom\" \/>\n<meta property=\"article:modified_time\" content=\"2026-04-28T12:48:00+00:00\" \/>\n<meta property=\"og:image\" content=\"https:\/\/positiveprints.com\/wp-content\/uploads\/2024\/06\/Mr-Mrs-4-Photo-Collage.jpg\" \/>\n\t<meta property=\"og:image:width\" content=\"1080\" \/>\n\t<meta property=\"og:image:height\" content=\"1080\" \/>\n\t<meta property=\"og:image:type\" content=\"image\/jpeg\" \/>\n<meta name=\"twitter:card\" content=\"summary_large_image\" \/>\n<!-- \/ Yoast SEO Premium plugin. -->","yoast_head_json":{"title":"Collage de fotos Sr. y Sra. 4 - Positive Prints","description":"Haz un regalo que capte a la perfecci\u00f3n su historia de amor. El Collage de fotos Sr. y Sra. 4 es una forma preciosa de celebrar a la pareja especial de tu vida.","robots":{"index":"index","follow":"follow","max-snippet":"max-snippet:-1","max-image-preview":"max-image-preview:large","max-video-preview":"max-video-preview:-1"},"canonical":"https:\/\/positiveprints.com\/es\/producto\/collage-de-4-fotos-sr-y-sra\/","og_locale":"es_ES","og_type":"article","og_title":"Collage de 4 fotos Sr. y Sra.","og_description":"A\u00f1ade superposiciones de texto para que cada regalo sea especial y significativo Personaliza en s\u00f3lo 2 minutos Elija una plantilla o sea creativo Ve el resultado de inmediato: la vista previa interactiva te permite perfeccionar cada detalle","og_url":"https:\/\/positiveprints.com\/es\/producto\/collage-de-4-fotos-sr-y-sra\/","og_site_name":"Positive Prints","article_publisher":"https:\/\/www.facebook.com\/positiveprintscom","article_modified_time":"2026-04-28T12:48:00+00:00","og_image":[{"width":1080,"height":1080,"url":"https:\/\/positiveprints.com\/wp-content\/uploads\/2024\/06\/Mr-Mrs-4-Photo-Collage.jpg","type":"image\/jpeg"}],"twitter_card":"summary_large_image","schema":{"@context":"https:\/\/schema.org","@graph":[{"@type":["WebPage","ItemPage"],"@id":"https:\/\/positiveprints.com\/es\/producto\/collage-de-4-fotos-sr-y-sra\/","url":"https:\/\/positiveprints.com\/es\/producto\/collage-de-4-fotos-sr-y-sra\/","name":"Collage de fotos Sr. y Sra. 4 - Positive Prints","isPartOf":{"@id":"https:\/\/positiveprints.com\/es\/#website"},"primaryImageOfPage":{"@id":"https:\/\/positiveprints.com\/es\/producto\/collage-de-4-fotos-sr-y-sra\/#primaryimage"},"image":{"@id":"https:\/\/positiveprints.com\/es\/producto\/collage-de-4-fotos-sr-y-sra\/#primaryimage"},"thumbnailUrl":"https:\/\/positiveprints.com\/wp-content\/uploads\/2024\/06\/Mr-Mrs-4-Photo-Collage.jpg","datePublished":"2024-06-17T08:01:18+00:00","dateModified":"2026-04-28T12:48:00+00:00","description":"Haz un regalo que capte a la perfecci\u00f3n su historia de amor. El Collage de fotos Sr. y Sra. 4 es una forma preciosa de celebrar a la pareja especial de tu vida.","breadcrumb":{"@id":"https:\/\/positiveprints.com\/es\/producto\/collage-de-4-fotos-sr-y-sra\/#breadcrumb"},"inLanguage":"es","potentialAction":[{"@type":"ReadAction","target":["https:\/\/positiveprints.com\/es\/producto\/collage-de-4-fotos-sr-y-sra\/"]}]},{"@type":"ImageObject","inLanguage":"es","@id":"https:\/\/positiveprints.com\/es\/producto\/collage-de-4-fotos-sr-y-sra\/#primaryimage","url":"https:\/\/positiveprints.com\/wp-content\/uploads\/2024\/06\/Mr-Mrs-4-Photo-Collage.jpg","contentUrl":"https:\/\/positiveprints.com\/wp-content\/uploads\/2024\/06\/Mr-Mrs-4-Photo-Collage.jpg","width":1080,"height":1080},{"@type":"BreadcrumbList","@id":"https:\/\/positiveprints.com\/es\/producto\/collage-de-4-fotos-sr-y-sra\/#breadcrumb","itemListElement":[{"@type":"ListItem","position":1,"name":"CASA","item":"https:\/\/positiveprints.com\/es\/"},{"@type":"ListItem","position":2,"name":"Productos","item":"https:\/\/positiveprints.com\/es\/shop\/"},{"@type":"ListItem","position":3,"name":"Collage de 4 fotos Sr. y Sra."}]},{"@type":"WebSite","@id":"https:\/\/positiveprints.com\/es\/#website","url":"https:\/\/positiveprints.com\/es\/","name":"Positive Prints","description":"Custom Gifts for Special Occasions","publisher":{"@id":"https:\/\/positiveprints.com\/es\/#organization"},"potentialAction":[{"@type":"SearchAction","target":{"@type":"EntryPoint","urlTemplate":"https:\/\/positiveprints.com\/es\/?s={search_term_string}"},"query-input":{"@type":"PropertyValueSpecification","valueRequired":true,"valueName":"search_term_string"}}],"inLanguage":"es"},{"@type":"Organization","@id":"https:\/\/positiveprints.com\/es\/#organization","name":"Positive Prints","alternateName":"Positive Prints ","url":"https:\/\/positiveprints.com\/es\/","logo":{"@type":"ImageObject","inLanguage":"es","@id":"https:\/\/positiveprints.com\/es\/#\/schema\/logo\/image\/","url":"https:\/\/positiveprints.com\/wp-content\/uploads\/2026\/03\/245815646_1337939713319158_5671353136411139666_n.png","contentUrl":"https:\/\/positiveprints.com\/wp-content\/uploads\/2026\/03\/245815646_1337939713319158_5671353136411139666_n.png","width":800,"height":800,"caption":"Positive Prints"},"image":{"@id":"https:\/\/positiveprints.com\/es\/#\/schema\/logo\/image\/"},"sameAs":["https:\/\/www.facebook.com\/positiveprintscom","https:\/\/www.instagram.com\/positiveprintscom\/","https:\/\/www.tiktok.com\/@positiveprintscom","https:\/\/www.pinterest.com\/positiveprintscom\/"]}]}},"jetpack_sharing_enabled":true,"_links":{"self":[{"href":"https:\/\/positiveprints.com\/es\/wp-json\/wp\/v2\/product\/1145231","targetHints":{"allow":["GET"]}}],"collection":[{"href":"https:\/\/positiveprints.com\/es\/wp-json\/wp\/v2\/product"}],"about":[{"href":"https:\/\/positiveprints.com\/es\/wp-json\/wp\/v2\/types\/product"}],"wp:featuredmedia":[{"embeddable":true,"href":"https:\/\/positiveprints.com\/es\/wp-json\/wp\/v2\/media\/1156176"}],"wp:attachment":[{"href":"https:\/\/positiveprints.com\/es\/wp-json\/wp\/v2\/media?parent=1145231"}],"wp:term":[{"taxonomy":"product_brand","embeddable":true,"href":"https:\/\/positiveprints.com\/es\/wp-json\/wp\/v2\/product_brand?post=1145231"},{"taxonomy":"product_cat","embeddable":true,"href":"https:\/\/positiveprints.com\/es\/wp-json\/wp\/v2\/product_cat?post=1145231"},{"taxonomy":"product_tag","embeddable":true,"href":"https:\/\/positiveprints.com\/es\/wp-json\/wp\/v2\/product_tag?post=1145231"}],"curies":[{"name":"wp","href":"https:\/\/api.w.org\/{rel}","templated":true}]}}