{"id":1145205,"date":"2024-06-17T07:29:34","date_gmt":"2024-06-17T06:29:34","guid":{"rendered":"https:\/\/positiveprints.com\/?post_type=product&#038;p=1145205"},"modified":"2026-04-12T20:52:56","modified_gmt":"2026-04-12T19:52:56","slug":"poster-de-definicion-de-novia","status":"publish","type":"product","link":"https:\/\/positiveprints.com\/es\/producto\/poster-de-definicion-de-novia\/","title":{"rendered":"P\u00f3ster de Definici\u00f3n de Novia"},"content":{"rendered":"<p>Celebra a una mujer especial con nuestro P\u00f3ster de Definici\u00f3n de Novia. Esta impresi\u00f3n personalizada incluye tu propia foto y una definici\u00f3n de &#8220;novia&#8221; en el diccionario. Si eliges una definici\u00f3n divertida o emotiva, todo depende de ti. Dir\u00edgete a nuestro sencillo editor en l\u00ednea para empezar a crear. Elige tu combinaci\u00f3n de colores o personal\u00edzala eligiendo tus propios colores de fondo y fuente. A continuaci\u00f3n, sube tu foto, introduce el t\u00edtulo y a\u00f1ade la definici\u00f3n. Puedes utilizar nuestra definici\u00f3n predefinida o crear la tuya propia.<\/p>\r\n\r\n<h2>Crea tu p\u00f3ster de definici\u00f3n de novia<\/h2>\r\n\r\n<p>El P\u00f3ster Definici\u00f3n de Novia es un regalo ideal para el novio, los amigos o incluso los padres de la novia. Puede ser un homenaje conmovedor o un recuerdo divertid\u00edsimo, seg\u00fan la definici\u00f3n que elijas. Imagina la alegr\u00eda en su cara cuando vea una impresi\u00f3n personalizada que capte su personalidad y tu amor.<\/p>\r\n\r\n<h2>\u00bfPor qu\u00e9 elegir nuestro p\u00f3ster de definici\u00f3n de novia?<\/h2>\r\n\r\n<p>Hacer un pedido es sencillo. S\u00f3lo tienes que visitar nuestro sitio web, utilizar el editor en l\u00ednea para personalizar tu p\u00f3ster y hacer tu pedido. Nosotros nos encargaremos del resto, asegur\u00e1ndonos de que tu impresi\u00f3n se elabore con cuidado y se entregue puntualmente.<\/p>\r\n\r\n<p>Haz un regalo que ser\u00e1 apreciado para siempre. El P\u00f3ster Definici\u00f3n de Novia es una forma \u00fanica y sincera de mostrar tu aprecio y amor, por lo que es un regalo perfecto para cualquier ocasi\u00f3n.<\/p>","protected":false},"excerpt":{"rendered":"<ul class=\"check-list\">\n<li>Haz tu definici\u00f3n personal<\/li>\n<li>A\u00f1ade tu propia foto<\/li>\n<li>Personalizar en 3 sencillos pasos<\/li>\n<li>Elija una plantilla o sea creativo<\/li>\n<li>Ve el resultado de inmediato: la vista previa interactiva te permite perfeccionar cada detalle<\/li>\n<\/ul>\n","protected":false},"featured_media":1154049,"template":"","meta":[],"product_brand":[],"product_cat":[9526,9766,106,7933,5270,11462,7757],"product_tag":[8712,9844,11820],"class_list":{"0":"post-1145205","1":"product","2":"type-product","3":"status-publish","4":"has-post-thumbnail","6":"product_cat-definicion","7":"product_cat-trending-label-es","8":"product_cat-todos-los-productos","9":"product_cat-regalos-para-despedidas-de-soltera","10":"product_cat-regalos-de-navidad","11":"product_cat-regalos-de-navidad-para-la-esposa","12":"product_cat-regalos-para-mi-esposa","13":"product_tag-bridal-shower-es","14":"product_tag-esposa","15":"product_tag-regalos-de-navidad-para-la-esposa","17":"first","18":"instock","19":"sale","20":"taxable","21":"shipping-taxable","22":"purchasable","23":"product-type-variable"},"yoast_head":"<!-- This site is optimized with the Yoast SEO Premium plugin v27.2 (Yoast SEO v27.2) - https:\/\/yoast.com\/product\/yoast-seo-premium-wordpress\/ -->\n<title>P\u00f3ster de Definici\u00f3n de Novia - Positive Prints<\/title>\n<meta name=\"description\" content=\"El P\u00f3ster Definici\u00f3n de Novia es una forma \u00fanica y sincera de mostrar tu aprecio y amor, por lo que es un regalo perfecto para cualquier ocasi\u00f3n.\" \/>\n<meta name=\"robots\" content=\"index, follow, max-snippet:-1, max-image-preview:large, max-video-preview:-1\" \/>\n<link rel=\"canonical\" href=\"https:\/\/positiveprints.com\/es\/producto\/poster-de-definicion-de-novia\/\" \/>\n<meta property=\"og:locale\" content=\"es_ES\" \/>\n<meta property=\"og:type\" content=\"article\" \/>\n<meta property=\"og:title\" content=\"P\u00f3ster de Definici\u00f3n de Novia\" \/>\n<meta property=\"og:description\" content=\"Haz tu definici\u00f3n personal A\u00f1ade tu propia foto Personalizar en 3 sencillos pasos Elija una plantilla o sea creativo Ve el resultado de inmediato: la vista previa interactiva te permite perfeccionar cada detalle\" \/>\n<meta property=\"og:url\" content=\"https:\/\/positiveprints.com\/es\/producto\/poster-de-definicion-de-novia\/\" \/>\n<meta property=\"og:site_name\" content=\"Positive Prints\" \/>\n<meta property=\"article:publisher\" content=\"https:\/\/www.facebook.com\/positiveprintscom\" \/>\n<meta property=\"article:modified_time\" content=\"2026-04-12T19:52:56+00:00\" \/>\n<meta property=\"og:image\" content=\"https:\/\/positiveprints.com\/wp-content\/uploads\/2024\/07\/Cartel-Definicio\u0301n-Esposa.jpg\" \/>\n\t<meta property=\"og:image:width\" content=\"1080\" \/>\n\t<meta property=\"og:image:height\" content=\"1080\" \/>\n\t<meta property=\"og:image:type\" content=\"image\/jpeg\" \/>\n<meta name=\"twitter:card\" content=\"summary_large_image\" \/>\n<meta name=\"twitter:label1\" content=\"Tiempo de lectura\" \/>\n\t<meta name=\"twitter:data1\" content=\"2 minutos\" \/>\n<!-- \/ Yoast SEO Premium plugin. -->","yoast_head_json":{"title":"P\u00f3ster de Definici\u00f3n de Novia - Positive Prints","description":"El P\u00f3ster Definici\u00f3n de Novia es una forma \u00fanica y sincera de mostrar tu aprecio y amor, por lo que es un regalo perfecto para cualquier ocasi\u00f3n.","robots":{"index":"index","follow":"follow","max-snippet":"max-snippet:-1","max-image-preview":"max-image-preview:large","max-video-preview":"max-video-preview:-1"},"canonical":"https:\/\/positiveprints.com\/es\/producto\/poster-de-definicion-de-novia\/","og_locale":"es_ES","og_type":"article","og_title":"P\u00f3ster de Definici\u00f3n de Novia","og_description":"Haz tu definici\u00f3n personal A\u00f1ade tu propia foto Personalizar en 3 sencillos pasos Elija una plantilla o sea creativo Ve el resultado de inmediato: la vista previa interactiva te permite perfeccionar cada detalle","og_url":"https:\/\/positiveprints.com\/es\/producto\/poster-de-definicion-de-novia\/","og_site_name":"Positive Prints","article_publisher":"https:\/\/www.facebook.com\/positiveprintscom","article_modified_time":"2026-04-12T19:52:56+00:00","og_image":[{"width":1080,"height":1080,"url":"https:\/\/positiveprints.com\/wp-content\/uploads\/2024\/07\/Cartel-Definicio\u0301n-Esposa.jpg","type":"image\/jpeg"}],"twitter_card":"summary_large_image","twitter_misc":{"Tiempo de lectura":"2 minutos"},"schema":{"@context":"https:\/\/schema.org","@graph":[{"@type":["WebPage","ItemPage"],"@id":"https:\/\/positiveprints.com\/es\/producto\/poster-de-definicion-de-novia\/","url":"https:\/\/positiveprints.com\/es\/producto\/poster-de-definicion-de-novia\/","name":"P\u00f3ster de Definici\u00f3n de Novia - Positive Prints","isPartOf":{"@id":"https:\/\/positiveprints.com\/es\/#website"},"primaryImageOfPage":{"@id":"https:\/\/positiveprints.com\/es\/producto\/poster-de-definicion-de-novia\/#primaryimage"},"image":{"@id":"https:\/\/positiveprints.com\/es\/producto\/poster-de-definicion-de-novia\/#primaryimage"},"thumbnailUrl":"https:\/\/positiveprints.com\/wp-content\/uploads\/2024\/07\/Cartel-Definicio\u0301n-Esposa.jpg","datePublished":"2024-06-17T06:29:34+00:00","dateModified":"2026-04-12T19:52:56+00:00","description":"El P\u00f3ster Definici\u00f3n de Novia es una forma \u00fanica y sincera de mostrar tu aprecio y amor, por lo que es un regalo perfecto para cualquier ocasi\u00f3n.","breadcrumb":{"@id":"https:\/\/positiveprints.com\/es\/producto\/poster-de-definicion-de-novia\/#breadcrumb"},"inLanguage":"es","potentialAction":[{"@type":"ReadAction","target":["https:\/\/positiveprints.com\/es\/producto\/poster-de-definicion-de-novia\/"]}]},{"@type":"ImageObject","inLanguage":"es","@id":"https:\/\/positiveprints.com\/es\/producto\/poster-de-definicion-de-novia\/#primaryimage","url":"https:\/\/positiveprints.com\/wp-content\/uploads\/2024\/07\/Cartel-Definicio\u0301n-Esposa.jpg","contentUrl":"https:\/\/positiveprints.com\/wp-content\/uploads\/2024\/07\/Cartel-Definicio\u0301n-Esposa.jpg","width":1080,"height":1080},{"@type":"BreadcrumbList","@id":"https:\/\/positiveprints.com\/es\/producto\/poster-de-definicion-de-novia\/#breadcrumb","itemListElement":[{"@type":"ListItem","position":1,"name":"CASA","item":"https:\/\/positiveprints.com\/es\/"},{"@type":"ListItem","position":2,"name":"Productos","item":"https:\/\/positiveprints.com\/es\/shop\/"},{"@type":"ListItem","position":3,"name":"P\u00f3ster de Definici\u00f3n de Novia"}]},{"@type":"WebSite","@id":"https:\/\/positiveprints.com\/es\/#website","url":"https:\/\/positiveprints.com\/es\/","name":"Positive Prints","description":"Custom Gifts for Special Occasions","publisher":{"@id":"https:\/\/positiveprints.com\/es\/#organization"},"potentialAction":[{"@type":"SearchAction","target":{"@type":"EntryPoint","urlTemplate":"https:\/\/positiveprints.com\/es\/?s={search_term_string}"},"query-input":{"@type":"PropertyValueSpecification","valueRequired":true,"valueName":"search_term_string"}}],"inLanguage":"es"},{"@type":"Organization","@id":"https:\/\/positiveprints.com\/es\/#organization","name":"Positive Prints","alternateName":"Positive Prints","url":"https:\/\/positiveprints.com\/es\/","logo":{"@type":"ImageObject","inLanguage":"es","@id":"https:\/\/positiveprints.com\/es\/#\/schema\/logo\/image\/","url":"https:\/\/positiveprints.com\/wp-content\/uploads\/2026\/03\/245815646_1337939713319158_5671353136411139666_n.png","contentUrl":"https:\/\/positiveprints.com\/wp-content\/uploads\/2026\/03\/245815646_1337939713319158_5671353136411139666_n.png","width":800,"height":800,"caption":"Positive Prints"},"image":{"@id":"https:\/\/positiveprints.com\/es\/#\/schema\/logo\/image\/"},"sameAs":["https:\/\/www.facebook.com\/positiveprintscom","https:\/\/www.instagram.com\/positiveprintscom\/","https:\/\/www.tiktok.com\/@positiveprintscom","https:\/\/www.pinterest.com\/positiveprintscom\/"]}]}},"jetpack_sharing_enabled":true,"_links":{"self":[{"href":"https:\/\/positiveprints.com\/es\/wp-json\/wp\/v2\/product\/1145205","targetHints":{"allow":["GET"]}}],"collection":[{"href":"https:\/\/positiveprints.com\/es\/wp-json\/wp\/v2\/product"}],"about":[{"href":"https:\/\/positiveprints.com\/es\/wp-json\/wp\/v2\/types\/product"}],"wp:featuredmedia":[{"embeddable":true,"href":"https:\/\/positiveprints.com\/es\/wp-json\/wp\/v2\/media\/1154049"}],"wp:attachment":[{"href":"https:\/\/positiveprints.com\/es\/wp-json\/wp\/v2\/media?parent=1145205"}],"wp:term":[{"taxonomy":"product_brand","embeddable":true,"href":"https:\/\/positiveprints.com\/es\/wp-json\/wp\/v2\/product_brand?post=1145205"},{"taxonomy":"product_cat","embeddable":true,"href":"https:\/\/positiveprints.com\/es\/wp-json\/wp\/v2\/product_cat?post=1145205"},{"taxonomy":"product_tag","embeddable":true,"href":"https:\/\/positiveprints.com\/es\/wp-json\/wp\/v2\/product_tag?post=1145205"}],"curies":[{"name":"wp","href":"https:\/\/api.w.org\/{rel}","templated":true}]}}