{"id":1137310,"date":"2024-06-18T11:07:19","date_gmt":"2024-06-18T10:07:19","guid":{"rendered":"https:\/\/positiveprints.com\/product\/mapa-de-casas-nuevas-con-foto\/"},"modified":"2026-04-28T13:47:01","modified_gmt":"2026-04-28T12:47:01","slug":"nuevo-mapa-de-la-casa-con-foto","status":"publish","type":"product","link":"https:\/\/positiveprints.com\/es\/producto\/nuevo-mapa-de-la-casa-con-foto\/","title":{"rendered":"Mapa de casas nuevas con foto"},"content":{"rendered":"<p>Celebra la alegr\u00eda de mudarte a un nuevo hogar con nuestro Mapa de Nuevo Hogar con Foto. Esta impresi\u00f3n personalizada incluye un mapa detallado que destaca la ubicaci\u00f3n exacta de la nueva casa y el vecindario circundante, un marcador en forma de coraz\u00f3n para se\u00f1alar el lugar, una foto de los nuevos propietarios y un mensaje personalizado debajo del mapa y la foto.<\/p>\r\n\r\n<h2>Crea el mapa de tu nueva casa con foto<\/h2>\r\n\r\n<p>Nuestro creador online hace que la personalizaci\u00f3n sea sencilla y divertida. Elige la forma y los colores del mapa, seleccionando entre los esquemas de color predefinidos o experimentando con tus propias opciones. Introduce la nueva direcci\u00f3n, acerca y aleja el zoom para obtener la vista perfecta, y a\u00f1ade un marcador en forma de coraz\u00f3n para se\u00f1alar el lugar exacto. Sube una foto bonita y a\u00f1ade un mensaje significativo como &#8220;Nuevo hogar&#8221;.<\/p>\r\n\r\n<p>Elige entre varios formatos: p\u00f3ster impreso o enmarcado, lienzo o archivo digital. Sea cual sea el formato, tu mapa personalizado tendr\u00e1 un aspecto impresionante y servir\u00e1 como recuerdo entra\u00f1able de su nuevo comienzo.<\/p>\r\n\r\n<h2>Regalo perfecto para ocasiones especiales<\/h2>\r\n\r\n<p>El Mapa del nuevo hogar con foto es un regalo de inauguraci\u00f3n \u00fanico y atento. Celebra su nuevo viaje y el lugar que ahora llaman hogar con un mapa personalizado que capte la esencia de su nuevo barrio.<\/p>\r\n\r\n<p>Imagina el deleite en sus caras cuando vean este mapa bellamente elaborado, marcando el lugar de su nuevo hogar. La foto a\u00f1adida y el mensaje personal hacen que este regalo sea realmente \u00fanico, demostrando lo mucho que te importa su nueva etapa en la vida. Ya sea para una fiesta de inauguraci\u00f3n o simplemente para celebrar su mudanza, este regalo evocar\u00e1 emociones sinceras y se convertir\u00e1 en un preciado recuerdo.<\/p>\r\n\r\n<h2>\u00bfPor qu\u00e9 elegir nuestro Mapa de casas nuevas con foto?<\/h2>\r\n\r\n<p>Crear su mapa es r\u00e1pido y f\u00e1cil. Visita nuestro sitio web, utiliza el editor en l\u00ednea para personalizar la impresi\u00f3n y haz tu pedido. Nosotros nos encargamos del resto, asegur\u00e1ndonos de que la impresi\u00f3n se elabora con esmero y se entrega puntualmente.<\/p>","protected":false},"excerpt":{"rendered":"<ul class=\"check-list\">\n<li>Captura el momento especial con un mapa y una foto personalizados, se\u00f1alando la ubicaci\u00f3n exacta de los recuerdos m\u00e1s preciados<\/li>\n<li>Marcar un lugar especial con un s\u00edmbolo elegido<\/li>\n<li>Incluye un texto personalizado significativo<\/li>\n<li>Personalizar en 3 sencillos pasos<\/li>\n<li>Ve el resultado de inmediato: la vista previa interactiva te permite perfeccionar cada detalle<\/li>\n<\/ul>\n","protected":false},"featured_media":1465785,"template":"","meta":[],"product_brand":[],"product_cat":[8986,106,7195,5293,8012,7693],"product_tag":[14919],"class_list":{"0":"post-1137310","1":"product","2":"type-product","3":"status-publish","4":"has-post-thumbnail","6":"product_cat-nuevo","7":"product_cat-todos-los-productos","8":"product_cat-map-es","9":"product_cat-regalos-para-mudanzas","10":"product_cat-regalos-para-hombres","11":"product_cat-regalos-para-mujeres","12":"product_tag-housewarming-es-2","14":"first","15":"instock","16":"sale","17":"taxable","18":"shipping-taxable","19":"purchasable","20":"product-type-variable"},"yoast_head":"<!-- This site is optimized with the Yoast SEO Premium plugin v27.2 (Yoast SEO v27.2) - https:\/\/yoast.com\/product\/yoast-seo-premium-wordpress\/ -->\n<title>Mapa de casa nueva con foto - Positive Prints<\/title>\n<meta name=\"description\" content=\"El Mapa del nuevo hogar con foto es un regalo de inauguraci\u00f3n \u00fanico y atento. Celebra su nuevo viaje y el lugar que ahora llaman hogar.\" \/>\n<meta name=\"robots\" content=\"index, follow, max-snippet:-1, max-image-preview:large, max-video-preview:-1\" \/>\n<link rel=\"canonical\" href=\"https:\/\/positiveprints.com\/es\/producto\/nuevo-mapa-de-la-casa-con-foto\/\" \/>\n<meta property=\"og:locale\" content=\"es_ES\" \/>\n<meta property=\"og:type\" content=\"article\" \/>\n<meta property=\"og:title\" content=\"Mapa de casas nuevas con foto\" \/>\n<meta property=\"og:description\" content=\"Captura el momento especial con un mapa y una foto personalizados, se\u00f1alando la ubicaci\u00f3n exacta de los recuerdos m\u00e1s preciados Marcar un lugar especial con un s\u00edmbolo elegido Incluye un texto personalizado significativo Personalizar en 3 sencillos pasos Ve el resultado de inmediato: la vista previa interactiva te permite perfeccionar cada detalle\" \/>\n<meta property=\"og:url\" content=\"https:\/\/positiveprints.com\/es\/producto\/nuevo-mapa-de-la-casa-con-foto\/\" \/>\n<meta property=\"og:site_name\" content=\"Positive Prints\" \/>\n<meta property=\"article:publisher\" content=\"https:\/\/www.facebook.com\/positiveprintscom\" \/>\n<meta property=\"article:modified_time\" content=\"2026-04-28T12:47:01+00:00\" \/>\n<meta property=\"og:image\" content=\"https:\/\/positiveprints.com\/wp-content\/uploads\/2024\/07\/Mapa-de-casas-nuevas-con-foto.jpg\" \/>\n\t<meta property=\"og:image:width\" content=\"1080\" \/>\n\t<meta property=\"og:image:height\" content=\"1080\" \/>\n\t<meta property=\"og:image:type\" content=\"image\/jpeg\" \/>\n<meta name=\"twitter:card\" content=\"summary_large_image\" \/>\n<!-- \/ Yoast SEO Premium plugin. -->","yoast_head_json":{"title":"Mapa de casa nueva con foto - Positive Prints","description":"El Mapa del nuevo hogar con foto es un regalo de inauguraci\u00f3n \u00fanico y atento. Celebra su nuevo viaje y el lugar que ahora llaman hogar.","robots":{"index":"index","follow":"follow","max-snippet":"max-snippet:-1","max-image-preview":"max-image-preview:large","max-video-preview":"max-video-preview:-1"},"canonical":"https:\/\/positiveprints.com\/es\/producto\/nuevo-mapa-de-la-casa-con-foto\/","og_locale":"es_ES","og_type":"article","og_title":"Mapa de casas nuevas con foto","og_description":"Captura el momento especial con un mapa y una foto personalizados, se\u00f1alando la ubicaci\u00f3n exacta de los recuerdos m\u00e1s preciados Marcar un lugar especial con un s\u00edmbolo elegido Incluye un texto personalizado significativo Personalizar en 3 sencillos pasos Ve el resultado de inmediato: la vista previa interactiva te permite perfeccionar cada detalle","og_url":"https:\/\/positiveprints.com\/es\/producto\/nuevo-mapa-de-la-casa-con-foto\/","og_site_name":"Positive Prints","article_publisher":"https:\/\/www.facebook.com\/positiveprintscom","article_modified_time":"2026-04-28T12:47:01+00:00","og_image":[{"width":1080,"height":1080,"url":"https:\/\/positiveprints.com\/wp-content\/uploads\/2024\/07\/Mapa-de-casas-nuevas-con-foto.jpg","type":"image\/jpeg"}],"twitter_card":"summary_large_image","schema":{"@context":"https:\/\/schema.org","@graph":[{"@type":["WebPage","ItemPage"],"@id":"https:\/\/positiveprints.com\/es\/producto\/nuevo-mapa-de-la-casa-con-foto\/","url":"https:\/\/positiveprints.com\/es\/producto\/nuevo-mapa-de-la-casa-con-foto\/","name":"Mapa de casa nueva con foto - Positive Prints","isPartOf":{"@id":"https:\/\/positiveprints.com\/es\/#website"},"primaryImageOfPage":{"@id":"https:\/\/positiveprints.com\/es\/producto\/nuevo-mapa-de-la-casa-con-foto\/#primaryimage"},"image":{"@id":"https:\/\/positiveprints.com\/es\/producto\/nuevo-mapa-de-la-casa-con-foto\/#primaryimage"},"thumbnailUrl":"https:\/\/positiveprints.com\/wp-content\/uploads\/2025\/06\/Packshot_ES_Mapa-de-casas-nuevas-con-foto.webp","datePublished":"2024-06-18T10:07:19+00:00","dateModified":"2026-04-28T12:47:01+00:00","description":"El Mapa del nuevo hogar con foto es un regalo de inauguraci\u00f3n \u00fanico y atento. Celebra su nuevo viaje y el lugar que ahora llaman hogar.","breadcrumb":{"@id":"https:\/\/positiveprints.com\/es\/producto\/nuevo-mapa-de-la-casa-con-foto\/#breadcrumb"},"inLanguage":"es","potentialAction":[{"@type":"ReadAction","target":["https:\/\/positiveprints.com\/es\/producto\/nuevo-mapa-de-la-casa-con-foto\/"]}]},{"@type":"ImageObject","inLanguage":"es","@id":"https:\/\/positiveprints.com\/es\/producto\/nuevo-mapa-de-la-casa-con-foto\/#primaryimage","url":"https:\/\/positiveprints.com\/wp-content\/uploads\/2025\/06\/Packshot_ES_Mapa-de-casas-nuevas-con-foto.webp","contentUrl":"https:\/\/positiveprints.com\/wp-content\/uploads\/2025\/06\/Packshot_ES_Mapa-de-casas-nuevas-con-foto.webp","width":1450,"height":1450},{"@type":"BreadcrumbList","@id":"https:\/\/positiveprints.com\/es\/producto\/nuevo-mapa-de-la-casa-con-foto\/#breadcrumb","itemListElement":[{"@type":"ListItem","position":1,"name":"CASA","item":"https:\/\/positiveprints.com\/es\/"},{"@type":"ListItem","position":2,"name":"Productos","item":"https:\/\/positiveprints.com\/es\/shop\/"},{"@type":"ListItem","position":3,"name":"Mapa de casas nuevas con foto"}]},{"@type":"WebSite","@id":"https:\/\/positiveprints.com\/es\/#website","url":"https:\/\/positiveprints.com\/es\/","name":"Positive Prints","description":"Custom Gifts for Special Occasions","publisher":{"@id":"https:\/\/positiveprints.com\/es\/#organization"},"potentialAction":[{"@type":"SearchAction","target":{"@type":"EntryPoint","urlTemplate":"https:\/\/positiveprints.com\/es\/?s={search_term_string}"},"query-input":{"@type":"PropertyValueSpecification","valueRequired":true,"valueName":"search_term_string"}}],"inLanguage":"es"},{"@type":"Organization","@id":"https:\/\/positiveprints.com\/es\/#organization","name":"Positive Prints","alternateName":"Positive Prints ","url":"https:\/\/positiveprints.com\/es\/","logo":{"@type":"ImageObject","inLanguage":"es","@id":"https:\/\/positiveprints.com\/es\/#\/schema\/logo\/image\/","url":"https:\/\/positiveprints.com\/wp-content\/uploads\/2026\/03\/245815646_1337939713319158_5671353136411139666_n.png","contentUrl":"https:\/\/positiveprints.com\/wp-content\/uploads\/2026\/03\/245815646_1337939713319158_5671353136411139666_n.png","width":800,"height":800,"caption":"Positive Prints"},"image":{"@id":"https:\/\/positiveprints.com\/es\/#\/schema\/logo\/image\/"},"sameAs":["https:\/\/www.facebook.com\/positiveprintscom","https:\/\/www.instagram.com\/positiveprintscom\/","https:\/\/www.tiktok.com\/@positiveprintscom","https:\/\/www.pinterest.com\/positiveprintscom\/"]}]}},"jetpack_sharing_enabled":true,"_links":{"self":[{"href":"https:\/\/positiveprints.com\/es\/wp-json\/wp\/v2\/product\/1137310","targetHints":{"allow":["GET"]}}],"collection":[{"href":"https:\/\/positiveprints.com\/es\/wp-json\/wp\/v2\/product"}],"about":[{"href":"https:\/\/positiveprints.com\/es\/wp-json\/wp\/v2\/types\/product"}],"wp:featuredmedia":[{"embeddable":true,"href":"https:\/\/positiveprints.com\/es\/wp-json\/wp\/v2\/media\/1465785"}],"wp:attachment":[{"href":"https:\/\/positiveprints.com\/es\/wp-json\/wp\/v2\/media?parent=1137310"}],"wp:term":[{"taxonomy":"product_brand","embeddable":true,"href":"https:\/\/positiveprints.com\/es\/wp-json\/wp\/v2\/product_brand?post=1137310"},{"taxonomy":"product_cat","embeddable":true,"href":"https:\/\/positiveprints.com\/es\/wp-json\/wp\/v2\/product_cat?post=1137310"},{"taxonomy":"product_tag","embeddable":true,"href":"https:\/\/positiveprints.com\/es\/wp-json\/wp\/v2\/product_tag?post=1137310"}],"curies":[{"name":"wp","href":"https:\/\/api.w.org\/{rel}","templated":true}]}}