{"id":1137305,"date":"2024-06-18T10:49:11","date_gmt":"2024-06-18T09:49:11","guid":{"rendered":"https:\/\/positiveprints.com\/product\/mapa-de-compromiso-con-foto\/"},"modified":"2026-04-12T20:49:56","modified_gmt":"2026-04-12T19:49:56","slug":"mapa-de-compromiso-con-fotos","status":"publish","type":"product","link":"https:\/\/positiveprints.com\/es\/producto\/mapa-de-compromiso-con-fotos\/","title":{"rendered":"Mapa de compromiso con foto"},"content":{"rendered":"<p>Celebra el lugar donde tus amigos se comprometieron con nuestro Mapa de compromiso con foto. Esta impresi\u00f3n personalizada destaca el lugar exacto de su compromiso, con un mapa detallado, un marcador en forma de coraz\u00f3n para se\u00f1alar el lugar, una foto de los novios y un mensaje personalizado debajo del mapa y la foto.<\/p>\r\n\r\n<h2>Crea tu mapa de compromiso con fotos<\/h2>\r\n\r\n<p>Nuestro creador online simplifica la personalizaci\u00f3n. Elige la forma y los colores del mapa, seleccionando entre los esquemas de color predefinidos o experimentando con tus propias opciones. Entra en el lugar especial, acerca y aleja el zoom para obtener la vista perfecta, y a\u00f1ade un marcador en forma de coraz\u00f3n para se\u00f1alar el punto exacto. Sube una bonita foto de la pareja prometida y a\u00f1ade un mensaje significativo como &#8220;Compromiso&#8221;.<\/p>\r\n\r\n<p>Elige entre varios formatos: p\u00f3ster impreso o enmarcado, lienzo o archivo digital. Sea cual sea el formato, tu mapa personalizado tendr\u00e1 un aspecto impresionante y servir\u00e1 como recuerdo entra\u00f1able de su momento especial.<\/p>\r\n\r\n<h2>Regalo perfecto para ocasiones especiales<\/h2>\r\n\r\n<p>El Mapa de compromiso con foto es un regalo \u00fanico y considerado para los compromisos, perfecto para celebrar el hito especial de tus amigos. Haz un regalo que capte la esencia de su historia de amor y el lugar donde comenz\u00f3 su viaje hacia el matrimonio.<\/p>\r\n\r\n<p>Imagina la alegr\u00eda en sus caras cuando vean este mapa bellamente elaborado, marcando el lugar donde tuvo lugar su compromiso. La foto a\u00f1adida y el mensaje personal hacen que este regalo sea realmente \u00fanico, demostrando lo mucho que valoras su momento especial. Ya sea para una fiesta de compromiso o simplemente para celebrar su amor, este regalo evocar\u00e1 emociones sinceras y se convertir\u00e1 en un preciado recuerdo.<\/p>\r\n\r\n<h2>\u00bfPor qu\u00e9 elegir nuestro Mapa de compromiso con foto?<\/h2>\r\n\r\n<p>Crear su mapa es r\u00e1pido y f\u00e1cil. Visita nuestro sitio web, utiliza el editor en l\u00ednea para personalizar la impresi\u00f3n y haz tu pedido. Nosotros nos encargamos del resto, asegur\u00e1ndonos de que la impresi\u00f3n se elabora con esmero y se entrega puntualmente.<\/p>","protected":false},"excerpt":{"rendered":"<ul class=\"check-list\">\n<li>Marcar un lugar especial con un s\u00edmbolo elegido<\/li>\n<li>Incluye un texto personalizado significativo<\/li>\n<li>Personalizar en 3 sencillos pasos<\/li>\n<li>Ve el resultado de inmediato: la vista previa interactiva te permite perfeccionar cada detalle<\/li>\n<\/ul>\n","protected":false},"featured_media":1213430,"template":"","meta":[],"product_brand":[],"product_cat":[106,7195,5277],"product_tag":[8440],"class_list":{"0":"post-1137305","1":"product","2":"type-product","3":"status-publish","4":"has-post-thumbnail","6":"product_cat-todos-los-productos","7":"product_cat-map-es","8":"product_cat-regalos-de-compromiso","9":"product_tag-compromiso","11":"first","12":"instock","13":"sale","14":"taxable","15":"shipping-taxable","16":"purchasable","17":"product-type-variable"},"yoast_head":"<!-- This site is optimized with the Yoast SEO Premium plugin v27.2 (Yoast SEO v27.2) - https:\/\/yoast.com\/product\/yoast-seo-premium-wordpress\/ -->\n<title>Mapa de compromiso con foto - Positive Prints<\/title>\n<meta name=\"description\" content=\"El Mapa de compromiso con foto es un regalo \u00fanico y considerado para los compromisos, perfecto para celebrar el hito especial de tus amigos.\" \/>\n<meta name=\"robots\" content=\"index, follow, max-snippet:-1, max-image-preview:large, max-video-preview:-1\" \/>\n<link rel=\"canonical\" href=\"https:\/\/positiveprints.com\/es\/producto\/mapa-de-compromiso-con-fotos\/\" \/>\n<meta property=\"og:locale\" content=\"es_ES\" \/>\n<meta property=\"og:type\" content=\"article\" \/>\n<meta property=\"og:title\" content=\"Mapa de compromiso con foto\" \/>\n<meta property=\"og:description\" content=\"Marcar un lugar especial con un s\u00edmbolo elegido  Incluye un texto personalizado significativo  Personalizar en 3 sencillos pasos  Ve el resultado de inmediato: la vista previa interactiva te permite perfeccionar cada detalle\" \/>\n<meta property=\"og:url\" content=\"https:\/\/positiveprints.com\/es\/producto\/mapa-de-compromiso-con-fotos\/\" \/>\n<meta property=\"og:site_name\" content=\"Positive Prints\" \/>\n<meta property=\"article:publisher\" content=\"https:\/\/www.facebook.com\/positiveprintscom\" \/>\n<meta property=\"article:modified_time\" content=\"2026-04-12T19:49:56+00:00\" \/>\n<meta property=\"og:image\" content=\"https:\/\/positiveprints.com\/wp-content\/uploads\/2024\/10\/Packshot_ES_engagement-map-with-photo-product-image.webp\" \/>\n\t<meta property=\"og:image:width\" content=\"1450\" \/>\n\t<meta property=\"og:image:height\" content=\"1450\" \/>\n\t<meta property=\"og:image:type\" content=\"image\/webp\" \/>\n<meta name=\"twitter:card\" content=\"summary_large_image\" \/>\n<meta name=\"twitter:label1\" content=\"Tiempo de lectura\" \/>\n\t<meta name=\"twitter:data1\" content=\"2 minutos\" \/>\n<!-- \/ Yoast SEO Premium plugin. -->","yoast_head_json":{"title":"Mapa de compromiso con foto - Positive Prints","description":"El Mapa de compromiso con foto es un regalo \u00fanico y considerado para los compromisos, perfecto para celebrar el hito especial de tus amigos.","robots":{"index":"index","follow":"follow","max-snippet":"max-snippet:-1","max-image-preview":"max-image-preview:large","max-video-preview":"max-video-preview:-1"},"canonical":"https:\/\/positiveprints.com\/es\/producto\/mapa-de-compromiso-con-fotos\/","og_locale":"es_ES","og_type":"article","og_title":"Mapa de compromiso con foto","og_description":"Marcar un lugar especial con un s\u00edmbolo elegido  Incluye un texto personalizado significativo  Personalizar en 3 sencillos pasos  Ve el resultado de inmediato: la vista previa interactiva te permite perfeccionar cada detalle","og_url":"https:\/\/positiveprints.com\/es\/producto\/mapa-de-compromiso-con-fotos\/","og_site_name":"Positive Prints","article_publisher":"https:\/\/www.facebook.com\/positiveprintscom","article_modified_time":"2026-04-12T19:49:56+00:00","og_image":[{"width":1450,"height":1450,"url":"https:\/\/positiveprints.com\/wp-content\/uploads\/2024\/10\/Packshot_ES_engagement-map-with-photo-product-image.webp","type":"image\/webp"}],"twitter_card":"summary_large_image","twitter_misc":{"Tiempo de lectura":"2 minutos"},"schema":{"@context":"https:\/\/schema.org","@graph":[{"@type":["WebPage","ItemPage"],"@id":"https:\/\/positiveprints.com\/es\/producto\/mapa-de-compromiso-con-fotos\/","url":"https:\/\/positiveprints.com\/es\/producto\/mapa-de-compromiso-con-fotos\/","name":"Mapa de compromiso con foto - Positive Prints","isPartOf":{"@id":"https:\/\/positiveprints.com\/es\/#website"},"primaryImageOfPage":{"@id":"https:\/\/positiveprints.com\/es\/producto\/mapa-de-compromiso-con-fotos\/#primaryimage"},"image":{"@id":"https:\/\/positiveprints.com\/es\/producto\/mapa-de-compromiso-con-fotos\/#primaryimage"},"thumbnailUrl":"https:\/\/positiveprints.com\/wp-content\/uploads\/2024\/10\/Packshot_ES_engagement-map-with-photo-product-image.webp","datePublished":"2024-06-18T09:49:11+00:00","dateModified":"2026-04-12T19:49:56+00:00","description":"El Mapa de compromiso con foto es un regalo \u00fanico y considerado para los compromisos, perfecto para celebrar el hito especial de tus amigos.","breadcrumb":{"@id":"https:\/\/positiveprints.com\/es\/producto\/mapa-de-compromiso-con-fotos\/#breadcrumb"},"inLanguage":"es","potentialAction":[{"@type":"ReadAction","target":["https:\/\/positiveprints.com\/es\/producto\/mapa-de-compromiso-con-fotos\/"]}]},{"@type":"ImageObject","inLanguage":"es","@id":"https:\/\/positiveprints.com\/es\/producto\/mapa-de-compromiso-con-fotos\/#primaryimage","url":"https:\/\/positiveprints.com\/wp-content\/uploads\/2024\/10\/Packshot_ES_engagement-map-with-photo-product-image.webp","contentUrl":"https:\/\/positiveprints.com\/wp-content\/uploads\/2024\/10\/Packshot_ES_engagement-map-with-photo-product-image.webp","width":1450,"height":1450},{"@type":"BreadcrumbList","@id":"https:\/\/positiveprints.com\/es\/producto\/mapa-de-compromiso-con-fotos\/#breadcrumb","itemListElement":[{"@type":"ListItem","position":1,"name":"CASA","item":"https:\/\/positiveprints.com\/es\/"},{"@type":"ListItem","position":2,"name":"Productos","item":"https:\/\/positiveprints.com\/es\/shop\/"},{"@type":"ListItem","position":3,"name":"Mapa de compromiso con foto"}]},{"@type":"WebSite","@id":"https:\/\/positiveprints.com\/es\/#website","url":"https:\/\/positiveprints.com\/es\/","name":"Positive Prints","description":"Custom Gifts for Special Occasions","publisher":{"@id":"https:\/\/positiveprints.com\/es\/#organization"},"potentialAction":[{"@type":"SearchAction","target":{"@type":"EntryPoint","urlTemplate":"https:\/\/positiveprints.com\/es\/?s={search_term_string}"},"query-input":{"@type":"PropertyValueSpecification","valueRequired":true,"valueName":"search_term_string"}}],"inLanguage":"es"},{"@type":"Organization","@id":"https:\/\/positiveprints.com\/es\/#organization","name":"Positive Prints","alternateName":"Positive Prints","url":"https:\/\/positiveprints.com\/es\/","logo":{"@type":"ImageObject","inLanguage":"es","@id":"https:\/\/positiveprints.com\/es\/#\/schema\/logo\/image\/","url":"https:\/\/positiveprints.com\/wp-content\/uploads\/2026\/03\/245815646_1337939713319158_5671353136411139666_n.png","contentUrl":"https:\/\/positiveprints.com\/wp-content\/uploads\/2026\/03\/245815646_1337939713319158_5671353136411139666_n.png","width":800,"height":800,"caption":"Positive Prints"},"image":{"@id":"https:\/\/positiveprints.com\/es\/#\/schema\/logo\/image\/"},"sameAs":["https:\/\/www.facebook.com\/positiveprintscom","https:\/\/www.instagram.com\/positiveprintscom\/","https:\/\/www.tiktok.com\/@positiveprintscom","https:\/\/www.pinterest.com\/positiveprintscom\/"]}]}},"jetpack_sharing_enabled":true,"_links":{"self":[{"href":"https:\/\/positiveprints.com\/es\/wp-json\/wp\/v2\/product\/1137305","targetHints":{"allow":["GET"]}}],"collection":[{"href":"https:\/\/positiveprints.com\/es\/wp-json\/wp\/v2\/product"}],"about":[{"href":"https:\/\/positiveprints.com\/es\/wp-json\/wp\/v2\/types\/product"}],"wp:featuredmedia":[{"embeddable":true,"href":"https:\/\/positiveprints.com\/es\/wp-json\/wp\/v2\/media\/1213430"}],"wp:attachment":[{"href":"https:\/\/positiveprints.com\/es\/wp-json\/wp\/v2\/media?parent=1137305"}],"wp:term":[{"taxonomy":"product_brand","embeddable":true,"href":"https:\/\/positiveprints.com\/es\/wp-json\/wp\/v2\/product_brand?post=1137305"},{"taxonomy":"product_cat","embeddable":true,"href":"https:\/\/positiveprints.com\/es\/wp-json\/wp\/v2\/product_cat?post=1137305"},{"taxonomy":"product_tag","embeddable":true,"href":"https:\/\/positiveprints.com\/es\/wp-json\/wp\/v2\/product_tag?post=1137305"}],"curies":[{"name":"wp","href":"https:\/\/api.w.org\/{rel}","templated":true}]}}