{"id":1137287,"date":"2024-06-18T10:34:58","date_gmt":"2024-06-27T14:06:43","guid":{"rendered":"https:\/\/positiveprints.com\/product\/mapa-de-nuestra-primera-cita-con-foto\/"},"modified":"2026-04-12T20:50:04","modified_gmt":"2026-04-12T19:50:04","slug":"nuestra-primera-fecha-mapa-con-foto","status":"publish","type":"product","link":"https:\/\/positiveprints.com\/es\/producto\/nuestra-primera-fecha-mapa-con-foto\/","title":{"rendered":"Mapa de nuestra primera cita con foto"},"content":{"rendered":"<p>Celebra el lugar donde comenz\u00f3 vuestra historia de amor con nuestro Mapa de Nuestra Primera Cita con Foto. Esta impresi\u00f3n personalizada captura el lugar exacto de vuestra primera cita, con un mapa detallado, un marcador en forma de coraz\u00f3n para se\u00f1alar el lugar, tu foto y un mensaje personalizado debajo del mapa y la foto.<\/p>\r\n\r\n<h2>Crea tu mapa de nuestra primera cita con foto<\/h2>\r\n\r\n<p>Nuestro creador online hace que la personalizaci\u00f3n sea pan comido. Elige la forma y los colores del mapa, seleccionando entre los esquemas de color predefinidos o experimentando con tus propias opciones de color. Entra en el lugar especial, acerca y aleja el zoom para obtener la vista perfecta, y a\u00f1ade un marcador en forma de coraz\u00f3n para se\u00f1alar el punto exacto. Sube tu foto favorita y a\u00f1ade un mensaje significativo como &#8220;Nuestra primera cita&#8221;.<\/p>\r\n\r\n<p>Elige entre varios formatos: p\u00f3ster impreso o enmarcado, lienzo o archivo digital. Sea cual sea el formato, tu mapa personalizado tendr\u00e1 un aspecto impresionante y servir\u00e1 como recuerdo entra\u00f1able de tu lugar especial.<\/p>\r\n\r\n<h2>Regalo perfecto para ocasiones especiales<\/h2>\r\n\r\n<p>El Mapa de Nuestra Primera Cita con Foto es un regalo \u00fanico y considerado para aniversarios, cumplea\u00f1os, San Valent\u00edn, bodas o cualquier ocasi\u00f3n especial. Celebra vuestro viaje juntos haciendo un regalo que capte la esencia de vuestra relaci\u00f3n.<\/p>\r\n\r\n<p>Imagina la alegr\u00eda en la cara de tu ser querido cuando vea este mapa bellamente elaborado, que marca el lugar donde tuvo lugar vuestra primera cita. La foto a\u00f1adida y el mensaje personal hacen que este regalo sea realmente \u00fanico, demostrando lo mucho que aprecias vuestros recuerdos compartidos. Ya sea para tu pareja, tus padres, tus amigos o tus hermanos, este regalo evocar\u00e1 emociones sinceras y se convertir\u00e1 en un preciado recuerdo.<\/p>\r\n\r\n<h2>\u00bfPor qu\u00e9 elegir nuestro Mapa de la primera cita con foto?<\/h2>\r\n\r\n<p>Crear tu mapa es r\u00e1pido y f\u00e1cil. Visita nuestro sitio web, utiliza el editor en l\u00ednea para personalizar tu impresi\u00f3n y haz tu pedido. Nosotros nos encargamos del resto, garantizando que tu impresi\u00f3n se elabore con esmero y se entregue puntualmente.<\/p>","protected":false},"excerpt":{"rendered":"<ul class=\"check-list\">\n<li>Captura el momento especial con un mapa y una foto personalizados, se\u00f1alando la ubicaci\u00f3n exacta de los recuerdos m\u00e1s preciados<\/li>\n<li>Marcar un lugar especial con un s\u00edmbolo elegido<\/li>\n<li>Incluye un texto personalizado significativo<\/li>\n<li>Personalizar en 3 sencillos pasos<\/li>\n<li>Ve el resultado de inmediato: la vista previa interactiva te permite perfeccionar cada detalle<\/li>\n<\/ul>\n","protected":false},"featured_media":1462038,"template":"","meta":[],"product_brand":[],"product_cat":[106,7195,8012,7693],"product_tag":[9092,14923],"class_list":{"0":"post-1137287","1":"product","2":"type-product","3":"status-publish","4":"has-post-thumbnail","6":"product_cat-todos-los-productos","7":"product_cat-map-es","8":"product_cat-regalos-para-hombres","9":"product_cat-regalos-para-mujeres","10":"product_tag-aniversario","11":"product_tag-anniversary-es","13":"first","14":"instock","15":"sale","16":"taxable","17":"shipping-taxable","18":"purchasable","19":"product-type-variable"},"yoast_head":"<!-- This site is optimized with the Yoast SEO Premium plugin v27.2 (Yoast SEO v27.2) - https:\/\/yoast.com\/product\/yoast-seo-premium-wordpress\/ -->\n<title>Mapa de nuestra primera cita con foto - Positive Prints<\/title>\n<meta name=\"description\" content=\"El Mapa de Nuestra Primera Cita con Foto es un regalo \u00fanico y considerado para aniversarios, cumplea\u00f1os, San Valent\u00edn, bodas o cualquier ocasi\u00f3n especial.\" \/>\n<meta name=\"robots\" content=\"index, follow, max-snippet:-1, max-image-preview:large, max-video-preview:-1\" \/>\n<link rel=\"canonical\" href=\"https:\/\/positiveprints.com\/es\/producto\/nuestra-primera-fecha-mapa-con-foto\/\" \/>\n<meta property=\"og:locale\" content=\"es_ES\" \/>\n<meta property=\"og:type\" content=\"article\" \/>\n<meta property=\"og:title\" content=\"Mapa de nuestra primera cita con foto\" \/>\n<meta property=\"og:description\" content=\"Captura el momento especial con un mapa y una foto personalizados, se\u00f1alando la ubicaci\u00f3n exacta de los recuerdos m\u00e1s preciados Marcar un lugar especial con un s\u00edmbolo elegido Incluye un texto personalizado significativo Personalizar en 3 sencillos pasos Ve el resultado de inmediato: la vista previa interactiva te permite perfeccionar cada detalle\" \/>\n<meta property=\"og:url\" content=\"https:\/\/positiveprints.com\/es\/producto\/nuestra-primera-fecha-mapa-con-foto\/\" \/>\n<meta property=\"og:site_name\" content=\"Positive Prints\" \/>\n<meta property=\"article:publisher\" content=\"https:\/\/www.facebook.com\/positiveprintscom\" \/>\n<meta property=\"article:modified_time\" content=\"2026-04-12T19:50:04+00:00\" \/>\n<meta property=\"og:image\" content=\"https:\/\/positiveprints.com\/wp-content\/uploads\/2024\/07\/Mapa-de-nuestra-primera-cita-con-foto.jpg\" \/>\n\t<meta property=\"og:image:width\" content=\"1080\" \/>\n\t<meta property=\"og:image:height\" content=\"1080\" \/>\n\t<meta property=\"og:image:type\" content=\"image\/jpeg\" \/>\n<meta name=\"twitter:card\" content=\"summary_large_image\" \/>\n<meta name=\"twitter:label1\" content=\"Tiempo de lectura\" \/>\n\t<meta name=\"twitter:data1\" content=\"2 minutos\" \/>\n<!-- \/ Yoast SEO Premium plugin. -->","yoast_head_json":{"title":"Mapa de nuestra primera cita con foto - Positive Prints","description":"El Mapa de Nuestra Primera Cita con Foto es un regalo \u00fanico y considerado para aniversarios, cumplea\u00f1os, San Valent\u00edn, bodas o cualquier ocasi\u00f3n especial.","robots":{"index":"index","follow":"follow","max-snippet":"max-snippet:-1","max-image-preview":"max-image-preview:large","max-video-preview":"max-video-preview:-1"},"canonical":"https:\/\/positiveprints.com\/es\/producto\/nuestra-primera-fecha-mapa-con-foto\/","og_locale":"es_ES","og_type":"article","og_title":"Mapa de nuestra primera cita con foto","og_description":"Captura el momento especial con un mapa y una foto personalizados, se\u00f1alando la ubicaci\u00f3n exacta de los recuerdos m\u00e1s preciados Marcar un lugar especial con un s\u00edmbolo elegido Incluye un texto personalizado significativo Personalizar en 3 sencillos pasos Ve el resultado de inmediato: la vista previa interactiva te permite perfeccionar cada detalle","og_url":"https:\/\/positiveprints.com\/es\/producto\/nuestra-primera-fecha-mapa-con-foto\/","og_site_name":"Positive Prints","article_publisher":"https:\/\/www.facebook.com\/positiveprintscom","article_modified_time":"2026-04-12T19:50:04+00:00","og_image":[{"width":1080,"height":1080,"url":"https:\/\/positiveprints.com\/wp-content\/uploads\/2024\/07\/Mapa-de-nuestra-primera-cita-con-foto.jpg","type":"image\/jpeg"}],"twitter_card":"summary_large_image","twitter_misc":{"Tiempo de lectura":"2 minutos"},"schema":{"@context":"https:\/\/schema.org","@graph":[{"@type":["WebPage","ItemPage"],"@id":"https:\/\/positiveprints.com\/es\/producto\/nuestra-primera-fecha-mapa-con-foto\/","url":"https:\/\/positiveprints.com\/es\/producto\/nuestra-primera-fecha-mapa-con-foto\/","name":"Mapa de nuestra primera cita con foto - Positive Prints","isPartOf":{"@id":"https:\/\/positiveprints.com\/es\/#website"},"primaryImageOfPage":{"@id":"https:\/\/positiveprints.com\/es\/producto\/nuestra-primera-fecha-mapa-con-foto\/#primaryimage"},"image":{"@id":"https:\/\/positiveprints.com\/es\/producto\/nuestra-primera-fecha-mapa-con-foto\/#primaryimage"},"thumbnailUrl":"https:\/\/positiveprints.com\/wp-content\/uploads\/2025\/06\/Packshot_ES_Mapa-de-nuestra-primera-cita-con-foto.webp","datePublished":"2024-06-27T14:06:43+00:00","dateModified":"2026-04-12T19:50:04+00:00","description":"El Mapa de Nuestra Primera Cita con Foto es un regalo \u00fanico y considerado para aniversarios, cumplea\u00f1os, San Valent\u00edn, bodas o cualquier ocasi\u00f3n especial.","breadcrumb":{"@id":"https:\/\/positiveprints.com\/es\/producto\/nuestra-primera-fecha-mapa-con-foto\/#breadcrumb"},"inLanguage":"es","potentialAction":[{"@type":"ReadAction","target":["https:\/\/positiveprints.com\/es\/producto\/nuestra-primera-fecha-mapa-con-foto\/"]}]},{"@type":"ImageObject","inLanguage":"es","@id":"https:\/\/positiveprints.com\/es\/producto\/nuestra-primera-fecha-mapa-con-foto\/#primaryimage","url":"https:\/\/positiveprints.com\/wp-content\/uploads\/2025\/06\/Packshot_ES_Mapa-de-nuestra-primera-cita-con-foto.webp","contentUrl":"https:\/\/positiveprints.com\/wp-content\/uploads\/2025\/06\/Packshot_ES_Mapa-de-nuestra-primera-cita-con-foto.webp","width":1450,"height":1450},{"@type":"BreadcrumbList","@id":"https:\/\/positiveprints.com\/es\/producto\/nuestra-primera-fecha-mapa-con-foto\/#breadcrumb","itemListElement":[{"@type":"ListItem","position":1,"name":"CASA","item":"https:\/\/positiveprints.com\/es\/"},{"@type":"ListItem","position":2,"name":"Productos","item":"https:\/\/positiveprints.com\/es\/shop\/"},{"@type":"ListItem","position":3,"name":"Mapa de nuestra primera cita con foto"}]},{"@type":"WebSite","@id":"https:\/\/positiveprints.com\/es\/#website","url":"https:\/\/positiveprints.com\/es\/","name":"Positive Prints","description":"Custom Gifts for Special Occasions","publisher":{"@id":"https:\/\/positiveprints.com\/es\/#organization"},"potentialAction":[{"@type":"SearchAction","target":{"@type":"EntryPoint","urlTemplate":"https:\/\/positiveprints.com\/es\/?s={search_term_string}"},"query-input":{"@type":"PropertyValueSpecification","valueRequired":true,"valueName":"search_term_string"}}],"inLanguage":"es"},{"@type":"Organization","@id":"https:\/\/positiveprints.com\/es\/#organization","name":"Positive Prints","alternateName":"Positive Prints","url":"https:\/\/positiveprints.com\/es\/","logo":{"@type":"ImageObject","inLanguage":"es","@id":"https:\/\/positiveprints.com\/es\/#\/schema\/logo\/image\/","url":"https:\/\/positiveprints.com\/wp-content\/uploads\/2026\/03\/245815646_1337939713319158_5671353136411139666_n.png","contentUrl":"https:\/\/positiveprints.com\/wp-content\/uploads\/2026\/03\/245815646_1337939713319158_5671353136411139666_n.png","width":800,"height":800,"caption":"Positive Prints"},"image":{"@id":"https:\/\/positiveprints.com\/es\/#\/schema\/logo\/image\/"},"sameAs":["https:\/\/www.facebook.com\/positiveprintscom","https:\/\/www.instagram.com\/positiveprintscom\/","https:\/\/www.tiktok.com\/@positiveprintscom","https:\/\/www.pinterest.com\/positiveprintscom\/"]}]}},"jetpack_sharing_enabled":true,"_links":{"self":[{"href":"https:\/\/positiveprints.com\/es\/wp-json\/wp\/v2\/product\/1137287","targetHints":{"allow":["GET"]}}],"collection":[{"href":"https:\/\/positiveprints.com\/es\/wp-json\/wp\/v2\/product"}],"about":[{"href":"https:\/\/positiveprints.com\/es\/wp-json\/wp\/v2\/types\/product"}],"wp:featuredmedia":[{"embeddable":true,"href":"https:\/\/positiveprints.com\/es\/wp-json\/wp\/v2\/media\/1462038"}],"wp:attachment":[{"href":"https:\/\/positiveprints.com\/es\/wp-json\/wp\/v2\/media?parent=1137287"}],"wp:term":[{"taxonomy":"product_brand","embeddable":true,"href":"https:\/\/positiveprints.com\/es\/wp-json\/wp\/v2\/product_brand?post=1137287"},{"taxonomy":"product_cat","embeddable":true,"href":"https:\/\/positiveprints.com\/es\/wp-json\/wp\/v2\/product_cat?post=1137287"},{"taxonomy":"product_tag","embeddable":true,"href":"https:\/\/positiveprints.com\/es\/wp-json\/wp\/v2\/product_tag?post=1137287"}],"curies":[{"name":"wp","href":"https:\/\/api.w.org\/{rel}","templated":true}]}}