{"id":1137279,"date":"2024-06-18T10:10:04","date_gmt":"2024-06-18T09:10:04","guid":{"rendered":"https:\/\/positiveprints.com\/product\/donde-nos-conocimos-mapa-con-foto\/"},"modified":"2026-04-28T13:47:43","modified_gmt":"2026-04-28T12:47:43","slug":"mapa-de-donde-todo-comenzo-con-foto","status":"publish","type":"product","link":"https:\/\/positiveprints.com\/es\/producto\/mapa-de-donde-todo-comenzo-con-foto\/","title":{"rendered":"Mapa de d\u00f3nde todo comenz\u00f3 con foto"},"content":{"rendered":"<p>Captura la magia del lugar donde comenz\u00f3 vuestra historia de amor con nuestro Mapa de d\u00f3nde todo comenz\u00f3 con foto. Esta impresi\u00f3n personalizada destaca el lugar exacto donde t\u00fa y tu ser querido os conocisteis por primera vez, con un mapa detallado, un marcador en forma de coraz\u00f3n para se\u00f1alar el lugar, tu foto y un mensaje personalizado debajo del mapa y la foto.<\/p>\r\n\r\n<h2>Crea tu mapa de D\u00f3nde todo comenz\u00f3 con foto<\/h2>\r\n\r\n<p>Nuestro creador online simplifica la personalizaci\u00f3n. Elige la forma y los colores del mapa, seleccionando entre esquemas de colores predefinidos o jugando t\u00fa mismo con los colores. Introduce la ubicaci\u00f3n, acerca y aleja el zoom para obtener la vista perfecta, y a\u00f1ade un marcador en forma de coraz\u00f3n para se\u00f1alar el lugar exacto. Sube tu foto favorita y a\u00f1ade un mensaje significativo como &#8220;D\u00f3nde nos conocimos&#8221;.<\/p>\r\n\r\n<p>Elige entre varios formatos: p\u00f3ster impreso o enmarcado, lienzo o archivo digital. Sea cual sea el formato, tu mapa personalizado tendr\u00e1 un aspecto impresionante y servir\u00e1 como recuerdo entra\u00f1able de tu lugar especial.<\/p>\r\n\r\n<h2>Regalo perfecto para ocasiones especiales<\/h2>\r\n\r\n<p>El Mapa de d\u00f3nde todo comenz\u00f3 con foto es un regalo \u00fanico y atento para aniversarios, cumplea\u00f1os, San Valent\u00edn, bodas o cualquier ocasi\u00f3n especial. Celebra vuestro viaje juntos haciendo un regalo que capte el coraz\u00f3n de vuestra relaci\u00f3n.<\/p>\r\n\r\n<p>Imagina el deleite en la cara de tu pareja cuando vea este hermoso mapa, que marca el lugar donde empez\u00f3 vuestra historia. La foto a\u00f1adida y el mensaje personal hacen que este regalo sea realmente \u00fanico, demostrando lo mucho que aprecias vuestros recuerdos compartidos. Ya sea para tu pareja, tus padres, tus amigos o tus hermanos, este regalo evocar\u00e1 emociones sinceras y se convertir\u00e1 en un preciado recuerdo.<\/p>\r\n\r\n<h2>\u00bfPor qu\u00e9 elegir nuestro Mapa de d\u00f3nde todo comenz\u00f3 con foto?<\/h2>\r\n\r\n<p>Crear tu mapa es r\u00e1pido y f\u00e1cil. Visita nuestro sitio web, utiliza el editor en l\u00ednea para personalizar tu impresi\u00f3n y haz tu pedido. Nosotros nos encargamos del resto, garantizando que tu impresi\u00f3n se elabore con esmero y se entregue puntualmente.<\/p>","protected":false},"excerpt":{"rendered":"<ul class=\"check-list\">\n<li>Marcar un lugar especial con el s\u00edmbolo que m\u00e1s te guste<\/li>\n<li>A\u00f1ade un mensaje personalizado para que\u00a0tu dise\u00f1o sea \u00fanico y especial<\/li>\n<li>Usa nuestro editor para personalizar tu dise\u00f1o en apenas tres pasos<\/li>\n<li>Visualiza tu dise\u00f1o de forma r\u00e1pida usando la vista previa interactiva<\/li>\n<\/ul>\n","protected":false},"featured_media":1214069,"template":"","meta":[],"product_brand":[],"product_cat":[5334,3128,7195,8189,8012,7757,7646,7789,7678,7693,7805,11189,11188,11187,11220,11219,106],"product_tag":[14923],"class_list":{"0":"post-1137279","1":"product","2":"type-product","3":"status-publish","4":"has-post-thumbnail","6":"product_cat-regalos-de-aniversario","7":"product_cat-regalos-de-cumpleanos","8":"product_cat-map-es","9":"product_cat-para-ella","10":"product_cat-regalos-para-hombres","11":"product_cat-regalos-para-mi-esposa","12":"product_cat-regalos-para-mi-esposo","13":"product_cat-regalos-para-mi-novia","14":"product_cat-regalos-para-mi-novio","15":"product_cat-regalos-para-mujeres","16":"product_cat-regalos-para-parejas","17":"product_cat-regalos-de-aniversario-para-el","18":"product_cat-regalos-de-aniversario-para-ella","19":"product_cat-regalos-de-aniversario-para-pareja","20":"product_cat-regalos-de-cumpleanos-para-hombres","21":"product_cat-regalos-de-cumpleanos-para-mujeres","22":"product_cat-todos-los-productos","23":"product_tag-anniversary-es","25":"first","26":"instock","27":"sale","28":"taxable","29":"shipping-taxable","30":"purchasable","31":"product-type-variable"},"yoast_head":"<!-- This site is optimized with the Yoast SEO Premium plugin v27.2 (Yoast SEO v27.2) - https:\/\/yoast.com\/product\/yoast-seo-premium-wordpress\/ -->\n<title>Mapa de d\u00f3nde todo comenz\u00f3 con foto - Positive Prints<\/title>\n<meta name=\"description\" content=\"El Mapa de d\u00f3nde todo comenz\u00f3 con foto es un regalo \u00fanico para aniversarios, cumplea\u00f1os, San Valent\u00edn, bodas o cualquier ocasi\u00f3n especial.\" \/>\n<meta name=\"robots\" content=\"index, follow, max-snippet:-1, max-image-preview:large, max-video-preview:-1\" \/>\n<link rel=\"canonical\" href=\"https:\/\/positiveprints.com\/es\/producto\/mapa-de-donde-todo-comenzo-con-foto\/\" \/>\n<meta property=\"og:locale\" content=\"es_ES\" \/>\n<meta property=\"og:type\" content=\"article\" \/>\n<meta property=\"og:title\" content=\"Mapa de d\u00f3nde todo comenz\u00f3 con foto\" \/>\n<meta property=\"og:description\" content=\"Marcar un lugar especial con el s\u00edmbolo que m\u00e1s te guste A\u00f1ade un mensaje personalizado para que\u00a0tu dise\u00f1o sea \u00fanico y especial Usa nuestro editor para personalizar tu dise\u00f1o en apenas tres pasos Visualiza tu dise\u00f1o de forma r\u00e1pida usando la vista previa interactiva\" \/>\n<meta property=\"og:url\" content=\"https:\/\/positiveprints.com\/es\/producto\/mapa-de-donde-todo-comenzo-con-foto\/\" \/>\n<meta property=\"og:site_name\" content=\"Positive Prints\" \/>\n<meta property=\"article:publisher\" content=\"https:\/\/www.facebook.com\/positiveprintscom\" \/>\n<meta property=\"article:modified_time\" content=\"2026-04-28T12:47:43+00:00\" \/>\n<meta property=\"og:image\" content=\"https:\/\/positiveprints.com\/wp-content\/uploads\/2024\/10\/Packshot_ES_where-we-met-map-with-photo-product-image.webp\" \/>\n\t<meta property=\"og:image:width\" content=\"1450\" \/>\n\t<meta property=\"og:image:height\" content=\"1450\" \/>\n\t<meta property=\"og:image:type\" content=\"image\/webp\" \/>\n<meta name=\"twitter:card\" content=\"summary_large_image\" \/>\n<!-- \/ Yoast SEO Premium plugin. -->","yoast_head_json":{"title":"Mapa de d\u00f3nde todo comenz\u00f3 con foto - Positive Prints","description":"El Mapa de d\u00f3nde todo comenz\u00f3 con foto es un regalo \u00fanico para aniversarios, cumplea\u00f1os, San Valent\u00edn, bodas o cualquier ocasi\u00f3n especial.","robots":{"index":"index","follow":"follow","max-snippet":"max-snippet:-1","max-image-preview":"max-image-preview:large","max-video-preview":"max-video-preview:-1"},"canonical":"https:\/\/positiveprints.com\/es\/producto\/mapa-de-donde-todo-comenzo-con-foto\/","og_locale":"es_ES","og_type":"article","og_title":"Mapa de d\u00f3nde todo comenz\u00f3 con foto","og_description":"Marcar un lugar especial con el s\u00edmbolo que m\u00e1s te guste A\u00f1ade un mensaje personalizado para que\u00a0tu dise\u00f1o sea \u00fanico y especial Usa nuestro editor para personalizar tu dise\u00f1o en apenas tres pasos Visualiza tu dise\u00f1o de forma r\u00e1pida usando la vista previa interactiva","og_url":"https:\/\/positiveprints.com\/es\/producto\/mapa-de-donde-todo-comenzo-con-foto\/","og_site_name":"Positive Prints","article_publisher":"https:\/\/www.facebook.com\/positiveprintscom","article_modified_time":"2026-04-28T12:47:43+00:00","og_image":[{"width":1450,"height":1450,"url":"https:\/\/positiveprints.com\/wp-content\/uploads\/2024\/10\/Packshot_ES_where-we-met-map-with-photo-product-image.webp","type":"image\/webp"}],"twitter_card":"summary_large_image","schema":{"@context":"https:\/\/schema.org","@graph":[{"@type":["WebPage","ItemPage"],"@id":"https:\/\/positiveprints.com\/es\/producto\/mapa-de-donde-todo-comenzo-con-foto\/","url":"https:\/\/positiveprints.com\/es\/producto\/mapa-de-donde-todo-comenzo-con-foto\/","name":"Mapa de d\u00f3nde todo comenz\u00f3 con foto - Positive Prints","isPartOf":{"@id":"https:\/\/positiveprints.com\/es\/#website"},"primaryImageOfPage":{"@id":"https:\/\/positiveprints.com\/es\/producto\/mapa-de-donde-todo-comenzo-con-foto\/#primaryimage"},"image":{"@id":"https:\/\/positiveprints.com\/es\/producto\/mapa-de-donde-todo-comenzo-con-foto\/#primaryimage"},"thumbnailUrl":"https:\/\/positiveprints.com\/wp-content\/uploads\/2024\/10\/Packshot_ES_where-we-met-map-with-photo-product-image.webp","datePublished":"2024-06-18T09:10:04+00:00","dateModified":"2026-04-28T12:47:43+00:00","description":"El Mapa de d\u00f3nde todo comenz\u00f3 con foto es un regalo \u00fanico para aniversarios, cumplea\u00f1os, San Valent\u00edn, bodas o cualquier ocasi\u00f3n especial.","breadcrumb":{"@id":"https:\/\/positiveprints.com\/es\/producto\/mapa-de-donde-todo-comenzo-con-foto\/#breadcrumb"},"inLanguage":"es","potentialAction":[{"@type":"ReadAction","target":["https:\/\/positiveprints.com\/es\/producto\/mapa-de-donde-todo-comenzo-con-foto\/"]}]},{"@type":"ImageObject","inLanguage":"es","@id":"https:\/\/positiveprints.com\/es\/producto\/mapa-de-donde-todo-comenzo-con-foto\/#primaryimage","url":"https:\/\/positiveprints.com\/wp-content\/uploads\/2024\/10\/Packshot_ES_where-we-met-map-with-photo-product-image.webp","contentUrl":"https:\/\/positiveprints.com\/wp-content\/uploads\/2024\/10\/Packshot_ES_where-we-met-map-with-photo-product-image.webp","width":1450,"height":1450},{"@type":"BreadcrumbList","@id":"https:\/\/positiveprints.com\/es\/producto\/mapa-de-donde-todo-comenzo-con-foto\/#breadcrumb","itemListElement":[{"@type":"ListItem","position":1,"name":"CASA","item":"https:\/\/positiveprints.com\/es\/"},{"@type":"ListItem","position":2,"name":"Productos","item":"https:\/\/positiveprints.com\/es\/shop\/"},{"@type":"ListItem","position":3,"name":"Mapa de d\u00f3nde todo comenz\u00f3 con foto"}]},{"@type":"WebSite","@id":"https:\/\/positiveprints.com\/es\/#website","url":"https:\/\/positiveprints.com\/es\/","name":"Positive Prints","description":"Custom Gifts for Special Occasions","publisher":{"@id":"https:\/\/positiveprints.com\/es\/#organization"},"potentialAction":[{"@type":"SearchAction","target":{"@type":"EntryPoint","urlTemplate":"https:\/\/positiveprints.com\/es\/?s={search_term_string}"},"query-input":{"@type":"PropertyValueSpecification","valueRequired":true,"valueName":"search_term_string"}}],"inLanguage":"es"},{"@type":"Organization","@id":"https:\/\/positiveprints.com\/es\/#organization","name":"Positive Prints","alternateName":"Positive Prints ","url":"https:\/\/positiveprints.com\/es\/","logo":{"@type":"ImageObject","inLanguage":"es","@id":"https:\/\/positiveprints.com\/es\/#\/schema\/logo\/image\/","url":"https:\/\/positiveprints.com\/wp-content\/uploads\/2026\/03\/245815646_1337939713319158_5671353136411139666_n.png","contentUrl":"https:\/\/positiveprints.com\/wp-content\/uploads\/2026\/03\/245815646_1337939713319158_5671353136411139666_n.png","width":800,"height":800,"caption":"Positive Prints"},"image":{"@id":"https:\/\/positiveprints.com\/es\/#\/schema\/logo\/image\/"},"sameAs":["https:\/\/www.facebook.com\/positiveprintscom","https:\/\/www.instagram.com\/positiveprintscom\/","https:\/\/www.tiktok.com\/@positiveprintscom","https:\/\/www.pinterest.com\/positiveprintscom\/"]}]}},"jetpack_sharing_enabled":true,"_links":{"self":[{"href":"https:\/\/positiveprints.com\/es\/wp-json\/wp\/v2\/product\/1137279","targetHints":{"allow":["GET"]}}],"collection":[{"href":"https:\/\/positiveprints.com\/es\/wp-json\/wp\/v2\/product"}],"about":[{"href":"https:\/\/positiveprints.com\/es\/wp-json\/wp\/v2\/types\/product"}],"wp:featuredmedia":[{"embeddable":true,"href":"https:\/\/positiveprints.com\/es\/wp-json\/wp\/v2\/media\/1214069"}],"wp:attachment":[{"href":"https:\/\/positiveprints.com\/es\/wp-json\/wp\/v2\/media?parent=1137279"}],"wp:term":[{"taxonomy":"product_brand","embeddable":true,"href":"https:\/\/positiveprints.com\/es\/wp-json\/wp\/v2\/product_brand?post=1137279"},{"taxonomy":"product_cat","embeddable":true,"href":"https:\/\/positiveprints.com\/es\/wp-json\/wp\/v2\/product_cat?post=1137279"},{"taxonomy":"product_tag","embeddable":true,"href":"https:\/\/positiveprints.com\/es\/wp-json\/wp\/v2\/product_tag?post=1137279"}],"curies":[{"name":"wp","href":"https:\/\/api.w.org\/{rel}","templated":true}]}}