{"id":1137273,"date":"2024-06-18T10:23:26","date_gmt":"2024-06-18T09:23:26","guid":{"rendered":"https:\/\/positiveprints.com\/product\/donde-empezo-todo-mapa-con-foto\/"},"modified":"2026-04-03T02:50:00","modified_gmt":"2026-04-03T01:50:00","slug":"donde-empezo-todo-mapa-con-foto","status":"publish","type":"product","link":"https:\/\/positiveprints.com\/es\/producto\/donde-empezo-todo-mapa-con-foto\/","title":{"rendered":"D\u00f3nde empez\u00f3 todo Mapa con foto"},"content":{"rendered":"<p><span style=\"font-weight: 400;\">Celebra el lugar donde empez\u00f3 tu historia de amor con nuestro Mapa de Donde Empez\u00f3 Todo con Foto. Esta impresi\u00f3n personalizada captura el lugar exacto donde comenz\u00f3 vuestro viaje, con un mapa detallado, un marcador en forma de coraz\u00f3n para se\u00f1alar el lugar, tu foto y un mensaje personalizado debajo del mapa y la foto.<\/span><\/p>\n<h2><b>Crea tu Mapa de D\u00f3nde Empez\u00f3 Todo con Foto<\/b><\/h2>\n<p><span style=\"font-weight: 400;\">Nuestro creador online facilita la personalizaci\u00f3n. Elige la forma y los colores del mapa, seleccionando entre los esquemas de color predefinidos o experimentando con tus propias opciones de color. Entra en el lugar especial, acerca y aleja el zoom para obtener la vista perfecta y a\u00f1ade un marcador en forma de coraz\u00f3n para se\u00f1alar el punto exacto. Sube tu foto favorita y a\u00f1ade un mensaje significativo, como Donde empez\u00f3 todo.<\/span><\/p>\n<p><span style=\"font-weight: 400;\">Elige entre varios formatos: p\u00f3ster impreso o enmarcado, lienzo o archivo digital. Sea cual sea el formato, tu mapa personalizado tendr\u00e1 un aspecto impresionante y servir\u00e1 como un recuerdo entra\u00f1able de tu lugar especial.<\/span><\/p>\n<h2><b>Regalo perfecto para ocasiones especiales<\/b><\/h2>\n<p><span style=\"font-weight: 400;\">El Mapa Donde Todo Empez\u00f3 con Foto es un regalo \u00fanico y bonito\u00a0 para aniversarios, cumplea\u00f1os, San Valent\u00edn, bodas o cualquier ocasi\u00f3n especial. Celebra vuestro viaje juntos haciendo un regalo que capte la esencia de vuestra relaci\u00f3n.<\/span><\/p>\n<p><span style=\"font-weight: 400;\">Imagina la alegr\u00eda\u00a0 de tu ser querido cuando vea este mapa\u00a0 que marca el lugar donde comenz\u00f3 vuestra historia de amor. La foto a\u00f1adida y el mensaje personalizado\u00a0 hacen que este regalo sea realmente \u00fanico, demostrando lo mucho que aprecias vuestros recuerdos compartidos. Ya sea para tu pareja, tus padres, tus amigos o tus hermanos, este regalo evocar\u00e1 emociones sinceras y se convertir\u00e1 en un preciado recuerdo.<\/span><\/p>\n<h2><b>\u00bfPor qu\u00e9 elegir nuestro Mapa de D\u00f3nde Empez\u00f3 Todo con Foto?<\/b><\/h2>\n<p><span style=\"font-weight: 400;\">Crear tu mapa es r\u00e1pido y f\u00e1cil. Visita nuestro sitio web, utiliza el editor en l\u00ednea para personalizar tu impresi\u00f3n y haz tu pedido. Nosotros nos encargamos del resto, garantizando que tu impresi\u00f3n se elabore con esmero y se entregue puntualmente.<\/span><\/p><h2 class=\"wp-block-heading\" id=\"h-preguntas-frecuentes\"><strong>Preguntas Frecuentes<\/strong><\/h2><details class=\"wp-block-details is-layout-flow wp-block-details-is-layout-flow\"><summary><strong>\u00bfQu\u00e9 es un Mapa &#8220;D\u00f3nde empez\u00f3 todo&#8221; con Foto?<\/strong><\/summary><p>Un Mapa &#8220;D\u00f3nde empez\u00f3 todo&#8221; con Foto es un p\u00f3ster personalizado que combina mapa, foto y mensaje. Espec\u00edficamente, captura el lugar exacto donde comenz\u00f3 tu historia de amor con un marcador en forma de coraz\u00f3n.\u00a0<\/p><\/details><details class=\"wp-block-details is-layout-flow wp-block-details-is-layout-flow\"><summary><strong>\u00bfEs completamente personalizado?<\/strong><\/summary><p>S\u00ed, cada mapa es completamente personalizado. De hecho, eliges la forma, colores del mapa y subes tu foto favorita. Adem\u00e1s, marcas el lugar especial con el s\u00edmbolo que elijas\u00a0 y a\u00f1ades tu propio mensaje. Adem\u00e1s,\u00a0 la vista previa interactiva permite perfeccionar\u00a0 cada detalle en tiempo real.<\/p><\/details><details class=\"wp-block-details is-layout-flow wp-block-details-is-layout-flow\"><summary><strong>\u00bfPor qu\u00e9 es el regalo perfecto para parejas?<\/strong><\/summary><p>Es el regalo perfecto porque captura la esencia de vuestra relaci\u00f3n en una sola pieza. Espec\u00edficamente, es un regalo \u00fanico y bonito\u00a0 que evoca emociones sinceras. Por lo tanto , es un m\u00e1gico\u00a0 recuerdo que demuestra lo mucho que aprecias vuestros momentos compartidos.\u200b<\/p><\/details><details class=\"wp-block-details is-layout-flow wp-block-details-is-layout-flow\"><summary><strong>\u00bfC\u00f3mo crear mi Mapa &#8220;D\u00f3nde empez\u00f3 todo&#8221; con Foto?<\/strong><\/summary><p>Crear tu mapa se hace en tres pasos. En primer lugar, elige forma, colores y el\u00a0 lugar especial con el zoom. Luego, sube tu foto favorita y a\u00f1ade un mensaje personalizado debajo del mapa. Finalmente, selecciona formato p\u00f3ster impreso, enmarcado, lienzo o digital.\u200b<\/p><\/details><details class=\"wp-block-details is-layout-flow wp-block-details-is-layout-flow\"><summary><strong>\u00bfPara qu\u00e9 ocasiones es perfecto este mapa?<\/strong><\/summary><p>Este mapa es perfecto para aniversarios, cumplea\u00f1os, San Valent\u00edn y bodas. Adem\u00e1s, es ideal para parejas, padres, amigos o hermanos en ocasiones especiales.\u00a0<\/p><\/details><details class=\"wp-block-details is-layout-flow wp-block-details-is-layout-flow\"><summary><strong>\u00bfEn cu\u00e1nto tiempo puedo recibir mi mapa?<\/strong><\/summary><p>Para un regalo r\u00e1pido , elige nuestra descarga digital instant\u00e1nea, un archivo JPEG de alta resoluci\u00f3n 300 dpi que puedes imprimir t\u00fa mismo. Sin embargo, contamos con productos f\u00edsicos que\u00a0 imprimimos y enviamos localmente desde nuestros centros en Australia, Canad\u00e1, Estados Unidos, Reino Unido y Europa. Esto garantiza una entrega r\u00e1pida y confiable, normalmente en pocos d\u00edas.<\/p><\/details>","protected":false},"excerpt":{"rendered":"<ul class=\"check-list\">\n<li>Captura el momento especial con un mapa y una foto personalizados, se\u00f1alando la ubicaci\u00f3n exacta de los recuerdos m\u00e1s apreciados<\/li>\n<li>Marcar un lugar especial con un s\u00edmbolo elegido<\/li>\n<li>A\u00f1ade un mensaje personalizado para que\u00a0tu dise\u00f1o sea \u00fanico y especial<\/li>\n<li>Usa nuestro editor para personalizar tu dise\u00f1o en apenas tres pasos<\/li>\n<li>Visualiza tu dise\u00f1o de forma r\u00e1pida usando la vista previa interactiva<\/li>\n<\/ul>\n","protected":false},"featured_media":1387185,"template":"","meta":[],"product_brand":[],"product_cat":[9766,106,7195,5270,11455,11456,11452,11448,11462,11457,8012,7693],"product_tag":[14923,14933,14945,14931,15466,14937,14939,14922,14929,9187,14940,14187,11826,11821,11757,11825,11820,11771,14947,14943,14925,14927,14944,14924],"class_list":{"0":"post-1137273","1":"product","2":"type-product","3":"status-publish","4":"has-post-thumbnail","6":"product_cat-trending-label-es","7":"product_cat-todos-los-productos","8":"product_cat-map-es","9":"product_cat-regalos-de-navidad","10":"product_cat-regalos-de-navidad-para-mujer","11":"product_cat-regalos-de-navidad-para-hombre","12":"product_cat-regalos-de-navidad-para-la-novia","13":"product_cat-regalos-de-navidad-para-el-novio","14":"product_cat-regalos-de-navidad-para-la-esposa","15":"product_cat-regalos-de-navidad-para-el-marido","16":"product_cat-regalos-para-hombres","17":"product_cat-regalos-para-mujeres","18":"product_tag-anniversary-es","19":"product_tag-anniversary-gift-es","20":"product_tag-anniversary-gifts-es","21":"product_tag-anniversary-present-es","22":"product_tag-corazon-con-foto","23":"product_tag-couple-gift-es-2","24":"product_tag-gift-for-couple-es","25":"product_tag-love-es","26":"product_tag-love-gift-es","27":"product_tag-pareja","28":"product_tag-personalized-gift-es","29":"product_tag-regalo-romantico-es","30":"product_tag-regalos-de-navidad-para-el","31":"product_tag-regalos-de-navidad-para-el-marido","32":"product_tag-regalos-de-navidad-para-el-novio","33":"product_tag-regalos-de-navidad-para-ella","34":"product_tag-regalos-de-navidad-para-la-esposa","35":"product_tag-regalos-de-navidad-para-la-novia","36":"product_tag-romantic-gifts-es","37":"product_tag-sentimental-gift-es","38":"product_tag-special-occasion-es-2","39":"product_tag-thoughtful-gift-es","40":"product_tag-unique-gift-es","41":"product_tag-wedding-anniversary-es","43":"first","44":"instock","45":"sale","46":"taxable","47":"shipping-taxable","48":"purchasable","49":"product-type-variable"},"yoast_head":"<!-- This site is optimized with the Yoast SEO Premium plugin v27.2 (Yoast SEO v27.2) - https:\/\/yoast.com\/product\/yoast-seo-premium-wordpress\/ -->\n<title>Mapa de Donde Todo Empez\u00f3 con Foto - Positive Prints<\/title>\n<meta name=\"description\" content=\"El Mapa Donde Todo Empez\u00f3 con Foto es un regalo \u00fanico para aniversarios, cumplea\u00f1os, San Valent\u00edn, bodas o cualquier otra ocasi\u00f3n especial.\" \/>\n<meta name=\"robots\" content=\"index, follow, max-snippet:-1, max-image-preview:large, max-video-preview:-1\" \/>\n<link rel=\"canonical\" href=\"https:\/\/positiveprints.com\/es\/producto\/donde-empezo-todo-mapa-con-foto\/\" \/>\n<meta property=\"og:locale\" content=\"es_ES\" \/>\n<meta property=\"og:type\" content=\"article\" \/>\n<meta property=\"og:title\" content=\"D\u00f3nde empez\u00f3 todo Mapa con foto\" \/>\n<meta property=\"og:description\" content=\"Captura el momento especial con un mapa y una foto personalizados, se\u00f1alando la ubicaci\u00f3n exacta de los recuerdos m\u00e1s apreciados  Marcar un lugar especial con un s\u00edmbolo elegido  A\u00f1ade un mensaje personalizado para que\u00a0tu dise\u00f1o sea \u00fanico y especial  Usa nuestro editor para personalizar tu dise\u00f1o en apenas tres pasos  Visualiza tu dise\u00f1o de forma r\u00e1pida usando la vista previa interactiva\" \/>\n<meta property=\"og:url\" content=\"https:\/\/positiveprints.com\/es\/producto\/donde-empezo-todo-mapa-con-foto\/\" \/>\n<meta property=\"og:site_name\" content=\"Positive Prints\" \/>\n<meta property=\"article:publisher\" content=\"https:\/\/www.facebook.com\/positiveprintscom\" \/>\n<meta property=\"article:modified_time\" content=\"2026-04-03T01:50:00+00:00\" \/>\n<meta property=\"og:image\" content=\"https:\/\/positiveprints.com\/wp-content\/uploads\/2025\/03\/Do\u0301nde-empezo\u0301-todo-Mapa-con-foto-1.webp\" \/>\n\t<meta property=\"og:image:width\" content=\"1450\" \/>\n\t<meta property=\"og:image:height\" content=\"1450\" \/>\n\t<meta property=\"og:image:type\" content=\"image\/webp\" \/>\n<meta name=\"twitter:card\" content=\"summary_large_image\" \/>\n<meta name=\"twitter:label1\" content=\"Tiempo de lectura\" \/>\n\t<meta name=\"twitter:data1\" content=\"3 minutos\" \/>\n<!-- \/ Yoast SEO Premium plugin. -->","yoast_head_json":{"title":"Mapa de Donde Todo Empez\u00f3 con Foto - Positive Prints","description":"El Mapa Donde Todo Empez\u00f3 con Foto es un regalo \u00fanico para aniversarios, cumplea\u00f1os, San Valent\u00edn, bodas o cualquier otra ocasi\u00f3n especial.","robots":{"index":"index","follow":"follow","max-snippet":"max-snippet:-1","max-image-preview":"max-image-preview:large","max-video-preview":"max-video-preview:-1"},"canonical":"https:\/\/positiveprints.com\/es\/producto\/donde-empezo-todo-mapa-con-foto\/","og_locale":"es_ES","og_type":"article","og_title":"D\u00f3nde empez\u00f3 todo Mapa con foto","og_description":"Captura el momento especial con un mapa y una foto personalizados, se\u00f1alando la ubicaci\u00f3n exacta de los recuerdos m\u00e1s apreciados  Marcar un lugar especial con un s\u00edmbolo elegido  A\u00f1ade un mensaje personalizado para que\u00a0tu dise\u00f1o sea \u00fanico y especial  Usa nuestro editor para personalizar tu dise\u00f1o en apenas tres pasos  Visualiza tu dise\u00f1o de forma r\u00e1pida usando la vista previa interactiva","og_url":"https:\/\/positiveprints.com\/es\/producto\/donde-empezo-todo-mapa-con-foto\/","og_site_name":"Positive Prints","article_publisher":"https:\/\/www.facebook.com\/positiveprintscom","article_modified_time":"2026-04-03T01:50:00+00:00","og_image":[{"width":1450,"height":1450,"url":"https:\/\/positiveprints.com\/wp-content\/uploads\/2025\/03\/Do\u0301nde-empezo\u0301-todo-Mapa-con-foto-1.webp","type":"image\/webp"}],"twitter_card":"summary_large_image","twitter_misc":{"Tiempo de lectura":"3 minutos"},"schema":{"@context":"https:\/\/schema.org","@graph":[{"@type":["WebPage","ItemPage"],"@id":"https:\/\/positiveprints.com\/es\/producto\/donde-empezo-todo-mapa-con-foto\/","url":"https:\/\/positiveprints.com\/es\/producto\/donde-empezo-todo-mapa-con-foto\/","name":"Mapa de Donde Todo Empez\u00f3 con Foto - Positive Prints","isPartOf":{"@id":"https:\/\/positiveprints.com\/es\/#website"},"primaryImageOfPage":{"@id":"https:\/\/positiveprints.com\/es\/producto\/donde-empezo-todo-mapa-con-foto\/#primaryimage"},"image":{"@id":"https:\/\/positiveprints.com\/es\/producto\/donde-empezo-todo-mapa-con-foto\/#primaryimage"},"thumbnailUrl":"https:\/\/positiveprints.com\/wp-content\/uploads\/2025\/03\/Do\u0301nde-empezo\u0301-todo-Mapa-con-foto-1.webp","datePublished":"2024-06-18T09:23:26+00:00","dateModified":"2026-04-03T01:50:00+00:00","description":"El Mapa Donde Todo Empez\u00f3 con Foto es un regalo \u00fanico para aniversarios, cumplea\u00f1os, San Valent\u00edn, bodas o cualquier otra ocasi\u00f3n especial.","breadcrumb":{"@id":"https:\/\/positiveprints.com\/es\/producto\/donde-empezo-todo-mapa-con-foto\/#breadcrumb"},"inLanguage":"es","potentialAction":[{"@type":"ReadAction","target":["https:\/\/positiveprints.com\/es\/producto\/donde-empezo-todo-mapa-con-foto\/"]}]},{"@type":"ImageObject","inLanguage":"es","@id":"https:\/\/positiveprints.com\/es\/producto\/donde-empezo-todo-mapa-con-foto\/#primaryimage","url":"https:\/\/positiveprints.com\/wp-content\/uploads\/2025\/03\/Do\u0301nde-empezo\u0301-todo-Mapa-con-foto-1.webp","contentUrl":"https:\/\/positiveprints.com\/wp-content\/uploads\/2025\/03\/Do\u0301nde-empezo\u0301-todo-Mapa-con-foto-1.webp","width":1450,"height":1450,"caption":"Do\u0301nde empezo\u0301 todo Mapa con foto 1"},{"@type":"BreadcrumbList","@id":"https:\/\/positiveprints.com\/es\/producto\/donde-empezo-todo-mapa-con-foto\/#breadcrumb","itemListElement":[{"@type":"ListItem","position":1,"name":"CASA","item":"https:\/\/positiveprints.com\/es\/"},{"@type":"ListItem","position":2,"name":"Productos","item":"https:\/\/positiveprints.com\/es\/shop\/"},{"@type":"ListItem","position":3,"name":"D\u00f3nde empez\u00f3 todo Mapa con foto"}]},{"@type":"WebSite","@id":"https:\/\/positiveprints.com\/es\/#website","url":"https:\/\/positiveprints.com\/es\/","name":"Positive Prints","description":"Custom Gifts for Special Occasions","publisher":{"@id":"https:\/\/positiveprints.com\/es\/#organization"},"potentialAction":[{"@type":"SearchAction","target":{"@type":"EntryPoint","urlTemplate":"https:\/\/positiveprints.com\/es\/?s={search_term_string}"},"query-input":{"@type":"PropertyValueSpecification","valueRequired":true,"valueName":"search_term_string"}}],"inLanguage":"es"},{"@type":"Organization","@id":"https:\/\/positiveprints.com\/es\/#organization","name":"Positive Prints","alternateName":"Positive Prints","url":"https:\/\/positiveprints.com\/es\/","logo":{"@type":"ImageObject","inLanguage":"es","@id":"https:\/\/positiveprints.com\/es\/#\/schema\/logo\/image\/","url":"https:\/\/positiveprints.com\/wp-content\/uploads\/2026\/03\/245815646_1337939713319158_5671353136411139666_n.png","contentUrl":"https:\/\/positiveprints.com\/wp-content\/uploads\/2026\/03\/245815646_1337939713319158_5671353136411139666_n.png","width":800,"height":800,"caption":"Positive Prints"},"image":{"@id":"https:\/\/positiveprints.com\/es\/#\/schema\/logo\/image\/"},"sameAs":["https:\/\/www.facebook.com\/positiveprintscom","https:\/\/www.instagram.com\/positiveprintscom\/","https:\/\/www.tiktok.com\/@positiveprintscom","https:\/\/www.pinterest.com\/positiveprintscom\/"]}]}},"jetpack_sharing_enabled":true,"_links":{"self":[{"href":"https:\/\/positiveprints.com\/es\/wp-json\/wp\/v2\/product\/1137273","targetHints":{"allow":["GET"]}}],"collection":[{"href":"https:\/\/positiveprints.com\/es\/wp-json\/wp\/v2\/product"}],"about":[{"href":"https:\/\/positiveprints.com\/es\/wp-json\/wp\/v2\/types\/product"}],"wp:featuredmedia":[{"embeddable":true,"href":"https:\/\/positiveprints.com\/es\/wp-json\/wp\/v2\/media\/1387185"}],"wp:attachment":[{"href":"https:\/\/positiveprints.com\/es\/wp-json\/wp\/v2\/media?parent=1137273"}],"wp:term":[{"taxonomy":"product_brand","embeddable":true,"href":"https:\/\/positiveprints.com\/es\/wp-json\/wp\/v2\/product_brand?post=1137273"},{"taxonomy":"product_cat","embeddable":true,"href":"https:\/\/positiveprints.com\/es\/wp-json\/wp\/v2\/product_cat?post=1137273"},{"taxonomy":"product_tag","embeddable":true,"href":"https:\/\/positiveprints.com\/es\/wp-json\/wp\/v2\/product_tag?post=1137273"}],"curies":[{"name":"wp","href":"https:\/\/api.w.org\/{rel}","templated":true}]}}