{"id":1132897,"date":"2024-06-11T19:07:02","date_gmt":"2024-06-11T18:07:02","guid":{"rendered":"https:\/\/positiveprints.com\/?post_type=product&#038;p=1132897"},"modified":"2026-04-28T13:48:31","modified_gmt":"2026-04-28T12:48:31","slug":"lienzo-del-mapa-de-conocidos-prometidos-y-casados","status":"publish","type":"product","link":"https:\/\/positiveprints.com\/es\/producto\/lienzo-del-mapa-de-conocidos-prometidos-y-casados\/","title":{"rendered":"Lienzo del Mapa de Conocidos Prometidos y Casados"},"content":{"rendered":"<p>\u00bfBuscas un regalo de boda \u00fanico y significativo? Nuestro Lienzo del Mapa de Conocidos Prometidos y Casados es la elecci\u00f3n perfecta. Este lienzo personalizado presenta tres mapas, cada uno de los cuales destaca un hito importante en la relaci\u00f3n de la pareja: d\u00f3nde se conocieron, se prometieron y se casaron.<\/p>\r\n\r\n<h2>Crea tu Lienzo del Mapa de Conocidos Prometidos y Casados<\/h2>\r\n\r\n<p>Con nuestro Lienzo del Mapa de Conocidos Prometidos y Casados, puedes crear una pieza realmente \u00fanica. Entra en nuestro sencillo creador online para empezar. Elige la forma y los colores del mapa: utiliza nuestros esquemas de colores predefinidos o personaliza los colores t\u00fa mismo. A continuaci\u00f3n, introduce los tres lugares especiales: donde se conoci\u00f3 la pareja, donde se comprometieron y donde se casaron. Puedes ampliar y reducir el zoom para que cada mapa sea exactamente como t\u00fa quieras. A\u00f1ade marcadores con forma de coraz\u00f3n para se\u00f1alar los puntos exactos e incluye t\u00edtulos y tres textos personalizados debajo de cada uno de los mapas, como &#8220;D\u00f3nde nos conocimos&#8221;, &#8220;D\u00f3nde nos comprometimos&#8221; y &#8220;D\u00f3nde nos dimos el s\u00ed quiero&#8221;.<\/p>\r\n\r\n<h2>Regalo perfecto para ocasiones especiales<\/h2>\r\n\r\n<p>Nuestro Lienzo del Mapa de Conocidos Prometidos y Casados es un regalo ideal para los amigos que se han casado. Imagina la alegr\u00eda cuando la feliz pareja reciba un lienzo personalizado que capture los tres hitos m\u00e1s importantes de su relaci\u00f3n.<\/p>\r\n\r\n<h2>\u00bfPor qu\u00e9 elegir nuestro Lienzo del Mapa de Conocidos Prometidos y Casados?<\/h2>\r\n\r\n<p>Elegir el formato adecuado es f\u00e1cil con nuestra variedad de opciones de lienzos, que garantizan que tu mapa quedar\u00e1 incre\u00edble en cualquier pared. Hacer un pedido es sencillo: s\u00f3lo tienes que visitar nuestro sitio web, introducir las tres ubicaciones, personalizar tus mapas, a\u00f1adir tus t\u00edtulos y textos personalizados, elegir el formato del lienzo y hacer el pedido. Nosotros nos encargamos del resto, asegur\u00e1ndonos de que tu lienzo se elabore y entregue con esmero.<\/p>\r\n\r\n<p>Haz un regalo que ser\u00e1 apreciado para siempre. El Lienzo del Mapa de Conocidos Prometidos y Casados sirve de homenaje duradero a los lugares especiales donde se desarroll\u00f3 la historia de amor de la pareja, lo que lo convierte en un regalo creativo y significativo para cualquier pareja de reci\u00e9n casados.<\/p>","protected":false},"excerpt":{"rendered":"<ul class=\"check-list\">\n<li>Celebra tres hitos de tu relaci\u00f3n con un mapa personalizado, un recuerdo \u00fanico y sentimental que atesorar\u00e1s.<\/li>\n<li>Marca las direcciones exactas con el s\u00edmbolo elegido<\/li>\n<li>Personalizar en 3 sencillos pasos<\/li>\n<li>Incluye un texto personalizado significativo<\/li>\n<li>Ve el resultado de inmediato: la vista previa interactiva te permite perfeccionar cada detalle<\/li>\n<\/ul>\n","protected":false},"featured_media":1161022,"template":"","meta":[],"product_brand":[],"product_cat":[7933,9779,8215,8189,7757,7646,7805,11189,11188,11187,106],"product_tag":[16246,15081],"class_list":{"0":"post-1132897","1":"product","2":"type-product","3":"status-publish","4":"has-post-thumbnail","6":"product_cat-regalos-para-despedidas-de-soltera","7":"product_cat-lienzo","8":"product_cat-para-el","9":"product_cat-para-ella","10":"product_cat-regalos-para-mi-esposa","11":"product_cat-regalos-para-mi-esposo","12":"product_cat-regalos-para-parejas","13":"product_cat-regalos-de-aniversario-para-el","14":"product_cat-regalos-de-aniversario-para-ella","15":"product_cat-regalos-de-aniversario-para-pareja","16":"product_cat-todos-los-productos","17":"product_tag-lienzos-personalizados","18":"product_tag-wedding-es-2","20":"first","21":"instock","22":"sale","23":"taxable","24":"shipping-taxable","25":"purchasable","26":"product-type-variable"},"yoast_head":"<!-- This site is optimized with the Yoast SEO Premium plugin v27.2 (Yoast SEO v27.2) - https:\/\/yoast.com\/product\/yoast-seo-premium-wordpress\/ -->\n<title>Lienzo del Mapa de Conocidos Prometidos y Casados - Positive Prints<\/title>\n<meta name=\"description\" content=\"Lienzo del Mapa de Conocidos Prometidos y Casados presenta tres mapas, cada uno de los cuales destaca un hito en la relaci\u00f3n de la pareja: d\u00f3nde se conocieron, se prometieron y se casaron.\" \/>\n<meta name=\"robots\" content=\"index, follow, max-snippet:-1, max-image-preview:large, max-video-preview:-1\" \/>\n<link rel=\"canonical\" href=\"https:\/\/positiveprints.com\/es\/producto\/lienzo-del-mapa-de-conocidos-prometidos-y-casados\/\" \/>\n<meta property=\"og:locale\" content=\"es_ES\" \/>\n<meta property=\"og:type\" content=\"article\" \/>\n<meta property=\"og:title\" content=\"Lienzo del Mapa de Conocidos Prometidos y Casados\" \/>\n<meta property=\"og:description\" content=\"Celebra tres hitos de tu relaci\u00f3n con un mapa personalizado, un recuerdo \u00fanico y sentimental que atesorar\u00e1s. Marca las direcciones exactas con el s\u00edmbolo elegido Personalizar en 3 sencillos pasos Incluye un texto personalizado significativo Ve el resultado de inmediato: la vista previa interactiva te permite perfeccionar cada detalle\" \/>\n<meta property=\"og:url\" content=\"https:\/\/positiveprints.com\/es\/producto\/lienzo-del-mapa-de-conocidos-prometidos-y-casados\/\" \/>\n<meta property=\"og:site_name\" content=\"Positive Prints\" \/>\n<meta property=\"article:publisher\" content=\"https:\/\/www.facebook.com\/positiveprintscom\" \/>\n<meta property=\"article:modified_time\" content=\"2026-04-28T12:48:31+00:00\" \/>\n<meta property=\"og:image\" content=\"https:\/\/positiveprints.com\/wp-content\/uploads\/2024\/07\/Lienzo-del-Mapa-de-Conocidos-Prometidos-y-Casados.jpg\" \/>\n\t<meta property=\"og:image:width\" content=\"1080\" \/>\n\t<meta property=\"og:image:height\" content=\"1080\" \/>\n\t<meta property=\"og:image:type\" content=\"image\/jpeg\" \/>\n<meta name=\"twitter:card\" content=\"summary_large_image\" \/>\n<!-- \/ Yoast SEO Premium plugin. -->","yoast_head_json":{"title":"Lienzo del Mapa de Conocidos Prometidos y Casados - Positive Prints","description":"Lienzo del Mapa de Conocidos Prometidos y Casados presenta tres mapas, cada uno de los cuales destaca un hito en la relaci\u00f3n de la pareja: d\u00f3nde se conocieron, se prometieron y se casaron.","robots":{"index":"index","follow":"follow","max-snippet":"max-snippet:-1","max-image-preview":"max-image-preview:large","max-video-preview":"max-video-preview:-1"},"canonical":"https:\/\/positiveprints.com\/es\/producto\/lienzo-del-mapa-de-conocidos-prometidos-y-casados\/","og_locale":"es_ES","og_type":"article","og_title":"Lienzo del Mapa de Conocidos Prometidos y Casados","og_description":"Celebra tres hitos de tu relaci\u00f3n con un mapa personalizado, un recuerdo \u00fanico y sentimental que atesorar\u00e1s. Marca las direcciones exactas con el s\u00edmbolo elegido Personalizar en 3 sencillos pasos Incluye un texto personalizado significativo Ve el resultado de inmediato: la vista previa interactiva te permite perfeccionar cada detalle","og_url":"https:\/\/positiveprints.com\/es\/producto\/lienzo-del-mapa-de-conocidos-prometidos-y-casados\/","og_site_name":"Positive Prints","article_publisher":"https:\/\/www.facebook.com\/positiveprintscom","article_modified_time":"2026-04-28T12:48:31+00:00","og_image":[{"width":1080,"height":1080,"url":"https:\/\/positiveprints.com\/wp-content\/uploads\/2024\/07\/Lienzo-del-Mapa-de-Conocidos-Prometidos-y-Casados.jpg","type":"image\/jpeg"}],"twitter_card":"summary_large_image","schema":{"@context":"https:\/\/schema.org","@graph":[{"@type":["WebPage","ItemPage"],"@id":"https:\/\/positiveprints.com\/es\/producto\/lienzo-del-mapa-de-conocidos-prometidos-y-casados\/","url":"https:\/\/positiveprints.com\/es\/producto\/lienzo-del-mapa-de-conocidos-prometidos-y-casados\/","name":"Lienzo del Mapa de Conocidos Prometidos y Casados - Positive Prints","isPartOf":{"@id":"https:\/\/positiveprints.com\/es\/#website"},"primaryImageOfPage":{"@id":"https:\/\/positiveprints.com\/es\/producto\/lienzo-del-mapa-de-conocidos-prometidos-y-casados\/#primaryimage"},"image":{"@id":"https:\/\/positiveprints.com\/es\/producto\/lienzo-del-mapa-de-conocidos-prometidos-y-casados\/#primaryimage"},"thumbnailUrl":"https:\/\/positiveprints.com\/wp-content\/uploads\/2024\/07\/Lienzo-del-Mapa-de-Conocidos-Prometidos-y-Casados.jpg","datePublished":"2024-06-11T18:07:02+00:00","dateModified":"2026-04-28T12:48:31+00:00","description":"Lienzo del Mapa de Conocidos Prometidos y Casados presenta tres mapas, cada uno de los cuales destaca un hito en la relaci\u00f3n de la pareja: d\u00f3nde se conocieron, se prometieron y se casaron.","breadcrumb":{"@id":"https:\/\/positiveprints.com\/es\/producto\/lienzo-del-mapa-de-conocidos-prometidos-y-casados\/#breadcrumb"},"inLanguage":"es","potentialAction":[{"@type":"ReadAction","target":["https:\/\/positiveprints.com\/es\/producto\/lienzo-del-mapa-de-conocidos-prometidos-y-casados\/"]}]},{"@type":"ImageObject","inLanguage":"es","@id":"https:\/\/positiveprints.com\/es\/producto\/lienzo-del-mapa-de-conocidos-prometidos-y-casados\/#primaryimage","url":"https:\/\/positiveprints.com\/wp-content\/uploads\/2024\/07\/Lienzo-del-Mapa-de-Conocidos-Prometidos-y-Casados.jpg","contentUrl":"https:\/\/positiveprints.com\/wp-content\/uploads\/2024\/07\/Lienzo-del-Mapa-de-Conocidos-Prometidos-y-Casados.jpg","width":1080,"height":1080},{"@type":"BreadcrumbList","@id":"https:\/\/positiveprints.com\/es\/producto\/lienzo-del-mapa-de-conocidos-prometidos-y-casados\/#breadcrumb","itemListElement":[{"@type":"ListItem","position":1,"name":"CASA","item":"https:\/\/positiveprints.com\/es\/"},{"@type":"ListItem","position":2,"name":"Productos","item":"https:\/\/positiveprints.com\/es\/shop\/"},{"@type":"ListItem","position":3,"name":"Lienzo del Mapa de Conocidos Prometidos y Casados"}]},{"@type":"WebSite","@id":"https:\/\/positiveprints.com\/es\/#website","url":"https:\/\/positiveprints.com\/es\/","name":"Positive Prints","description":"Custom Gifts for Special Occasions","publisher":{"@id":"https:\/\/positiveprints.com\/es\/#organization"},"potentialAction":[{"@type":"SearchAction","target":{"@type":"EntryPoint","urlTemplate":"https:\/\/positiveprints.com\/es\/?s={search_term_string}"},"query-input":{"@type":"PropertyValueSpecification","valueRequired":true,"valueName":"search_term_string"}}],"inLanguage":"es"},{"@type":"Organization","@id":"https:\/\/positiveprints.com\/es\/#organization","name":"Positive Prints","alternateName":"Positive Prints ","url":"https:\/\/positiveprints.com\/es\/","logo":{"@type":"ImageObject","inLanguage":"es","@id":"https:\/\/positiveprints.com\/es\/#\/schema\/logo\/image\/","url":"https:\/\/positiveprints.com\/wp-content\/uploads\/2026\/03\/245815646_1337939713319158_5671353136411139666_n.png","contentUrl":"https:\/\/positiveprints.com\/wp-content\/uploads\/2026\/03\/245815646_1337939713319158_5671353136411139666_n.png","width":800,"height":800,"caption":"Positive Prints"},"image":{"@id":"https:\/\/positiveprints.com\/es\/#\/schema\/logo\/image\/"},"sameAs":["https:\/\/www.facebook.com\/positiveprintscom","https:\/\/www.instagram.com\/positiveprintscom\/","https:\/\/www.tiktok.com\/@positiveprintscom","https:\/\/www.pinterest.com\/positiveprintscom\/"]}]}},"jetpack_sharing_enabled":true,"_links":{"self":[{"href":"https:\/\/positiveprints.com\/es\/wp-json\/wp\/v2\/product\/1132897","targetHints":{"allow":["GET"]}}],"collection":[{"href":"https:\/\/positiveprints.com\/es\/wp-json\/wp\/v2\/product"}],"about":[{"href":"https:\/\/positiveprints.com\/es\/wp-json\/wp\/v2\/types\/product"}],"wp:featuredmedia":[{"embeddable":true,"href":"https:\/\/positiveprints.com\/es\/wp-json\/wp\/v2\/media\/1161022"}],"wp:attachment":[{"href":"https:\/\/positiveprints.com\/es\/wp-json\/wp\/v2\/media?parent=1132897"}],"wp:term":[{"taxonomy":"product_brand","embeddable":true,"href":"https:\/\/positiveprints.com\/es\/wp-json\/wp\/v2\/product_brand?post=1132897"},{"taxonomy":"product_cat","embeddable":true,"href":"https:\/\/positiveprints.com\/es\/wp-json\/wp\/v2\/product_cat?post=1132897"},{"taxonomy":"product_tag","embeddable":true,"href":"https:\/\/positiveprints.com\/es\/wp-json\/wp\/v2\/product_tag?post=1132897"}],"curies":[{"name":"wp","href":"https:\/\/api.w.org\/{rel}","templated":true}]}}