{"id":1132882,"date":"2024-06-10T12:19:35","date_gmt":"2024-06-10T11:19:35","guid":{"rendered":"https:\/\/positiveprints.com\/?post_type=product&#038;p=1132882"},"modified":"2026-04-18T04:14:47","modified_gmt":"2026-04-18T03:14:47","slug":"joyas-de-escritura-personalizadas","status":"publish","type":"product","link":"https:\/\/positiveprints.com\/es\/producto\/joyas-de-escritura-personalizadas\/","title":{"rendered":"Joyas de escritura personalizadas"},"content":{"rendered":"<p>\u00bfBuscas un regalo \u00fanico y significativo? Nuestras joyas personalizadas con escritura a mano son la elecci\u00f3n perfecta. Transforma tu mensaje manuscrito real en un impresionante colgante con grabado personalizado.<\/p>\n\n\n\n<h2>Crea tu joya manuscrita personalizada<\/h2>\n\n\n\n<p>Con nuestras joyas de escritura a mano personalizadas, cada colgante es realmente \u00fanico. Tomamos tu mensaje manuscrito, como &#8220;Te quiero&#8221; o cualquier nota especial, y lo grabamos en un bonito colgante de plata. En el reverso, puedes a\u00f1adir texto adicional, como la fecha de un aniversario o cumplea\u00f1os.<\/p>\n\n\n\n<p>Con nuestro sencillo editor en l\u00ednea, puedes subir f\u00e1cilmente una foto de tu texto manuscrito y a\u00f1adir un mensaje personalizado en la parte posterior del colgante. Cada colgante, ya sea un elegante c\u00edrculo o una cadena de 45 cm, se somete a un meticuloso grabado l\u00e1ser para garantizar un detalle y una durabilidad perfectos.<\/p>\n\n\n\n<h2>Regalo perfecto para ocasiones especiales<\/h2>\n\n\n\n<p>Nuestras joyas de escritura a mano personalizadas son un regalo ideal para aniversarios, cumplea\u00f1os o el D\u00eda de la Madre. Imagina su alegr\u00eda cuando reciban un colgante personalizado que capte tu mensaje m\u00e1s sincero de una forma bella y art\u00edstica.<\/p>\n\n\n\n<h2>\u00bfPor qu\u00e9 elegir nuestras joyas con escritura a mano personalizada?<\/h2>\n\n\n\n<p>Hacer un pedido es sencillo. S\u00f3lo tienes que visitar nuestro sitio web, subir tu foto del texto manuscrito, a\u00f1adir tu mensaje personalizado, elegir el material y hacer el pedido. Nosotros nos encargamos del resto, asegur\u00e1ndonos de que tu colgante sea grabado y empaquetado con el m\u00e1ximo cuidado.<\/p>\n\n\n\n<p>Haz un regalo que ser\u00e1 apreciado para siempre. Deja que las Joyas de escritura a mano personalizadas sirvan de homenaje duradero a vuestros momentos m\u00e1s preciados y celebra vuestro amor de una forma creativa y significativa.<\/p>","protected":false},"excerpt":{"rendered":"<ul class=\"check-list\">\n<li>Transforma tu mensaje manuscrito real en un impresionante collar<\/li>\n<li>Fabricados en plata de ley de primera calidad, cada colgante est\u00e1 grabado con l\u00e1ser y acabado a mano<\/li>\n<li>Escribe un texto sincero acorde con la ocasi\u00f3n<\/li>\n<li>Personaliza en s\u00f3lo 2 minutos<\/li>\n<li>Ve el resultado de inmediato: la vista previa interactiva te permite perfeccionar cada detalle<\/li>\n<\/ul>\n","protected":false},"featured_media":1532552,"template":"","meta":[],"product_brand":[],"product_cat":[8189,9264,12257,9697,106,5334,11188,5277,5270,11455,11452,11462,7693,7773,7789,7742,7757,7837,3119,11249],"product_tag":[14923,11820,11771],"class_list":{"0":"post-1132882","1":"product","2":"type-product","3":"status-publish","4":"has-post-thumbnail","6":"product_cat-para-ella","7":"product_cat-jewelry-es","8":"product_cat-jewelry-basic-es","9":"product_cat-joyeria-line-art","10":"product_cat-todos-los-productos","11":"product_cat-regalos-de-aniversario","12":"product_cat-regalos-de-aniversario-para-ella","13":"product_cat-regalos-de-compromiso","14":"product_cat-regalos-de-navidad","15":"product_cat-regalos-de-navidad-para-mujer","16":"product_cat-regalos-de-navidad-para-la-novia","17":"product_cat-regalos-de-navidad-para-la-esposa","18":"product_cat-regalos-para-mujeres","19":"product_cat-regalos-para-mi-hija","20":"product_cat-regalos-para-mi-novia","21":"product_cat-regalos-para-mi-hermana","22":"product_cat-regalos-para-mi-esposa","23":"product_cat-regalos-para-amigos","24":"product_cat-regalos-de-san-valentin","25":"product_cat-regalos-de-san-valentin-mujeres","26":"product_tag-anniversary-es","27":"product_tag-regalos-de-navidad-para-la-esposa","28":"product_tag-regalos-de-navidad-para-la-novia","30":"first","31":"instock","32":"sale","33":"taxable","34":"shipping-taxable","35":"purchasable","36":"product-type-variable"},"yoast_head":"<!-- This site is optimized with the Yoast SEO Premium plugin v27.2 (Yoast SEO v27.2) - https:\/\/yoast.com\/product\/yoast-seo-premium-wordpress\/ -->\n<title>Joyas de escritura personalizadas - Impresiones positivas<\/title>\n<meta name=\"description\" content=\"\u00bfBuscas un regalo significativo? Las joyas de escritura a mano personalizadas son la elecci\u00f3n perfecta. Transforma tu mensaje manuscrito real en una pieza de joyer\u00eda.\" \/>\n<meta name=\"robots\" content=\"index, follow, max-snippet:-1, max-image-preview:large, max-video-preview:-1\" \/>\n<link rel=\"canonical\" href=\"https:\/\/positiveprints.com\/es\/producto\/joyas-de-escritura-personalizadas\/\" \/>\n<meta property=\"og:locale\" content=\"es_ES\" \/>\n<meta property=\"og:type\" content=\"article\" \/>\n<meta property=\"og:title\" content=\"Joyas de escritura personalizadas\" \/>\n<meta property=\"og:description\" content=\"Transforma tu mensaje manuscrito real en un impresionante collar  Fabricados en plata de ley de primera calidad, cada colgante est\u00e1 grabado con l\u00e1ser y acabado a mano  Escribe un texto sincero acorde con la ocasi\u00f3n  Personaliza en s\u00f3lo 2 minutos  Ve el resultado de inmediato: la vista previa interactiva te permite perfeccionar cada detalle\" \/>\n<meta property=\"og:url\" content=\"https:\/\/positiveprints.com\/es\/producto\/joyas-de-escritura-personalizadas\/\" \/>\n<meta property=\"og:site_name\" content=\"Positive Prints\" \/>\n<meta property=\"article:publisher\" content=\"https:\/\/www.facebook.com\/positiveprintscom\" \/>\n<meta property=\"article:modified_time\" content=\"2026-04-18T03:14:47+00:00\" \/>\n<meta property=\"og:image\" content=\"https:\/\/positiveprints.com\/wp-content\/uploads\/2025\/10\/MAIN_ES_Joyas-de-escritura-personalizadas.webp\" \/>\n\t<meta property=\"og:image:width\" content=\"2500\" \/>\n\t<meta property=\"og:image:height\" content=\"2500\" \/>\n\t<meta property=\"og:image:type\" content=\"image\/webp\" \/>\n<meta name=\"twitter:card\" content=\"summary_large_image\" \/>\n<meta name=\"twitter:label1\" content=\"Tiempo de lectura\" \/>\n\t<meta name=\"twitter:data1\" content=\"2 minutos\" \/>\n<!-- \/ Yoast SEO Premium plugin. -->","yoast_head_json":{"title":"Joyas de escritura personalizadas - Impresiones positivas","description":"\u00bfBuscas un regalo significativo? Las joyas de escritura a mano personalizadas son la elecci\u00f3n perfecta. Transforma tu mensaje manuscrito real en una pieza de joyer\u00eda.","robots":{"index":"index","follow":"follow","max-snippet":"max-snippet:-1","max-image-preview":"max-image-preview:large","max-video-preview":"max-video-preview:-1"},"canonical":"https:\/\/positiveprints.com\/es\/producto\/joyas-de-escritura-personalizadas\/","og_locale":"es_ES","og_type":"article","og_title":"Joyas de escritura personalizadas","og_description":"Transforma tu mensaje manuscrito real en un impresionante collar  Fabricados en plata de ley de primera calidad, cada colgante est\u00e1 grabado con l\u00e1ser y acabado a mano  Escribe un texto sincero acorde con la ocasi\u00f3n  Personaliza en s\u00f3lo 2 minutos  Ve el resultado de inmediato: la vista previa interactiva te permite perfeccionar cada detalle","og_url":"https:\/\/positiveprints.com\/es\/producto\/joyas-de-escritura-personalizadas\/","og_site_name":"Positive Prints","article_publisher":"https:\/\/www.facebook.com\/positiveprintscom","article_modified_time":"2026-04-18T03:14:47+00:00","og_image":[{"width":2500,"height":2500,"url":"https:\/\/positiveprints.com\/wp-content\/uploads\/2025\/10\/MAIN_ES_Joyas-de-escritura-personalizadas.webp","type":"image\/webp"}],"twitter_card":"summary_large_image","twitter_misc":{"Tiempo de lectura":"2 minutos"},"schema":{"@context":"https:\/\/schema.org","@graph":[{"@type":["WebPage","ItemPage"],"@id":"https:\/\/positiveprints.com\/es\/producto\/joyas-de-escritura-personalizadas\/","url":"https:\/\/positiveprints.com\/es\/producto\/joyas-de-escritura-personalizadas\/","name":"Joyas de escritura personalizadas - Impresiones positivas","isPartOf":{"@id":"https:\/\/positiveprints.com\/es\/#website"},"primaryImageOfPage":{"@id":"https:\/\/positiveprints.com\/es\/producto\/joyas-de-escritura-personalizadas\/#primaryimage"},"image":{"@id":"https:\/\/positiveprints.com\/es\/producto\/joyas-de-escritura-personalizadas\/#primaryimage"},"thumbnailUrl":"https:\/\/positiveprints.com\/wp-content\/uploads\/2025\/10\/MAIN_ES_Joyas-de-escritura-personalizadas.webp","datePublished":"2024-06-10T11:19:35+00:00","dateModified":"2026-04-18T03:14:47+00:00","description":"\u00bfBuscas un regalo significativo? Las joyas de escritura a mano personalizadas son la elecci\u00f3n perfecta. Transforma tu mensaje manuscrito real en una pieza de joyer\u00eda.","breadcrumb":{"@id":"https:\/\/positiveprints.com\/es\/producto\/joyas-de-escritura-personalizadas\/#breadcrumb"},"inLanguage":"es","potentialAction":[{"@type":"ReadAction","target":["https:\/\/positiveprints.com\/es\/producto\/joyas-de-escritura-personalizadas\/"]}]},{"@type":"ImageObject","inLanguage":"es","@id":"https:\/\/positiveprints.com\/es\/producto\/joyas-de-escritura-personalizadas\/#primaryimage","url":"https:\/\/positiveprints.com\/wp-content\/uploads\/2025\/10\/MAIN_ES_Joyas-de-escritura-personalizadas.webp","contentUrl":"https:\/\/positiveprints.com\/wp-content\/uploads\/2025\/10\/MAIN_ES_Joyas-de-escritura-personalizadas.webp","width":2500,"height":2500},{"@type":"BreadcrumbList","@id":"https:\/\/positiveprints.com\/es\/producto\/joyas-de-escritura-personalizadas\/#breadcrumb","itemListElement":[{"@type":"ListItem","position":1,"name":"CASA","item":"https:\/\/positiveprints.com\/es\/"},{"@type":"ListItem","position":2,"name":"Productos","item":"https:\/\/positiveprints.com\/es\/shop\/"},{"@type":"ListItem","position":3,"name":"Joyas de escritura personalizadas"}]},{"@type":"WebSite","@id":"https:\/\/positiveprints.com\/es\/#website","url":"https:\/\/positiveprints.com\/es\/","name":"Positive Prints","description":"Custom Gifts for Special Occasions","publisher":{"@id":"https:\/\/positiveprints.com\/es\/#organization"},"potentialAction":[{"@type":"SearchAction","target":{"@type":"EntryPoint","urlTemplate":"https:\/\/positiveprints.com\/es\/?s={search_term_string}"},"query-input":{"@type":"PropertyValueSpecification","valueRequired":true,"valueName":"search_term_string"}}],"inLanguage":"es"},{"@type":"Organization","@id":"https:\/\/positiveprints.com\/es\/#organization","name":"Positive Prints","alternateName":"Positive Prints","url":"https:\/\/positiveprints.com\/es\/","logo":{"@type":"ImageObject","inLanguage":"es","@id":"https:\/\/positiveprints.com\/es\/#\/schema\/logo\/image\/","url":"https:\/\/positiveprints.com\/wp-content\/uploads\/2026\/03\/245815646_1337939713319158_5671353136411139666_n.png","contentUrl":"https:\/\/positiveprints.com\/wp-content\/uploads\/2026\/03\/245815646_1337939713319158_5671353136411139666_n.png","width":800,"height":800,"caption":"Positive Prints"},"image":{"@id":"https:\/\/positiveprints.com\/es\/#\/schema\/logo\/image\/"},"sameAs":["https:\/\/www.facebook.com\/positiveprintscom","https:\/\/www.instagram.com\/positiveprintscom\/","https:\/\/www.tiktok.com\/@positiveprintscom","https:\/\/www.pinterest.com\/positiveprintscom\/"]}]}},"jetpack_sharing_enabled":true,"_links":{"self":[{"href":"https:\/\/positiveprints.com\/es\/wp-json\/wp\/v2\/product\/1132882","targetHints":{"allow":["GET"]}}],"collection":[{"href":"https:\/\/positiveprints.com\/es\/wp-json\/wp\/v2\/product"}],"about":[{"href":"https:\/\/positiveprints.com\/es\/wp-json\/wp\/v2\/types\/product"}],"wp:featuredmedia":[{"embeddable":true,"href":"https:\/\/positiveprints.com\/es\/wp-json\/wp\/v2\/media\/1532552"}],"wp:attachment":[{"href":"https:\/\/positiveprints.com\/es\/wp-json\/wp\/v2\/media?parent=1132882"}],"wp:term":[{"taxonomy":"product_brand","embeddable":true,"href":"https:\/\/positiveprints.com\/es\/wp-json\/wp\/v2\/product_brand?post=1132882"},{"taxonomy":"product_cat","embeddable":true,"href":"https:\/\/positiveprints.com\/es\/wp-json\/wp\/v2\/product_cat?post=1132882"},{"taxonomy":"product_tag","embeddable":true,"href":"https:\/\/positiveprints.com\/es\/wp-json\/wp\/v2\/product_tag?post=1132882"}],"curies":[{"name":"wp","href":"https:\/\/api.w.org\/{rel}","templated":true}]}}