{"id":1132881,"date":"2024-06-11T18:38:44","date_gmt":"2024-06-11T17:38:44","guid":{"rendered":"https:\/\/positiveprints.com\/?post_type=product&#038;p=1132881"},"modified":"2026-04-07T13:32:24","modified_gmt":"2026-04-07T12:32:24","slug":"lienzo-mapa-de-boda","status":"publish","type":"product","link":"https:\/\/positiveprints.com\/es\/producto\/lienzo-mapa-de-boda\/","title":{"rendered":"Lienzo Mapa de Boda"},"content":{"rendered":"<p>\u00bfBuscas un regalo \u00fanico y sincero para los reci\u00e9n casados? Nuestro lienzo Mapa de boda es la elecci\u00f3n perfecta. Destaca el lugar especial donde la pareja se dio el &#8220;S\u00ed, quiero&#8221; con un bonito mapa personalizado.<\/p>\r\n\r\n<h2>Crea el lienzo del mapa de tu boda<\/h2>\r\n\r\n<p>Con nuestro lienzo Mapa de boda, puedes crear una pieza realmente \u00fanica. Entra en nuestro sencillo creador online para empezar. Elige la forma y los colores del mapa: utiliza nuestros esquemas de colores predefinidos o personaliza los colores t\u00fa mismo. A continuaci\u00f3n, introduce el lugar donde se celebr\u00f3 la boda. Puedes ampliar y reducir el mapa para que sea exactamente como t\u00fa quieras. A\u00f1ade un rotulador con forma de coraz\u00f3n para se\u00f1alar el lugar exacto e incluye un mensaje personal debajo, como &#8220;Donde nos dimos el s\u00ed quiero&#8221;.<\/p>\r\n\r\n<h2>Regalo perfecto para ocasiones especiales<\/h2>\r\n\r\n<p>Nuestro lienzo Mapa de boda es un regalo ideal para los amigos que se han casado. Imagina la alegr\u00eda cuando la feliz pareja reciba un lienzo personalizado que capture el lugar especial donde se casaron.<\/p>\r\n\r\n<h2>\u00bfPor qu\u00e9 elegir nuestro lienzo Mapa de boda?<\/h2>\r\n\r\n<p>Elegir el formato adecuado es f\u00e1cil con nuestra variedad de opciones de lienzos, que garantizan que tu mapa quedar\u00e1 incre\u00edble en cualquier pared. Hacer un pedido es sencillo: s\u00f3lo tienes que visitar nuestro sitio web, introducir la ubicaci\u00f3n, personalizar el mapa, a\u00f1adir tu mensaje personal, elegir el formato del lienzo y hacer el pedido. Nosotros nos encargamos del resto, asegur\u00e1ndonos de que tu lienzo se elabore y entregue con esmero.<\/p>\r\n\r\n<p>Haz un regalo que ser\u00e1 apreciado para siempre. El Lienzo Mapa de la Boda sirve como tributo duradero al lugar especial donde se celebr\u00f3 la boda, convirti\u00e9ndolo en un regalo creativo y significativo para cualquier pareja de reci\u00e9n casados.<\/p>","protected":false},"excerpt":{"rendered":"<ul class=\"check-list\">\n<li>Conmemora este d\u00eda tan especial creando un lienzo personalizado del lugar de la boda<\/li>\n<li>Marcar un lugar especial con un s\u00edmbolo elegido<\/li>\n<li>Personalizar en 3 sencillos pasos<\/li>\n<li>Incluye un texto personalizado significativo<\/li>\n<li>Ve el resultado de inmediato: la vista previa interactiva te permite perfeccionar cada detalle<\/li>\n<\/ul>\n","protected":false},"featured_media":1696536,"template":"","meta":[],"product_brand":[],"product_cat":[7933,9779,106],"product_tag":[9780,16246],"class_list":{"0":"post-1132881","1":"product","2":"type-product","3":"status-publish","4":"has-post-thumbnail","6":"product_cat-regalos-para-despedidas-de-soltera","7":"product_cat-lienzo","8":"product_cat-todos-los-productos","9":"product_tag-lona","10":"product_tag-lienzos-personalizados","12":"first","13":"instock","14":"sale","15":"taxable","16":"shipping-taxable","17":"purchasable","18":"product-type-variable"},"yoast_head":"<!-- This site is optimized with the Yoast SEO Premium plugin v27.2 (Yoast SEO v27.2) - https:\/\/yoast.com\/product\/yoast-seo-premium-wordpress\/ -->\n<title>Lienzo Mapa de Boda - Positive Prints<\/title>\n<meta name=\"description\" content=\"\u00bfBuscas un regalo \u00fanico para reci\u00e9n casados? Destaca el lugar especial donde la pareja se dio el S\u00ed, quiero con un bonito lienzo personalizado Mapa de boda.\" \/>\n<meta name=\"robots\" content=\"index, follow, max-snippet:-1, max-image-preview:large, max-video-preview:-1\" \/>\n<link rel=\"canonical\" href=\"https:\/\/positiveprints.com\/es\/producto\/lienzo-mapa-de-boda\/\" \/>\n<meta property=\"og:locale\" content=\"es_ES\" \/>\n<meta property=\"og:type\" content=\"article\" \/>\n<meta property=\"og:title\" content=\"Lienzo Mapa de Boda\" \/>\n<meta property=\"og:description\" content=\"Conmemora este d\u00eda tan especial creando un lienzo personalizado del lugar de la boda Marcar un lugar especial con un s\u00edmbolo elegido Personalizar en 3 sencillos pasos Incluye un texto personalizado significativo Ve el resultado de inmediato: la vista previa interactiva te permite perfeccionar cada detalle\" \/>\n<meta property=\"og:url\" content=\"https:\/\/positiveprints.com\/es\/producto\/lienzo-mapa-de-boda\/\" \/>\n<meta property=\"og:site_name\" content=\"Positive Prints\" \/>\n<meta property=\"article:publisher\" content=\"https:\/\/www.facebook.com\/positiveprintscom\" \/>\n<meta property=\"article:modified_time\" content=\"2026-04-07T12:32:24+00:00\" \/>\n<meta property=\"og:image\" content=\"https:\/\/positiveprints.com\/wp-content\/uploads\/2024\/07\/Lienzo-Mapa-de-Boda.jpg\" \/>\n\t<meta property=\"og:image:width\" content=\"1080\" \/>\n\t<meta property=\"og:image:height\" content=\"1080\" \/>\n\t<meta property=\"og:image:type\" content=\"image\/jpeg\" \/>\n<meta name=\"twitter:card\" content=\"summary_large_image\" \/>\n<meta name=\"twitter:label1\" content=\"Tiempo de lectura\" \/>\n\t<meta name=\"twitter:data1\" content=\"2 minutos\" \/>\n<!-- \/ Yoast SEO Premium plugin. -->","yoast_head_json":{"title":"Lienzo Mapa de Boda - Positive Prints","description":"\u00bfBuscas un regalo \u00fanico para reci\u00e9n casados? Destaca el lugar especial donde la pareja se dio el S\u00ed, quiero con un bonito lienzo personalizado Mapa de boda.","robots":{"index":"index","follow":"follow","max-snippet":"max-snippet:-1","max-image-preview":"max-image-preview:large","max-video-preview":"max-video-preview:-1"},"canonical":"https:\/\/positiveprints.com\/es\/producto\/lienzo-mapa-de-boda\/","og_locale":"es_ES","og_type":"article","og_title":"Lienzo Mapa de Boda","og_description":"Conmemora este d\u00eda tan especial creando un lienzo personalizado del lugar de la boda Marcar un lugar especial con un s\u00edmbolo elegido Personalizar en 3 sencillos pasos Incluye un texto personalizado significativo Ve el resultado de inmediato: la vista previa interactiva te permite perfeccionar cada detalle","og_url":"https:\/\/positiveprints.com\/es\/producto\/lienzo-mapa-de-boda\/","og_site_name":"Positive Prints","article_publisher":"https:\/\/www.facebook.com\/positiveprintscom","article_modified_time":"2026-04-07T12:32:24+00:00","og_image":[{"width":1080,"height":1080,"url":"https:\/\/positiveprints.com\/wp-content\/uploads\/2024\/07\/Lienzo-Mapa-de-Boda.jpg","type":"image\/jpeg"}],"twitter_card":"summary_large_image","twitter_misc":{"Tiempo de lectura":"2 minutos"},"schema":{"@context":"https:\/\/schema.org","@graph":[{"@type":["WebPage","ItemPage"],"@id":"https:\/\/positiveprints.com\/es\/producto\/lienzo-mapa-de-boda\/","url":"https:\/\/positiveprints.com\/es\/producto\/lienzo-mapa-de-boda\/","name":"Lienzo Mapa de Boda - Positive Prints","isPartOf":{"@id":"https:\/\/positiveprints.com\/es\/#website"},"primaryImageOfPage":{"@id":"https:\/\/positiveprints.com\/es\/producto\/lienzo-mapa-de-boda\/#primaryimage"},"image":{"@id":"https:\/\/positiveprints.com\/es\/producto\/lienzo-mapa-de-boda\/#primaryimage"},"thumbnailUrl":"https:\/\/positiveprints.com\/wp-content\/uploads\/2026\/04\/Packshot_ES_XX-Mapa-de-boda-en-lienzo.webp","datePublished":"2024-06-11T17:38:44+00:00","dateModified":"2026-04-07T12:32:24+00:00","description":"\u00bfBuscas un regalo \u00fanico para reci\u00e9n casados? Destaca el lugar especial donde la pareja se dio el S\u00ed, quiero con un bonito lienzo personalizado Mapa de boda.","breadcrumb":{"@id":"https:\/\/positiveprints.com\/es\/producto\/lienzo-mapa-de-boda\/#breadcrumb"},"inLanguage":"es","potentialAction":[{"@type":"ReadAction","target":["https:\/\/positiveprints.com\/es\/producto\/lienzo-mapa-de-boda\/"]}]},{"@type":"ImageObject","inLanguage":"es","@id":"https:\/\/positiveprints.com\/es\/producto\/lienzo-mapa-de-boda\/#primaryimage","url":"https:\/\/positiveprints.com\/wp-content\/uploads\/2026\/04\/Packshot_ES_XX-Mapa-de-boda-en-lienzo.webp","contentUrl":"https:\/\/positiveprints.com\/wp-content\/uploads\/2026\/04\/Packshot_ES_XX-Mapa-de-boda-en-lienzo.webp","width":1450,"height":1450},{"@type":"BreadcrumbList","@id":"https:\/\/positiveprints.com\/es\/producto\/lienzo-mapa-de-boda\/#breadcrumb","itemListElement":[{"@type":"ListItem","position":1,"name":"CASA","item":"https:\/\/positiveprints.com\/es\/"},{"@type":"ListItem","position":2,"name":"Productos","item":"https:\/\/positiveprints.com\/es\/shop\/"},{"@type":"ListItem","position":3,"name":"Lienzo Mapa de Boda"}]},{"@type":"WebSite","@id":"https:\/\/positiveprints.com\/es\/#website","url":"https:\/\/positiveprints.com\/es\/","name":"Positive Prints","description":"Custom Gifts for Special Occasions","publisher":{"@id":"https:\/\/positiveprints.com\/es\/#organization"},"potentialAction":[{"@type":"SearchAction","target":{"@type":"EntryPoint","urlTemplate":"https:\/\/positiveprints.com\/es\/?s={search_term_string}"},"query-input":{"@type":"PropertyValueSpecification","valueRequired":true,"valueName":"search_term_string"}}],"inLanguage":"es"},{"@type":"Organization","@id":"https:\/\/positiveprints.com\/es\/#organization","name":"Positive Prints","alternateName":"Positive Prints","url":"https:\/\/positiveprints.com\/es\/","logo":{"@type":"ImageObject","inLanguage":"es","@id":"https:\/\/positiveprints.com\/es\/#\/schema\/logo\/image\/","url":"https:\/\/positiveprints.com\/wp-content\/uploads\/2026\/03\/245815646_1337939713319158_5671353136411139666_n.png","contentUrl":"https:\/\/positiveprints.com\/wp-content\/uploads\/2026\/03\/245815646_1337939713319158_5671353136411139666_n.png","width":800,"height":800,"caption":"Positive Prints"},"image":{"@id":"https:\/\/positiveprints.com\/es\/#\/schema\/logo\/image\/"},"sameAs":["https:\/\/www.facebook.com\/positiveprintscom","https:\/\/www.instagram.com\/positiveprintscom\/","https:\/\/www.tiktok.com\/@positiveprintscom","https:\/\/www.pinterest.com\/positiveprintscom\/"]}]}},"jetpack_sharing_enabled":true,"_links":{"self":[{"href":"https:\/\/positiveprints.com\/es\/wp-json\/wp\/v2\/product\/1132881","targetHints":{"allow":["GET"]}}],"collection":[{"href":"https:\/\/positiveprints.com\/es\/wp-json\/wp\/v2\/product"}],"about":[{"href":"https:\/\/positiveprints.com\/es\/wp-json\/wp\/v2\/types\/product"}],"wp:featuredmedia":[{"embeddable":true,"href":"https:\/\/positiveprints.com\/es\/wp-json\/wp\/v2\/media\/1696536"}],"wp:attachment":[{"href":"https:\/\/positiveprints.com\/es\/wp-json\/wp\/v2\/media?parent=1132881"}],"wp:term":[{"taxonomy":"product_brand","embeddable":true,"href":"https:\/\/positiveprints.com\/es\/wp-json\/wp\/v2\/product_brand?post=1132881"},{"taxonomy":"product_cat","embeddable":true,"href":"https:\/\/positiveprints.com\/es\/wp-json\/wp\/v2\/product_cat?post=1132881"},{"taxonomy":"product_tag","embeddable":true,"href":"https:\/\/positiveprints.com\/es\/wp-json\/wp\/v2\/product_tag?post=1132881"}],"curies":[{"name":"wp","href":"https:\/\/api.w.org\/{rel}","templated":true}]}}