{"id":1132873,"date":"2024-06-11T18:01:06","date_gmt":"2024-06-11T17:01:06","guid":{"rendered":"https:\/\/positiveprints.com\/?post_type=product&#038;p=1132873"},"modified":"2026-04-18T04:13:10","modified_gmt":"2026-04-18T03:13:10","slug":"lienzo-del-mapa-de-compromiso","status":"publish","type":"product","link":"https:\/\/positiveprints.com\/es\/producto\/lienzo-del-mapa-de-compromiso\/","title":{"rendered":"Lienzo del Mapa de Compromiso"},"content":{"rendered":"<p>\u00bfBuscas un regalo \u00fanico y sincero para una pareja de novios? Nuestro Lienzo de Mapa de Compromiso es la elecci\u00f3n perfecta. Destaca el lugar especial donde ocurri\u00f3 la proposici\u00f3n con un bonito mapa personalizado.<\/p>\r\n\r\n<h2>Crea tu Lienzo de Mapa de Compromiso<\/h2>\r\n\r\n<p>Con nuestro lienzo Mapa del compromiso, puedes crear una pieza realmente \u00fanica. Entra en nuestro sencillo creador online para empezar. Elige la forma y los colores del mapa: utiliza nuestros esquemas de colores predefinidos o personaliza los colores t\u00fa mismo. A continuaci\u00f3n, introduce el lugar donde tuvo lugar el compromiso. Puedes ampliar y reducir el mapa para que sea exactamente como t\u00fa quieras. A\u00f1ade un marcador con forma de coraz\u00f3n para se\u00f1alar el lugar exacto e incluye un mensaje personal debajo, como &#8220;Ella dijo s\u00ed&#8221; o &#8220;Donde empez\u00f3 todo&#8221;.<\/p>\r\n\r\n<h2>Regalo perfecto para ocasiones especiales<\/h2>\r\n\r\n<p>Nuestro lienzo Mapa del compromiso es un regalo ideal para los amigos que se han comprometido. Imagina la alegr\u00eda cuando la feliz pareja reciba un lienzo personalizado que capture el lugar especial donde dieron el siguiente paso en su viaje juntos.<\/p>\r\n\r\n<h2>\u00bfPor qu\u00e9 elegir nuestro Lienzo de Mapa de Compromiso?<\/h2>\r\n\r\n<p>Elegir el formato adecuado es f\u00e1cil con nuestra variedad de opciones de lienzos, que garantizan que tu mapa quedar\u00e1 incre\u00edble en cualquier pared. Hacer un pedido es sencillo: s\u00f3lo tienes que visitar nuestro sitio web, introducir la ubicaci\u00f3n, personalizar el mapa, a\u00f1adir tu mensaje personal, elegir el formato del lienzo y hacer el pedido. Nosotros nos encargamos del resto, asegur\u00e1ndonos de que tu lienzo se elabore y entregue con esmero.<\/p>\r\n\r\n<p>Haz un regalo que ser\u00e1 apreciado para siempre. El Lienzo de Mapa de Compromiso sirve como tributo duradero al lugar especial donde tuvo lugar la pedida de mano, convirti\u00e9ndolo en un regalo creativo y significativo para cualquier pareja de novios.<\/p>","protected":false},"excerpt":{"rendered":"<ul class=\"check-list\">\n<li>Destaca el lugar especial donde ocurri\u00f3 la propuesta<\/li>\n<li>Marcar un lugar especial con un s\u00edmbolo elegido<\/li>\n<li>Personalizar en 3 sencillos pasos<\/li>\n<li>Incluye un texto personalizado significativo<\/li>\n<li>Ve el resultado de inmediato: la vista previa interactiva te permite perfeccionar cada detalle<\/li>\n<\/ul>\n","protected":false},"featured_media":1159650,"template":"","meta":[],"product_brand":[],"product_cat":[9779,106],"product_tag":[8440,16246],"class_list":{"0":"post-1132873","1":"product","2":"type-product","3":"status-publish","4":"has-post-thumbnail","6":"product_cat-lienzo","7":"product_cat-todos-los-productos","8":"product_tag-compromiso","9":"product_tag-lienzos-personalizados","11":"first","12":"instock","13":"sale","14":"taxable","15":"shipping-taxable","16":"purchasable","17":"product-type-variable"},"yoast_head":"<!-- This site is optimized with the Yoast SEO Premium plugin v27.2 (Yoast SEO v27.2) - https:\/\/yoast.com\/product\/yoast-seo-premium-wordpress\/ -->\n<title>Lienzo Mapa de compromiso - Positive Prints<\/title>\n<meta name=\"description\" content=\"\u00bfBuscas un regalo \u00fanico para una pareja de novios? Destaca el lugar especial donde tuvo lugar la pedida de mano con un bonito Lienzo de Mapa del Compromiso.\" \/>\n<meta name=\"robots\" content=\"index, follow, max-snippet:-1, max-image-preview:large, max-video-preview:-1\" \/>\n<link rel=\"canonical\" href=\"https:\/\/positiveprints.com\/es\/producto\/lienzo-del-mapa-de-compromiso\/\" \/>\n<meta property=\"og:locale\" content=\"es_ES\" \/>\n<meta property=\"og:type\" content=\"article\" \/>\n<meta property=\"og:title\" content=\"Lienzo del Mapa de Compromiso\" \/>\n<meta property=\"og:description\" content=\"Destaca el lugar especial donde ocurri\u00f3 la propuesta Marcar un lugar especial con un s\u00edmbolo elegido Personalizar en 3 sencillos pasos Incluye un texto personalizado significativo Ve el resultado de inmediato: la vista previa interactiva te permite perfeccionar cada detalle\" \/>\n<meta property=\"og:url\" content=\"https:\/\/positiveprints.com\/es\/producto\/lienzo-del-mapa-de-compromiso\/\" \/>\n<meta property=\"og:site_name\" content=\"Positive Prints\" \/>\n<meta property=\"article:publisher\" content=\"https:\/\/www.facebook.com\/positiveprintscom\" \/>\n<meta property=\"article:modified_time\" content=\"2026-04-18T03:13:10+00:00\" \/>\n<meta property=\"og:image\" content=\"https:\/\/positiveprints.com\/wp-content\/uploads\/2024\/07\/Lienzo-del-Mapa-de-Compromiso.jpg\" \/>\n\t<meta property=\"og:image:width\" content=\"1080\" \/>\n\t<meta property=\"og:image:height\" content=\"1080\" \/>\n\t<meta property=\"og:image:type\" content=\"image\/jpeg\" \/>\n<meta name=\"twitter:card\" content=\"summary_large_image\" \/>\n<meta name=\"twitter:label1\" content=\"Tiempo de lectura\" \/>\n\t<meta name=\"twitter:data1\" content=\"2 minutos\" \/>\n<!-- \/ Yoast SEO Premium plugin. -->","yoast_head_json":{"title":"Lienzo Mapa de compromiso - Positive Prints","description":"\u00bfBuscas un regalo \u00fanico para una pareja de novios? Destaca el lugar especial donde tuvo lugar la pedida de mano con un bonito Lienzo de Mapa del Compromiso.","robots":{"index":"index","follow":"follow","max-snippet":"max-snippet:-1","max-image-preview":"max-image-preview:large","max-video-preview":"max-video-preview:-1"},"canonical":"https:\/\/positiveprints.com\/es\/producto\/lienzo-del-mapa-de-compromiso\/","og_locale":"es_ES","og_type":"article","og_title":"Lienzo del Mapa de Compromiso","og_description":"Destaca el lugar especial donde ocurri\u00f3 la propuesta Marcar un lugar especial con un s\u00edmbolo elegido Personalizar en 3 sencillos pasos Incluye un texto personalizado significativo Ve el resultado de inmediato: la vista previa interactiva te permite perfeccionar cada detalle","og_url":"https:\/\/positiveprints.com\/es\/producto\/lienzo-del-mapa-de-compromiso\/","og_site_name":"Positive Prints","article_publisher":"https:\/\/www.facebook.com\/positiveprintscom","article_modified_time":"2026-04-18T03:13:10+00:00","og_image":[{"width":1080,"height":1080,"url":"https:\/\/positiveprints.com\/wp-content\/uploads\/2024\/07\/Lienzo-del-Mapa-de-Compromiso.jpg","type":"image\/jpeg"}],"twitter_card":"summary_large_image","twitter_misc":{"Tiempo de lectura":"2 minutos"},"schema":{"@context":"https:\/\/schema.org","@graph":[{"@type":["WebPage","ItemPage"],"@id":"https:\/\/positiveprints.com\/es\/producto\/lienzo-del-mapa-de-compromiso\/","url":"https:\/\/positiveprints.com\/es\/producto\/lienzo-del-mapa-de-compromiso\/","name":"Lienzo Mapa de compromiso - Positive Prints","isPartOf":{"@id":"https:\/\/positiveprints.com\/es\/#website"},"primaryImageOfPage":{"@id":"https:\/\/positiveprints.com\/es\/producto\/lienzo-del-mapa-de-compromiso\/#primaryimage"},"image":{"@id":"https:\/\/positiveprints.com\/es\/producto\/lienzo-del-mapa-de-compromiso\/#primaryimage"},"thumbnailUrl":"https:\/\/positiveprints.com\/wp-content\/uploads\/2024\/07\/Lienzo-del-Mapa-de-Compromiso.jpg","datePublished":"2024-06-11T17:01:06+00:00","dateModified":"2026-04-18T03:13:10+00:00","description":"\u00bfBuscas un regalo \u00fanico para una pareja de novios? Destaca el lugar especial donde tuvo lugar la pedida de mano con un bonito Lienzo de Mapa del Compromiso.","breadcrumb":{"@id":"https:\/\/positiveprints.com\/es\/producto\/lienzo-del-mapa-de-compromiso\/#breadcrumb"},"inLanguage":"es","potentialAction":[{"@type":"ReadAction","target":["https:\/\/positiveprints.com\/es\/producto\/lienzo-del-mapa-de-compromiso\/"]}]},{"@type":"ImageObject","inLanguage":"es","@id":"https:\/\/positiveprints.com\/es\/producto\/lienzo-del-mapa-de-compromiso\/#primaryimage","url":"https:\/\/positiveprints.com\/wp-content\/uploads\/2024\/07\/Lienzo-del-Mapa-de-Compromiso.jpg","contentUrl":"https:\/\/positiveprints.com\/wp-content\/uploads\/2024\/07\/Lienzo-del-Mapa-de-Compromiso.jpg","width":1080,"height":1080},{"@type":"BreadcrumbList","@id":"https:\/\/positiveprints.com\/es\/producto\/lienzo-del-mapa-de-compromiso\/#breadcrumb","itemListElement":[{"@type":"ListItem","position":1,"name":"CASA","item":"https:\/\/positiveprints.com\/es\/"},{"@type":"ListItem","position":2,"name":"Productos","item":"https:\/\/positiveprints.com\/es\/shop\/"},{"@type":"ListItem","position":3,"name":"Lienzo del Mapa de Compromiso"}]},{"@type":"WebSite","@id":"https:\/\/positiveprints.com\/es\/#website","url":"https:\/\/positiveprints.com\/es\/","name":"Positive Prints","description":"Custom Gifts for Special Occasions","publisher":{"@id":"https:\/\/positiveprints.com\/es\/#organization"},"potentialAction":[{"@type":"SearchAction","target":{"@type":"EntryPoint","urlTemplate":"https:\/\/positiveprints.com\/es\/?s={search_term_string}"},"query-input":{"@type":"PropertyValueSpecification","valueRequired":true,"valueName":"search_term_string"}}],"inLanguage":"es"},{"@type":"Organization","@id":"https:\/\/positiveprints.com\/es\/#organization","name":"Positive Prints","alternateName":"Positive Prints","url":"https:\/\/positiveprints.com\/es\/","logo":{"@type":"ImageObject","inLanguage":"es","@id":"https:\/\/positiveprints.com\/es\/#\/schema\/logo\/image\/","url":"https:\/\/positiveprints.com\/wp-content\/uploads\/2026\/03\/245815646_1337939713319158_5671353136411139666_n.png","contentUrl":"https:\/\/positiveprints.com\/wp-content\/uploads\/2026\/03\/245815646_1337939713319158_5671353136411139666_n.png","width":800,"height":800,"caption":"Positive Prints"},"image":{"@id":"https:\/\/positiveprints.com\/es\/#\/schema\/logo\/image\/"},"sameAs":["https:\/\/www.facebook.com\/positiveprintscom","https:\/\/www.instagram.com\/positiveprintscom\/","https:\/\/www.tiktok.com\/@positiveprintscom","https:\/\/www.pinterest.com\/positiveprintscom\/"]}]}},"jetpack_sharing_enabled":true,"_links":{"self":[{"href":"https:\/\/positiveprints.com\/es\/wp-json\/wp\/v2\/product\/1132873","targetHints":{"allow":["GET"]}}],"collection":[{"href":"https:\/\/positiveprints.com\/es\/wp-json\/wp\/v2\/product"}],"about":[{"href":"https:\/\/positiveprints.com\/es\/wp-json\/wp\/v2\/types\/product"}],"wp:featuredmedia":[{"embeddable":true,"href":"https:\/\/positiveprints.com\/es\/wp-json\/wp\/v2\/media\/1159650"}],"wp:attachment":[{"href":"https:\/\/positiveprints.com\/es\/wp-json\/wp\/v2\/media?parent=1132873"}],"wp:term":[{"taxonomy":"product_brand","embeddable":true,"href":"https:\/\/positiveprints.com\/es\/wp-json\/wp\/v2\/product_brand?post=1132873"},{"taxonomy":"product_cat","embeddable":true,"href":"https:\/\/positiveprints.com\/es\/wp-json\/wp\/v2\/product_cat?post=1132873"},{"taxonomy":"product_tag","embeddable":true,"href":"https:\/\/positiveprints.com\/es\/wp-json\/wp\/v2\/product_tag?post=1132873"}],"curies":[{"name":"wp","href":"https:\/\/api.w.org\/{rel}","templated":true}]}}