{"id":1132859,"date":"2024-06-10T12:37:39","date_gmt":"2024-06-10T11:37:39","guid":{"rendered":"https:\/\/positiveprints.com\/?post_type=product&#038;p=1132859"},"modified":"2026-04-23T11:01:58","modified_gmt":"2026-04-23T10:01:58","slug":"joyas-personalizadas-con-dibujos-infantiles","status":"publish","type":"product","link":"https:\/\/positiveprints.com\/es\/producto\/joyas-personalizadas-con-dibujos-infantiles\/","title":{"rendered":"Joyas personalizadas con dibujos infantiles"},"content":{"rendered":"<p>\u00bfBuscas un regalo \u00fanico y sincero? Nuestras joyas con dibujos infantiles personalizados son la elecci\u00f3n perfecta. Transforma la preciada obra de arte de tu hijo en un impresionante colgante con grabado personalizado.<\/p>\n\n\n\n<h2>Crea tu joya de dibujo infantil personalizada<\/h2>\n\n\n\n<p>Con nuestras joyas de dibujo infantil personalizadas, cada colgante es realmente \u00fanico. Transformamos un recuerdo de los primeros a\u00f1os de vida de tu hijo en bellas ilustraciones minimalistas de arte lineal. Nuestros talentosos artistas dibujan a mano cada dise\u00f1o a partir de la foto de su dibujo, garantizando que cada colgante sea especial.<\/p>\n\n\n\n<p>Con nuestro sencillo editor en l\u00ednea, puedes subir f\u00e1cilmente una foto del dibujo de tu hijo y a\u00f1adir un mensaje personalizado en la parte posterior del colgante. Cada colgante, ya sea un elegante c\u00edrculo o una cadena de 45 cm, se somete a un meticuloso grabado l\u00e1ser para garantizar un detalle y una durabilidad perfectos.<\/p>\n\n\n\n<h2>Regalo perfecto para mam\u00e1s<\/h2>\n\n\n\n<p>Nuestras joyas con dibujos infantiles personalizados son un regalo ideal para cumplea\u00f1os o el D\u00eda de la Madre. Imagina la alegr\u00eda cuando una madre recibe un colgante personalizado que plasma la obra de arte de su hijo de una forma bella y art\u00edstica.<\/p>\n\n\n\n<h2>\u00bfPor qu\u00e9 elegir nuestras joyas con dibujos infantiles personalizados?<\/h2>\n\n\n\n<p>Hacer un pedido es sencillo. S\u00f3lo tienes que visitar nuestro sitio web, subir tu foto del dibujo, a\u00f1adir tu mensaje personalizado, elegir el material y hacer tu pedido. Nosotros nos encargamos del resto, asegur\u00e1ndonos de que tu colgante sea grabado y empaquetado con el m\u00e1ximo cuidado.<\/p>\n\n\n\n<p>Haz un regalo que ser\u00e1 apreciado para siempre. Deja que las Joyas Dibujo Infantil Personalizadas sirvan de homenaje duradero a tus momentos m\u00e1s preciados y celebra el v\u00ednculo especial entre madre e hijo de una forma creativa y significativa.<\/p>","protected":false},"excerpt":{"rendered":"<ul class=\"check-list\">\n<li>Transforma la preciada obra de arte de tu hijo en una impresionante pieza de joyer\u00eda<\/li>\n<li>Fabricados en plata de ley de primera calidad, cada colgante est\u00e1 grabado con l\u00e1ser y acabado a mano<\/li>\n<li>Elige un texto sincero seg\u00fan la ocasi\u00f3n<\/li>\n<li>Personaliza en s\u00f3lo 2 minutos<\/li>\n<li>Ve el resultado de inmediato: la vista previa interactiva te permite perfeccionar cada detalle<\/li>\n<\/ul>\n","protected":false},"featured_media":1532115,"template":"","meta":[],"product_brand":[],"product_cat":[7279,9264,12257,9697,5270,11453,7726,11459,7709,7693,106],"product_tag":[11035,11036,10959,11034,11037,11038,8408,13350,11822],"class_list":{"0":"post-1132859","1":"product","2":"type-product","3":"status-publish","4":"has-post-thumbnail","6":"product_cat-regalos-del-dia-de-las-madres","7":"product_cat-jewelry-es","8":"product_cat-jewelry-basic-es","9":"product_cat-joyeria-line-art","10":"product_cat-regalos-de-navidad","11":"product_cat-regalos-de-navidad-para-abuela","12":"product_cat-regalos-para-la-abuela","13":"product_cat-regalos-de-navidad-para-mama","14":"product_cat-regalos-para-mama","15":"product_cat-regalos-para-mujeres","16":"product_cat-todos-los-productos","17":"product_tag-mam-es","18":"product_tag-mama-es-3","19":"product_tag-mama-es","20":"product_tag-mama-es-2","21":"product_tag-mami","22":"product_tag-momia","23":"product_tag-mother-es","24":"product_tag-regalo-de-navidad-para-una-abuela","25":"product_tag-regalos-de-navidad-para-mama","27":"first","28":"instock","29":"sale","30":"taxable","31":"shipping-taxable","32":"purchasable","33":"product-type-variable"},"yoast_head":"<!-- This site is optimized with the Yoast SEO Premium plugin v27.2 (Yoast SEO v27.2) - https:\/\/yoast.com\/product\/yoast-seo-premium-wordpress\/ -->\n<title>Joyas de dibujo personalizadas para ni\u00f1os - Impresiones positivas<\/title>\n<meta name=\"description\" content=\"\u00bfBuscas un regalo \u00fanico y sincero? Transforma la preciada obra de arte de tu hijo en una impresionante pieza de joyer\u00eda. Crea tu joya de dibujo infantil personalizada.\" \/>\n<meta name=\"robots\" content=\"index, follow, max-snippet:-1, max-image-preview:large, max-video-preview:-1\" \/>\n<link rel=\"canonical\" href=\"https:\/\/positiveprints.com\/es\/producto\/joyas-personalizadas-con-dibujos-infantiles\/\" \/>\n<meta property=\"og:locale\" content=\"es_ES\" \/>\n<meta property=\"og:type\" content=\"article\" \/>\n<meta property=\"og:title\" content=\"Joyas personalizadas con dibujos infantiles\" \/>\n<meta property=\"og:description\" content=\"Transforma la preciada obra de arte de tu hijo en una impresionante pieza de joyer\u00eda  Fabricados en plata de ley de primera calidad, cada colgante est\u00e1 grabado con l\u00e1ser y acabado a mano  Elige un texto sincero seg\u00fan la ocasi\u00f3n  Personaliza en s\u00f3lo 2 minutos  Ve el resultado de inmediato: la vista previa interactiva te permite perfeccionar cada detalle\" \/>\n<meta property=\"og:url\" content=\"https:\/\/positiveprints.com\/es\/producto\/joyas-personalizadas-con-dibujos-infantiles\/\" \/>\n<meta property=\"og:site_name\" content=\"Positive Prints\" \/>\n<meta property=\"article:publisher\" content=\"https:\/\/www.facebook.com\/positiveprintscom\" \/>\n<meta property=\"article:modified_time\" content=\"2026-04-23T10:01:58+00:00\" \/>\n<meta property=\"og:image\" content=\"https:\/\/positiveprints.com\/wp-content\/uploads\/2025\/10\/MAIN_ES_Joyas-personalizadas-con-dibujos-infantiles.webp\" \/>\n\t<meta property=\"og:image:width\" content=\"2500\" \/>\n\t<meta property=\"og:image:height\" content=\"2500\" \/>\n\t<meta property=\"og:image:type\" content=\"image\/webp\" \/>\n<meta name=\"twitter:card\" content=\"summary_large_image\" \/>\n<!-- \/ Yoast SEO Premium plugin. -->","yoast_head_json":{"title":"Joyas de dibujo personalizadas para ni\u00f1os - Impresiones positivas","description":"\u00bfBuscas un regalo \u00fanico y sincero? Transforma la preciada obra de arte de tu hijo en una impresionante pieza de joyer\u00eda. Crea tu joya de dibujo infantil personalizada.","robots":{"index":"index","follow":"follow","max-snippet":"max-snippet:-1","max-image-preview":"max-image-preview:large","max-video-preview":"max-video-preview:-1"},"canonical":"https:\/\/positiveprints.com\/es\/producto\/joyas-personalizadas-con-dibujos-infantiles\/","og_locale":"es_ES","og_type":"article","og_title":"Joyas personalizadas con dibujos infantiles","og_description":"Transforma la preciada obra de arte de tu hijo en una impresionante pieza de joyer\u00eda  Fabricados en plata de ley de primera calidad, cada colgante est\u00e1 grabado con l\u00e1ser y acabado a mano  Elige un texto sincero seg\u00fan la ocasi\u00f3n  Personaliza en s\u00f3lo 2 minutos  Ve el resultado de inmediato: la vista previa interactiva te permite perfeccionar cada detalle","og_url":"https:\/\/positiveprints.com\/es\/producto\/joyas-personalizadas-con-dibujos-infantiles\/","og_site_name":"Positive Prints","article_publisher":"https:\/\/www.facebook.com\/positiveprintscom","article_modified_time":"2026-04-23T10:01:58+00:00","og_image":[{"width":2500,"height":2500,"url":"https:\/\/positiveprints.com\/wp-content\/uploads\/2025\/10\/MAIN_ES_Joyas-personalizadas-con-dibujos-infantiles.webp","type":"image\/webp"}],"twitter_card":"summary_large_image","schema":{"@context":"https:\/\/schema.org","@graph":[{"@type":["WebPage","ItemPage"],"@id":"https:\/\/positiveprints.com\/es\/producto\/joyas-personalizadas-con-dibujos-infantiles\/","url":"https:\/\/positiveprints.com\/es\/producto\/joyas-personalizadas-con-dibujos-infantiles\/","name":"Joyas de dibujo personalizadas para ni\u00f1os - Impresiones positivas","isPartOf":{"@id":"https:\/\/positiveprints.com\/es\/#website"},"primaryImageOfPage":{"@id":"https:\/\/positiveprints.com\/es\/producto\/joyas-personalizadas-con-dibujos-infantiles\/#primaryimage"},"image":{"@id":"https:\/\/positiveprints.com\/es\/producto\/joyas-personalizadas-con-dibujos-infantiles\/#primaryimage"},"thumbnailUrl":"https:\/\/positiveprints.com\/wp-content\/uploads\/2025\/10\/MAIN_ES_Joyas-personalizadas-con-dibujos-infantiles.webp","datePublished":"2024-06-10T11:37:39+00:00","dateModified":"2026-04-23T10:01:58+00:00","description":"\u00bfBuscas un regalo \u00fanico y sincero? Transforma la preciada obra de arte de tu hijo en una impresionante pieza de joyer\u00eda. Crea tu joya de dibujo infantil personalizada.","breadcrumb":{"@id":"https:\/\/positiveprints.com\/es\/producto\/joyas-personalizadas-con-dibujos-infantiles\/#breadcrumb"},"inLanguage":"es","potentialAction":[{"@type":"ReadAction","target":["https:\/\/positiveprints.com\/es\/producto\/joyas-personalizadas-con-dibujos-infantiles\/"]}]},{"@type":"ImageObject","inLanguage":"es","@id":"https:\/\/positiveprints.com\/es\/producto\/joyas-personalizadas-con-dibujos-infantiles\/#primaryimage","url":"https:\/\/positiveprints.com\/wp-content\/uploads\/2025\/10\/MAIN_ES_Joyas-personalizadas-con-dibujos-infantiles.webp","contentUrl":"https:\/\/positiveprints.com\/wp-content\/uploads\/2025\/10\/MAIN_ES_Joyas-personalizadas-con-dibujos-infantiles.webp","width":2500,"height":2500},{"@type":"BreadcrumbList","@id":"https:\/\/positiveprints.com\/es\/producto\/joyas-personalizadas-con-dibujos-infantiles\/#breadcrumb","itemListElement":[{"@type":"ListItem","position":1,"name":"CASA","item":"https:\/\/positiveprints.com\/es\/"},{"@type":"ListItem","position":2,"name":"Productos","item":"https:\/\/positiveprints.com\/es\/shop\/"},{"@type":"ListItem","position":3,"name":"Joyas personalizadas con dibujos infantiles"}]},{"@type":"WebSite","@id":"https:\/\/positiveprints.com\/es\/#website","url":"https:\/\/positiveprints.com\/es\/","name":"Positive Prints","description":"Custom Gifts for Special Occasions","publisher":{"@id":"https:\/\/positiveprints.com\/es\/#organization"},"potentialAction":[{"@type":"SearchAction","target":{"@type":"EntryPoint","urlTemplate":"https:\/\/positiveprints.com\/es\/?s={search_term_string}"},"query-input":{"@type":"PropertyValueSpecification","valueRequired":true,"valueName":"search_term_string"}}],"inLanguage":"es"},{"@type":"Organization","@id":"https:\/\/positiveprints.com\/es\/#organization","name":"Positive Prints","alternateName":"Positive Prints ","url":"https:\/\/positiveprints.com\/es\/","logo":{"@type":"ImageObject","inLanguage":"es","@id":"https:\/\/positiveprints.com\/es\/#\/schema\/logo\/image\/","url":"https:\/\/positiveprints.com\/wp-content\/uploads\/2026\/03\/245815646_1337939713319158_5671353136411139666_n.png","contentUrl":"https:\/\/positiveprints.com\/wp-content\/uploads\/2026\/03\/245815646_1337939713319158_5671353136411139666_n.png","width":800,"height":800,"caption":"Positive Prints"},"image":{"@id":"https:\/\/positiveprints.com\/es\/#\/schema\/logo\/image\/"},"sameAs":["https:\/\/www.facebook.com\/positiveprintscom","https:\/\/www.instagram.com\/positiveprintscom\/","https:\/\/www.tiktok.com\/@positiveprintscom","https:\/\/www.pinterest.com\/positiveprintscom\/"]}]}},"jetpack_sharing_enabled":true,"_links":{"self":[{"href":"https:\/\/positiveprints.com\/es\/wp-json\/wp\/v2\/product\/1132859","targetHints":{"allow":["GET"]}}],"collection":[{"href":"https:\/\/positiveprints.com\/es\/wp-json\/wp\/v2\/product"}],"about":[{"href":"https:\/\/positiveprints.com\/es\/wp-json\/wp\/v2\/types\/product"}],"wp:featuredmedia":[{"embeddable":true,"href":"https:\/\/positiveprints.com\/es\/wp-json\/wp\/v2\/media\/1532115"}],"wp:attachment":[{"href":"https:\/\/positiveprints.com\/es\/wp-json\/wp\/v2\/media?parent=1132859"}],"wp:term":[{"taxonomy":"product_brand","embeddable":true,"href":"https:\/\/positiveprints.com\/es\/wp-json\/wp\/v2\/product_brand?post=1132859"},{"taxonomy":"product_cat","embeddable":true,"href":"https:\/\/positiveprints.com\/es\/wp-json\/wp\/v2\/product_cat?post=1132859"},{"taxonomy":"product_tag","embeddable":true,"href":"https:\/\/positiveprints.com\/es\/wp-json\/wp\/v2\/product_tag?post=1132859"}],"curies":[{"name":"wp","href":"https:\/\/api.w.org\/{rel}","templated":true}]}}