{"id":1123798,"date":"2024-05-27T08:34:35","date_gmt":"2024-05-27T07:34:35","guid":{"rendered":"https:\/\/positiveprints.com\/product\/compromiso-linea-arte-joyeria\/"},"modified":"2026-04-03T02:52:05","modified_gmt":"2026-04-03T01:52:05","slug":"compromiso-articulo-joya","status":"publish","type":"product","link":"https:\/\/positiveprints.com\/es\/producto\/compromiso-articulo-joya\/","title":{"rendered":"Compromiso L\u00ednea Arte Joyer\u00eda"},"content":{"rendered":"<p>\u00bfBuscas un regalo de compromiso \u00fanico y significativo? Nuestras joyas art\u00edsticas de la l\u00ednea Compromiso son la elecci\u00f3n perfecta. Transforma tus recuerdos m\u00e1s preciados en un impresionante colgante con una ilustraci\u00f3n lineal dibujada a mano basada en tu propia foto.<\/p>\n\n\n\n<h2>Crea tu l\u00ednea de joyer\u00eda art\u00edstica de compromiso<\/h2>\n\n\n\n<p>Con nuestras joyas art\u00edsticas de la l\u00ednea Compromiso, cada colgante es \u00fanico. Nuestros talentosos artistas dibujan a mano cada dise\u00f1o a partir de tu foto, creando un precioso arte lineal minimalista. En la parte posterior, puedes a\u00f1adir un mensaje personalizado como la fecha de vuestro compromiso o una nota personal como &#8220;Por siempre tuya&#8221;.<\/p>\n\n\n\n<p>Utilizando nuestro editor en l\u00ednea de f\u00e1cil uso, puedes subir f\u00e1cilmente tu foto y a\u00f1adir tu mensaje personalizado. Cada colgante, ya sea un elegante c\u00edrculo o una cadena de 45 cm, se somete a un meticuloso grabado l\u00e1ser para garantizar un detalle y una durabilidad perfectos.<\/p>\n\n\n\n<h2>Regalo perfecto para compromisos<\/h2>\n\n\n\n<p>Nuestras joyas art\u00edsticas de la l\u00ednea Compromiso son un regalo perfecto para celebrar tu compromiso. Imagina la alegr\u00eda cuando vean un colgante personalizado que capta un momento especial de una forma bella y art\u00edstica.<\/p>\n\n\n\n<h2>\u00bfPor qu\u00e9 elegir nuestras joyas art\u00edsticas de la l\u00ednea de compromiso?<\/h2>\n\n\n\n<p>Hacer un pedido es sencillo. S\u00f3lo tienes que visitar nuestro sitio web, subir tu foto, a\u00f1adir tu mensaje personalizado, elegir el material y hacer tu pedido. Nosotros nos encargamos del resto, asegur\u00e1ndonos de que tu colgante sea grabado y empaquetado con el m\u00e1ximo cuidado.<\/p>\n\n\n\n<p>Haz un regalo que ser\u00e1 apreciado para siempre. Deja que las Joyas Art\u00edsticas de la L\u00ednea de Compromiso sirvan de homenaje duradero a vuestros momentos m\u00e1s preciados y celebren vuestro amor de forma creativa y significativa.<\/p>","protected":false},"excerpt":{"rendered":"<ul class=\"check-list\">\n<li>Deja que nuestros artistas dibujen un arte lineal \u00fanico a partir de tu foto<\/li>\n<li>Fabricados en plata de ley de primera calidad, cada colgante est\u00e1 grabado con l\u00e1ser y acabado a mano<\/li>\n<li>Elige un texto sincero seg\u00fan la ocasi\u00f3n<\/li>\n<li>Personaliza en s\u00f3lo 2 minutos<\/li>\n<li>Ve el resultado de inmediato: la vista previa interactiva te permite perfeccionar cada detalle<\/li>\n<\/ul>\n","protected":false},"featured_media":1529234,"template":"","meta":[],"product_brand":[],"product_cat":[5277,9264,9697,106],"product_tag":[8440],"class_list":{"0":"post-1123798","1":"product","2":"type-product","3":"status-publish","4":"has-post-thumbnail","6":"product_cat-regalos-de-compromiso","7":"product_cat-jewelry-es","8":"product_cat-joyeria-line-art","9":"product_cat-todos-los-productos","10":"product_tag-compromiso","12":"first","13":"instock","14":"sale","15":"taxable","16":"shipping-taxable","17":"purchasable","18":"product-type-variable"},"yoast_head":"<!-- This site is optimized with the Yoast SEO Premium plugin v27.2 (Yoast SEO v27.2) - https:\/\/yoast.com\/product\/yoast-seo-premium-wordpress\/ -->\n<title>L\u00ednea de compromiso Joyas art\u00edsticas - Impresiones positivas<\/title>\n<meta name=\"description\" content=\"\u00bfBuscas un regalo de compromiso \u00fanico y significativo? Nuestras joyas art\u00edsticas de la l\u00ednea Compromiso son la elecci\u00f3n perfecta. Consigue el tuyo ahora.\" \/>\n<meta name=\"robots\" content=\"index, follow, max-snippet:-1, max-image-preview:large, max-video-preview:-1\" \/>\n<link rel=\"canonical\" href=\"https:\/\/positiveprints.com\/es\/producto\/compromiso-articulo-joya\/\" \/>\n<meta property=\"og:locale\" content=\"es_ES\" \/>\n<meta property=\"og:type\" content=\"article\" \/>\n<meta property=\"og:title\" content=\"Compromiso L\u00ednea Arte Joyer\u00eda\" \/>\n<meta property=\"og:description\" content=\"Deja que nuestros artistas dibujen un arte lineal \u00fanico a partir de tu foto  Fabricados en plata de ley de primera calidad, cada colgante est\u00e1 grabado con l\u00e1ser y acabado a mano  Elige un texto sincero seg\u00fan la ocasi\u00f3n  Personaliza en s\u00f3lo 2 minutos  Ve el resultado de inmediato: la vista previa interactiva te permite perfeccionar cada detalle\" \/>\n<meta property=\"og:url\" content=\"https:\/\/positiveprints.com\/es\/producto\/compromiso-articulo-joya\/\" \/>\n<meta property=\"og:site_name\" content=\"Positive Prints\" \/>\n<meta property=\"article:publisher\" content=\"https:\/\/www.facebook.com\/positiveprintscom\" \/>\n<meta property=\"article:modified_time\" content=\"2026-04-03T01:52:05+00:00\" \/>\n<meta property=\"og:image\" content=\"https:\/\/positiveprints.com\/wp-content\/uploads\/2025\/09\/MAIN_ES_Compromiso-Li\u0301nea-Arte-Joyeri\u0301a.webp\" \/>\n\t<meta property=\"og:image:width\" content=\"2500\" \/>\n\t<meta property=\"og:image:height\" content=\"2500\" \/>\n\t<meta property=\"og:image:type\" content=\"image\/webp\" \/>\n<meta name=\"twitter:card\" content=\"summary_large_image\" \/>\n<meta name=\"twitter:label1\" content=\"Tiempo de lectura\" \/>\n\t<meta name=\"twitter:data1\" content=\"2 minutos\" \/>\n<!-- \/ Yoast SEO Premium plugin. -->","yoast_head_json":{"title":"L\u00ednea de compromiso Joyas art\u00edsticas - Impresiones positivas","description":"\u00bfBuscas un regalo de compromiso \u00fanico y significativo? Nuestras joyas art\u00edsticas de la l\u00ednea Compromiso son la elecci\u00f3n perfecta. Consigue el tuyo ahora.","robots":{"index":"index","follow":"follow","max-snippet":"max-snippet:-1","max-image-preview":"max-image-preview:large","max-video-preview":"max-video-preview:-1"},"canonical":"https:\/\/positiveprints.com\/es\/producto\/compromiso-articulo-joya\/","og_locale":"es_ES","og_type":"article","og_title":"Compromiso L\u00ednea Arte Joyer\u00eda","og_description":"Deja que nuestros artistas dibujen un arte lineal \u00fanico a partir de tu foto  Fabricados en plata de ley de primera calidad, cada colgante est\u00e1 grabado con l\u00e1ser y acabado a mano  Elige un texto sincero seg\u00fan la ocasi\u00f3n  Personaliza en s\u00f3lo 2 minutos  Ve el resultado de inmediato: la vista previa interactiva te permite perfeccionar cada detalle","og_url":"https:\/\/positiveprints.com\/es\/producto\/compromiso-articulo-joya\/","og_site_name":"Positive Prints","article_publisher":"https:\/\/www.facebook.com\/positiveprintscom","article_modified_time":"2026-04-03T01:52:05+00:00","og_image":[{"width":2500,"height":2500,"url":"https:\/\/positiveprints.com\/wp-content\/uploads\/2025\/09\/MAIN_ES_Compromiso-Li\u0301nea-Arte-Joyeri\u0301a.webp","type":"image\/webp"}],"twitter_card":"summary_large_image","twitter_misc":{"Tiempo de lectura":"2 minutos"},"schema":{"@context":"https:\/\/schema.org","@graph":[{"@type":["WebPage","ItemPage"],"@id":"https:\/\/positiveprints.com\/es\/producto\/compromiso-articulo-joya\/","url":"https:\/\/positiveprints.com\/es\/producto\/compromiso-articulo-joya\/","name":"L\u00ednea de compromiso Joyas art\u00edsticas - Impresiones positivas","isPartOf":{"@id":"https:\/\/positiveprints.com\/es\/#website"},"primaryImageOfPage":{"@id":"https:\/\/positiveprints.com\/es\/producto\/compromiso-articulo-joya\/#primaryimage"},"image":{"@id":"https:\/\/positiveprints.com\/es\/producto\/compromiso-articulo-joya\/#primaryimage"},"thumbnailUrl":"https:\/\/positiveprints.com\/wp-content\/uploads\/2025\/09\/MAIN_ES_Compromiso-Li\u0301nea-Arte-Joyeri\u0301a.webp","datePublished":"2024-05-27T07:34:35+00:00","dateModified":"2026-04-03T01:52:05+00:00","description":"\u00bfBuscas un regalo de compromiso \u00fanico y significativo? Nuestras joyas art\u00edsticas de la l\u00ednea Compromiso son la elecci\u00f3n perfecta. Consigue el tuyo ahora.","breadcrumb":{"@id":"https:\/\/positiveprints.com\/es\/producto\/compromiso-articulo-joya\/#breadcrumb"},"inLanguage":"es","potentialAction":[{"@type":"ReadAction","target":["https:\/\/positiveprints.com\/es\/producto\/compromiso-articulo-joya\/"]}]},{"@type":"ImageObject","inLanguage":"es","@id":"https:\/\/positiveprints.com\/es\/producto\/compromiso-articulo-joya\/#primaryimage","url":"https:\/\/positiveprints.com\/wp-content\/uploads\/2025\/09\/MAIN_ES_Compromiso-Li\u0301nea-Arte-Joyeri\u0301a.webp","contentUrl":"https:\/\/positiveprints.com\/wp-content\/uploads\/2025\/09\/MAIN_ES_Compromiso-Li\u0301nea-Arte-Joyeri\u0301a.webp","width":2500,"height":2500},{"@type":"BreadcrumbList","@id":"https:\/\/positiveprints.com\/es\/producto\/compromiso-articulo-joya\/#breadcrumb","itemListElement":[{"@type":"ListItem","position":1,"name":"CASA","item":"https:\/\/positiveprints.com\/es\/"},{"@type":"ListItem","position":2,"name":"Productos","item":"https:\/\/positiveprints.com\/es\/shop\/"},{"@type":"ListItem","position":3,"name":"Compromiso L\u00ednea Arte Joyer\u00eda"}]},{"@type":"WebSite","@id":"https:\/\/positiveprints.com\/es\/#website","url":"https:\/\/positiveprints.com\/es\/","name":"Positive Prints","description":"Custom Gifts for Special Occasions","publisher":{"@id":"https:\/\/positiveprints.com\/es\/#organization"},"potentialAction":[{"@type":"SearchAction","target":{"@type":"EntryPoint","urlTemplate":"https:\/\/positiveprints.com\/es\/?s={search_term_string}"},"query-input":{"@type":"PropertyValueSpecification","valueRequired":true,"valueName":"search_term_string"}}],"inLanguage":"es"},{"@type":"Organization","@id":"https:\/\/positiveprints.com\/es\/#organization","name":"Positive Prints","alternateName":"Positive Prints","url":"https:\/\/positiveprints.com\/es\/","logo":{"@type":"ImageObject","inLanguage":"es","@id":"https:\/\/positiveprints.com\/es\/#\/schema\/logo\/image\/","url":"https:\/\/positiveprints.com\/wp-content\/uploads\/2026\/03\/245815646_1337939713319158_5671353136411139666_n.png","contentUrl":"https:\/\/positiveprints.com\/wp-content\/uploads\/2026\/03\/245815646_1337939713319158_5671353136411139666_n.png","width":800,"height":800,"caption":"Positive Prints"},"image":{"@id":"https:\/\/positiveprints.com\/es\/#\/schema\/logo\/image\/"},"sameAs":["https:\/\/www.facebook.com\/positiveprintscom","https:\/\/www.instagram.com\/positiveprintscom\/","https:\/\/www.tiktok.com\/@positiveprintscom","https:\/\/www.pinterest.com\/positiveprintscom\/"]}]}},"jetpack_sharing_enabled":true,"_links":{"self":[{"href":"https:\/\/positiveprints.com\/es\/wp-json\/wp\/v2\/product\/1123798","targetHints":{"allow":["GET"]}}],"collection":[{"href":"https:\/\/positiveprints.com\/es\/wp-json\/wp\/v2\/product"}],"about":[{"href":"https:\/\/positiveprints.com\/es\/wp-json\/wp\/v2\/types\/product"}],"wp:featuredmedia":[{"embeddable":true,"href":"https:\/\/positiveprints.com\/es\/wp-json\/wp\/v2\/media\/1529234"}],"wp:attachment":[{"href":"https:\/\/positiveprints.com\/es\/wp-json\/wp\/v2\/media?parent=1123798"}],"wp:term":[{"taxonomy":"product_brand","embeddable":true,"href":"https:\/\/positiveprints.com\/es\/wp-json\/wp\/v2\/product_brand?post=1123798"},{"taxonomy":"product_cat","embeddable":true,"href":"https:\/\/positiveprints.com\/es\/wp-json\/wp\/v2\/product_cat?post=1123798"},{"taxonomy":"product_tag","embeddable":true,"href":"https:\/\/positiveprints.com\/es\/wp-json\/wp\/v2\/product_tag?post=1123798"}],"curies":[{"name":"wp","href":"https:\/\/api.w.org\/{rel}","templated":true}]}}