{"id":1120557,"date":"2024-05-14T09:01:54","date_gmt":"2024-05-14T08:01:54","guid":{"rendered":"https:\/\/positiveprints.com\/?post_type=product&#038;p=1120557"},"modified":"2026-04-18T04:20:57","modified_gmt":"2026-04-18T03:20:57","slug":"poster-definicion-del-amor","status":"publish","type":"product","link":"https:\/\/positiveprints.com\/es\/producto\/poster-definicion-del-amor\/","title":{"rendered":"P\u00f3ster Definici\u00f3n del Amor"},"content":{"rendered":"<p>\u00bfBuscas una forma sincera y \u00fanica de expresar tu amor? Nuestro P\u00f3ster Definici\u00f3n del Amor es el regalo personalizado perfecto. Capta la esencia de vuestra relaci\u00f3n con una definici\u00f3n y una foto personalizadas que lo digan todo.<\/p>\r\n\r\n<h2>Opciones de personalizaci\u00f3n y libertad creativa<\/h2>\r\n\r\n<p>Con nuestro P\u00f3ster Definici\u00f3n del Amor, puedes definir &#8220;amor&#8221; o cualquier otra palabra rom\u00e1ntica que tenga un significado especial. Ya sea &#8220;felicidad&#8221;, un apodo querido o una palabra que encapsule vuestra relaci\u00f3n, la elecci\u00f3n es tuya.<\/p>\r\n\r\n<p>Crea una impresi\u00f3n realmente personalizada subiendo tu propia foto para acompa\u00f1ar la definici\u00f3n. Elige entre nuestras definiciones predefinidas o elabora la tuya propia, ya sea divertida, emotiva o profundamente sentimental. Personaliza a\u00fan m\u00e1s tu p\u00f3ster seleccionando la combinaci\u00f3n de colores perfecta o jugando t\u00fa mismo con los colores para adaptar el fondo y la fuente a tu estilo y estado de \u00e1nimo.<\/p>\r\n\r\n<h2>Regalo perfecto para cualquier ocasi\u00f3n rom\u00e1ntica<\/h2>\r\n\r\n<p>Ya sea para un aniversario, una boda, el D\u00eda de San Valent\u00edn o cualquier otra ocasi\u00f3n especial, nuestro P\u00f3ster Definici\u00f3n del Amor es un regalo inolvidable. Imagina la alegr\u00eda en la cara de tu ser querido cuando reciba una impresi\u00f3n que capta maravillosamente la esencia de vuestra relaci\u00f3n.<\/p>\r\n\r\n<h2>\u00bfPor qu\u00e9 elegir nuestro p\u00f3ster Definici\u00f3n del amor?<\/h2>\r\n\r\n<p>Hacer un pedido es sencillo: s\u00f3lo tienes que visitar nuestro sitio web, personalizar tu p\u00f3ster con la palabra y la definici\u00f3n que elijas, subir tu foto, seleccionar la combinaci\u00f3n de colores y hacer el pedido. Nosotros nos encargaremos del resto, asegur\u00e1ndonos de que tu p\u00f3ster se imprima y empaquete con el m\u00e1ximo cuidado.<\/p>\r\n\r\n<p>Exh\u00edbelo en tu casa o reg\u00e1lalo, y deja que el P\u00f3ster Definici\u00f3n del Amor sirva como tributo duradero a vuestro amor y conexi\u00f3n. Celebra vuestro v\u00ednculo \u00fanico de forma creativa y significativa.<\/p>","protected":false},"excerpt":{"rendered":"<ul class=\"check-list\">\n<li>Haz tu definici\u00f3n personal<\/li>\n<li>A\u00f1ade tu propia foto<\/li>\n<li>Personalizar en 3 sencillos pasos<\/li>\n<li>Elija una plantilla o sea creativo<\/li>\n<li>Ve el resultado de inmediato: la vista previa interactiva te permite perfeccionar cada detalle<\/li>\n<\/ul>\n","protected":false},"featured_media":1128534,"template":"","meta":[],"product_brand":[],"product_cat":[9526,8189,106,5334,11187,11188,11189,7933,8012,7693,7789,7805,3119,11249,11250],"product_tag":[9092,14923,12681,11826,11821,11757,11825,11827,11820,11771,11824,12667,14948,14942],"class_list":{"0":"post-1120557","1":"product","2":"type-product","3":"status-publish","4":"has-post-thumbnail","6":"product_cat-definicion","7":"product_cat-para-ella","8":"product_cat-todos-los-productos","9":"product_cat-regalos-de-aniversario","10":"product_cat-regalos-de-aniversario-para-pareja","11":"product_cat-regalos-de-aniversario-para-ella","12":"product_cat-regalos-de-aniversario-para-el","13":"product_cat-regalos-para-despedidas-de-soltera","14":"product_cat-regalos-para-hombres","15":"product_cat-regalos-para-mujeres","16":"product_cat-regalos-para-mi-novia","17":"product_cat-regalos-para-parejas","18":"product_cat-regalos-de-san-valentin","19":"product_cat-regalos-de-san-valentin-mujeres","20":"product_cat-regalos-de-san-valentin-hombres","21":"product_tag-aniversario","22":"product_tag-anniversary-es","23":"product_tag-regalo-san-valentin","24":"product_tag-regalos-de-navidad-para-el","25":"product_tag-regalos-de-navidad-para-el-marido","26":"product_tag-regalos-de-navidad-para-el-novio","27":"product_tag-regalos-de-navidad-para-ella","28":"product_tag-regalos-de-navidad-para-hombres","29":"product_tag-regalos-de-navidad-para-la-esposa","30":"product_tag-regalos-de-navidad-para-la-novia","31":"product_tag-regalos-de-navidad-para-mujer","32":"product_tag-san-valentin","33":"product_tag-valentines-day-es","34":"product_tag-valentines-day-gift-es","36":"first","37":"instock","38":"sale","39":"taxable","40":"shipping-taxable","41":"purchasable","42":"product-type-variable"},"yoast_head":"<!-- This site is optimized with the Yoast SEO Premium plugin v27.2 (Yoast SEO v27.2) - https:\/\/yoast.com\/product\/yoast-seo-premium-wordpress\/ -->\n<title>P\u00f3ster Definici\u00f3n del Amor - Positive Prints<\/title>\n<meta name=\"description\" content=\"\u00bfBuscas una forma sincera y \u00fanica de expresar tu amor? Nuestro P\u00f3ster Definici\u00f3n del Amor es el regalo personalizado perfecto.\" \/>\n<meta name=\"robots\" content=\"index, follow, max-snippet:-1, max-image-preview:large, max-video-preview:-1\" \/>\n<link rel=\"canonical\" href=\"https:\/\/positiveprints.com\/es\/producto\/poster-definicion-del-amor\/\" \/>\n<meta property=\"og:locale\" content=\"es_ES\" \/>\n<meta property=\"og:type\" content=\"article\" \/>\n<meta property=\"og:title\" content=\"P\u00f3ster Definici\u00f3n del Amor\" \/>\n<meta property=\"og:description\" content=\"Haz tu definici\u00f3n personal A\u00f1ade tu propia foto Personalizar en 3 sencillos pasos Elija una plantilla o sea creativo Ve el resultado de inmediato: la vista previa interactiva te permite perfeccionar cada detalle\" \/>\n<meta property=\"og:url\" content=\"https:\/\/positiveprints.com\/es\/producto\/poster-definicion-del-amor\/\" \/>\n<meta property=\"og:site_name\" content=\"Positive Prints\" \/>\n<meta property=\"article:publisher\" content=\"https:\/\/www.facebook.com\/positiveprintscom\" \/>\n<meta property=\"article:modified_time\" content=\"2026-04-18T03:20:57+00:00\" \/>\n<meta property=\"og:image\" content=\"https:\/\/positiveprints.com\/wp-content\/uploads\/2024\/06\/Po\u0301ster-Definicio\u0301n-del-Amor.jpg\" \/>\n\t<meta property=\"og:image:width\" content=\"1080\" \/>\n\t<meta property=\"og:image:height\" content=\"1080\" \/>\n\t<meta property=\"og:image:type\" content=\"image\/jpeg\" \/>\n<meta name=\"twitter:card\" content=\"summary_large_image\" \/>\n<meta name=\"twitter:label1\" content=\"Tiempo de lectura\" \/>\n\t<meta name=\"twitter:data1\" content=\"2 minutos\" \/>\n<!-- \/ Yoast SEO Premium plugin. -->","yoast_head_json":{"title":"P\u00f3ster Definici\u00f3n del Amor - Positive Prints","description":"\u00bfBuscas una forma sincera y \u00fanica de expresar tu amor? Nuestro P\u00f3ster Definici\u00f3n del Amor es el regalo personalizado perfecto.","robots":{"index":"index","follow":"follow","max-snippet":"max-snippet:-1","max-image-preview":"max-image-preview:large","max-video-preview":"max-video-preview:-1"},"canonical":"https:\/\/positiveprints.com\/es\/producto\/poster-definicion-del-amor\/","og_locale":"es_ES","og_type":"article","og_title":"P\u00f3ster Definici\u00f3n del Amor","og_description":"Haz tu definici\u00f3n personal A\u00f1ade tu propia foto Personalizar en 3 sencillos pasos Elija una plantilla o sea creativo Ve el resultado de inmediato: la vista previa interactiva te permite perfeccionar cada detalle","og_url":"https:\/\/positiveprints.com\/es\/producto\/poster-definicion-del-amor\/","og_site_name":"Positive Prints","article_publisher":"https:\/\/www.facebook.com\/positiveprintscom","article_modified_time":"2026-04-18T03:20:57+00:00","og_image":[{"width":1080,"height":1080,"url":"https:\/\/positiveprints.com\/wp-content\/uploads\/2024\/06\/Po\u0301ster-Definicio\u0301n-del-Amor.jpg","type":"image\/jpeg"}],"twitter_card":"summary_large_image","twitter_misc":{"Tiempo de lectura":"2 minutos"},"schema":{"@context":"https:\/\/schema.org","@graph":[{"@type":["WebPage","ItemPage"],"@id":"https:\/\/positiveprints.com\/es\/producto\/poster-definicion-del-amor\/","url":"https:\/\/positiveprints.com\/es\/producto\/poster-definicion-del-amor\/","name":"P\u00f3ster Definici\u00f3n del Amor - Positive Prints","isPartOf":{"@id":"https:\/\/positiveprints.com\/es\/#website"},"primaryImageOfPage":{"@id":"https:\/\/positiveprints.com\/es\/producto\/poster-definicion-del-amor\/#primaryimage"},"image":{"@id":"https:\/\/positiveprints.com\/es\/producto\/poster-definicion-del-amor\/#primaryimage"},"thumbnailUrl":"https:\/\/positiveprints.com\/wp-content\/uploads\/2024\/06\/Po\u0301ster-Definicio\u0301n-del-Amor.jpg","datePublished":"2024-05-14T08:01:54+00:00","dateModified":"2026-04-18T03:20:57+00:00","description":"\u00bfBuscas una forma sincera y \u00fanica de expresar tu amor? Nuestro P\u00f3ster Definici\u00f3n del Amor es el regalo personalizado perfecto.","breadcrumb":{"@id":"https:\/\/positiveprints.com\/es\/producto\/poster-definicion-del-amor\/#breadcrumb"},"inLanguage":"es","potentialAction":[{"@type":"ReadAction","target":["https:\/\/positiveprints.com\/es\/producto\/poster-definicion-del-amor\/"]}]},{"@type":"ImageObject","inLanguage":"es","@id":"https:\/\/positiveprints.com\/es\/producto\/poster-definicion-del-amor\/#primaryimage","url":"https:\/\/positiveprints.com\/wp-content\/uploads\/2024\/06\/Po\u0301ster-Definicio\u0301n-del-Amor.jpg","contentUrl":"https:\/\/positiveprints.com\/wp-content\/uploads\/2024\/06\/Po\u0301ster-Definicio\u0301n-del-Amor.jpg","width":1080,"height":1080,"caption":"Po\u0301ster Definicio\u0301n del Amor"},{"@type":"BreadcrumbList","@id":"https:\/\/positiveprints.com\/es\/producto\/poster-definicion-del-amor\/#breadcrumb","itemListElement":[{"@type":"ListItem","position":1,"name":"CASA","item":"https:\/\/positiveprints.com\/es\/"},{"@type":"ListItem","position":2,"name":"Productos","item":"https:\/\/positiveprints.com\/es\/shop\/"},{"@type":"ListItem","position":3,"name":"P\u00f3ster Definici\u00f3n del Amor"}]},{"@type":"WebSite","@id":"https:\/\/positiveprints.com\/es\/#website","url":"https:\/\/positiveprints.com\/es\/","name":"Positive Prints","description":"Custom Gifts for Special Occasions","publisher":{"@id":"https:\/\/positiveprints.com\/es\/#organization"},"potentialAction":[{"@type":"SearchAction","target":{"@type":"EntryPoint","urlTemplate":"https:\/\/positiveprints.com\/es\/?s={search_term_string}"},"query-input":{"@type":"PropertyValueSpecification","valueRequired":true,"valueName":"search_term_string"}}],"inLanguage":"es"},{"@type":"Organization","@id":"https:\/\/positiveprints.com\/es\/#organization","name":"Positive Prints","alternateName":"Positive Prints","url":"https:\/\/positiveprints.com\/es\/","logo":{"@type":"ImageObject","inLanguage":"es","@id":"https:\/\/positiveprints.com\/es\/#\/schema\/logo\/image\/","url":"https:\/\/positiveprints.com\/wp-content\/uploads\/2026\/03\/245815646_1337939713319158_5671353136411139666_n.png","contentUrl":"https:\/\/positiveprints.com\/wp-content\/uploads\/2026\/03\/245815646_1337939713319158_5671353136411139666_n.png","width":800,"height":800,"caption":"Positive Prints"},"image":{"@id":"https:\/\/positiveprints.com\/es\/#\/schema\/logo\/image\/"},"sameAs":["https:\/\/www.facebook.com\/positiveprintscom","https:\/\/www.instagram.com\/positiveprintscom\/","https:\/\/www.tiktok.com\/@positiveprintscom","https:\/\/www.pinterest.com\/positiveprintscom\/"]}]}},"jetpack_sharing_enabled":true,"_links":{"self":[{"href":"https:\/\/positiveprints.com\/es\/wp-json\/wp\/v2\/product\/1120557","targetHints":{"allow":["GET"]}}],"collection":[{"href":"https:\/\/positiveprints.com\/es\/wp-json\/wp\/v2\/product"}],"about":[{"href":"https:\/\/positiveprints.com\/es\/wp-json\/wp\/v2\/types\/product"}],"wp:featuredmedia":[{"embeddable":true,"href":"https:\/\/positiveprints.com\/es\/wp-json\/wp\/v2\/media\/1128534"}],"wp:attachment":[{"href":"https:\/\/positiveprints.com\/es\/wp-json\/wp\/v2\/media?parent=1120557"}],"wp:term":[{"taxonomy":"product_brand","embeddable":true,"href":"https:\/\/positiveprints.com\/es\/wp-json\/wp\/v2\/product_brand?post=1120557"},{"taxonomy":"product_cat","embeddable":true,"href":"https:\/\/positiveprints.com\/es\/wp-json\/wp\/v2\/product_cat?post=1120557"},{"taxonomy":"product_tag","embeddable":true,"href":"https:\/\/positiveprints.com\/es\/wp-json\/wp\/v2\/product_tag?post=1120557"}],"curies":[{"name":"wp","href":"https:\/\/api.w.org\/{rel}","templated":true}]}}