{"id":1120537,"date":"2024-05-14T09:57:58","date_gmt":"2024-05-14T08:57:58","guid":{"rendered":"https:\/\/positiveprints.com\/?post_type=product&#038;p=1120537"},"modified":"2026-04-12T20:59:44","modified_gmt":"2026-04-12T19:59:44","slug":"poster-de-definicion-de-la-casa","status":"publish","type":"product","link":"https:\/\/positiveprints.com\/es\/producto\/poster-de-definicion-de-la-casa\/","title":{"rendered":"P\u00f3ster de definici\u00f3n de la casa"},"content":{"rendered":"<p>\u00bfBuscas un regalo de inauguraci\u00f3n \u00fanico y sincero? Nuestro P\u00f3ster Definici\u00f3n del Hogar es la impresi\u00f3n personalizada perfecta. Capta lo que significa &#8220;hogar&#8221; con una definici\u00f3n y una foto personalizadas que a\u00f1adan un toque personal.<\/p>\r\n\r\n<h2>Opciones de personalizaci\u00f3n y libertad creativa<\/h2>\r\n\r\n<p>Con nuestro P\u00f3ster de Definici\u00f3n del Hogar, puedes definir &#8220;hogar&#8221; a tu manera. Ya sea un lugar de amor, comodidad o familia, la elecci\u00f3n es tuya. Hazlo divertido, emotivo o especial con tus propias palabras.<\/p>\r\n\r\n<p>Crea una impresi\u00f3n \u00fanica subiendo tu propia foto para acompa\u00f1ar la definici\u00f3n. Elige una de nuestras definiciones ya preparadas o escribe la tuya propia para que coincida con tus sentimientos. Personaliza a\u00fan m\u00e1s tu p\u00f3ster eligiendo los colores perfectos o jugando t\u00fa mismo con los colores para adaptar el fondo y la fuente a tu estilo y estado de \u00e1nimo.<\/p>\r\n\r\n<h2>Regalo perfecto para la inauguraci\u00f3n de una casa y para casas nuevas<\/h2>\r\n\r\n<p>Ya sea para un estreno de casa, un nuevo hogar o simplemente porque s\u00ed, nuestro P\u00f3ster de definici\u00f3n del hogar es un regalo inolvidable. Imagina las sonrisas cuando reciban una impresi\u00f3n que muestre bellamente lo que &#8220;hogar&#8221; significa para ellos.<\/p>\r\n\r\n<h2>\u00bfPor qu\u00e9 elegir nuestro p\u00f3ster de definici\u00f3n casera?<\/h2>\r\n\r\n<p>Hacer un pedido es f\u00e1cil: visita nuestro sitio web, personaliza tu p\u00f3ster con la definici\u00f3n que elijas, sube tu foto, elige tu combinaci\u00f3n de colores y haz el pedido. Nosotros nos encargaremos del resto, asegur\u00e1ndonos de que tu p\u00f3ster se imprima y empaquete con cuidado.<\/p>\r\n\r\n<p>Exh\u00edbelo con orgullo en tu nuevo hogar o reg\u00e1lalo con mucho cari\u00f1o, y deja que el P\u00f3ster Definici\u00f3n de Hogar sea un recordatorio duradero de lo que hace que una casa sea un hogar. Celebra la calidez, el amor y los recuerdos que hacen que el hogar sea especial de una forma creativa y significativa.<\/p>","protected":false},"excerpt":{"rendered":"<ul class=\"check-list\">\n<li>Haz tu definici\u00f3n personal<\/li>\n<li>A\u00f1ade tu propia foto<\/li>\n<li>Personalizar en 3 sencillos pasos<\/li>\n<li>Elija una plantilla o sea creativo<\/li>\n<li>Ve el resultado de inmediato: la vista previa interactiva te permite perfeccionar cada detalle<\/li>\n<\/ul>\n","protected":false},"featured_media":1125365,"template":"","meta":[],"product_brand":[],"product_cat":[9526,9766,106,5293,7853],"product_tag":[14919],"class_list":{"0":"post-1120537","1":"product","2":"type-product","3":"status-publish","4":"has-post-thumbnail","6":"product_cat-definicion","7":"product_cat-trending-label-es","8":"product_cat-todos-los-productos","9":"product_cat-regalos-para-mudanzas","10":"product_cat-regalos-para-la-familia","11":"product_tag-housewarming-es-2","13":"first","14":"instock","15":"sale","16":"taxable","17":"shipping-taxable","18":"purchasable","19":"product-type-variable"},"yoast_head":"<!-- This site is optimized with the Yoast SEO Premium plugin v27.2 (Yoast SEO v27.2) - https:\/\/yoast.com\/product\/yoast-seo-premium-wordpress\/ -->\n<title>P\u00f3ster Definici\u00f3n del Hogar - Positive Prints<\/title>\n<meta name=\"description\" content=\"\u00bfBuscas un regalo de inauguraci\u00f3n \u00fanico y sincero? Nuestro P\u00f3ster Definici\u00f3n del Hogar es la impresi\u00f3n personalizada perfecta. Crea el tuyo ahora.\" \/>\n<meta name=\"robots\" content=\"index, follow, max-snippet:-1, max-image-preview:large, max-video-preview:-1\" \/>\n<link rel=\"canonical\" href=\"https:\/\/positiveprints.com\/es\/producto\/poster-de-definicion-de-la-casa\/\" \/>\n<meta property=\"og:locale\" content=\"es_ES\" \/>\n<meta property=\"og:type\" content=\"article\" \/>\n<meta property=\"og:title\" content=\"P\u00f3ster de definici\u00f3n de la casa\" \/>\n<meta property=\"og:description\" content=\"Haz tu definici\u00f3n personal A\u00f1ade tu propia foto Personalizar en 3 sencillos pasos Elija una plantilla o sea creativo Ve el resultado de inmediato: la vista previa interactiva te permite perfeccionar cada detalle\" \/>\n<meta property=\"og:url\" content=\"https:\/\/positiveprints.com\/es\/producto\/poster-de-definicion-de-la-casa\/\" \/>\n<meta property=\"og:site_name\" content=\"Positive Prints\" \/>\n<meta property=\"article:publisher\" content=\"https:\/\/www.facebook.com\/positiveprintscom\" \/>\n<meta property=\"article:modified_time\" content=\"2026-04-12T19:59:44+00:00\" \/>\n<meta property=\"og:image\" content=\"https:\/\/positiveprints.com\/wp-content\/uploads\/2024\/06\/Poster-de-definicion-de-la-casa.jpg\" \/>\n\t<meta property=\"og:image:width\" content=\"1080\" \/>\n\t<meta property=\"og:image:height\" content=\"1080\" \/>\n\t<meta property=\"og:image:type\" content=\"image\/jpeg\" \/>\n<meta name=\"twitter:card\" content=\"summary_large_image\" \/>\n<meta name=\"twitter:label1\" content=\"Tiempo de lectura\" \/>\n\t<meta name=\"twitter:data1\" content=\"2 minutos\" \/>\n<!-- \/ Yoast SEO Premium plugin. -->","yoast_head_json":{"title":"P\u00f3ster Definici\u00f3n del Hogar - Positive Prints","description":"\u00bfBuscas un regalo de inauguraci\u00f3n \u00fanico y sincero? Nuestro P\u00f3ster Definici\u00f3n del Hogar es la impresi\u00f3n personalizada perfecta. Crea el tuyo ahora.","robots":{"index":"index","follow":"follow","max-snippet":"max-snippet:-1","max-image-preview":"max-image-preview:large","max-video-preview":"max-video-preview:-1"},"canonical":"https:\/\/positiveprints.com\/es\/producto\/poster-de-definicion-de-la-casa\/","og_locale":"es_ES","og_type":"article","og_title":"P\u00f3ster de definici\u00f3n de la casa","og_description":"Haz tu definici\u00f3n personal A\u00f1ade tu propia foto Personalizar en 3 sencillos pasos Elija una plantilla o sea creativo Ve el resultado de inmediato: la vista previa interactiva te permite perfeccionar cada detalle","og_url":"https:\/\/positiveprints.com\/es\/producto\/poster-de-definicion-de-la-casa\/","og_site_name":"Positive Prints","article_publisher":"https:\/\/www.facebook.com\/positiveprintscom","article_modified_time":"2026-04-12T19:59:44+00:00","og_image":[{"width":1080,"height":1080,"url":"https:\/\/positiveprints.com\/wp-content\/uploads\/2024\/06\/Poster-de-definicion-de-la-casa.jpg","type":"image\/jpeg"}],"twitter_card":"summary_large_image","twitter_misc":{"Tiempo de lectura":"2 minutos"},"schema":{"@context":"https:\/\/schema.org","@graph":[{"@type":["WebPage","ItemPage"],"@id":"https:\/\/positiveprints.com\/es\/producto\/poster-de-definicion-de-la-casa\/","url":"https:\/\/positiveprints.com\/es\/producto\/poster-de-definicion-de-la-casa\/","name":"P\u00f3ster Definici\u00f3n del Hogar - Positive Prints","isPartOf":{"@id":"https:\/\/positiveprints.com\/es\/#website"},"primaryImageOfPage":{"@id":"https:\/\/positiveprints.com\/es\/producto\/poster-de-definicion-de-la-casa\/#primaryimage"},"image":{"@id":"https:\/\/positiveprints.com\/es\/producto\/poster-de-definicion-de-la-casa\/#primaryimage"},"thumbnailUrl":"https:\/\/positiveprints.com\/wp-content\/uploads\/2024\/06\/Poster-de-definicion-de-la-casa.jpg","datePublished":"2024-05-14T08:57:58+00:00","dateModified":"2026-04-12T19:59:44+00:00","description":"\u00bfBuscas un regalo de inauguraci\u00f3n \u00fanico y sincero? Nuestro P\u00f3ster Definici\u00f3n del Hogar es la impresi\u00f3n personalizada perfecta. Crea el tuyo ahora.","breadcrumb":{"@id":"https:\/\/positiveprints.com\/es\/producto\/poster-de-definicion-de-la-casa\/#breadcrumb"},"inLanguage":"es","potentialAction":[{"@type":"ReadAction","target":["https:\/\/positiveprints.com\/es\/producto\/poster-de-definicion-de-la-casa\/"]}]},{"@type":"ImageObject","inLanguage":"es","@id":"https:\/\/positiveprints.com\/es\/producto\/poster-de-definicion-de-la-casa\/#primaryimage","url":"https:\/\/positiveprints.com\/wp-content\/uploads\/2024\/06\/Poster-de-definicion-de-la-casa.jpg","contentUrl":"https:\/\/positiveprints.com\/wp-content\/uploads\/2024\/06\/Poster-de-definicion-de-la-casa.jpg","width":1080,"height":1080},{"@type":"BreadcrumbList","@id":"https:\/\/positiveprints.com\/es\/producto\/poster-de-definicion-de-la-casa\/#breadcrumb","itemListElement":[{"@type":"ListItem","position":1,"name":"CASA","item":"https:\/\/positiveprints.com\/es\/"},{"@type":"ListItem","position":2,"name":"Productos","item":"https:\/\/positiveprints.com\/es\/shop\/"},{"@type":"ListItem","position":3,"name":"P\u00f3ster de definici\u00f3n de la casa"}]},{"@type":"WebSite","@id":"https:\/\/positiveprints.com\/es\/#website","url":"https:\/\/positiveprints.com\/es\/","name":"Positive Prints","description":"Custom Gifts for Special Occasions","publisher":{"@id":"https:\/\/positiveprints.com\/es\/#organization"},"potentialAction":[{"@type":"SearchAction","target":{"@type":"EntryPoint","urlTemplate":"https:\/\/positiveprints.com\/es\/?s={search_term_string}"},"query-input":{"@type":"PropertyValueSpecification","valueRequired":true,"valueName":"search_term_string"}}],"inLanguage":"es"},{"@type":"Organization","@id":"https:\/\/positiveprints.com\/es\/#organization","name":"Positive Prints","alternateName":"Positive Prints","url":"https:\/\/positiveprints.com\/es\/","logo":{"@type":"ImageObject","inLanguage":"es","@id":"https:\/\/positiveprints.com\/es\/#\/schema\/logo\/image\/","url":"https:\/\/positiveprints.com\/wp-content\/uploads\/2026\/03\/245815646_1337939713319158_5671353136411139666_n.png","contentUrl":"https:\/\/positiveprints.com\/wp-content\/uploads\/2026\/03\/245815646_1337939713319158_5671353136411139666_n.png","width":800,"height":800,"caption":"Positive Prints"},"image":{"@id":"https:\/\/positiveprints.com\/es\/#\/schema\/logo\/image\/"},"sameAs":["https:\/\/www.facebook.com\/positiveprintscom","https:\/\/www.instagram.com\/positiveprintscom\/","https:\/\/www.tiktok.com\/@positiveprintscom","https:\/\/www.pinterest.com\/positiveprintscom\/"]}]}},"jetpack_sharing_enabled":true,"_links":{"self":[{"href":"https:\/\/positiveprints.com\/es\/wp-json\/wp\/v2\/product\/1120537","targetHints":{"allow":["GET"]}}],"collection":[{"href":"https:\/\/positiveprints.com\/es\/wp-json\/wp\/v2\/product"}],"about":[{"href":"https:\/\/positiveprints.com\/es\/wp-json\/wp\/v2\/types\/product"}],"wp:featuredmedia":[{"embeddable":true,"href":"https:\/\/positiveprints.com\/es\/wp-json\/wp\/v2\/media\/1125365"}],"wp:attachment":[{"href":"https:\/\/positiveprints.com\/es\/wp-json\/wp\/v2\/media?parent=1120537"}],"wp:term":[{"taxonomy":"product_brand","embeddable":true,"href":"https:\/\/positiveprints.com\/es\/wp-json\/wp\/v2\/product_brand?post=1120537"},{"taxonomy":"product_cat","embeddable":true,"href":"https:\/\/positiveprints.com\/es\/wp-json\/wp\/v2\/product_cat?post=1120537"},{"taxonomy":"product_tag","embeddable":true,"href":"https:\/\/positiveprints.com\/es\/wp-json\/wp\/v2\/product_tag?post=1120537"}],"curies":[{"name":"wp","href":"https:\/\/api.w.org\/{rel}","templated":true}]}}