{"id":1115105,"date":"2024-05-13T09:22:06","date_gmt":"2024-05-13T08:22:06","guid":{"rendered":"https:\/\/positiveprints.com\/product\/poster-de-definicion-personalizado\/"},"modified":"2026-04-12T21:01:12","modified_gmt":"2026-04-12T20:01:12","slug":"poster-definicion-personalizado","status":"publish","type":"product","link":"https:\/\/positiveprints.com\/es\/producto\/poster-definicion-personalizado\/","title":{"rendered":"P\u00f3ster de Definici\u00f3n Personalizado"},"content":{"rendered":"<p>\u00bfBuscas un regalo verdaderamente \u00fanico y personalizado para celebrar una ocasi\u00f3n especial? Explora nuestro P\u00f3ster de Definici\u00f3n Personalizado, donde puedes definir cualquier palabra o concepto con un toque de creatividad y sentimiento.<\/p>\r\n\r\n<h2>P\u00f3ster de Definici\u00f3n &#8211; Opciones de Personalizaci\u00f3n<\/h2>\r\n\r\n<p>Con nuestro P\u00f3ster de Definici\u00f3n Personalizado, las posibilidades son infinitas. Define cualquier palabra o concepto que tenga importancia para ti o para el destinatario, ya sea un apodo, nombre de mascota o una palabra significativa como &#8220;amor&#8221; o &#8220;felicidad&#8221;.<\/p>\r\n\r\n<p>Personaliza tu p\u00f3ster agregando tu propia foto para acompa\u00f1ar la definici\u00f3n, creando un regalo verdaderamente personal y conmovedor. Elige entre nuestras definiciones predefinidas o crea la tuya propia, ya sea que quieras que sea divertida, emocional o profundamente personal.<\/p>\r\n\r\n<p>Experimenta con los colores seleccionando el color de fondo y de la fuente que coincidan con tu estilo y estado de \u00e1nimo, haciendo que cada p\u00f3ster sea tan \u00fanico como la palabra que define.<\/p>\r\n\r\n<h2>Regalo perfecto para cualquier ocasi\u00f3n<\/h2>\r\n\r\n<p>Ya sea un cumplea\u00f1os, aniversario, boda o cualquier otra ocasi\u00f3n especial, nuestro P\u00f3ster de Definici\u00f3n Personalizado es el regalo perfecto para celebrar el v\u00ednculo \u00fanico entre t\u00fa y el destinatario. Imagina la alegr\u00eda en su rostro cuando reciba un p\u00f3ster personalizado que capture la esencia de su identidad o su relaci\u00f3n de una manera creativa y significativa.<\/p>\r\n\r\n<p>Ordenar es simple: visita nuestro sitio web, personaliza tu p\u00f3ster con la palabra y la definici\u00f3n elegidas, carga tu foto, selecciona tu esquema de colores y realiza tu pedido. Nosotros nos encargaremos del resto, asegurando que tu p\u00f3ster se imprima y empaquete con cuidado.<\/p>\r\n\r\n<p>Ya sea exhibido en tu hogar o regalado a alguien especial, nuestro P\u00f3ster de Definici\u00f3n Personalizado seguramente evocar\u00e1 sonrisas, risas y l\u00e1grimas de alegr\u00eda. Crea un tributo duradero a una palabra o concepto especial y celebra el amor y la conexi\u00f3n que representa.<\/p>","protected":false},"excerpt":{"rendered":"<ul class=\"check-list\">\n<li>Haz tu definici\u00f3n personal<\/li>\n<li>A\u00f1ade tu propia foto<\/li>\n<li>Personalizar en 3 sencillos pasos<\/li>\n<li>Elija una plantilla o sea creativo<\/li>\n<li>Ve el resultado de inmediato: la vista previa interactiva te permite perfeccionar cada detalle<\/li>\n<\/ul>\n","protected":false},"featured_media":1113783,"template":"","meta":[],"product_brand":[],"product_cat":[9526,106],"product_tag":[14920,8423],"class_list":{"0":"post-1115105","1":"product","2":"type-product","3":"status-publish","4":"has-post-thumbnail","6":"product_cat-definicion","7":"product_cat-todos-los-productos","8":"product_tag-creators-es-2","9":"product_tag-creators-es","11":"first","12":"instock","13":"sale","14":"taxable","15":"shipping-taxable","16":"purchasable","17":"product-type-variable"},"yoast_head":"<!-- This site is optimized with the Yoast SEO Premium plugin v27.2 (Yoast SEO v27.2) - https:\/\/yoast.com\/product\/yoast-seo-premium-wordpress\/ -->\n<title>P\u00f3ster de Definici\u00f3n Personalizado - Positive Prints<\/title>\n<meta name=\"description\" content=\"Explora nuestro P\u00f3ster de Definici\u00f3n Personalizado, donde puedes definir cualquier palabra o concepto con un toque de creatividad y sentimiento.\" \/>\n<meta name=\"robots\" content=\"index, follow, max-snippet:-1, max-image-preview:large, max-video-preview:-1\" \/>\n<link rel=\"canonical\" href=\"https:\/\/positiveprints.com\/es\/producto\/poster-definicion-personalizado\/\" \/>\n<meta property=\"og:locale\" content=\"es_ES\" \/>\n<meta property=\"og:type\" content=\"article\" \/>\n<meta property=\"og:title\" content=\"P\u00f3ster de Definici\u00f3n Personalizado\" \/>\n<meta property=\"og:description\" content=\"Haz tu definici\u00f3n personal A\u00f1ade tu propia foto Personalizar en 3 sencillos pasos Elija una plantilla o sea creativo Ve el resultado de inmediato: la vista previa interactiva te permite perfeccionar cada detalle\" \/>\n<meta property=\"og:url\" content=\"https:\/\/positiveprints.com\/es\/producto\/poster-definicion-personalizado\/\" \/>\n<meta property=\"og:site_name\" content=\"Positive Prints\" \/>\n<meta property=\"article:publisher\" content=\"https:\/\/www.facebook.com\/positiveprintscom\" \/>\n<meta property=\"article:modified_time\" content=\"2026-04-12T20:01:12+00:00\" \/>\n<meta property=\"og:image\" content=\"https:\/\/positiveprints.com\/wp-content\/uploads\/2024\/05\/Poster-de-Definicion-de-Alma-Gemela.jpg\" \/>\n\t<meta property=\"og:image:width\" content=\"1080\" \/>\n\t<meta property=\"og:image:height\" content=\"1080\" \/>\n\t<meta property=\"og:image:type\" content=\"image\/jpeg\" \/>\n<meta name=\"twitter:card\" content=\"summary_large_image\" \/>\n<meta name=\"twitter:label1\" content=\"Tiempo de lectura\" \/>\n\t<meta name=\"twitter:data1\" content=\"2 minutos\" \/>\n<!-- \/ Yoast SEO Premium plugin. -->","yoast_head_json":{"title":"P\u00f3ster de Definici\u00f3n Personalizado - Positive Prints","description":"Explora nuestro P\u00f3ster de Definici\u00f3n Personalizado, donde puedes definir cualquier palabra o concepto con un toque de creatividad y sentimiento.","robots":{"index":"index","follow":"follow","max-snippet":"max-snippet:-1","max-image-preview":"max-image-preview:large","max-video-preview":"max-video-preview:-1"},"canonical":"https:\/\/positiveprints.com\/es\/producto\/poster-definicion-personalizado\/","og_locale":"es_ES","og_type":"article","og_title":"P\u00f3ster de Definici\u00f3n Personalizado","og_description":"Haz tu definici\u00f3n personal A\u00f1ade tu propia foto Personalizar en 3 sencillos pasos Elija una plantilla o sea creativo Ve el resultado de inmediato: la vista previa interactiva te permite perfeccionar cada detalle","og_url":"https:\/\/positiveprints.com\/es\/producto\/poster-definicion-personalizado\/","og_site_name":"Positive Prints","article_publisher":"https:\/\/www.facebook.com\/positiveprintscom","article_modified_time":"2026-04-12T20:01:12+00:00","og_image":[{"width":1080,"height":1080,"url":"https:\/\/positiveprints.com\/wp-content\/uploads\/2024\/05\/Poster-de-Definicion-de-Alma-Gemela.jpg","type":"image\/jpeg"}],"twitter_card":"summary_large_image","twitter_misc":{"Tiempo de lectura":"2 minutos"},"schema":{"@context":"https:\/\/schema.org","@graph":[{"@type":["WebPage","ItemPage"],"@id":"https:\/\/positiveprints.com\/es\/producto\/poster-definicion-personalizado\/","url":"https:\/\/positiveprints.com\/es\/producto\/poster-definicion-personalizado\/","name":"P\u00f3ster de Definici\u00f3n Personalizado - Positive Prints","isPartOf":{"@id":"https:\/\/positiveprints.com\/es\/#website"},"primaryImageOfPage":{"@id":"https:\/\/positiveprints.com\/es\/producto\/poster-definicion-personalizado\/#primaryimage"},"image":{"@id":"https:\/\/positiveprints.com\/es\/producto\/poster-definicion-personalizado\/#primaryimage"},"thumbnailUrl":"https:\/\/positiveprints.com\/wp-content\/uploads\/2024\/05\/Poster-de-Definicion-de-Alma-Gemela.jpg","datePublished":"2024-05-13T08:22:06+00:00","dateModified":"2026-04-12T20:01:12+00:00","description":"Explora nuestro P\u00f3ster de Definici\u00f3n Personalizado, donde puedes definir cualquier palabra o concepto con un toque de creatividad y sentimiento.","breadcrumb":{"@id":"https:\/\/positiveprints.com\/es\/producto\/poster-definicion-personalizado\/#breadcrumb"},"inLanguage":"es","potentialAction":[{"@type":"ReadAction","target":["https:\/\/positiveprints.com\/es\/producto\/poster-definicion-personalizado\/"]}]},{"@type":"ImageObject","inLanguage":"es","@id":"https:\/\/positiveprints.com\/es\/producto\/poster-definicion-personalizado\/#primaryimage","url":"https:\/\/positiveprints.com\/wp-content\/uploads\/2024\/05\/Poster-de-Definicion-de-Alma-Gemela.jpg","contentUrl":"https:\/\/positiveprints.com\/wp-content\/uploads\/2024\/05\/Poster-de-Definicion-de-Alma-Gemela.jpg","width":1080,"height":1080,"caption":"P\u00f3ster de Definici\u00f3n de Alma Gemela"},{"@type":"BreadcrumbList","@id":"https:\/\/positiveprints.com\/es\/producto\/poster-definicion-personalizado\/#breadcrumb","itemListElement":[{"@type":"ListItem","position":1,"name":"CASA","item":"https:\/\/positiveprints.com\/es\/"},{"@type":"ListItem","position":2,"name":"Productos","item":"https:\/\/positiveprints.com\/es\/shop\/"},{"@type":"ListItem","position":3,"name":"P\u00f3ster de Definici\u00f3n Personalizado"}]},{"@type":"WebSite","@id":"https:\/\/positiveprints.com\/es\/#website","url":"https:\/\/positiveprints.com\/es\/","name":"Positive Prints","description":"Custom Gifts for Special Occasions","publisher":{"@id":"https:\/\/positiveprints.com\/es\/#organization"},"potentialAction":[{"@type":"SearchAction","target":{"@type":"EntryPoint","urlTemplate":"https:\/\/positiveprints.com\/es\/?s={search_term_string}"},"query-input":{"@type":"PropertyValueSpecification","valueRequired":true,"valueName":"search_term_string"}}],"inLanguage":"es"},{"@type":"Organization","@id":"https:\/\/positiveprints.com\/es\/#organization","name":"Positive Prints","alternateName":"Positive Prints","url":"https:\/\/positiveprints.com\/es\/","logo":{"@type":"ImageObject","inLanguage":"es","@id":"https:\/\/positiveprints.com\/es\/#\/schema\/logo\/image\/","url":"https:\/\/positiveprints.com\/wp-content\/uploads\/2026\/03\/245815646_1337939713319158_5671353136411139666_n.png","contentUrl":"https:\/\/positiveprints.com\/wp-content\/uploads\/2026\/03\/245815646_1337939713319158_5671353136411139666_n.png","width":800,"height":800,"caption":"Positive Prints"},"image":{"@id":"https:\/\/positiveprints.com\/es\/#\/schema\/logo\/image\/"},"sameAs":["https:\/\/www.facebook.com\/positiveprintscom","https:\/\/www.instagram.com\/positiveprintscom\/","https:\/\/www.tiktok.com\/@positiveprintscom","https:\/\/www.pinterest.com\/positiveprintscom\/"]}]}},"jetpack_sharing_enabled":true,"_links":{"self":[{"href":"https:\/\/positiveprints.com\/es\/wp-json\/wp\/v2\/product\/1115105","targetHints":{"allow":["GET"]}}],"collection":[{"href":"https:\/\/positiveprints.com\/es\/wp-json\/wp\/v2\/product"}],"about":[{"href":"https:\/\/positiveprints.com\/es\/wp-json\/wp\/v2\/types\/product"}],"wp:featuredmedia":[{"embeddable":true,"href":"https:\/\/positiveprints.com\/es\/wp-json\/wp\/v2\/media\/1113783"}],"wp:attachment":[{"href":"https:\/\/positiveprints.com\/es\/wp-json\/wp\/v2\/media?parent=1115105"}],"wp:term":[{"taxonomy":"product_brand","embeddable":true,"href":"https:\/\/positiveprints.com\/es\/wp-json\/wp\/v2\/product_brand?post=1115105"},{"taxonomy":"product_cat","embeddable":true,"href":"https:\/\/positiveprints.com\/es\/wp-json\/wp\/v2\/product_cat?post=1115105"},{"taxonomy":"product_tag","embeddable":true,"href":"https:\/\/positiveprints.com\/es\/wp-json\/wp\/v2\/product_tag?post=1115105"}],"curies":[{"name":"wp","href":"https:\/\/api.w.org\/{rel}","templated":true}]}}