{"id":1113760,"date":"2024-05-09T19:50:35","date_gmt":"2024-05-09T18:50:35","guid":{"rendered":"https:\/\/positiveprints.com\/product\/poster-de-definicion-de-alma-gemela\/"},"modified":"2026-04-07T13:40:53","modified_gmt":"2026-04-07T12:40:53","slug":"poster-definicion-alma-gemela","status":"publish","type":"product","link":"https:\/\/positiveprints.com\/es\/producto\/poster-definicion-alma-gemela\/","title":{"rendered":"P\u00f3ster de Definici\u00f3n de Alma Gemela"},"content":{"rendered":"<p>\u00bfBuscas una manera \u00fanica de definir la conexi\u00f3n con tu alma gemela? Descubre nuestro P\u00f3ster de Definici\u00f3n de Alma Gemela, una impresi\u00f3n personalizada que captura la esencia de tu v\u00ednculo de manera creativa y sincera.<\/p>\r\n\r\n<h2>P\u00f3ster Personalizado de Definici\u00f3n de Alma Gemela<\/h2>\r\n\r\n<p>Con nuestro P\u00f3ster de Definici\u00f3n de Alma Gemela, puedes definir tu conexi\u00f3n de una manera profundamente significativa para ti. Personaliza tu p\u00f3ster eligiendo entre nuestra definici\u00f3n predefinida o creando la tuya propia, ya sea graciosa, emotiva o profundamente personal.<\/p>\r\n\r\n<p>Realza tu p\u00f3ster con una foto que refleje tu relaci\u00f3n, a\u00f1adiendo una capa extra de sentimentalismo. Experimenta con los colores seleccionando colores de fondo y de fuente que complementen tu estilo y estado de \u00e1nimo.<\/p>\r\n\r\n<h2>El Regalo Perfecto para Cualquier Ocasi\u00f3n<\/h2>\r\n\r\n<p>Ya sea un cumplea\u00f1os, aniversario, boda o cualquier otra ocasi\u00f3n especial, nuestro P\u00f3ster de Definici\u00f3n de Alma Gemela es un regalo atento para celebrar tu v\u00ednculo \u00fanico. Imagina la alegr\u00eda en el rostro de tu alma gemela cuando reciba una impresi\u00f3n personalizada que capture la esencia de su conexi\u00f3n.<\/p>\r\n\r\n<p>Ordenar es f\u00e1cil: visita nuestro sitio web, personaliza tu p\u00f3ster, sube tu foto, selecciona tu esquema de colores y realiza tu pedido. Nosotros nos encargaremos del resto, asegurando que tu p\u00f3ster se imprima y empaquete con cuidado.<\/p>\r\n\r\n<p>Exh\u00edbelo con orgullo en tu hogar o reg\u00e1lalo a tu alma gemela como un s\u00edmbolo de tu amor. Crea un tributo duradero a tu v\u00ednculo y celebra el amor que los une.<\/p>","protected":false},"excerpt":{"rendered":"<ul class=\"check-list\">\n<li>Haz tu definici\u00f3n personal<\/li>\n<li>A\u00f1ade tu propia foto<\/li>\n<li>Personalizar en 3 sencillos pasos<\/li>\n<li>Elija una plantilla o sea creativo<\/li>\n<li>Ve el resultado de inmediato: la vista previa interactiva te permite perfeccionar cada detalle<\/li>\n<\/ul>\n","protected":false},"featured_media":1477338,"template":"","meta":[],"product_brand":[],"product_cat":[9526,106,5270,11455,11456,8012,7693],"product_tag":[9093,9187,11826,11825],"class_list":{"0":"post-1113760","1":"product","2":"type-product","3":"status-publish","4":"has-post-thumbnail","6":"product_cat-definicion","7":"product_cat-todos-los-productos","8":"product_cat-regalos-de-navidad","9":"product_cat-regalos-de-navidad-para-mujer","10":"product_cat-regalos-de-navidad-para-hombre","11":"product_cat-regalos-para-hombres","12":"product_cat-regalos-para-mujeres","13":"product_tag-couples-es-2","14":"product_tag-pareja","15":"product_tag-regalos-de-navidad-para-el","16":"product_tag-regalos-de-navidad-para-ella","18":"first","19":"instock","20":"sale","21":"taxable","22":"shipping-taxable","23":"purchasable","24":"product-type-variable"},"yoast_head":"<!-- This site is optimized with the Yoast SEO Premium plugin v27.2 (Yoast SEO v27.2) - https:\/\/yoast.com\/product\/yoast-seo-premium-wordpress\/ -->\n<title>P\u00f3ster de Definici\u00f3n de Alma Gemela - Positive Prints<\/title>\n<meta name=\"description\" content=\"Descubre nuestro P\u00f3ster de Definici\u00f3n de Alma Gemela, una impresi\u00f3n personalizada que captura la esencia de tu v\u00ednculo de manera creativa y sincera.\" \/>\n<meta name=\"robots\" content=\"index, follow, max-snippet:-1, max-image-preview:large, max-video-preview:-1\" \/>\n<link rel=\"canonical\" href=\"https:\/\/positiveprints.com\/es\/producto\/poster-definicion-alma-gemela\/\" \/>\n<meta property=\"og:locale\" content=\"es_ES\" \/>\n<meta property=\"og:type\" content=\"article\" \/>\n<meta property=\"og:title\" content=\"P\u00f3ster de Definici\u00f3n de Alma Gemela\" \/>\n<meta property=\"og:description\" content=\"Haz tu definici\u00f3n personal A\u00f1ade tu propia foto Personalizar en 3 sencillos pasos Elija una plantilla o sea creativo Ve el resultado de inmediato: la vista previa interactiva te permite perfeccionar cada detalle\" \/>\n<meta property=\"og:url\" content=\"https:\/\/positiveprints.com\/es\/producto\/poster-definicion-alma-gemela\/\" \/>\n<meta property=\"og:site_name\" content=\"Positive Prints\" \/>\n<meta property=\"article:publisher\" content=\"https:\/\/www.facebook.com\/positiveprintscom\" \/>\n<meta property=\"article:modified_time\" content=\"2026-04-07T12:40:53+00:00\" \/>\n<meta property=\"og:image\" content=\"https:\/\/positiveprints.com\/wp-content\/uploads\/2024\/05\/Poster-de-Definicion-de-Alma-Gemela.jpg\" \/>\n\t<meta property=\"og:image:width\" content=\"1080\" \/>\n\t<meta property=\"og:image:height\" content=\"1080\" \/>\n\t<meta property=\"og:image:type\" content=\"image\/jpeg\" \/>\n<meta name=\"twitter:card\" content=\"summary_large_image\" \/>\n<meta name=\"twitter:label1\" content=\"Tiempo de lectura\" \/>\n\t<meta name=\"twitter:data1\" content=\"2 minutos\" \/>\n<!-- \/ Yoast SEO Premium plugin. -->","yoast_head_json":{"title":"P\u00f3ster de Definici\u00f3n de Alma Gemela - Positive Prints","description":"Descubre nuestro P\u00f3ster de Definici\u00f3n de Alma Gemela, una impresi\u00f3n personalizada que captura la esencia de tu v\u00ednculo de manera creativa y sincera.","robots":{"index":"index","follow":"follow","max-snippet":"max-snippet:-1","max-image-preview":"max-image-preview:large","max-video-preview":"max-video-preview:-1"},"canonical":"https:\/\/positiveprints.com\/es\/producto\/poster-definicion-alma-gemela\/","og_locale":"es_ES","og_type":"article","og_title":"P\u00f3ster de Definici\u00f3n de Alma Gemela","og_description":"Haz tu definici\u00f3n personal A\u00f1ade tu propia foto Personalizar en 3 sencillos pasos Elija una plantilla o sea creativo Ve el resultado de inmediato: la vista previa interactiva te permite perfeccionar cada detalle","og_url":"https:\/\/positiveprints.com\/es\/producto\/poster-definicion-alma-gemela\/","og_site_name":"Positive Prints","article_publisher":"https:\/\/www.facebook.com\/positiveprintscom","article_modified_time":"2026-04-07T12:40:53+00:00","og_image":[{"width":1080,"height":1080,"url":"https:\/\/positiveprints.com\/wp-content\/uploads\/2024\/05\/Poster-de-Definicion-de-Alma-Gemela.jpg","type":"image\/jpeg"}],"twitter_card":"summary_large_image","twitter_misc":{"Tiempo de lectura":"2 minutos"},"schema":{"@context":"https:\/\/schema.org","@graph":[{"@type":["WebPage","ItemPage"],"@id":"https:\/\/positiveprints.com\/es\/producto\/poster-definicion-alma-gemela\/","url":"https:\/\/positiveprints.com\/es\/producto\/poster-definicion-alma-gemela\/","name":"P\u00f3ster de Definici\u00f3n de Alma Gemela - Positive Prints","isPartOf":{"@id":"https:\/\/positiveprints.com\/es\/#website"},"primaryImageOfPage":{"@id":"https:\/\/positiveprints.com\/es\/producto\/poster-definicion-alma-gemela\/#primaryimage"},"image":{"@id":"https:\/\/positiveprints.com\/es\/producto\/poster-definicion-alma-gemela\/#primaryimage"},"thumbnailUrl":"https:\/\/positiveprints.com\/wp-content\/uploads\/2025\/07\/Packshot_ES_Po\u0301ster-de-Definicio\u0301n-de-Alma-Gemela.webp","datePublished":"2024-05-09T18:50:35+00:00","dateModified":"2026-04-07T12:40:53+00:00","description":"Descubre nuestro P\u00f3ster de Definici\u00f3n de Alma Gemela, una impresi\u00f3n personalizada que captura la esencia de tu v\u00ednculo de manera creativa y sincera.","breadcrumb":{"@id":"https:\/\/positiveprints.com\/es\/producto\/poster-definicion-alma-gemela\/#breadcrumb"},"inLanguage":"es","potentialAction":[{"@type":"ReadAction","target":["https:\/\/positiveprints.com\/es\/producto\/poster-definicion-alma-gemela\/"]}]},{"@type":"ImageObject","inLanguage":"es","@id":"https:\/\/positiveprints.com\/es\/producto\/poster-definicion-alma-gemela\/#primaryimage","url":"https:\/\/positiveprints.com\/wp-content\/uploads\/2025\/07\/Packshot_ES_Po\u0301ster-de-Definicio\u0301n-de-Alma-Gemela.webp","contentUrl":"https:\/\/positiveprints.com\/wp-content\/uploads\/2025\/07\/Packshot_ES_Po\u0301ster-de-Definicio\u0301n-de-Alma-Gemela.webp","width":1450,"height":1450,"caption":"Packshot_ES_Po\u0301ster de Definicio\u0301n de Alma Gemela"},{"@type":"BreadcrumbList","@id":"https:\/\/positiveprints.com\/es\/producto\/poster-definicion-alma-gemela\/#breadcrumb","itemListElement":[{"@type":"ListItem","position":1,"name":"CASA","item":"https:\/\/positiveprints.com\/es\/"},{"@type":"ListItem","position":2,"name":"Productos","item":"https:\/\/positiveprints.com\/es\/shop\/"},{"@type":"ListItem","position":3,"name":"P\u00f3ster de Definici\u00f3n de Alma Gemela"}]},{"@type":"WebSite","@id":"https:\/\/positiveprints.com\/es\/#website","url":"https:\/\/positiveprints.com\/es\/","name":"Positive Prints","description":"Custom Gifts for Special Occasions","publisher":{"@id":"https:\/\/positiveprints.com\/es\/#organization"},"potentialAction":[{"@type":"SearchAction","target":{"@type":"EntryPoint","urlTemplate":"https:\/\/positiveprints.com\/es\/?s={search_term_string}"},"query-input":{"@type":"PropertyValueSpecification","valueRequired":true,"valueName":"search_term_string"}}],"inLanguage":"es"},{"@type":"Organization","@id":"https:\/\/positiveprints.com\/es\/#organization","name":"Positive Prints","alternateName":"Positive Prints","url":"https:\/\/positiveprints.com\/es\/","logo":{"@type":"ImageObject","inLanguage":"es","@id":"https:\/\/positiveprints.com\/es\/#\/schema\/logo\/image\/","url":"https:\/\/positiveprints.com\/wp-content\/uploads\/2026\/03\/245815646_1337939713319158_5671353136411139666_n.png","contentUrl":"https:\/\/positiveprints.com\/wp-content\/uploads\/2026\/03\/245815646_1337939713319158_5671353136411139666_n.png","width":800,"height":800,"caption":"Positive Prints"},"image":{"@id":"https:\/\/positiveprints.com\/es\/#\/schema\/logo\/image\/"},"sameAs":["https:\/\/www.facebook.com\/positiveprintscom","https:\/\/www.instagram.com\/positiveprintscom\/","https:\/\/www.tiktok.com\/@positiveprintscom","https:\/\/www.pinterest.com\/positiveprintscom\/"]}]}},"jetpack_sharing_enabled":true,"_links":{"self":[{"href":"https:\/\/positiveprints.com\/es\/wp-json\/wp\/v2\/product\/1113760","targetHints":{"allow":["GET"]}}],"collection":[{"href":"https:\/\/positiveprints.com\/es\/wp-json\/wp\/v2\/product"}],"about":[{"href":"https:\/\/positiveprints.com\/es\/wp-json\/wp\/v2\/types\/product"}],"wp:featuredmedia":[{"embeddable":true,"href":"https:\/\/positiveprints.com\/es\/wp-json\/wp\/v2\/media\/1477338"}],"wp:attachment":[{"href":"https:\/\/positiveprints.com\/es\/wp-json\/wp\/v2\/media?parent=1113760"}],"wp:term":[{"taxonomy":"product_brand","embeddable":true,"href":"https:\/\/positiveprints.com\/es\/wp-json\/wp\/v2\/product_brand?post=1113760"},{"taxonomy":"product_cat","embeddable":true,"href":"https:\/\/positiveprints.com\/es\/wp-json\/wp\/v2\/product_cat?post=1113760"},{"taxonomy":"product_tag","embeddable":true,"href":"https:\/\/positiveprints.com\/es\/wp-json\/wp\/v2\/product_tag?post=1113760"}],"curies":[{"name":"wp","href":"https:\/\/api.w.org\/{rel}","templated":true}]}}