{"id":111324,"date":"2021-07-22T16:35:42","date_gmt":"2021-07-22T15:35:42","guid":{"rendered":"https:\/\/positiveprints.com\/?post_type=product&#038;p=111324"},"modified":"2026-04-18T08:37:10","modified_gmt":"2026-04-18T07:37:10","slug":"poster-de-coordenadas","status":"publish","type":"product","link":"https:\/\/positiveprints.com\/es\/producto\/poster-de-coordenadas\/","title":{"rendered":"P\u00f3ster de Coordenadas"},"content":{"rendered":"<p>El p\u00f3ster de coordenadas personalizado es una hermosa manera de rendir homenaje a tus lugares favoritos en el mundo, para que puedas recordarlos siempre.<\/p>\r\n\r\n\r\n\r\n<h2 class=\"grenB f24 cblue\" style=\"margin-top: 3rem\">Convierte tus recuerdos en un p\u00f3ster de coordenadas<\/h2>\r\n\r\n\r\n\r\n<p style=\"margin-top: 1rem\">No importa d\u00f3nde hayan ocurrido tus mejores momentos de la vida, puedes conservarlos en tu coraz\u00f3n para siempre con una pieza de arte divertida y creativa. \u00bfQu\u00e9 es un p\u00f3ster de coordenadas? Para ubicar cualquier punto sobre nuestro hermoso planeta se dise\u00f1\u00f3 un sistema de coordenadas. Este consiste en n\u00fameros que representan la longitud y latitud. Se trata de un lenguaje universal que nunca cambia, por lo tanto, no importa a d\u00f3nde vayas o d\u00f3nde est\u00e9s, las coordenadas de tus lugares favoritos siempre ser\u00e1n las mismas. <\/p>\r\n\r\n\r\n\r\n<p style=\"margin-top: 1rem\">El arte de coordenadas convierte tus lugares especiales en cualquier parte del mundo en una original impresi\u00f3n para decorar tus muros. Nuestras impresiones est\u00e1n hechas a medida y son \u00fanicas en su tipo, ya que muestran las coordenadas de cualquier punto en el planeta que t\u00fa elijas. <\/p>\r\n\r\n\r\n\r\n<p style=\"margin-top: 1rem\">Un p\u00f3ster de coordenadas es ideal para decorar salas de estar, dormitorios, oficinas, recibidores o cualquier espacio que merezca un toque de dise\u00f1o y color. As\u00ed, cada vez que mires esta imagen podr\u00e1s recordar los momentos especiales que han marcado tu vida. Cada impresi\u00f3n se imprime en papel de la m\u00e1s alta calidad, por lo que nunca perder\u00e1 sus colores, y podr\u00e1s enmarcarla para que la conserves por siempre.<\/p>\r\n\r\n\r\n\r\n<h2 class=\"grenB f24 cblue\" style=\"margin-top: 3rem\">\u00bfPor qu\u00e9 es especial el arte de coordenadas?<\/h2>\r\n\r\n\r\n\r\n<p style=\"margin-top: 1rem\">Cada pared empieza como un lienzo en blanco que espera recibir el toque especial de quien las habita. Depende de cada persona si estas paredes se convierten en algo normal, decoradas con impresiones que se producen en masa y pueden conseguirse en cualquier lugar, o si se transforman en algo espectacular, con un toque especial y \u00fanico.<\/p>\r\n\r\n\r\n\r\n<p style=\"margin-top: 1rem\">Esta es la magia de un p\u00f3ster de coordenadas. Cada impresi\u00f3n es irrepetible, porque la dise\u00f1an personas como t\u00fa, que aprecias el arte divertido, creativo y original, pero no quieres complicarte la vida. Nuestras herramientas de arte son s\u00faper f\u00e1ciles de usar y te permiten crear una pieza de arte \u00fanica en su tipo en poco tiempo.<\/p>\r\n\r\n\r\n\r\n<p style=\"margin-top: 1rem\">Parecer\u00e1 que te llev\u00f3 horas investigar las coordenadas y hacer el dise\u00f1o, pero, en realidad, el proceso toma tan solo algunos minutos, y se ve tan hermoso como \u00fanico.<\/p>\r\n\r\n\r\n\r\n<p style=\"margin-top: 1rem\">Perm\u00edtenos encontrar las coordenadas del lugar de tu boda, tu primer hogar, tu primer trabajo, tu universidad, el lugar donde conociste a tu pareja, o cualquier otra ubicaci\u00f3n que tenga un significado especial para ti. Convierte las coordenadas de tus momentos m\u00e1s preciados en arte decorativo, y as\u00ed, podr\u00e1s recordarlos por siempre. <\/p>\r\n\r\n\r\n\r\n<h2 class=\"grenB f24 cblue\" style=\"margin-top: 3rem\">Haz hermosos y originales regalos de coordenadas<\/h2>\r\n\r\n\r\n\r\n<p style=\"margin-top: 1rem\">Los regalos de coordenadas se est\u00e1n convirtiendo en tendencia. Es una opci\u00f3n perfecta para dar a quienes amas sorpresas creativas e inesperadas. Despues de todo, \u00a1de eso se tratan los regalos! Dar a alguien algo que jam\u00e1s hubiera imaginado que podr\u00eda tener, que amar\u00e1 y apreciar\u00e1 siempre. <\/p>\r\n\r\n\r\n\r\n<p style=\"margin-top: 1rem\">Un hermoso regalo de coordenadas cumple con todos los requisitos para ser perfecto:\r\n\r\n<ul>\r\n\r\n<li>\u00danico y creativo<\/li>\r\n\r\n<li>\u00danico en su clase<\/li>\r\n\r\n<li>Personalizado para quien lo recibe<\/li>\r\n\r\n<li>Completamente inesperado<\/li>\r\n\r\n<li>Capaz de sorprender y deleitar<\/li>\r\n\r\n<\/ul><\/p>\r\n\r\n\r\n\r\n<p style=\"margin-top: 1rem\">Dar un p\u00f3ster de coordenadas no es como ir a una tienda y elegir un objeto gen\u00e9rico de los estantes. Significa que te tomaste el tiempo de pensar en el regalo perfecto y pusiste atenci\u00f3n a cada detalle, y estas cosas no pasan desapercibidas por quien las recibe. Le encantar\u00e1 que te hayas tomado el tiempo y el esfuerzo para crear algo solo para ellos.<\/p>\r\n\r\n\r\n\r\n<p style=\"margin-top: 1rem\">Un p\u00f3ster de coordenadas es el regalo perfecto para cualquier persona en toda ocasi\u00f3n; ya sea aniversarios, bodas, compromisos, cumplea\u00f1os, d\u00edas festivos, graduaciones, nuevos trabajos, nuevos hogares, jubilaciones y cualquiera de los momentos especiales de la vida. Para quien ha viajado mucho o tiene una conexi\u00f3n especial con un lugar determinado, le encantar\u00e1 ver estas ubicaciones reflejadas de una manera divertida y art\u00edstica.<\/p>\r\n\r\n\r\n\r\n<p style=\"margin-top: 1rem\">Cada uno de nuestros posters art\u00edsticos de pared est\u00e1 impreso en papel de la m\u00e1s alta calidad, que resalta los colores y resiste la decoloraci\u00f3n. Las impresiones llegan listas para enmarcarse, o bien, para regalos de \u00faltima hora, puedes elegir nuestra opci\u00f3n de descarga digital. El archivo digital descargable est\u00e1 listo en cuesti\u00f3n de minutos y se te env\u00eda por correo electr\u00f3nico, para que puedas llevarlo a tu imprenta local y tener tu regalo de coordenadas a tiempo. <\/p>\r\n\r\n\r\n\r\n<h2 class=\"grenB f24 cblue\" style=\"margin-top: 3rem\">\u00bfC\u00f3mo se crea una pieza de arte de coordenadas?<\/h2>\r\n\r\n\r\n\r\n<p style=\"margin-top: 1rem\">En Positive Prints, creemos que todos deber\u00edan tener bellas obras de arte al alcance de la mano. Es por eso que dise\u00f1amos un proceso lo m\u00e1s f\u00e1cil de usar posible. \u00a1Crea un p\u00f3ster de coordenadas en solo tres r\u00e1pidos pasos!<\/p>\r\n\r\n\r\n\r\n<p style=\"margin-top: 1rem\">Elige tu ubicaci\u00f3n y nuestra tecnolog\u00eda trabajar\u00e1 para encontrar las coordenadas exactas de tu lugar favorito. Tambi\u00e9n puedes seleccionar entre una serie de combinaciones de color predefinidos o crear el tuyo. Agrega l\u00edneas de texto personalizadas para compartir lo que hace a esta ubicaci\u00f3n tan importante. \u00a1Tu p\u00f3ster contar\u00e1 tu historia de la manera que desees!<\/p>\r\n\r\n\r\n\r\n<p style=\"margin-top: 1rem\">A medida que realices cambios en nuestro proceso de tres pasos, ver\u00e1s actualizaciones en tiempo real de c\u00f3mo se ver\u00eda la impresi\u00f3n. Nuestros carteles vienen en varios tama\u00f1os est\u00e1ndar para facilitar el enmarcado.<\/p>\r\n\r\n\r\n\r\n<p style=\"margin-top: 1rem\">Una vez que est\u00e9s satisfecho con el dise\u00f1o, puedes optar por dejarnos a nosotros el proceso de impresi\u00f3n en materiales de la mejor calidad (\u00a1ofrecemos env\u00edo en todo el mundo!) o recibir tu impresi\u00f3n en formato digital directo a tu bandeja de entrada de correo electr\u00f3nico.<\/p>\r\n\r\n\r\n\r\n<h2 class=\"grenB f24 cblue\" style=\"margin-top: 3rem\">Crea arte de coordenadas personalizado: comienza aqu\u00ed<\/h2>\r\n\r\n\r\n\r\n<p style=\"margin-top: 1rem\">Ya sea que desees decorar tu hogar con una representaci\u00f3n art\u00edstica de la historia de tu vida o busques un regalo inesperado y \u00fanico para alguien especial, nuestros posters de coordenadas son una excelente opci\u00f3n.<\/p>\r\n\r\n\r\n\r\n<p style=\"margin-top: 1rem\">\u00bfListo para convertir tu ubicaci\u00f3n especial en una obra de arte? \u00a1Utiliza nuestra herramienta de tres pasos y crea tu obra de arte de inmediato!<\/p>","protected":false},"excerpt":{"rendered":"<ul class=\"check-list\">\n<li>Crea una obra de arte \u00fanica que incluya las coordenadas GPS de un lugar especial<\/li>\n<li>Incluye un texto personalizado<\/li>\n<li>Personal\u00edzalo en tres sencillos pasos<\/li>\n<li>Elige una plantilla o pon manos a la obra<\/li>\n<li>Ve el resultado de inmediato: la vista previa interactiva te permite perfeccionar cada detalle<\/li>\n<\/ul>\n","protected":false},"featured_media":1477810,"template":"","meta":[],"product_brand":[],"product_cat":[8250,7173,265],"product_tag":[14920],"class_list":{"0":"post-111324","1":"product","2":"type-product","3":"status-publish","4":"has-post-thumbnail","6":"product_cat-digital-products-es","7":"product_cat-coordinates-es","8":"product_cat-creators-es-2","9":"product_tag-creators-es-2","11":"first","12":"instock","13":"sale","14":"taxable","15":"shipping-taxable","16":"purchasable","17":"product-type-variable"},"yoast_head":"<!-- This site is optimized with the Yoast SEO Premium plugin v27.2 (Yoast SEO v27.2) - https:\/\/yoast.com\/product\/yoast-seo-premium-wordpress\/ -->\n<title>P\u00f3ster de Coordenadas GPS Personalizado - Positive Prints<\/title>\n<meta name=\"description\" content=\"El p\u00f3ster de coordenadas personalizado es una hermosa manera de rendir homenaje a tus lugares favoritos en el mundo, para que puedas recordarlos siempre.\" \/>\n<meta name=\"robots\" content=\"index, follow, max-snippet:-1, max-image-preview:large, max-video-preview:-1\" \/>\n<link rel=\"canonical\" href=\"https:\/\/positiveprints.com\/es\/producto\/poster-de-coordenadas\/\" \/>\n<meta property=\"og:locale\" content=\"es_ES\" \/>\n<meta property=\"og:type\" content=\"article\" \/>\n<meta property=\"og:title\" content=\"P\u00f3ster de Coordenadas\" \/>\n<meta property=\"og:description\" content=\"Crea una obra de arte \u00fanica que incluya las coordenadas GPS de un lugar especial  Incluye un texto personalizado  Personal\u00edzalo en tres sencillos pasos  Elige una plantilla o pon manos a la obra  Ve el resultado de inmediato: la vista previa interactiva te permite perfeccionar cada detalle\" \/>\n<meta property=\"og:url\" content=\"https:\/\/positiveprints.com\/es\/producto\/poster-de-coordenadas\/\" \/>\n<meta property=\"og:site_name\" content=\"Positive Prints\" \/>\n<meta property=\"article:publisher\" content=\"https:\/\/www.facebook.com\/positiveprintscom\" \/>\n<meta property=\"article:modified_time\" content=\"2026-04-18T07:37:10+00:00\" \/>\n<meta property=\"og:image\" content=\"https:\/\/positiveprints.com\/wp-content\/uploads\/2021\/07\/poster-coordenadas.jpg\" \/>\n\t<meta property=\"og:image:width\" content=\"1080\" \/>\n\t<meta property=\"og:image:height\" content=\"1080\" \/>\n\t<meta property=\"og:image:type\" content=\"image\/jpeg\" \/>\n<meta name=\"twitter:card\" content=\"summary_large_image\" \/>\n<meta name=\"twitter:label1\" content=\"Tiempo de lectura\" \/>\n\t<meta name=\"twitter:data1\" content=\"5 minutos\" \/>\n<!-- \/ Yoast SEO Premium plugin. -->","yoast_head_json":{"title":"P\u00f3ster de Coordenadas GPS Personalizado - Positive Prints","description":"El p\u00f3ster de coordenadas personalizado es una hermosa manera de rendir homenaje a tus lugares favoritos en el mundo, para que puedas recordarlos siempre.","robots":{"index":"index","follow":"follow","max-snippet":"max-snippet:-1","max-image-preview":"max-image-preview:large","max-video-preview":"max-video-preview:-1"},"canonical":"https:\/\/positiveprints.com\/es\/producto\/poster-de-coordenadas\/","og_locale":"es_ES","og_type":"article","og_title":"P\u00f3ster de Coordenadas","og_description":"Crea una obra de arte \u00fanica que incluya las coordenadas GPS de un lugar especial  Incluye un texto personalizado  Personal\u00edzalo en tres sencillos pasos  Elige una plantilla o pon manos a la obra  Ve el resultado de inmediato: la vista previa interactiva te permite perfeccionar cada detalle","og_url":"https:\/\/positiveprints.com\/es\/producto\/poster-de-coordenadas\/","og_site_name":"Positive Prints","article_publisher":"https:\/\/www.facebook.com\/positiveprintscom","article_modified_time":"2026-04-18T07:37:10+00:00","og_image":[{"width":1080,"height":1080,"url":"https:\/\/positiveprints.com\/wp-content\/uploads\/2021\/07\/poster-coordenadas.jpg","type":"image\/jpeg"}],"twitter_card":"summary_large_image","twitter_misc":{"Tiempo de lectura":"5 minutos"},"schema":{"@context":"https:\/\/schema.org","@graph":[{"@type":["WebPage","ItemPage"],"@id":"https:\/\/positiveprints.com\/es\/producto\/poster-de-coordenadas\/","url":"https:\/\/positiveprints.com\/es\/producto\/poster-de-coordenadas\/","name":"P\u00f3ster de Coordenadas GPS Personalizado - Positive Prints","isPartOf":{"@id":"https:\/\/positiveprints.com\/es\/#website"},"primaryImageOfPage":{"@id":"https:\/\/positiveprints.com\/es\/producto\/poster-de-coordenadas\/#primaryimage"},"image":{"@id":"https:\/\/positiveprints.com\/es\/producto\/poster-de-coordenadas\/#primaryimage"},"thumbnailUrl":"https:\/\/positiveprints.com\/wp-content\/uploads\/2025\/07\/Packshot_ES_Po\u0301ster-de-Coordenadas.webp","datePublished":"2021-07-22T15:35:42+00:00","dateModified":"2026-04-18T07:37:10+00:00","description":"El p\u00f3ster de coordenadas personalizado es una hermosa manera de rendir homenaje a tus lugares favoritos en el mundo, para que puedas recordarlos siempre.","breadcrumb":{"@id":"https:\/\/positiveprints.com\/es\/producto\/poster-de-coordenadas\/#breadcrumb"},"inLanguage":"es","potentialAction":[{"@type":"ReadAction","target":["https:\/\/positiveprints.com\/es\/producto\/poster-de-coordenadas\/"]}]},{"@type":"ImageObject","inLanguage":"es","@id":"https:\/\/positiveprints.com\/es\/producto\/poster-de-coordenadas\/#primaryimage","url":"https:\/\/positiveprints.com\/wp-content\/uploads\/2025\/07\/Packshot_ES_Po\u0301ster-de-Coordenadas.webp","contentUrl":"https:\/\/positiveprints.com\/wp-content\/uploads\/2025\/07\/Packshot_ES_Po\u0301ster-de-Coordenadas.webp","width":1450,"height":1450},{"@type":"BreadcrumbList","@id":"https:\/\/positiveprints.com\/es\/producto\/poster-de-coordenadas\/#breadcrumb","itemListElement":[{"@type":"ListItem","position":1,"name":"CASA","item":"https:\/\/positiveprints.com\/es\/"},{"@type":"ListItem","position":2,"name":"Productos","item":"https:\/\/positiveprints.com\/es\/shop\/"},{"@type":"ListItem","position":3,"name":"P\u00f3ster de Coordenadas"}]},{"@type":"WebSite","@id":"https:\/\/positiveprints.com\/es\/#website","url":"https:\/\/positiveprints.com\/es\/","name":"Positive Prints","description":"Custom Gifts for Special Occasions","publisher":{"@id":"https:\/\/positiveprints.com\/es\/#organization"},"potentialAction":[{"@type":"SearchAction","target":{"@type":"EntryPoint","urlTemplate":"https:\/\/positiveprints.com\/es\/?s={search_term_string}"},"query-input":{"@type":"PropertyValueSpecification","valueRequired":true,"valueName":"search_term_string"}}],"inLanguage":"es"},{"@type":"Organization","@id":"https:\/\/positiveprints.com\/es\/#organization","name":"Positive Prints","alternateName":"Positive Prints","url":"https:\/\/positiveprints.com\/es\/","logo":{"@type":"ImageObject","inLanguage":"es","@id":"https:\/\/positiveprints.com\/es\/#\/schema\/logo\/image\/","url":"https:\/\/positiveprints.com\/wp-content\/uploads\/2026\/03\/245815646_1337939713319158_5671353136411139666_n.png","contentUrl":"https:\/\/positiveprints.com\/wp-content\/uploads\/2026\/03\/245815646_1337939713319158_5671353136411139666_n.png","width":800,"height":800,"caption":"Positive Prints"},"image":{"@id":"https:\/\/positiveprints.com\/es\/#\/schema\/logo\/image\/"},"sameAs":["https:\/\/www.facebook.com\/positiveprintscom","https:\/\/www.instagram.com\/positiveprintscom\/","https:\/\/www.tiktok.com\/@positiveprintscom","https:\/\/www.pinterest.com\/positiveprintscom\/"]}]}},"jetpack_sharing_enabled":true,"_links":{"self":[{"href":"https:\/\/positiveprints.com\/es\/wp-json\/wp\/v2\/product\/111324","targetHints":{"allow":["GET"]}}],"collection":[{"href":"https:\/\/positiveprints.com\/es\/wp-json\/wp\/v2\/product"}],"about":[{"href":"https:\/\/positiveprints.com\/es\/wp-json\/wp\/v2\/types\/product"}],"wp:featuredmedia":[{"embeddable":true,"href":"https:\/\/positiveprints.com\/es\/wp-json\/wp\/v2\/media\/1477810"}],"wp:attachment":[{"href":"https:\/\/positiveprints.com\/es\/wp-json\/wp\/v2\/media?parent=111324"}],"wp:term":[{"taxonomy":"product_brand","embeddable":true,"href":"https:\/\/positiveprints.com\/es\/wp-json\/wp\/v2\/product_brand?post=111324"},{"taxonomy":"product_cat","embeddable":true,"href":"https:\/\/positiveprints.com\/es\/wp-json\/wp\/v2\/product_cat?post=111324"},{"taxonomy":"product_tag","embeddable":true,"href":"https:\/\/positiveprints.com\/es\/wp-json\/wp\/v2\/product_tag?post=111324"}],"curies":[{"name":"wp","href":"https:\/\/api.w.org\/{rel}","templated":true}]}}