{"id":1106459,"date":"2024-04-26T10:19:49","date_gmt":"2024-04-26T09:19:49","guid":{"rendered":"https:\/\/positiveprints.com\/product\/poster-de-italia\/"},"modified":"2026-04-23T11:04:01","modified_gmt":"2026-04-23T10:04:01","slug":"poster-de-italia","status":"publish","type":"product","link":"https:\/\/positiveprints.com\/es\/producto\/poster-de-italia\/","title":{"rendered":"P\u00f3ster de Italia"},"content":{"rendered":"<p>Transforma tus recuerdos de Italia en una impresionante obra de arte con nuestro P\u00f3ster de Italia. Pero, \u00bfqu\u00e9 hace que esta impresi\u00f3n personalizada sea tan extraordinaria?<\/p>\r\n\r\n<h2>Crea Tu P\u00f3ster de Italia<\/h2>\r\n\r\n<p>Nuestro P\u00f3ster de Italia te permite personalizar el contorno de Italia con tus colores elegidos, creando una pieza \u00fanica y visualmente cautivadora. Elige entre una variedad de estilos y colores para que coincida con tu decoraci\u00f3n y gusto personal.<\/p>\r\n\r\n<p>Selecciona Italia de nuestra lista de pa\u00edses y personaliza a\u00fan m\u00e1s tu impresi\u00f3n a\u00f1adiendo un marcador de coraz\u00f3n para resaltar el lugar exacto donde ocurri\u00f3 algo especial. Ya sea la ubicaci\u00f3n de unas vacaciones memorables, una escapada rom\u00e1ntica o un momento querido, el marcador de coraz\u00f3n a\u00f1ade una capa adicional de significado a tu impresi\u00f3n.<\/p>\r\n\r\n<p>A\u00f1ade un mensaje o t\u00edtulo personalizado para hacer tu P\u00f3ster de Italia a\u00fan m\u00e1s personal y significativo. Ya sea un t\u00edtulo conmemorando una ocasi\u00f3n especial o un mensaje sincero expresando tu amor por Italia, las opciones de personalizaci\u00f3n son infinitas.<\/p>\r\n\r\n<h2>P\u00f3ster de Italia como Regalo<\/h2>\r\n\r\n<p>\u00bfBuscas el regalo perfecto para alguien que ama Italia? Nuestro P\u00f3ster de Italia es una forma reflexiva y \u00fanica de celebrar su conexi\u00f3n con este hermoso pa\u00eds. Imagina la alegr\u00eda en su rostro cuando reciban una impresi\u00f3n personalizada que capture su lugar favorito en Italia, llena de colores que evocan recuerdos y emociones.<\/p>\r\n\r\n<p>Ya sea exhibido en un hogar, oficina o como regalo, nuestro P\u00f3ster de Italia seguramente evocar\u00e1 recuerdos entra\u00f1ables y crear\u00e1 una sensaci\u00f3n de conexi\u00f3n con este destino querido. Entonces, \u00bfpor qu\u00e9 esperar? Crea tu pieza personalizada de Italia hoy y deja que tus recuerdos cobren vida en colores vibrantes.<\/p>","protected":false},"excerpt":{"rendered":"<ul class=\"check-list\">\n<li>Embellece tu hogar con un hermoso mapa de tu pa\u00eds favorito<\/li>\n<li>Marcar un lugar especial con un s\u00edmbolo elegido<\/li>\n<li>Personalizar en 3 sencillos pasos<\/li>\n<li>Elija una plantilla o sea creativo<\/li>\n<li>Ve el resultado de inmediato: la vista previa interactiva te permite perfeccionar cada detalle<\/li>\n<\/ul>\n","protected":false},"featured_media":1104920,"template":"","meta":[],"product_brand":[],"product_cat":[9167,10596,106],"product_tag":[10849,9700],"class_list":{"0":"post-1106459","1":"product","2":"type-product","3":"status-publish","4":"has-post-thumbnail","6":"product_cat-contorno","7":"product_cat-lugares","8":"product_cat-todos-los-productos","9":"product_tag-country-es","10":"product_tag-italia","12":"first","13":"instock","14":"sale","15":"taxable","16":"shipping-taxable","17":"purchasable","18":"product-type-variable"},"yoast_head":"<!-- This site is optimized with the Yoast SEO Premium plugin v27.2 (Yoast SEO v27.2) - https:\/\/yoast.com\/product\/yoast-seo-premium-wordpress\/ -->\n<title>P\u00f3ster de Italia - Positive Prints<\/title>\n<meta name=\"description\" content=\"\u00bfBusca el regalo perfecto para alguien que ama a Italia? Nuestro p\u00f3ster de Italia es una forma reflexiva y \u00fanica de celebrar su conexi\u00f3n con este pa\u00eds.\" \/>\n<meta name=\"robots\" content=\"index, follow, max-snippet:-1, max-image-preview:large, max-video-preview:-1\" \/>\n<link rel=\"canonical\" href=\"https:\/\/positiveprints.com\/es\/producto\/poster-de-italia\/\" \/>\n<meta property=\"og:locale\" content=\"es_ES\" \/>\n<meta property=\"og:type\" content=\"article\" \/>\n<meta property=\"og:title\" content=\"P\u00f3ster de Italia\" \/>\n<meta property=\"og:description\" content=\"Embellece tu hogar con un hermoso mapa de tu pa\u00eds favorito Marcar un lugar especial con un s\u00edmbolo elegido Personalizar en 3 sencillos pasos Elija una plantilla o sea creativo Ve el resultado de inmediato: la vista previa interactiva te permite perfeccionar cada detalle\" \/>\n<meta property=\"og:url\" content=\"https:\/\/positiveprints.com\/es\/producto\/poster-de-italia\/\" \/>\n<meta property=\"og:site_name\" content=\"Positive Prints\" \/>\n<meta property=\"article:publisher\" content=\"https:\/\/www.facebook.com\/positiveprintscom\" \/>\n<meta property=\"article:modified_time\" content=\"2026-04-23T10:04:01+00:00\" \/>\n<meta property=\"og:image\" content=\"https:\/\/positiveprints.com\/wp-content\/uploads\/2024\/04\/italy-map-print.jpg\" \/>\n\t<meta property=\"og:image:width\" content=\"1080\" \/>\n\t<meta property=\"og:image:height\" content=\"1080\" \/>\n\t<meta property=\"og:image:type\" content=\"image\/jpeg\" \/>\n<meta name=\"twitter:card\" content=\"summary_large_image\" \/>\n<!-- \/ Yoast SEO Premium plugin. -->","yoast_head_json":{"title":"P\u00f3ster de Italia - Positive Prints","description":"\u00bfBusca el regalo perfecto para alguien que ama a Italia? Nuestro p\u00f3ster de Italia es una forma reflexiva y \u00fanica de celebrar su conexi\u00f3n con este pa\u00eds.","robots":{"index":"index","follow":"follow","max-snippet":"max-snippet:-1","max-image-preview":"max-image-preview:large","max-video-preview":"max-video-preview:-1"},"canonical":"https:\/\/positiveprints.com\/es\/producto\/poster-de-italia\/","og_locale":"es_ES","og_type":"article","og_title":"P\u00f3ster de Italia","og_description":"Embellece tu hogar con un hermoso mapa de tu pa\u00eds favorito Marcar un lugar especial con un s\u00edmbolo elegido Personalizar en 3 sencillos pasos Elija una plantilla o sea creativo Ve el resultado de inmediato: la vista previa interactiva te permite perfeccionar cada detalle","og_url":"https:\/\/positiveprints.com\/es\/producto\/poster-de-italia\/","og_site_name":"Positive Prints","article_publisher":"https:\/\/www.facebook.com\/positiveprintscom","article_modified_time":"2026-04-23T10:04:01+00:00","og_image":[{"width":1080,"height":1080,"url":"https:\/\/positiveprints.com\/wp-content\/uploads\/2024\/04\/italy-map-print.jpg","type":"image\/jpeg"}],"twitter_card":"summary_large_image","schema":{"@context":"https:\/\/schema.org","@graph":[{"@type":["WebPage","ItemPage"],"@id":"https:\/\/positiveprints.com\/es\/producto\/poster-de-italia\/","url":"https:\/\/positiveprints.com\/es\/producto\/poster-de-italia\/","name":"P\u00f3ster de Italia - Positive Prints","isPartOf":{"@id":"https:\/\/positiveprints.com\/es\/#website"},"primaryImageOfPage":{"@id":"https:\/\/positiveprints.com\/es\/producto\/poster-de-italia\/#primaryimage"},"image":{"@id":"https:\/\/positiveprints.com\/es\/producto\/poster-de-italia\/#primaryimage"},"thumbnailUrl":"https:\/\/positiveprints.com\/wp-content\/uploads\/2024\/04\/italy-map-print.jpg","datePublished":"2024-04-26T09:19:49+00:00","dateModified":"2026-04-23T10:04:01+00:00","description":"\u00bfBusca el regalo perfecto para alguien que ama a Italia? Nuestro p\u00f3ster de Italia es una forma reflexiva y \u00fanica de celebrar su conexi\u00f3n con este pa\u00eds.","breadcrumb":{"@id":"https:\/\/positiveprints.com\/es\/producto\/poster-de-italia\/#breadcrumb"},"inLanguage":"es","potentialAction":[{"@type":"ReadAction","target":["https:\/\/positiveprints.com\/es\/producto\/poster-de-italia\/"]}]},{"@type":"ImageObject","inLanguage":"es","@id":"https:\/\/positiveprints.com\/es\/producto\/poster-de-italia\/#primaryimage","url":"https:\/\/positiveprints.com\/wp-content\/uploads\/2024\/04\/italy-map-print.jpg","contentUrl":"https:\/\/positiveprints.com\/wp-content\/uploads\/2024\/04\/italy-map-print.jpg","width":1080,"height":1080,"caption":"P\u00f3ster de Italia"},{"@type":"BreadcrumbList","@id":"https:\/\/positiveprints.com\/es\/producto\/poster-de-italia\/#breadcrumb","itemListElement":[{"@type":"ListItem","position":1,"name":"CASA","item":"https:\/\/positiveprints.com\/es\/"},{"@type":"ListItem","position":2,"name":"Productos","item":"https:\/\/positiveprints.com\/es\/shop\/"},{"@type":"ListItem","position":3,"name":"P\u00f3ster de Italia"}]},{"@type":"WebSite","@id":"https:\/\/positiveprints.com\/es\/#website","url":"https:\/\/positiveprints.com\/es\/","name":"Positive Prints","description":"Custom Gifts for Special Occasions","publisher":{"@id":"https:\/\/positiveprints.com\/es\/#organization"},"potentialAction":[{"@type":"SearchAction","target":{"@type":"EntryPoint","urlTemplate":"https:\/\/positiveprints.com\/es\/?s={search_term_string}"},"query-input":{"@type":"PropertyValueSpecification","valueRequired":true,"valueName":"search_term_string"}}],"inLanguage":"es"},{"@type":"Organization","@id":"https:\/\/positiveprints.com\/es\/#organization","name":"Positive Prints","alternateName":"Positive Prints ","url":"https:\/\/positiveprints.com\/es\/","logo":{"@type":"ImageObject","inLanguage":"es","@id":"https:\/\/positiveprints.com\/es\/#\/schema\/logo\/image\/","url":"https:\/\/positiveprints.com\/wp-content\/uploads\/2026\/03\/245815646_1337939713319158_5671353136411139666_n.png","contentUrl":"https:\/\/positiveprints.com\/wp-content\/uploads\/2026\/03\/245815646_1337939713319158_5671353136411139666_n.png","width":800,"height":800,"caption":"Positive Prints"},"image":{"@id":"https:\/\/positiveprints.com\/es\/#\/schema\/logo\/image\/"},"sameAs":["https:\/\/www.facebook.com\/positiveprintscom","https:\/\/www.instagram.com\/positiveprintscom\/","https:\/\/www.tiktok.com\/@positiveprintscom","https:\/\/www.pinterest.com\/positiveprintscom\/"]}]}},"jetpack_sharing_enabled":true,"_links":{"self":[{"href":"https:\/\/positiveprints.com\/es\/wp-json\/wp\/v2\/product\/1106459","targetHints":{"allow":["GET"]}}],"collection":[{"href":"https:\/\/positiveprints.com\/es\/wp-json\/wp\/v2\/product"}],"about":[{"href":"https:\/\/positiveprints.com\/es\/wp-json\/wp\/v2\/types\/product"}],"wp:featuredmedia":[{"embeddable":true,"href":"https:\/\/positiveprints.com\/es\/wp-json\/wp\/v2\/media\/1104920"}],"wp:attachment":[{"href":"https:\/\/positiveprints.com\/es\/wp-json\/wp\/v2\/media?parent=1106459"}],"wp:term":[{"taxonomy":"product_brand","embeddable":true,"href":"https:\/\/positiveprints.com\/es\/wp-json\/wp\/v2\/product_brand?post=1106459"},{"taxonomy":"product_cat","embeddable":true,"href":"https:\/\/positiveprints.com\/es\/wp-json\/wp\/v2\/product_cat?post=1106459"},{"taxonomy":"product_tag","embeddable":true,"href":"https:\/\/positiveprints.com\/es\/wp-json\/wp\/v2\/product_tag?post=1106459"}],"curies":[{"name":"wp","href":"https:\/\/api.w.org\/{rel}","templated":true}]}}