{"id":1105133,"date":"2024-04-22T19:11:14","date_gmt":"2024-04-22T18:11:14","guid":{"rendered":"https:\/\/positiveprints.com\/?post_type=product&#038;p=1105133"},"modified":"2026-04-23T11:05:22","modified_gmt":"2026-04-23T10:05:22","slug":"joyas-personalizadas-con-las-fases-de-la-luna","status":"publish","type":"product","link":"https:\/\/positiveprints.com\/es\/producto\/joyas-personalizadas-con-las-fases-de-la-luna\/","title":{"rendered":"Joyas personalizadas con las fases de la luna"},"content":{"rendered":"<p>\u00bfTe has preguntado alguna vez c\u00f3mo capturar un momento en el tiempo y llevarlo cerca del coraz\u00f3n? Con nuestras joyas personalizadas de Fases de la Luna, podr\u00e1s hacerlo. Pero, \u00bfqu\u00e9 hace que esta joya sea tan especial?<\/p>\n\n\n\n<h2>Crea tu joya \u00fanica<\/h2>\n\n\n\n<p>Nuestras joyas personalizadas de fases lunares te permiten crear un colgante \u00fanico que cuente tu historia particular. Utilizando nuestro editor en l\u00ednea, s\u00f3lo tienes que introducir la hora y la fecha exactas de tu momento especial. Ya sea el d\u00eda en que conociste a tu alma gemela, la fecha de tu boda o cualquier otra ocasi\u00f3n memorable, capturaremos la fase lunar de ese preciso momento.<\/p>\n\n\n\n<p>Pero eso no es todo: tambi\u00e9n puedes a\u00f1adir un mensaje personalizado en la parte posterior del colgante, haci\u00e9ndolo a\u00fan m\u00e1s personal. <\/p>\n\n\n\n<p>Cada colgante, tanto si es un elegante c\u00edrculo como si viene con una cadena de 45 cm, se somete a un meticuloso grabado l\u00e1ser para garantizar su precisi\u00f3n y durabilidad. Esto significa que tu joya \u00fanica resistir\u00e1 el paso del tiempo, igual que tus recuerdos m\u00e1s preciados.<\/p>\n\n\n\n<h2>Joyas personalizadas de Fases de la Luna: Regalos con significado<\/h2>\n\n\n\n<p>\u00bfBuscas el regalo perfecto para un ser querido? Nuestras joyas personalizadas con las fases de la luna son la respuesta. Imagina la cara que pondr\u00e1n cuando reciban un colgante con la fase lunar del d\u00eda en que os conocisteis o del d\u00eda en que nacieron. Es un gesto considerado que sin duda les llegar\u00e1 al coraz\u00f3n.<\/p>\n\n\n\n<p>Hacer un pedido es f\u00e1cil: s\u00f3lo tienes que visitar nuestro sitio web, introducir los datos pertinentes, personalizar tu mensaje, elegir el material y la opci\u00f3n de cadena que prefieras y hacer el pedido. Nosotros nos encargamos del resto, y nos aseguramos de que tu colgante est\u00e9 perfectamente empaquetado en un joyero, con una gu\u00eda de cuidados y un pa\u00f1o especial para limpiarlo.<\/p>\n\n\n\n<p>Tanto si est\u00e1s celebrando un hito, conmemorando un momento especial o simplemente demostrando a alguien que te importa, nuestras Joyas Personalizadas Fases de la Luna son la forma perfecta de expresar tu amor y crear recuerdos duraderos. Entonces, \u00bfpor qu\u00e9 esperar? \u00a1Empieza a dise\u00f1ar tu pieza \u00fanica hoy mismo!<\/p>","protected":false},"excerpt":{"rendered":"<ul class=\"check-list\">\n<li>Colgante de 20 mm fabricado en plata de ley de primera calidad, grabado con l\u00e1ser y acabado a mano<\/li>\n<li>Elige el texto que quieras seg\u00fan la ocasi\u00f3n<\/li>\n<li>Personal\u00edzalo en tan solo 2 minutos<\/li>\n<li>Previsualiza el resultado en segundos: la vista previa interactiva te permite ajustar cada detalle<\/li>\n<\/ul>\n","protected":false},"featured_media":1537511,"template":"","meta":[],"product_brand":[],"product_cat":[8189,9264,12257,12226,106,5334,11188,5254,3128,11219,5277,7965,7597,7933,5270,11455,11459,11453,15045,11461,11452,11462,11458,7693,7773,7789,7726,7709,7742,7757,7837,3119,11249],"product_tag":[14923,15489,14920,11903,11904,9798,15096,15097,15098,13429,13350,13479,11825,11820,11771,11822,15099],"class_list":{"0":"post-1105133","1":"product","2":"type-product","3":"status-publish","4":"has-post-thumbnail","6":"product_cat-para-ella","7":"product_cat-jewelry-es","8":"product_cat-jewelry-basic-es","9":"product_cat-moon-jewelry-es","10":"product_cat-todos-los-productos","11":"product_cat-regalos-de-aniversario","12":"product_cat-regalos-de-aniversario-para-ella","13":"product_cat-regalos-de-nacimiento-de-bebe","14":"product_cat-regalos-de-cumpleanos","15":"product_cat-regalos-de-cumpleanos-para-mujeres","16":"product_cat-regalos-de-compromiso","17":"product_cat-regalos-para-baby-showers","18":"product_cat-regalos-de-bautismo","19":"product_cat-regalos-para-despedidas-de-soltera","20":"product_cat-regalos-de-navidad","21":"product_cat-regalos-de-navidad-para-mujer","22":"product_cat-regalos-de-navidad-para-mama","23":"product_cat-regalos-de-navidad-para-abuela","24":"product_cat-regalos-de-navidad-para-amigos","25":"product_cat-regalos-de-navidad-para-la-hermana","26":"product_cat-regalos-de-navidad-para-la-novia","27":"product_cat-regalos-de-navidad-para-la-esposa","28":"product_cat-regalos-de-navidad-para-los-ninos","29":"product_cat-regalos-para-mujeres","30":"product_cat-regalos-para-mi-hija","31":"product_cat-regalos-para-mi-novia","32":"product_cat-regalos-para-la-abuela","33":"product_cat-regalos-para-mama","34":"product_cat-regalos-para-mi-hermana","35":"product_cat-regalos-para-mi-esposa","36":"product_cat-regalos-para-amigos","37":"product_cat-regalos-de-san-valentin","38":"product_cat-regalos-de-san-valentin-mujeres","39":"product_tag-anniversary-es","40":"product_tag-collar-luna","41":"product_tag-creators-es-2","42":"product_tag-dije","43":"product_tag-dijes","44":"product_tag-luna-es","45":"product_tag-lancuszek-es","46":"product_tag-medalion-es","47":"product_tag-naszyjnik-es","48":"product_tag-regalo-de-navidad-para-hermana","49":"product_tag-regalo-de-navidad-para-una-abuela","50":"product_tag-regalos-de-navidad-para-amigos","51":"product_tag-regalos-de-navidad-para-ella","52":"product_tag-regalos-de-navidad-para-la-esposa","53":"product_tag-regalos-de-navidad-para-la-novia","54":"product_tag-regalos-de-navidad-para-mama","55":"product_tag-wisiorek-es","57":"first","58":"instock","59":"sale","60":"taxable","61":"shipping-taxable","62":"purchasable","63":"product-type-variable"},"yoast_head":"<!-- This site is optimized with the Yoast SEO Premium plugin v27.2 (Yoast SEO v27.2) - https:\/\/yoast.com\/product\/yoast-seo-premium-wordpress\/ -->\n<title>Joyas personalizadas Fases de la Luna - Positive Prints<\/title>\n<meta name=\"description\" content=\"Nuestras joyas personalizadas de fases lunares te permiten crear un colgante \u00fanico que cuenta la historia de ese d\u00eda tan especial para ti. \u00a1Crea el tuyo hoy mismo!\" \/>\n<meta name=\"robots\" content=\"index, follow, max-snippet:-1, max-image-preview:large, max-video-preview:-1\" \/>\n<link rel=\"canonical\" href=\"https:\/\/positiveprints.com\/es\/producto\/joyas-personalizadas-con-las-fases-de-la-luna\/\" \/>\n<meta property=\"og:locale\" content=\"es_ES\" \/>\n<meta property=\"og:type\" content=\"article\" \/>\n<meta property=\"og:title\" content=\"Joyas personalizadas con las fases de la luna\" \/>\n<meta property=\"og:description\" content=\"Colgante de 20 mm fabricado en plata de ley de primera calidad, grabado con l\u00e1ser y acabado a mano Elige el texto que quieras seg\u00fan la ocasi\u00f3n Personal\u00edzalo en tan solo 2 minutos Previsualiza el resultado en segundos: la vista previa interactiva te permite ajustar cada detalle\" \/>\n<meta property=\"og:url\" content=\"https:\/\/positiveprints.com\/es\/producto\/joyas-personalizadas-con-las-fases-de-la-luna\/\" \/>\n<meta property=\"og:site_name\" content=\"Positive Prints\" \/>\n<meta property=\"article:publisher\" content=\"https:\/\/www.facebook.com\/positiveprintscom\" \/>\n<meta property=\"article:modified_time\" content=\"2026-04-23T10:05:22+00:00\" \/>\n<meta property=\"og:image\" content=\"https:\/\/positiveprints.com\/wp-content\/uploads\/2025\/10\/PACKSHOT_ES_Joyas-personalizadas-con-las-fases-de-la-luna.webp\" \/>\n\t<meta property=\"og:image:width\" content=\"1450\" \/>\n\t<meta property=\"og:image:height\" content=\"1450\" \/>\n\t<meta property=\"og:image:type\" content=\"image\/webp\" \/>\n<meta name=\"twitter:card\" content=\"summary_large_image\" \/>\n<!-- \/ Yoast SEO Premium plugin. -->","yoast_head_json":{"title":"Joyas personalizadas Fases de la Luna - Positive Prints","description":"Nuestras joyas personalizadas de fases lunares te permiten crear un colgante \u00fanico que cuenta la historia de ese d\u00eda tan especial para ti. \u00a1Crea el tuyo hoy mismo!","robots":{"index":"index","follow":"follow","max-snippet":"max-snippet:-1","max-image-preview":"max-image-preview:large","max-video-preview":"max-video-preview:-1"},"canonical":"https:\/\/positiveprints.com\/es\/producto\/joyas-personalizadas-con-las-fases-de-la-luna\/","og_locale":"es_ES","og_type":"article","og_title":"Joyas personalizadas con las fases de la luna","og_description":"Colgante de 20 mm fabricado en plata de ley de primera calidad, grabado con l\u00e1ser y acabado a mano Elige el texto que quieras seg\u00fan la ocasi\u00f3n Personal\u00edzalo en tan solo 2 minutos Previsualiza el resultado en segundos: la vista previa interactiva te permite ajustar cada detalle","og_url":"https:\/\/positiveprints.com\/es\/producto\/joyas-personalizadas-con-las-fases-de-la-luna\/","og_site_name":"Positive Prints","article_publisher":"https:\/\/www.facebook.com\/positiveprintscom","article_modified_time":"2026-04-23T10:05:22+00:00","og_image":[{"width":1450,"height":1450,"url":"https:\/\/positiveprints.com\/wp-content\/uploads\/2025\/10\/PACKSHOT_ES_Joyas-personalizadas-con-las-fases-de-la-luna.webp","type":"image\/webp"}],"twitter_card":"summary_large_image","schema":{"@context":"https:\/\/schema.org","@graph":[{"@type":["WebPage","ItemPage"],"@id":"https:\/\/positiveprints.com\/es\/producto\/joyas-personalizadas-con-las-fases-de-la-luna\/","url":"https:\/\/positiveprints.com\/es\/producto\/joyas-personalizadas-con-las-fases-de-la-luna\/","name":"Joyas personalizadas Fases de la Luna - Positive Prints","isPartOf":{"@id":"https:\/\/positiveprints.com\/es\/#website"},"primaryImageOfPage":{"@id":"https:\/\/positiveprints.com\/es\/producto\/joyas-personalizadas-con-las-fases-de-la-luna\/#primaryimage"},"image":{"@id":"https:\/\/positiveprints.com\/es\/producto\/joyas-personalizadas-con-las-fases-de-la-luna\/#primaryimage"},"thumbnailUrl":"https:\/\/positiveprints.com\/wp-content\/uploads\/2025\/10\/PACKSHOT_ES_Joyas-personalizadas-con-las-fases-de-la-luna.webp","datePublished":"2024-04-22T18:11:14+00:00","dateModified":"2026-04-23T10:05:22+00:00","description":"Nuestras joyas personalizadas de fases lunares te permiten crear un colgante \u00fanico que cuenta la historia de ese d\u00eda tan especial para ti. \u00a1Crea el tuyo hoy mismo!","breadcrumb":{"@id":"https:\/\/positiveprints.com\/es\/producto\/joyas-personalizadas-con-las-fases-de-la-luna\/#breadcrumb"},"inLanguage":"es","potentialAction":[{"@type":"ReadAction","target":["https:\/\/positiveprints.com\/es\/producto\/joyas-personalizadas-con-las-fases-de-la-luna\/"]}]},{"@type":"ImageObject","inLanguage":"es","@id":"https:\/\/positiveprints.com\/es\/producto\/joyas-personalizadas-con-las-fases-de-la-luna\/#primaryimage","url":"https:\/\/positiveprints.com\/wp-content\/uploads\/2025\/10\/PACKSHOT_ES_Joyas-personalizadas-con-las-fases-de-la-luna.webp","contentUrl":"https:\/\/positiveprints.com\/wp-content\/uploads\/2025\/10\/PACKSHOT_ES_Joyas-personalizadas-con-las-fases-de-la-luna.webp","width":1450,"height":1450},{"@type":"BreadcrumbList","@id":"https:\/\/positiveprints.com\/es\/producto\/joyas-personalizadas-con-las-fases-de-la-luna\/#breadcrumb","itemListElement":[{"@type":"ListItem","position":1,"name":"CASA","item":"https:\/\/positiveprints.com\/es\/"},{"@type":"ListItem","position":2,"name":"Productos","item":"https:\/\/positiveprints.com\/es\/shop\/"},{"@type":"ListItem","position":3,"name":"Joyas personalizadas con las fases de la luna"}]},{"@type":"WebSite","@id":"https:\/\/positiveprints.com\/es\/#website","url":"https:\/\/positiveprints.com\/es\/","name":"Positive Prints","description":"Custom Gifts for Special Occasions","publisher":{"@id":"https:\/\/positiveprints.com\/es\/#organization"},"potentialAction":[{"@type":"SearchAction","target":{"@type":"EntryPoint","urlTemplate":"https:\/\/positiveprints.com\/es\/?s={search_term_string}"},"query-input":{"@type":"PropertyValueSpecification","valueRequired":true,"valueName":"search_term_string"}}],"inLanguage":"es"},{"@type":"Organization","@id":"https:\/\/positiveprints.com\/es\/#organization","name":"Positive Prints","alternateName":"Positive Prints ","url":"https:\/\/positiveprints.com\/es\/","logo":{"@type":"ImageObject","inLanguage":"es","@id":"https:\/\/positiveprints.com\/es\/#\/schema\/logo\/image\/","url":"https:\/\/positiveprints.com\/wp-content\/uploads\/2026\/03\/245815646_1337939713319158_5671353136411139666_n.png","contentUrl":"https:\/\/positiveprints.com\/wp-content\/uploads\/2026\/03\/245815646_1337939713319158_5671353136411139666_n.png","width":800,"height":800,"caption":"Positive Prints"},"image":{"@id":"https:\/\/positiveprints.com\/es\/#\/schema\/logo\/image\/"},"sameAs":["https:\/\/www.facebook.com\/positiveprintscom","https:\/\/www.instagram.com\/positiveprintscom\/","https:\/\/www.tiktok.com\/@positiveprintscom","https:\/\/www.pinterest.com\/positiveprintscom\/"]}]}},"jetpack_sharing_enabled":true,"_links":{"self":[{"href":"https:\/\/positiveprints.com\/es\/wp-json\/wp\/v2\/product\/1105133","targetHints":{"allow":["GET"]}}],"collection":[{"href":"https:\/\/positiveprints.com\/es\/wp-json\/wp\/v2\/product"}],"about":[{"href":"https:\/\/positiveprints.com\/es\/wp-json\/wp\/v2\/types\/product"}],"wp:featuredmedia":[{"embeddable":true,"href":"https:\/\/positiveprints.com\/es\/wp-json\/wp\/v2\/media\/1537511"}],"wp:attachment":[{"href":"https:\/\/positiveprints.com\/es\/wp-json\/wp\/v2\/media?parent=1105133"}],"wp:term":[{"taxonomy":"product_brand","embeddable":true,"href":"https:\/\/positiveprints.com\/es\/wp-json\/wp\/v2\/product_brand?post=1105133"},{"taxonomy":"product_cat","embeddable":true,"href":"https:\/\/positiveprints.com\/es\/wp-json\/wp\/v2\/product_cat?post=1105133"},{"taxonomy":"product_tag","embeddable":true,"href":"https:\/\/positiveprints.com\/es\/wp-json\/wp\/v2\/product_tag?post=1105133"}],"curies":[{"name":"wp","href":"https:\/\/api.w.org\/{rel}","templated":true}]}}