{"id":1105131,"date":"2024-04-22T08:31:06","date_gmt":"2024-04-22T07:31:06","guid":{"rendered":"https:\/\/positiveprints.com\/product\/joyeria-personalizada-line-art\/"},"modified":"2026-04-28T13:52:53","modified_gmt":"2026-04-28T12:52:53","slug":"joyeria-de-arte-en-linea-personalizada","status":"publish","type":"product","link":"https:\/\/positiveprints.com\/es\/producto\/joyeria-de-arte-en-linea-personalizada\/","title":{"rendered":"Joyer\u00eda personalizada de arte lineal"},"content":{"rendered":"<p>\u00bfAlguna vez has so\u00f1ado con convertir tu foto favorita en una obra de arte para llevar puesta? Presentamos nuestra <strong>joyer\u00eda personalizada de arte lineal<\/strong>. Pero, \u00bfqu\u00e9 hace que esta joya sea tan \u00fanica?<\/p>\n\n\n\n<h2>Crea tus joyas personalizadas de arte lineal<\/h2>\n\n\n\n<p>Con nuestra <strong>joyer\u00eda personalizada de arte lineal<\/strong>, transformamos tus recuerdos m\u00e1s preciados en asombrosas ilustraciones minimalistas de arte lineal. Nuestros talentosos artistas dibujan a mano cada dise\u00f1o a partir de tu foto, garantizando que cada colgante sea realmente \u00fanico.<\/p>\n\n\n\n<p>Con nuestro sencillo editor en l\u00ednea, s\u00f3lo tienes que subir tu foto y a\u00f1adir un mensaje personalizado en la parte posterior del colgante. <\/p>\n\n\n\n<p>Cada colgante, tanto si es un elegante c\u00edrculo como si viene con una cadena de 45 cm, se somete a un meticuloso grabado l\u00e1ser para garantizar un detalle y una durabilidad impecables. Esto significa que tu joya personalizada ser\u00e1 un homenaje duradero a tus momentos m\u00e1s preciados.<\/p>\n\n\n\n<h2>Encargar joyas de arte lineal como regalo<\/h2>\n\n\n\n<p>\u00bfBuscas el regalo de cumplea\u00f1os perfecto para un ser querido? Nuestras <strong>joyas personalizadas de arte lineal<\/strong> har\u00e1n que su d\u00eda sea muy especial. Imagina el deleite en su rostro cuando reciban un colgante con una ilustraci\u00f3n \u00fanica basada en vuestros recuerdos compartidos, acompa\u00f1ada de un sincero mensaje personalizado. Es un gesto considerado que celebra vuestro v\u00ednculo y los momentos que hab\u00e9is compartido juntos.<\/p>\n\n\n\n<p>Hacer un pedido es sencillo: s\u00f3lo tienes que visitar nuestro sitio web, subir tu foto, personalizar tu colgante con un mensaje personalizado, elegir el material y la opci\u00f3n de cadena que prefieras y hacer tu pedido. Nosotros nos encargamos del resto, y nos aseguramos de que tu colgante est\u00e9 perfectamente empaquetado en un joyero, con una gu\u00eda de cuidados y un pa\u00f1o especial para limpiarlo.<\/p>\n\n\n\n<p>Tanto si celebras un cumplea\u00f1os, un aniversario o simplemente quieres demostrarle a alguien que te importa, nuestras <strong>joyas personalizadas de arte lineal<\/strong> son la forma perfecta de capturar la esencia de tus recuerdos m\u00e1s preciados. Entonces, \u00bfpor qu\u00e9 esperar? \u00a1Crea hoy mismo tu pieza personalizada y deja que tus recuerdos cobren vida con asombroso detalle!<\/p>","protected":false},"excerpt":{"rendered":"<ul class=\"check-list\">\n<li>Deja que nuestros artistas creen este arte lineal \u00fanico a partir de tu foto<\/li>\n<li>Colgante de 20 mm fabricado en plata de ley de primera calidad, grabado con l\u00e1ser y acabado a mano<\/li>\n<li>A\u00f1ade un mensaje personalizado para que tu dise\u00f1o sea \u00fanico y especial<\/li>\n<li>Usa nuestro editor para personalizar tu dise\u00f1o en 3 sencillos pasos<\/li>\n<li>Previsualiza tu dise\u00f1o r\u00e1pidamente gracias a la vista previa interactiva<\/li>\n<\/ul>\n","protected":false},"featured_media":1531680,"template":"","meta":[],"product_brand":[],"product_cat":[9264,12257,9697,5270,11462,11452,11455,7693,106,9766],"product_tag":[14920,11903,11904,15096,15097,15098,11825,11820,11771,15099],"class_list":{"0":"post-1105131","1":"product","2":"type-product","3":"status-publish","4":"has-post-thumbnail","6":"product_cat-jewelry-es","7":"product_cat-jewelry-basic-es","8":"product_cat-joyeria-line-art","9":"product_cat-regalos-de-navidad","10":"product_cat-regalos-de-navidad-para-la-esposa","11":"product_cat-regalos-de-navidad-para-la-novia","12":"product_cat-regalos-de-navidad-para-mujer","13":"product_cat-regalos-para-mujeres","14":"product_cat-todos-los-productos","15":"product_cat-trending-label-es","16":"product_tag-creators-es-2","17":"product_tag-dije","18":"product_tag-dijes","19":"product_tag-lancuszek-es","20":"product_tag-medalion-es","21":"product_tag-naszyjnik-es","22":"product_tag-regalos-de-navidad-para-ella","23":"product_tag-regalos-de-navidad-para-la-esposa","24":"product_tag-regalos-de-navidad-para-la-novia","25":"product_tag-wisiorek-es","27":"first","28":"instock","29":"sale","30":"taxable","31":"shipping-taxable","32":"purchasable","33":"product-type-variable"},"yoast_head":"<!-- This site is optimized with the Yoast SEO Premium plugin v27.2 (Yoast SEO v27.2) - https:\/\/yoast.com\/product\/yoast-seo-premium-wordpress\/ -->\n<title>Joyer\u00eda personalizada de arte lineal - Impresiones positivas<\/title>\n<meta name=\"description\" content=\"Con nuestra joyer\u00eda personalizada de arte lineal, transformamos tus recuerdos m\u00e1s especiales en asombrosas joyas con ilustraciones minimalistas de arte lineal. \u00a1Crea el tuyo hoy mismo!\" \/>\n<meta name=\"robots\" content=\"index, follow, max-snippet:-1, max-image-preview:large, max-video-preview:-1\" \/>\n<link rel=\"canonical\" href=\"https:\/\/positiveprints.com\/es\/producto\/joyeria-de-arte-en-linea-personalizada\/\" \/>\n<meta property=\"og:locale\" content=\"es_ES\" \/>\n<meta property=\"og:type\" content=\"article\" \/>\n<meta property=\"og:title\" content=\"Joyer\u00eda personalizada de arte lineal\" \/>\n<meta property=\"og:description\" content=\"Deja que nuestros artistas creen este arte lineal \u00fanico a partir de tu foto Colgante de 20 mm fabricado en plata de ley de primera calidad, grabado con l\u00e1ser y acabado a mano A\u00f1ade un mensaje personalizado para que tu dise\u00f1o sea \u00fanico y especial Usa nuestro editor para personalizar tu dise\u00f1o en 3 sencillos pasos Previsualiza tu dise\u00f1o r\u00e1pidamente gracias a la vista previa interactiva\" \/>\n<meta property=\"og:url\" content=\"https:\/\/positiveprints.com\/es\/producto\/joyeria-de-arte-en-linea-personalizada\/\" \/>\n<meta property=\"og:site_name\" content=\"Positive Prints\" \/>\n<meta property=\"article:publisher\" content=\"https:\/\/www.facebook.com\/positiveprintscom\" \/>\n<meta property=\"article:modified_time\" content=\"2026-04-28T12:52:53+00:00\" \/>\n<meta property=\"og:image\" content=\"https:\/\/positiveprints.com\/wp-content\/uploads\/2025\/10\/MAIN_ES_Joyeri\u0301a-personalizada-de-arte-lineal.webp\" \/>\n\t<meta property=\"og:image:width\" content=\"2500\" \/>\n\t<meta property=\"og:image:height\" content=\"2500\" \/>\n\t<meta property=\"og:image:type\" content=\"image\/webp\" \/>\n<meta name=\"twitter:card\" content=\"summary_large_image\" \/>\n<!-- \/ Yoast SEO Premium plugin. -->","yoast_head_json":{"title":"Joyer\u00eda personalizada de arte lineal - Impresiones positivas","description":"Con nuestra joyer\u00eda personalizada de arte lineal, transformamos tus recuerdos m\u00e1s especiales en asombrosas joyas con ilustraciones minimalistas de arte lineal. \u00a1Crea el tuyo hoy mismo!","robots":{"index":"index","follow":"follow","max-snippet":"max-snippet:-1","max-image-preview":"max-image-preview:large","max-video-preview":"max-video-preview:-1"},"canonical":"https:\/\/positiveprints.com\/es\/producto\/joyeria-de-arte-en-linea-personalizada\/","og_locale":"es_ES","og_type":"article","og_title":"Joyer\u00eda personalizada de arte lineal","og_description":"Deja que nuestros artistas creen este arte lineal \u00fanico a partir de tu foto Colgante de 20 mm fabricado en plata de ley de primera calidad, grabado con l\u00e1ser y acabado a mano A\u00f1ade un mensaje personalizado para que tu dise\u00f1o sea \u00fanico y especial Usa nuestro editor para personalizar tu dise\u00f1o en 3 sencillos pasos Previsualiza tu dise\u00f1o r\u00e1pidamente gracias a la vista previa interactiva","og_url":"https:\/\/positiveprints.com\/es\/producto\/joyeria-de-arte-en-linea-personalizada\/","og_site_name":"Positive Prints","article_publisher":"https:\/\/www.facebook.com\/positiveprintscom","article_modified_time":"2026-04-28T12:52:53+00:00","og_image":[{"width":2500,"height":2500,"url":"https:\/\/positiveprints.com\/wp-content\/uploads\/2025\/10\/MAIN_ES_Joyeri\u0301a-personalizada-de-arte-lineal.webp","type":"image\/webp"}],"twitter_card":"summary_large_image","schema":{"@context":"https:\/\/schema.org","@graph":[{"@type":["WebPage","ItemPage"],"@id":"https:\/\/positiveprints.com\/es\/producto\/joyeria-de-arte-en-linea-personalizada\/","url":"https:\/\/positiveprints.com\/es\/producto\/joyeria-de-arte-en-linea-personalizada\/","name":"Joyer\u00eda personalizada de arte lineal - Impresiones positivas","isPartOf":{"@id":"https:\/\/positiveprints.com\/es\/#website"},"primaryImageOfPage":{"@id":"https:\/\/positiveprints.com\/es\/producto\/joyeria-de-arte-en-linea-personalizada\/#primaryimage"},"image":{"@id":"https:\/\/positiveprints.com\/es\/producto\/joyeria-de-arte-en-linea-personalizada\/#primaryimage"},"thumbnailUrl":"https:\/\/positiveprints.com\/wp-content\/uploads\/2025\/10\/MAIN_ES_Joyeri\u0301a-personalizada-de-arte-lineal.webp","datePublished":"2024-04-22T07:31:06+00:00","dateModified":"2026-04-28T12:52:53+00:00","description":"Con nuestra joyer\u00eda personalizada de arte lineal, transformamos tus recuerdos m\u00e1s especiales en asombrosas joyas con ilustraciones minimalistas de arte lineal. \u00a1Crea el tuyo hoy mismo!","breadcrumb":{"@id":"https:\/\/positiveprints.com\/es\/producto\/joyeria-de-arte-en-linea-personalizada\/#breadcrumb"},"inLanguage":"es","potentialAction":[{"@type":"ReadAction","target":["https:\/\/positiveprints.com\/es\/producto\/joyeria-de-arte-en-linea-personalizada\/"]}]},{"@type":"ImageObject","inLanguage":"es","@id":"https:\/\/positiveprints.com\/es\/producto\/joyeria-de-arte-en-linea-personalizada\/#primaryimage","url":"https:\/\/positiveprints.com\/wp-content\/uploads\/2025\/10\/MAIN_ES_Joyeri\u0301a-personalizada-de-arte-lineal.webp","contentUrl":"https:\/\/positiveprints.com\/wp-content\/uploads\/2025\/10\/MAIN_ES_Joyeri\u0301a-personalizada-de-arte-lineal.webp","width":2500,"height":2500},{"@type":"BreadcrumbList","@id":"https:\/\/positiveprints.com\/es\/producto\/joyeria-de-arte-en-linea-personalizada\/#breadcrumb","itemListElement":[{"@type":"ListItem","position":1,"name":"CASA","item":"https:\/\/positiveprints.com\/es\/"},{"@type":"ListItem","position":2,"name":"Productos","item":"https:\/\/positiveprints.com\/es\/shop\/"},{"@type":"ListItem","position":3,"name":"Joyer\u00eda personalizada de arte lineal"}]},{"@type":"WebSite","@id":"https:\/\/positiveprints.com\/es\/#website","url":"https:\/\/positiveprints.com\/es\/","name":"Positive Prints","description":"Custom Gifts for Special Occasions","publisher":{"@id":"https:\/\/positiveprints.com\/es\/#organization"},"potentialAction":[{"@type":"SearchAction","target":{"@type":"EntryPoint","urlTemplate":"https:\/\/positiveprints.com\/es\/?s={search_term_string}"},"query-input":{"@type":"PropertyValueSpecification","valueRequired":true,"valueName":"search_term_string"}}],"inLanguage":"es"},{"@type":"Organization","@id":"https:\/\/positiveprints.com\/es\/#organization","name":"Positive Prints","alternateName":"Positive Prints ","url":"https:\/\/positiveprints.com\/es\/","logo":{"@type":"ImageObject","inLanguage":"es","@id":"https:\/\/positiveprints.com\/es\/#\/schema\/logo\/image\/","url":"https:\/\/positiveprints.com\/wp-content\/uploads\/2026\/03\/245815646_1337939713319158_5671353136411139666_n.png","contentUrl":"https:\/\/positiveprints.com\/wp-content\/uploads\/2026\/03\/245815646_1337939713319158_5671353136411139666_n.png","width":800,"height":800,"caption":"Positive Prints"},"image":{"@id":"https:\/\/positiveprints.com\/es\/#\/schema\/logo\/image\/"},"sameAs":["https:\/\/www.facebook.com\/positiveprintscom","https:\/\/www.instagram.com\/positiveprintscom\/","https:\/\/www.tiktok.com\/@positiveprintscom","https:\/\/www.pinterest.com\/positiveprintscom\/"]}]}},"jetpack_sharing_enabled":true,"_links":{"self":[{"href":"https:\/\/positiveprints.com\/es\/wp-json\/wp\/v2\/product\/1105131","targetHints":{"allow":["GET"]}}],"collection":[{"href":"https:\/\/positiveprints.com\/es\/wp-json\/wp\/v2\/product"}],"about":[{"href":"https:\/\/positiveprints.com\/es\/wp-json\/wp\/v2\/types\/product"}],"wp:featuredmedia":[{"embeddable":true,"href":"https:\/\/positiveprints.com\/es\/wp-json\/wp\/v2\/media\/1531680"}],"wp:attachment":[{"href":"https:\/\/positiveprints.com\/es\/wp-json\/wp\/v2\/media?parent=1105131"}],"wp:term":[{"taxonomy":"product_brand","embeddable":true,"href":"https:\/\/positiveprints.com\/es\/wp-json\/wp\/v2\/product_brand?post=1105131"},{"taxonomy":"product_cat","embeddable":true,"href":"https:\/\/positiveprints.com\/es\/wp-json\/wp\/v2\/product_cat?post=1105131"},{"taxonomy":"product_tag","embeddable":true,"href":"https:\/\/positiveprints.com\/es\/wp-json\/wp\/v2\/product_tag?post=1105131"}],"curies":[{"name":"wp","href":"https:\/\/api.w.org\/{rel}","templated":true}]}}