{"id":1105120,"date":"2024-04-22T19:48:52","date_gmt":"2024-04-22T18:48:52","guid":{"rendered":"https:\/\/positiveprints.com\/?post_type=product&#038;p=1105120"},"modified":"2026-04-03T02:53:52","modified_gmt":"2026-04-03T01:53:52","slug":"joyas-de-coordenadas-personalizadas","status":"publish","type":"product","link":"https:\/\/positiveprints.com\/es\/producto\/joyas-de-coordenadas-personalizadas\/","title":{"rendered":"Joyas de coordenadas personalizadas"},"content":{"rendered":"<p>\u00bfAlguna vez has deseado poder llevar contigo un trozo de tus recuerdos m\u00e1s preciados all\u00e1 donde vayas? Descubre nuestras joyas de coordenadas personalizadas. Pero, \u00bfqu\u00e9 hace que esta joya sea tan especial?<\/p>\n\n\n\n<h2>Crea tu joya de coordenadas personalizada<\/h2>\n\n<p>Con nuestras joyas de coordenadas personalizadas, puedes capturar el lugar exacto donde se desarrollaron tus momentos m\u00e1s preciados. Utilizando nuestro intuitivo editor en l\u00ednea, s\u00f3lo tienes que elegir la ubicaci\u00f3n deseada y nosotros grabaremos sus coordenadas en la parte frontal de tu colgante.<\/p>\n\n\n\n<p>Pero eso no es todo: tambi\u00e9n puedes a\u00f1adir un mensaje personalizado en la parte posterior del colgante, convirti\u00e9ndolo en un aut\u00e9ntico recuerdo personalizado. <\/p>\n\n\n\n<p>Cada colgante, tanto si es un elegante c\u00edrculo como si viene con una cadena de 45 cm, se somete a un meticuloso grabado l\u00e1ser para garantizar su precisi\u00f3n y durabilidad. Esto garantiza que tu joya \u00fanica resistir\u00e1 el paso del tiempo, igual que tus recuerdos m\u00e1s preciados.<\/p>\n\n\n\n<h2>Encargar joyas de coordenadas como regalo<\/h2>\n\n<p>\u00bfBuscas el regalo perfecto para un ser querido? Nuestras joyas de coordenadas personalizadas son la respuesta. Imagina la alegr\u00eda en su cara cuando reciban un colgante con las coordenadas del lugar donde os conocisteis, o cualquier otro lugar que tenga un significado especial para vosotros dos. Es un gesto sincero que dice mucho de vuestra conexi\u00f3n.<\/p>\n\n\n\n<p>Hacer un pedido es facil\u00edsimo: s\u00f3lo tienes que visitar nuestro sitio web, utilizar nuestro editor en l\u00ednea para personalizar tu colgante, elegir el material y la opci\u00f3n de cadena que prefieras y hacer tu pedido. Nosotros nos encargamos del resto, asegur\u00e1ndonos de que tu colgante est\u00e9 elegantemente empaquetado en un joyero, con una gu\u00eda de cuidados y un pa\u00f1o especial para limpiarlo.<\/p>\n\n\n\n<p>Tanto si est\u00e1s celebrando un hito, conmemorando un momento especial o simplemente demostrando a alguien que te importa, nuestras joyas de coordenadas personalizadas son la forma perfecta de expresar tu amor y mantener tus recuerdos cerca del coraz\u00f3n. Entonces, \u00bfpor qu\u00e9 esperar? \u00a1Crea hoy mismo tu pieza personalizada y deja que tus recuerdos brillen!<\/p>","protected":false},"excerpt":{"rendered":"<ul class=\"check-list\">\n<li>Crea una joya \u00fanica con las coordenadas GPS de un lugar especial<\/li>\n<li>Colgante de 20 mm fabricado en plata de ley de primera calidad, grabado con l\u00e1ser y acabado a mano<\/li>\n<li>Elige un texto sincero seg\u00fan la ocasi\u00f3n<\/li>\n<li>Personaliza en s\u00f3lo 2 minutos<\/li>\n<li>Ve el resultado de inmediato: la vista previa interactiva te permite perfeccionar cada detalle<\/li>\n<\/ul>\n","protected":false},"featured_media":1551968,"template":"","meta":[],"product_brand":[],"product_cat":[9694,9264,12257,5293,5270,7837,15045,8189,11462,11461,11452,11458,7742,7773,7789,11455,7693,106],"product_tag":[11903,11904,15096,15097,15098,13429,13350,13479,11825,11820,15099],"class_list":{"0":"post-1105120","1":"product","2":"type-product","3":"status-publish","4":"has-post-thumbnail","6":"product_cat-coordina-joyas","7":"product_cat-jewelry-es","8":"product_cat-jewelry-basic-es","9":"product_cat-regalos-para-mudanzas","10":"product_cat-regalos-de-navidad","11":"product_cat-regalos-para-amigos","12":"product_cat-regalos-de-navidad-para-amigos","13":"product_cat-para-ella","14":"product_cat-regalos-de-navidad-para-la-esposa","15":"product_cat-regalos-de-navidad-para-la-hermana","16":"product_cat-regalos-de-navidad-para-la-novia","17":"product_cat-regalos-de-navidad-para-los-ninos","18":"product_cat-regalos-para-mi-hermana","19":"product_cat-regalos-para-mi-hija","20":"product_cat-regalos-para-mi-novia","21":"product_cat-regalos-de-navidad-para-mujer","22":"product_cat-regalos-para-mujeres","23":"product_cat-todos-los-productos","24":"product_tag-dije","25":"product_tag-dijes","26":"product_tag-lancuszek-es","27":"product_tag-medalion-es","28":"product_tag-naszyjnik-es","29":"product_tag-regalo-de-navidad-para-hermana","30":"product_tag-regalo-de-navidad-para-una-abuela","31":"product_tag-regalos-de-navidad-para-amigos","32":"product_tag-regalos-de-navidad-para-ella","33":"product_tag-regalos-de-navidad-para-la-esposa","34":"product_tag-wisiorek-es","36":"first","37":"instock","38":"sale","39":"taxable","40":"shipping-taxable","41":"purchasable","42":"product-type-variable"},"yoast_head":"<!-- This site is optimized with the Yoast SEO Premium plugin v27.2 (Yoast SEO v27.2) - https:\/\/yoast.com\/product\/yoast-seo-premium-wordpress\/ -->\n<title>Joyas de coordenadas personalizadas - Impresiones positivas<\/title>\n<meta name=\"description\" content=\"Nuestras joyas de coordenadas personalizadas son la forma perfecta de expresar tu amor. \u00a1Crea hoy mismo tu pieza personalizada y deja que tus recuerdos brillen!\" \/>\n<meta name=\"robots\" content=\"index, follow, max-snippet:-1, max-image-preview:large, max-video-preview:-1\" \/>\n<link rel=\"canonical\" href=\"https:\/\/positiveprints.com\/es\/producto\/joyas-de-coordenadas-personalizadas\/\" \/>\n<meta property=\"og:locale\" content=\"es_ES\" \/>\n<meta property=\"og:type\" content=\"article\" \/>\n<meta property=\"og:title\" content=\"Joyas de coordenadas personalizadas\" \/>\n<meta property=\"og:description\" content=\"Crea una joya \u00fanica con las coordenadas GPS de un lugar especial Colgante de 20 mm fabricado en plata de ley de primera calidad, grabado con l\u00e1ser y acabado a mano Elige un texto sincero seg\u00fan la ocasi\u00f3n Personaliza en s\u00f3lo 2 minutos Ve el resultado de inmediato: la vista previa interactiva te permite perfeccionar cada detalle\" \/>\n<meta property=\"og:url\" content=\"https:\/\/positiveprints.com\/es\/producto\/joyas-de-coordenadas-personalizadas\/\" \/>\n<meta property=\"og:site_name\" content=\"Positive Prints\" \/>\n<meta property=\"article:publisher\" content=\"https:\/\/www.facebook.com\/positiveprintscom\" \/>\n<meta property=\"article:modified_time\" content=\"2026-04-03T01:53:52+00:00\" \/>\n<meta property=\"og:image\" content=\"https:\/\/positiveprints.com\/wp-content\/uploads\/2025\/10\/MAIN-and-packshot-all-Custom-Coordinates-Jewelry.webp\" \/>\n\t<meta property=\"og:image:width\" content=\"2500\" \/>\n\t<meta property=\"og:image:height\" content=\"2500\" \/>\n\t<meta property=\"og:image:type\" content=\"image\/webp\" \/>\n<meta name=\"twitter:card\" content=\"summary_large_image\" \/>\n<meta name=\"twitter:label1\" content=\"Tiempo de lectura\" \/>\n\t<meta name=\"twitter:data1\" content=\"2 minutos\" \/>\n<!-- \/ Yoast SEO Premium plugin. -->","yoast_head_json":{"title":"Joyas de coordenadas personalizadas - Impresiones positivas","description":"Nuestras joyas de coordenadas personalizadas son la forma perfecta de expresar tu amor. \u00a1Crea hoy mismo tu pieza personalizada y deja que tus recuerdos brillen!","robots":{"index":"index","follow":"follow","max-snippet":"max-snippet:-1","max-image-preview":"max-image-preview:large","max-video-preview":"max-video-preview:-1"},"canonical":"https:\/\/positiveprints.com\/es\/producto\/joyas-de-coordenadas-personalizadas\/","og_locale":"es_ES","og_type":"article","og_title":"Joyas de coordenadas personalizadas","og_description":"Crea una joya \u00fanica con las coordenadas GPS de un lugar especial Colgante de 20 mm fabricado en plata de ley de primera calidad, grabado con l\u00e1ser y acabado a mano Elige un texto sincero seg\u00fan la ocasi\u00f3n Personaliza en s\u00f3lo 2 minutos Ve el resultado de inmediato: la vista previa interactiva te permite perfeccionar cada detalle","og_url":"https:\/\/positiveprints.com\/es\/producto\/joyas-de-coordenadas-personalizadas\/","og_site_name":"Positive Prints","article_publisher":"https:\/\/www.facebook.com\/positiveprintscom","article_modified_time":"2026-04-03T01:53:52+00:00","og_image":[{"width":2500,"height":2500,"url":"https:\/\/positiveprints.com\/wp-content\/uploads\/2025\/10\/MAIN-and-packshot-all-Custom-Coordinates-Jewelry.webp","type":"image\/webp"}],"twitter_card":"summary_large_image","twitter_misc":{"Tiempo de lectura":"2 minutos"},"schema":{"@context":"https:\/\/schema.org","@graph":[{"@type":["WebPage","ItemPage"],"@id":"https:\/\/positiveprints.com\/es\/producto\/joyas-de-coordenadas-personalizadas\/","url":"https:\/\/positiveprints.com\/es\/producto\/joyas-de-coordenadas-personalizadas\/","name":"Joyas de coordenadas personalizadas - Impresiones positivas","isPartOf":{"@id":"https:\/\/positiveprints.com\/es\/#website"},"primaryImageOfPage":{"@id":"https:\/\/positiveprints.com\/es\/producto\/joyas-de-coordenadas-personalizadas\/#primaryimage"},"image":{"@id":"https:\/\/positiveprints.com\/es\/producto\/joyas-de-coordenadas-personalizadas\/#primaryimage"},"thumbnailUrl":"https:\/\/positiveprints.com\/wp-content\/uploads\/2025\/10\/MAIN-and-packshot-all-Custom-Coordinates-Jewelry.webp","datePublished":"2024-04-22T18:48:52+00:00","dateModified":"2026-04-03T01:53:52+00:00","description":"Nuestras joyas de coordenadas personalizadas son la forma perfecta de expresar tu amor. \u00a1Crea hoy mismo tu pieza personalizada y deja que tus recuerdos brillen!","breadcrumb":{"@id":"https:\/\/positiveprints.com\/es\/producto\/joyas-de-coordenadas-personalizadas\/#breadcrumb"},"inLanguage":"es","potentialAction":[{"@type":"ReadAction","target":["https:\/\/positiveprints.com\/es\/producto\/joyas-de-coordenadas-personalizadas\/"]}]},{"@type":"ImageObject","inLanguage":"es","@id":"https:\/\/positiveprints.com\/es\/producto\/joyas-de-coordenadas-personalizadas\/#primaryimage","url":"https:\/\/positiveprints.com\/wp-content\/uploads\/2025\/10\/MAIN-and-packshot-all-Custom-Coordinates-Jewelry.webp","contentUrl":"https:\/\/positiveprints.com\/wp-content\/uploads\/2025\/10\/MAIN-and-packshot-all-Custom-Coordinates-Jewelry.webp","width":2500,"height":2500},{"@type":"BreadcrumbList","@id":"https:\/\/positiveprints.com\/es\/producto\/joyas-de-coordenadas-personalizadas\/#breadcrumb","itemListElement":[{"@type":"ListItem","position":1,"name":"CASA","item":"https:\/\/positiveprints.com\/es\/"},{"@type":"ListItem","position":2,"name":"Productos","item":"https:\/\/positiveprints.com\/es\/shop\/"},{"@type":"ListItem","position":3,"name":"Joyas de coordenadas personalizadas"}]},{"@type":"WebSite","@id":"https:\/\/positiveprints.com\/es\/#website","url":"https:\/\/positiveprints.com\/es\/","name":"Positive Prints","description":"Custom Gifts for Special Occasions","publisher":{"@id":"https:\/\/positiveprints.com\/es\/#organization"},"potentialAction":[{"@type":"SearchAction","target":{"@type":"EntryPoint","urlTemplate":"https:\/\/positiveprints.com\/es\/?s={search_term_string}"},"query-input":{"@type":"PropertyValueSpecification","valueRequired":true,"valueName":"search_term_string"}}],"inLanguage":"es"},{"@type":"Organization","@id":"https:\/\/positiveprints.com\/es\/#organization","name":"Positive Prints","alternateName":"Positive Prints","url":"https:\/\/positiveprints.com\/es\/","logo":{"@type":"ImageObject","inLanguage":"es","@id":"https:\/\/positiveprints.com\/es\/#\/schema\/logo\/image\/","url":"https:\/\/positiveprints.com\/wp-content\/uploads\/2026\/03\/245815646_1337939713319158_5671353136411139666_n.png","contentUrl":"https:\/\/positiveprints.com\/wp-content\/uploads\/2026\/03\/245815646_1337939713319158_5671353136411139666_n.png","width":800,"height":800,"caption":"Positive Prints"},"image":{"@id":"https:\/\/positiveprints.com\/es\/#\/schema\/logo\/image\/"},"sameAs":["https:\/\/www.facebook.com\/positiveprintscom","https:\/\/www.instagram.com\/positiveprintscom\/","https:\/\/www.tiktok.com\/@positiveprintscom","https:\/\/www.pinterest.com\/positiveprintscom\/"]}]}},"jetpack_sharing_enabled":true,"_links":{"self":[{"href":"https:\/\/positiveprints.com\/es\/wp-json\/wp\/v2\/product\/1105120","targetHints":{"allow":["GET"]}}],"collection":[{"href":"https:\/\/positiveprints.com\/es\/wp-json\/wp\/v2\/product"}],"about":[{"href":"https:\/\/positiveprints.com\/es\/wp-json\/wp\/v2\/types\/product"}],"wp:featuredmedia":[{"embeddable":true,"href":"https:\/\/positiveprints.com\/es\/wp-json\/wp\/v2\/media\/1551968"}],"wp:attachment":[{"href":"https:\/\/positiveprints.com\/es\/wp-json\/wp\/v2\/media?parent=1105120"}],"wp:term":[{"taxonomy":"product_brand","embeddable":true,"href":"https:\/\/positiveprints.com\/es\/wp-json\/wp\/v2\/product_brand?post=1105120"},{"taxonomy":"product_cat","embeddable":true,"href":"https:\/\/positiveprints.com\/es\/wp-json\/wp\/v2\/product_cat?post=1105120"},{"taxonomy":"product_tag","embeddable":true,"href":"https:\/\/positiveprints.com\/es\/wp-json\/wp\/v2\/product_tag?post=1105120"}],"curies":[{"name":"wp","href":"https:\/\/api.w.org\/{rel}","templated":true}]}}