{"id":1105108,"date":"2024-04-22T19:45:35","date_gmt":"2024-04-22T18:45:35","guid":{"rendered":"https:\/\/positiveprints.com\/?post_type=product&#038;p=1105108"},"modified":"2026-04-03T02:54:07","modified_gmt":"2026-04-03T01:54:07","slug":"joyas-espirituales-del-zodiaco-personalizadas","status":"publish","type":"product","link":"https:\/\/positiveprints.com\/es\/producto\/joyas-espirituales-del-zodiaco-personalizadas\/","title":{"rendered":"Joyas Espirituales del Zodiaco Personalizadas"},"content":{"rendered":"\u00bfEst\u00e1s buscando una forma significativa de expresar tu espiritualidad e individualidad a trav\u00e9s de la joyer\u00eda? No busques m\u00e1s: nuestras Joyas Espirituales Personalizadas del Zodiaco. Pero, \u00bfqu\u00e9 hace que esta joya sea tan especial?\n\n<h2>Crea tus joyas espirituales del zodiaco personalizadas<\/h2>\n\nNuestras Joyas Espirituales del Zodiaco Personalizadas te permiten infundir tu energ\u00eda personal en un colgante bellamente elaborado. Utilizando nuestro editor en l\u00ednea, puedes elegir tu signo del zodiaco o buscar por fecha para encontrar la ilustraci\u00f3n espiritual del zodiaco que resuene contigo.\n\n\n\nUna vez que hayas seleccionado tu dise\u00f1o, puedes a\u00f1adir un mensaje personalizado en la parte posterior del colgante, para que sea exclusivamente tuyo.\n\n\n\nCada colgante, tanto si es un elegante c\u00edrculo como si viene con una cadena de 45 cm, se somete a un preciso grabado por l\u00e1ser para garantizar que cada detalle se capte a la perfecci\u00f3n. Esto garantiza que tu joya personalizada ser\u00e1 un tesoro intemporal que reflejar\u00e1 tu individualidad.\n\n<h2>Celebrar la identidad \u00fanica y el viaje espiritual<\/h2>\n\n\u00bfBuscas el regalo de cumplea\u00f1os perfecto para un ser querido? Nuestra joyer\u00eda espiritual personalizada del zodiaco es la respuesta. Imagina la alegr\u00eda en su cara cuando reciba un colgante con su signo del zodiaco, acompa\u00f1ado de un sincero mensaje personalizado tuyo. Es un gesto considerado que celebra su identidad \u00fanica y su viaje espiritual.\n\n\n\nHacer un pedido es f\u00e1cil: s\u00f3lo tienes que visitar nuestro sitio web, utilizar nuestro intuitivo editor en l\u00ednea para personalizar tu colgante, elegir el material y la opci\u00f3n de cadena que prefieras y hacer tu pedido. Nosotros nos encargamos del resto, asegur\u00e1ndonos de que tu colgante se empaqueta con cari\u00f1o en un joyero, con una gu\u00eda de cuidados y un pa\u00f1o especial para limpiarlo.\n\n\n\nYa est\u00e9s celebrando un cumplea\u00f1os, honrando una ocasi\u00f3n especial o simplemente demostrando a alguien que te importa, nuestras Joyas Espirituales Personalizadas del Zodiaco son la forma perfecta de transmitir tu amor y tu conexi\u00f3n espiritual. Entonces, \u00bfpor qu\u00e9 esperar? \u00a1Crea hoy mismo tu pieza personalizada y deja que brille tu energ\u00eda \u00fanica!","protected":false},"excerpt":{"rendered":"<ul class=\"check-list\">\n<li>Abraza tu signo zodiacal o el de tu ser querido con joyas \u00fanicas<\/li>\n<li>Colgante de 20 mm fabricado en plata de ley de primera calidad, grabado con l\u00e1ser y acabado a mano<\/li>\n<li>Elige un texto sincero seg\u00fan la ocasi\u00f3n<\/li>\n<li>Personaliza en s\u00f3lo 2 minutos<\/li>\n<li>Ve el resultado de inmediato: la vista previa interactiva te permite perfeccionar cada detalle<\/li>\n<\/ul>\n","protected":false},"featured_media":1549992,"template":"","meta":[],"product_brand":[],"product_cat":[8189,9264,12257,9689,106,5254,3128,11219,7965,7597,5270,11455,11459,11453,15045,11461,11452,11462,11458,7693,7773,7789,7742,7757,7837],"product_tag":[13624,13429,13350,13479,11825,11820,11771,11822],"class_list":{"0":"post-1105108","1":"product","2":"type-product","3":"status-publish","4":"has-post-thumbnail","6":"product_cat-para-ella","7":"product_cat-jewelry-es","8":"product_cat-jewelry-basic-es","9":"product_cat-joyas-del-zodiaco","10":"product_cat-todos-los-productos","11":"product_cat-regalos-de-nacimiento-de-bebe","12":"product_cat-regalos-de-cumpleanos","13":"product_cat-regalos-de-cumpleanos-para-mujeres","14":"product_cat-regalos-para-baby-showers","15":"product_cat-regalos-de-bautismo","16":"product_cat-regalos-de-navidad","17":"product_cat-regalos-de-navidad-para-mujer","18":"product_cat-regalos-de-navidad-para-mama","19":"product_cat-regalos-de-navidad-para-abuela","20":"product_cat-regalos-de-navidad-para-amigos","21":"product_cat-regalos-de-navidad-para-la-hermana","22":"product_cat-regalos-de-navidad-para-la-novia","23":"product_cat-regalos-de-navidad-para-la-esposa","24":"product_cat-regalos-de-navidad-para-los-ninos","25":"product_cat-regalos-para-mujeres","26":"product_cat-regalos-para-mi-hija","27":"product_cat-regalos-para-mi-novia","28":"product_cat-regalos-para-mi-hermana","29":"product_cat-regalos-para-mi-esposa","30":"product_cat-regalos-para-amigos","31":"product_tag-collar-del-zodiaco","32":"product_tag-regalo-de-navidad-para-hermana","33":"product_tag-regalo-de-navidad-para-una-abuela","34":"product_tag-regalos-de-navidad-para-amigos","35":"product_tag-regalos-de-navidad-para-ella","36":"product_tag-regalos-de-navidad-para-la-esposa","37":"product_tag-regalos-de-navidad-para-la-novia","38":"product_tag-regalos-de-navidad-para-mama","40":"first","41":"instock","42":"sale","43":"taxable","44":"shipping-taxable","45":"purchasable","46":"product-type-variable"},"yoast_head":"<!-- This site is optimized with the Yoast SEO Premium plugin v27.2 (Yoast SEO v27.2) - https:\/\/yoast.com\/product\/yoast-seo-premium-wordpress\/ -->\n<title>Joyas Espirituales del Zodiaco Personalizadas - Impresiones Positivas<\/title>\n<meta name=\"description\" content=\"Nuestras Joyas Espirituales Personalizadas del Zodiaco son la forma perfecta de establecer una conexi\u00f3n significativa. \u00a1Dise\u00f1a hoy tu pieza personalizada y abraza tu signo del zodiaco!\" \/>\n<meta name=\"robots\" content=\"index, follow, max-snippet:-1, max-image-preview:large, max-video-preview:-1\" \/>\n<link rel=\"canonical\" href=\"https:\/\/positiveprints.com\/es\/producto\/joyas-espirituales-del-zodiaco-personalizadas\/\" \/>\n<meta property=\"og:locale\" content=\"es_ES\" \/>\n<meta property=\"og:type\" content=\"article\" \/>\n<meta property=\"og:title\" content=\"Joyas Espirituales del Zodiaco Personalizadas\" \/>\n<meta property=\"og:description\" content=\"Abraza tu signo zodiacal o el de tu ser querido con joyas \u00fanicas   Colgante de 20 mm fabricado en plata de ley de primera calidad, grabado con l\u00e1ser y acabado a mano   Elige un texto sincero seg\u00fan la ocasi\u00f3n   Personaliza en s\u00f3lo 2 minutos   Ve el resultado de inmediato: la vista previa interactiva te permite perfeccionar cada detalle\" \/>\n<meta property=\"og:url\" content=\"https:\/\/positiveprints.com\/es\/producto\/joyas-espirituales-del-zodiaco-personalizadas\/\" \/>\n<meta property=\"og:site_name\" content=\"Positive Prints\" \/>\n<meta property=\"article:publisher\" content=\"https:\/\/www.facebook.com\/positiveprintscom\" \/>\n<meta property=\"article:modified_time\" content=\"2026-04-03T01:54:07+00:00\" \/>\n<meta property=\"og:image\" content=\"https:\/\/positiveprints.com\/wp-content\/uploads\/2025\/10\/main-and-packshot-Custom-Spiritual-Zodiac-Jewelry.webp\" \/>\n\t<meta property=\"og:image:width\" content=\"2500\" \/>\n\t<meta property=\"og:image:height\" content=\"2500\" \/>\n\t<meta property=\"og:image:type\" content=\"image\/webp\" \/>\n<meta name=\"twitter:card\" content=\"summary_large_image\" \/>\n<meta name=\"twitter:label1\" content=\"Tiempo de lectura\" \/>\n\t<meta name=\"twitter:data1\" content=\"2 minutos\" \/>\n<!-- \/ Yoast SEO Premium plugin. -->","yoast_head_json":{"title":"Joyas Espirituales del Zodiaco Personalizadas - Impresiones Positivas","description":"Nuestras Joyas Espirituales Personalizadas del Zodiaco son la forma perfecta de establecer una conexi\u00f3n significativa. \u00a1Dise\u00f1a hoy tu pieza personalizada y abraza tu signo del zodiaco!","robots":{"index":"index","follow":"follow","max-snippet":"max-snippet:-1","max-image-preview":"max-image-preview:large","max-video-preview":"max-video-preview:-1"},"canonical":"https:\/\/positiveprints.com\/es\/producto\/joyas-espirituales-del-zodiaco-personalizadas\/","og_locale":"es_ES","og_type":"article","og_title":"Joyas Espirituales del Zodiaco Personalizadas","og_description":"Abraza tu signo zodiacal o el de tu ser querido con joyas \u00fanicas   Colgante de 20 mm fabricado en plata de ley de primera calidad, grabado con l\u00e1ser y acabado a mano   Elige un texto sincero seg\u00fan la ocasi\u00f3n   Personaliza en s\u00f3lo 2 minutos   Ve el resultado de inmediato: la vista previa interactiva te permite perfeccionar cada detalle","og_url":"https:\/\/positiveprints.com\/es\/producto\/joyas-espirituales-del-zodiaco-personalizadas\/","og_site_name":"Positive Prints","article_publisher":"https:\/\/www.facebook.com\/positiveprintscom","article_modified_time":"2026-04-03T01:54:07+00:00","og_image":[{"width":2500,"height":2500,"url":"https:\/\/positiveprints.com\/wp-content\/uploads\/2025\/10\/main-and-packshot-Custom-Spiritual-Zodiac-Jewelry.webp","type":"image\/webp"}],"twitter_card":"summary_large_image","twitter_misc":{"Tiempo de lectura":"2 minutos"},"schema":{"@context":"https:\/\/schema.org","@graph":[{"@type":["WebPage","ItemPage"],"@id":"https:\/\/positiveprints.com\/es\/producto\/joyas-espirituales-del-zodiaco-personalizadas\/","url":"https:\/\/positiveprints.com\/es\/producto\/joyas-espirituales-del-zodiaco-personalizadas\/","name":"Joyas Espirituales del Zodiaco Personalizadas - Impresiones Positivas","isPartOf":{"@id":"https:\/\/positiveprints.com\/es\/#website"},"primaryImageOfPage":{"@id":"https:\/\/positiveprints.com\/es\/producto\/joyas-espirituales-del-zodiaco-personalizadas\/#primaryimage"},"image":{"@id":"https:\/\/positiveprints.com\/es\/producto\/joyas-espirituales-del-zodiaco-personalizadas\/#primaryimage"},"thumbnailUrl":"https:\/\/positiveprints.com\/wp-content\/uploads\/2025\/10\/main-and-packshot-Custom-Spiritual-Zodiac-Jewelry.webp","datePublished":"2024-04-22T18:45:35+00:00","dateModified":"2026-04-03T01:54:07+00:00","description":"Nuestras Joyas Espirituales Personalizadas del Zodiaco son la forma perfecta de establecer una conexi\u00f3n significativa. \u00a1Dise\u00f1a hoy tu pieza personalizada y abraza tu signo del zodiaco!","breadcrumb":{"@id":"https:\/\/positiveprints.com\/es\/producto\/joyas-espirituales-del-zodiaco-personalizadas\/#breadcrumb"},"inLanguage":"es","potentialAction":[{"@type":"ReadAction","target":["https:\/\/positiveprints.com\/es\/producto\/joyas-espirituales-del-zodiaco-personalizadas\/"]}]},{"@type":"ImageObject","inLanguage":"es","@id":"https:\/\/positiveprints.com\/es\/producto\/joyas-espirituales-del-zodiaco-personalizadas\/#primaryimage","url":"https:\/\/positiveprints.com\/wp-content\/uploads\/2025\/10\/main-and-packshot-Custom-Spiritual-Zodiac-Jewelry.webp","contentUrl":"https:\/\/positiveprints.com\/wp-content\/uploads\/2025\/10\/main-and-packshot-Custom-Spiritual-Zodiac-Jewelry.webp","width":2500,"height":2500},{"@type":"BreadcrumbList","@id":"https:\/\/positiveprints.com\/es\/producto\/joyas-espirituales-del-zodiaco-personalizadas\/#breadcrumb","itemListElement":[{"@type":"ListItem","position":1,"name":"CASA","item":"https:\/\/positiveprints.com\/es\/"},{"@type":"ListItem","position":2,"name":"Productos","item":"https:\/\/positiveprints.com\/es\/shop\/"},{"@type":"ListItem","position":3,"name":"Joyas Espirituales del Zodiaco Personalizadas"}]},{"@type":"WebSite","@id":"https:\/\/positiveprints.com\/es\/#website","url":"https:\/\/positiveprints.com\/es\/","name":"Positive Prints","description":"Custom Gifts for Special Occasions","publisher":{"@id":"https:\/\/positiveprints.com\/es\/#organization"},"potentialAction":[{"@type":"SearchAction","target":{"@type":"EntryPoint","urlTemplate":"https:\/\/positiveprints.com\/es\/?s={search_term_string}"},"query-input":{"@type":"PropertyValueSpecification","valueRequired":true,"valueName":"search_term_string"}}],"inLanguage":"es"},{"@type":"Organization","@id":"https:\/\/positiveprints.com\/es\/#organization","name":"Positive Prints","alternateName":"Positive Prints","url":"https:\/\/positiveprints.com\/es\/","logo":{"@type":"ImageObject","inLanguage":"es","@id":"https:\/\/positiveprints.com\/es\/#\/schema\/logo\/image\/","url":"https:\/\/positiveprints.com\/wp-content\/uploads\/2026\/03\/245815646_1337939713319158_5671353136411139666_n.png","contentUrl":"https:\/\/positiveprints.com\/wp-content\/uploads\/2026\/03\/245815646_1337939713319158_5671353136411139666_n.png","width":800,"height":800,"caption":"Positive Prints"},"image":{"@id":"https:\/\/positiveprints.com\/es\/#\/schema\/logo\/image\/"},"sameAs":["https:\/\/www.facebook.com\/positiveprintscom","https:\/\/www.instagram.com\/positiveprintscom\/","https:\/\/www.tiktok.com\/@positiveprintscom","https:\/\/www.pinterest.com\/positiveprintscom\/"]}]}},"jetpack_sharing_enabled":true,"_links":{"self":[{"href":"https:\/\/positiveprints.com\/es\/wp-json\/wp\/v2\/product\/1105108","targetHints":{"allow":["GET"]}}],"collection":[{"href":"https:\/\/positiveprints.com\/es\/wp-json\/wp\/v2\/product"}],"about":[{"href":"https:\/\/positiveprints.com\/es\/wp-json\/wp\/v2\/types\/product"}],"wp:featuredmedia":[{"embeddable":true,"href":"https:\/\/positiveprints.com\/es\/wp-json\/wp\/v2\/media\/1549992"}],"wp:attachment":[{"href":"https:\/\/positiveprints.com\/es\/wp-json\/wp\/v2\/media?parent=1105108"}],"wp:term":[{"taxonomy":"product_brand","embeddable":true,"href":"https:\/\/positiveprints.com\/es\/wp-json\/wp\/v2\/product_brand?post=1105108"},{"taxonomy":"product_cat","embeddable":true,"href":"https:\/\/positiveprints.com\/es\/wp-json\/wp\/v2\/product_cat?post=1105108"},{"taxonomy":"product_tag","embeddable":true,"href":"https:\/\/positiveprints.com\/es\/wp-json\/wp\/v2\/product_tag?post=1105108"}],"curies":[{"name":"wp","href":"https:\/\/api.w.org\/{rel}","templated":true}]}}