{"id":1105105,"date":"2024-04-22T19:25:54","date_gmt":"2024-04-22T18:25:54","guid":{"rendered":"https:\/\/positiveprints.com\/?post_type=product&#038;p=1105105"},"modified":"2026-04-07T13:45:16","modified_gmt":"2026-04-07T12:45:16","slug":"joyas-modernas-personalizadas-del-zodiaco","status":"publish","type":"product","link":"https:\/\/positiveprints.com\/es\/producto\/joyas-modernas-personalizadas-del-zodiaco\/","title":{"rendered":"Joyas modernas personalizadas del zodiaco"},"content":{"rendered":"<p>\u00bfBuscas una forma \u00fanica de celebrar tu signo del zodiaco a la vez que a\u00f1ades un toque de elegancia moderna a tu estilo? Descubre nuestras joyas modernas personalizadas del zodiaco. Pero, \u00bfqu\u00e9 diferencia a esta joya del resto?<\/p>\n\n\n\n<h2>Crea tu joya personalizada del zodiaco moderno<\/h2>\n\n<p>Nuestras joyas personalizadas del zodiaco moderno ofrecen una visi\u00f3n contempor\u00e1nea de los s\u00edmbolos tradicionales del zodiaco. Con nuestro editor en l\u00ednea de f\u00e1cil uso, puedes elegir tu signo del zodiaco o buscar por fecha para encontrar la ilustraci\u00f3n moderna del zodiaco que m\u00e1s te guste.<\/p>\n\n\n\n<p>Una vez elegido el dise\u00f1o, puedes personalizar el colgante con un mensaje personalizado en la parte posterior, para que sea realmente \u00fanico.<\/p>\n\n\n\n<p>Cada colgante, tanto si es un c\u00edrculo chic como si viene con una cadena de 45 cm, se somete a un preciso grabado por l\u00e1ser para garantizar un detalle impecable. Esto garantiza que tu joya personalizada ser\u00e1 una expresi\u00f3n intemporal de tu individualidad.<\/p>\n\n\n\n<h2>Encargar joyas del zodiaco como regalo<\/h2>\n\n<p>\u00bfBuscas el regalo de cumplea\u00f1os perfecto para un ser querido? Nuestras joyas personalizadas del zodiaco moderno son la elecci\u00f3n ideal. Imagina el deleite en su rostro cuando reciba un colgante con su signo del zodiaco, adornado con un sincero mensaje personalizado tuyo. Es un gesto considerado que celebra su identidad \u00fanica y su trayectoria personal.<\/p>\n\n\n\n<p>Hacer un pedido es sencillo: s\u00f3lo tienes que visitar nuestro sitio web, utilizar nuestro intuitivo editor en l\u00ednea para crear tu colgante, elegir el material y la opci\u00f3n de cadena que prefieras y hacer tu pedido. Nosotros nos encargamos del resto, asegur\u00e1ndonos de que tu colgante est\u00e9 elegantemente empaquetado en un joyero, con una gu\u00eda de cuidados y un pa\u00f1o especial para limpiarlo.<\/p>\n\n\n\n<p>Tanto si quieres conmemorar un cumplea\u00f1os, honrar una ocasi\u00f3n especial o simplemente expresar tu amor, nuestras joyas personalizadas del zodiaco moderno son la forma perfecta de establecer una conexi\u00f3n significativa. Entonces, \u00bfpor qu\u00e9 esperar? \u00a1Dise\u00f1a hoy mismo tu pieza personalizada y abraza tu signo del zodiaco con un toque moderno!<\/p>","protected":false},"excerpt":{"rendered":"<ul class=\"check-list\">\n<li>Abraza tu signo zodiacal o el de tu ser querido con joyas \u00fanicas<\/li>\n<li>Colgante de 20 mm fabricado en plata de ley de primera calidad, grabado con l\u00e1ser y acabado a mano<\/li>\n<li>Elige un texto sincero seg\u00fan la ocasi\u00f3n<\/li>\n<li>Personaliza en s\u00f3lo 2 minutos<\/li>\n<li>Ve el resultado de inmediato: la vista previa interactiva te permite perfeccionar cada detalle<\/li>\n<\/ul>\n","protected":false},"featured_media":1551415,"template":"","meta":[],"product_brand":[],"product_cat":[9264,9689,106,5254,3128,11219,7965,7597,7693,7742,7837,7821],"product_tag":[13624],"class_list":{"0":"post-1105105","1":"product","2":"type-product","3":"status-publish","4":"has-post-thumbnail","6":"product_cat-jewelry-es","7":"product_cat-joyas-del-zodiaco","8":"product_cat-todos-los-productos","9":"product_cat-regalos-de-nacimiento-de-bebe","10":"product_cat-regalos-de-cumpleanos","11":"product_cat-regalos-de-cumpleanos-para-mujeres","12":"product_cat-regalos-para-baby-showers","13":"product_cat-regalos-de-bautismo","14":"product_cat-regalos-para-mujeres","15":"product_cat-regalos-para-mi-hermana","16":"product_cat-regalos-para-amigos","17":"product_cat-regalos-para-padres-primerizos","18":"product_tag-collar-del-zodiaco","20":"first","21":"instock","22":"sale","23":"taxable","24":"shipping-taxable","25":"purchasable","26":"product-type-variable"},"yoast_head":"<!-- This site is optimized with the Yoast SEO Premium plugin v27.2 (Yoast SEO v27.2) - https:\/\/yoast.com\/product\/yoast-seo-premium-wordpress\/ -->\n<title>Joyas personalizadas del zodiaco moderno - Impresiones positivas<\/title>\n<meta name=\"description\" content=\"Nuestras joyas personalizadas del zodiaco moderno son la forma perfecta de establecer una conexi\u00f3n significativa. \u00a1Dise\u00f1a hoy tu pieza personalizada y abraza tu signo del zodiaco!\" \/>\n<meta name=\"robots\" content=\"index, follow, max-snippet:-1, max-image-preview:large, max-video-preview:-1\" \/>\n<link rel=\"canonical\" href=\"https:\/\/positiveprints.com\/es\/producto\/joyas-modernas-personalizadas-del-zodiaco\/\" \/>\n<meta property=\"og:locale\" content=\"es_ES\" \/>\n<meta property=\"og:type\" content=\"article\" \/>\n<meta property=\"og:title\" content=\"Joyas modernas personalizadas del zodiaco\" \/>\n<meta property=\"og:description\" content=\"Abraza tu signo zodiacal o el de tu ser querido con joyas \u00fanicas Colgante de 20 mm fabricado en plata de ley de primera calidad, grabado con l\u00e1ser y acabado a mano Elige un texto sincero seg\u00fan la ocasi\u00f3n Personaliza en s\u00f3lo 2 minutos Ve el resultado de inmediato: la vista previa interactiva te permite perfeccionar cada detalle\" \/>\n<meta property=\"og:url\" content=\"https:\/\/positiveprints.com\/es\/producto\/joyas-modernas-personalizadas-del-zodiaco\/\" \/>\n<meta property=\"og:site_name\" content=\"Positive Prints\" \/>\n<meta property=\"article:publisher\" content=\"https:\/\/www.facebook.com\/positiveprintscom\" \/>\n<meta property=\"article:modified_time\" content=\"2026-04-07T12:45:16+00:00\" \/>\n<meta property=\"og:image\" content=\"https:\/\/positiveprints.com\/wp-content\/uploads\/2025\/10\/PACKSHOT_ALL-Custom-Modern-Zodiac-Jewelry.webp\" \/>\n\t<meta property=\"og:image:width\" content=\"1450\" \/>\n\t<meta property=\"og:image:height\" content=\"1450\" \/>\n\t<meta property=\"og:image:type\" content=\"image\/webp\" \/>\n<meta name=\"twitter:card\" content=\"summary_large_image\" \/>\n<meta name=\"twitter:label1\" content=\"Tiempo de lectura\" \/>\n\t<meta name=\"twitter:data1\" content=\"2 minutos\" \/>\n<!-- \/ Yoast SEO Premium plugin. -->","yoast_head_json":{"title":"Joyas personalizadas del zodiaco moderno - Impresiones positivas","description":"Nuestras joyas personalizadas del zodiaco moderno son la forma perfecta de establecer una conexi\u00f3n significativa. \u00a1Dise\u00f1a hoy tu pieza personalizada y abraza tu signo del zodiaco!","robots":{"index":"index","follow":"follow","max-snippet":"max-snippet:-1","max-image-preview":"max-image-preview:large","max-video-preview":"max-video-preview:-1"},"canonical":"https:\/\/positiveprints.com\/es\/producto\/joyas-modernas-personalizadas-del-zodiaco\/","og_locale":"es_ES","og_type":"article","og_title":"Joyas modernas personalizadas del zodiaco","og_description":"Abraza tu signo zodiacal o el de tu ser querido con joyas \u00fanicas Colgante de 20 mm fabricado en plata de ley de primera calidad, grabado con l\u00e1ser y acabado a mano Elige un texto sincero seg\u00fan la ocasi\u00f3n Personaliza en s\u00f3lo 2 minutos Ve el resultado de inmediato: la vista previa interactiva te permite perfeccionar cada detalle","og_url":"https:\/\/positiveprints.com\/es\/producto\/joyas-modernas-personalizadas-del-zodiaco\/","og_site_name":"Positive Prints","article_publisher":"https:\/\/www.facebook.com\/positiveprintscom","article_modified_time":"2026-04-07T12:45:16+00:00","og_image":[{"width":1450,"height":1450,"url":"https:\/\/positiveprints.com\/wp-content\/uploads\/2025\/10\/PACKSHOT_ALL-Custom-Modern-Zodiac-Jewelry.webp","type":"image\/webp"}],"twitter_card":"summary_large_image","twitter_misc":{"Tiempo de lectura":"2 minutos"},"schema":{"@context":"https:\/\/schema.org","@graph":[{"@type":["WebPage","ItemPage"],"@id":"https:\/\/positiveprints.com\/es\/producto\/joyas-modernas-personalizadas-del-zodiaco\/","url":"https:\/\/positiveprints.com\/es\/producto\/joyas-modernas-personalizadas-del-zodiaco\/","name":"Joyas personalizadas del zodiaco moderno - Impresiones positivas","isPartOf":{"@id":"https:\/\/positiveprints.com\/es\/#website"},"primaryImageOfPage":{"@id":"https:\/\/positiveprints.com\/es\/producto\/joyas-modernas-personalizadas-del-zodiaco\/#primaryimage"},"image":{"@id":"https:\/\/positiveprints.com\/es\/producto\/joyas-modernas-personalizadas-del-zodiaco\/#primaryimage"},"thumbnailUrl":"https:\/\/positiveprints.com\/wp-content\/uploads\/2025\/10\/PACKSHOT_ALL-Custom-Modern-Zodiac-Jewelry.webp","datePublished":"2024-04-22T18:25:54+00:00","dateModified":"2026-04-07T12:45:16+00:00","description":"Nuestras joyas personalizadas del zodiaco moderno son la forma perfecta de establecer una conexi\u00f3n significativa. \u00a1Dise\u00f1a hoy tu pieza personalizada y abraza tu signo del zodiaco!","breadcrumb":{"@id":"https:\/\/positiveprints.com\/es\/producto\/joyas-modernas-personalizadas-del-zodiaco\/#breadcrumb"},"inLanguage":"es","potentialAction":[{"@type":"ReadAction","target":["https:\/\/positiveprints.com\/es\/producto\/joyas-modernas-personalizadas-del-zodiaco\/"]}]},{"@type":"ImageObject","inLanguage":"es","@id":"https:\/\/positiveprints.com\/es\/producto\/joyas-modernas-personalizadas-del-zodiaco\/#primaryimage","url":"https:\/\/positiveprints.com\/wp-content\/uploads\/2025\/10\/PACKSHOT_ALL-Custom-Modern-Zodiac-Jewelry.webp","contentUrl":"https:\/\/positiveprints.com\/wp-content\/uploads\/2025\/10\/PACKSHOT_ALL-Custom-Modern-Zodiac-Jewelry.webp","width":1450,"height":1450},{"@type":"BreadcrumbList","@id":"https:\/\/positiveprints.com\/es\/producto\/joyas-modernas-personalizadas-del-zodiaco\/#breadcrumb","itemListElement":[{"@type":"ListItem","position":1,"name":"CASA","item":"https:\/\/positiveprints.com\/es\/"},{"@type":"ListItem","position":2,"name":"Productos","item":"https:\/\/positiveprints.com\/es\/shop\/"},{"@type":"ListItem","position":3,"name":"Joyas modernas personalizadas del zodiaco"}]},{"@type":"WebSite","@id":"https:\/\/positiveprints.com\/es\/#website","url":"https:\/\/positiveprints.com\/es\/","name":"Positive Prints","description":"Custom Gifts for Special Occasions","publisher":{"@id":"https:\/\/positiveprints.com\/es\/#organization"},"potentialAction":[{"@type":"SearchAction","target":{"@type":"EntryPoint","urlTemplate":"https:\/\/positiveprints.com\/es\/?s={search_term_string}"},"query-input":{"@type":"PropertyValueSpecification","valueRequired":true,"valueName":"search_term_string"}}],"inLanguage":"es"},{"@type":"Organization","@id":"https:\/\/positiveprints.com\/es\/#organization","name":"Positive Prints","alternateName":"Positive Prints","url":"https:\/\/positiveprints.com\/es\/","logo":{"@type":"ImageObject","inLanguage":"es","@id":"https:\/\/positiveprints.com\/es\/#\/schema\/logo\/image\/","url":"https:\/\/positiveprints.com\/wp-content\/uploads\/2026\/03\/245815646_1337939713319158_5671353136411139666_n.png","contentUrl":"https:\/\/positiveprints.com\/wp-content\/uploads\/2026\/03\/245815646_1337939713319158_5671353136411139666_n.png","width":800,"height":800,"caption":"Positive Prints"},"image":{"@id":"https:\/\/positiveprints.com\/es\/#\/schema\/logo\/image\/"},"sameAs":["https:\/\/www.facebook.com\/positiveprintscom","https:\/\/www.instagram.com\/positiveprintscom\/","https:\/\/www.tiktok.com\/@positiveprintscom","https:\/\/www.pinterest.com\/positiveprintscom\/"]}]}},"jetpack_sharing_enabled":true,"_links":{"self":[{"href":"https:\/\/positiveprints.com\/es\/wp-json\/wp\/v2\/product\/1105105","targetHints":{"allow":["GET"]}}],"collection":[{"href":"https:\/\/positiveprints.com\/es\/wp-json\/wp\/v2\/product"}],"about":[{"href":"https:\/\/positiveprints.com\/es\/wp-json\/wp\/v2\/types\/product"}],"wp:featuredmedia":[{"embeddable":true,"href":"https:\/\/positiveprints.com\/es\/wp-json\/wp\/v2\/media\/1551415"}],"wp:attachment":[{"href":"https:\/\/positiveprints.com\/es\/wp-json\/wp\/v2\/media?parent=1105105"}],"wp:term":[{"taxonomy":"product_brand","embeddable":true,"href":"https:\/\/positiveprints.com\/es\/wp-json\/wp\/v2\/product_brand?post=1105105"},{"taxonomy":"product_cat","embeddable":true,"href":"https:\/\/positiveprints.com\/es\/wp-json\/wp\/v2\/product_cat?post=1105105"},{"taxonomy":"product_tag","embeddable":true,"href":"https:\/\/positiveprints.com\/es\/wp-json\/wp\/v2\/product_tag?post=1105105"}],"curies":[{"name":"wp","href":"https:\/\/api.w.org\/{rel}","templated":true}]}}