{"id":1091908,"date":"2024-03-28T19:18:06","date_gmt":"2024-03-28T18:18:06","guid":{"rendered":"https:\/\/positiveprints.com\/?post_type=product&#038;p=1091908"},"modified":"2026-04-18T04:30:26","modified_gmt":"2026-04-18T03:30:26","slug":"collage-de-fotos-de-papa-4","status":"publish","type":"product","link":"https:\/\/positiveprints.com\/es\/producto\/collage-de-fotos-de-papa-4\/","title":{"rendered":"Collage de fotos de Pap\u00e1 4"},"content":{"rendered":"<p>\u00bfEst\u00e1s a la caza de un regalo que exprese perfectamente tu amor y aprecio por tu padre? \u00a1No busques m\u00e1s! Nuestro &#8220;Collage de 4 fotos de pap\u00e1&#8221; ofrece una soluci\u00f3n sentida. Descubre c\u00f3mo puedes crear una obra maestra personalizada que tu padre atesorar\u00e1 para siempre.<\/p>\r\n\r\n<h2>Crea tu collage de 4 fotos de pap\u00e1<\/h2>\r\n\r\n\r\n<p>Empieza por elegir un tema que resuene con la personalidad y los intereses de tu padre. Ya sea para celebrar su papel de &#8220;Mejor Pap\u00e1&#8221; o para mostrar momentos memorables, nuestra selecci\u00f3n de temas garantiza que haya algo especial para cada padre. Adem\u00e1s, cada tema incluye una elegante fuente manuscrita para darle un toque de sofisticaci\u00f3n.<\/p>\r\n\r\n<p>Infunde recuerdos a tu collage a\u00f1adiendo cuatro de tus fotos favoritas. Desde aventuras familiares hasta instant\u00e1neas enternecedoras, estas im\u00e1genes captar\u00e1n la esencia de tu v\u00ednculo con tu padre. Nuestro editor hace que sea f\u00e1cil subir y organizar tus fotos para conseguir la composici\u00f3n perfecta.<\/p>\r\n\r\n<h2>El regalo de los recuerdos significativos<\/h2>\r\n\r\n<p>Hazle a tu padre un regalo que lo diga todo con nuestro &#8220;Collage de 4 fotos de pap\u00e1&#8221; personalizado. M\u00e1s que un regalo, es una sincera expresi\u00f3n de gratitud y amor. Ya sea el D\u00eda del Padre, su cumplea\u00f1os o cualquier otra ocasi\u00f3n especial, este collage har\u00e1 que su d\u00eda sea inolvidable. Tanto si optas por un p\u00f3ster impreso o enmarcado, un lienzo o un archivo de descarga digital instant\u00e1nea, ofrecemos opciones vers\u00e1tiles que se adaptan a tus preferencias.<\/p>\r\n\r\n<p>Demuestra a tu padre lo mucho que significa para ti con un regalo tan \u00fanico como \u00e9l. Encarga hoy tu &#8220;Collage de 4 fotos de pap\u00e1&#8221; personalizado y hazle saber a tu padre que se le aprecia de verdad.<\/p>","protected":false},"excerpt":{"rendered":"<ul class=\"check-list\">\n<li>Demuestra a tu padre cu\u00e1nto le aprecias con un regalo impresionante que celebre los momentos que pasasteis juntos<\/li>\n<li>A\u00f1ade superposiciones de texto para que cada regalo sea especial y significativo<\/li>\n<li>Personaliza en s\u00f3lo 2 minutos<\/li>\n<li>Elija una plantilla o sea creativo<\/li>\n<li>Ve el resultado de inmediato: la vista previa interactiva te permite perfeccionar cada detalle<\/li>\n<\/ul>\n","protected":false},"featured_media":1096552,"template":"","meta":[],"product_brand":[],"product_cat":[106,7334,7501,5270,11451,15060,7981],"product_tag":[8559,13469,11764],"class_list":{"0":"post-1091908","1":"product","2":"type-product","3":"status-publish","4":"has-post-thumbnail","6":"product_cat-todos-los-productos","7":"product_cat-regalos-del-dia-del-padre","8":"product_cat-foto-es","9":"product_cat-regalos-de-navidad","10":"product_cat-regalos-de-navidad-para-papa","11":"product_cat-regalos-de-navidad-para-la-familia","12":"product_cat-regalos-para-papa","13":"product_tag-father-es","14":"product_tag-regalos-de-navidad-para-la-familia","15":"product_tag-regalos-de-navidad-para-papa","17":"first","18":"instock","19":"sale","20":"taxable","21":"shipping-taxable","22":"purchasable","23":"product-type-variable"},"yoast_head":"<!-- This site is optimized with the Yoast SEO Premium plugin v27.2 (Yoast SEO v27.2) - https:\/\/yoast.com\/product\/yoast-seo-premium-wordpress\/ -->\n<title>Collage de 4 fotos de pap\u00e1 - Positive Prints<\/title>\n<meta name=\"description\" content=\"Celebra los hitos de pap\u00e1 con nuestro Collage de 4 fotos de pap\u00e1. Crea una obra maestra personalizada en s\u00f3lo tres sencillos pasos. Haz tu pedido\" \/>\n<meta name=\"robots\" content=\"index, follow, max-snippet:-1, max-image-preview:large, max-video-preview:-1\" \/>\n<link rel=\"canonical\" href=\"https:\/\/positiveprints.com\/es\/producto\/collage-de-fotos-de-papa-4\/\" \/>\n<meta property=\"og:locale\" content=\"es_ES\" \/>\n<meta property=\"og:type\" content=\"article\" \/>\n<meta property=\"og:title\" content=\"Collage de fotos de Pap\u00e1 4\" \/>\n<meta property=\"og:description\" content=\"Demuestra a tu padre cu\u00e1nto le aprecias con un regalo impresionante que celebre los momentos que pasasteis juntos A\u00f1ade superposiciones de texto para que cada regalo sea especial y significativo Personaliza en s\u00f3lo 2 minutos Elija una plantilla o sea creativo Ve el resultado de inmediato: la vista previa interactiva te permite perfeccionar cada detalle\" \/>\n<meta property=\"og:url\" content=\"https:\/\/positiveprints.com\/es\/producto\/collage-de-fotos-de-papa-4\/\" \/>\n<meta property=\"og:site_name\" content=\"Positive Prints\" \/>\n<meta property=\"article:publisher\" content=\"https:\/\/www.facebook.com\/positiveprintscom\" \/>\n<meta property=\"article:modified_time\" content=\"2026-04-18T03:30:26+00:00\" \/>\n<meta property=\"og:image\" content=\"https:\/\/positiveprints.com\/wp-content\/uploads\/2024\/04\/Dad-4-photo-collage.jpg\" \/>\n\t<meta property=\"og:image:width\" content=\"1080\" \/>\n\t<meta property=\"og:image:height\" content=\"1080\" \/>\n\t<meta property=\"og:image:type\" content=\"image\/jpeg\" \/>\n<meta name=\"twitter:card\" content=\"summary_large_image\" \/>\n<meta name=\"twitter:label1\" content=\"Tiempo de lectura\" \/>\n\t<meta name=\"twitter:data1\" content=\"2 minutos\" \/>\n<!-- \/ Yoast SEO Premium plugin. -->","yoast_head_json":{"title":"Collage de 4 fotos de pap\u00e1 - Positive Prints","description":"Celebra los hitos de pap\u00e1 con nuestro Collage de 4 fotos de pap\u00e1. Crea una obra maestra personalizada en s\u00f3lo tres sencillos pasos. Haz tu pedido","robots":{"index":"index","follow":"follow","max-snippet":"max-snippet:-1","max-image-preview":"max-image-preview:large","max-video-preview":"max-video-preview:-1"},"canonical":"https:\/\/positiveprints.com\/es\/producto\/collage-de-fotos-de-papa-4\/","og_locale":"es_ES","og_type":"article","og_title":"Collage de fotos de Pap\u00e1 4","og_description":"Demuestra a tu padre cu\u00e1nto le aprecias con un regalo impresionante que celebre los momentos que pasasteis juntos A\u00f1ade superposiciones de texto para que cada regalo sea especial y significativo Personaliza en s\u00f3lo 2 minutos Elija una plantilla o sea creativo Ve el resultado de inmediato: la vista previa interactiva te permite perfeccionar cada detalle","og_url":"https:\/\/positiveprints.com\/es\/producto\/collage-de-fotos-de-papa-4\/","og_site_name":"Positive Prints","article_publisher":"https:\/\/www.facebook.com\/positiveprintscom","article_modified_time":"2026-04-18T03:30:26+00:00","og_image":[{"width":1080,"height":1080,"url":"https:\/\/positiveprints.com\/wp-content\/uploads\/2024\/04\/Dad-4-photo-collage.jpg","type":"image\/jpeg"}],"twitter_card":"summary_large_image","twitter_misc":{"Tiempo de lectura":"2 minutos"},"schema":{"@context":"https:\/\/schema.org","@graph":[{"@type":["WebPage","ItemPage"],"@id":"https:\/\/positiveprints.com\/es\/producto\/collage-de-fotos-de-papa-4\/","url":"https:\/\/positiveprints.com\/es\/producto\/collage-de-fotos-de-papa-4\/","name":"Collage de 4 fotos de pap\u00e1 - Positive Prints","isPartOf":{"@id":"https:\/\/positiveprints.com\/es\/#website"},"primaryImageOfPage":{"@id":"https:\/\/positiveprints.com\/es\/producto\/collage-de-fotos-de-papa-4\/#primaryimage"},"image":{"@id":"https:\/\/positiveprints.com\/es\/producto\/collage-de-fotos-de-papa-4\/#primaryimage"},"thumbnailUrl":"https:\/\/positiveprints.com\/wp-content\/uploads\/2024\/04\/Dad-4-photo-collage.jpg","datePublished":"2024-03-28T18:18:06+00:00","dateModified":"2026-04-18T03:30:26+00:00","description":"Celebra los hitos de pap\u00e1 con nuestro Collage de 4 fotos de pap\u00e1. Crea una obra maestra personalizada en s\u00f3lo tres sencillos pasos. Haz tu pedido","breadcrumb":{"@id":"https:\/\/positiveprints.com\/es\/producto\/collage-de-fotos-de-papa-4\/#breadcrumb"},"inLanguage":"es","potentialAction":[{"@type":"ReadAction","target":["https:\/\/positiveprints.com\/es\/producto\/collage-de-fotos-de-papa-4\/"]}]},{"@type":"ImageObject","inLanguage":"es","@id":"https:\/\/positiveprints.com\/es\/producto\/collage-de-fotos-de-papa-4\/#primaryimage","url":"https:\/\/positiveprints.com\/wp-content\/uploads\/2024\/04\/Dad-4-photo-collage.jpg","contentUrl":"https:\/\/positiveprints.com\/wp-content\/uploads\/2024\/04\/Dad-4-photo-collage.jpg","width":1080,"height":1080,"caption":"Dad 4 photo collage"},{"@type":"BreadcrumbList","@id":"https:\/\/positiveprints.com\/es\/producto\/collage-de-fotos-de-papa-4\/#breadcrumb","itemListElement":[{"@type":"ListItem","position":1,"name":"CASA","item":"https:\/\/positiveprints.com\/es\/"},{"@type":"ListItem","position":2,"name":"Productos","item":"https:\/\/positiveprints.com\/es\/shop\/"},{"@type":"ListItem","position":3,"name":"Collage de fotos de Pap\u00e1 4"}]},{"@type":"WebSite","@id":"https:\/\/positiveprints.com\/es\/#website","url":"https:\/\/positiveprints.com\/es\/","name":"Positive Prints","description":"Custom Gifts for Special Occasions","publisher":{"@id":"https:\/\/positiveprints.com\/es\/#organization"},"potentialAction":[{"@type":"SearchAction","target":{"@type":"EntryPoint","urlTemplate":"https:\/\/positiveprints.com\/es\/?s={search_term_string}"},"query-input":{"@type":"PropertyValueSpecification","valueRequired":true,"valueName":"search_term_string"}}],"inLanguage":"es"},{"@type":"Organization","@id":"https:\/\/positiveprints.com\/es\/#organization","name":"Positive Prints","alternateName":"Positive Prints","url":"https:\/\/positiveprints.com\/es\/","logo":{"@type":"ImageObject","inLanguage":"es","@id":"https:\/\/positiveprints.com\/es\/#\/schema\/logo\/image\/","url":"https:\/\/positiveprints.com\/wp-content\/uploads\/2026\/03\/245815646_1337939713319158_5671353136411139666_n.png","contentUrl":"https:\/\/positiveprints.com\/wp-content\/uploads\/2026\/03\/245815646_1337939713319158_5671353136411139666_n.png","width":800,"height":800,"caption":"Positive Prints"},"image":{"@id":"https:\/\/positiveprints.com\/es\/#\/schema\/logo\/image\/"},"sameAs":["https:\/\/www.facebook.com\/positiveprintscom","https:\/\/www.instagram.com\/positiveprintscom\/","https:\/\/www.tiktok.com\/@positiveprintscom","https:\/\/www.pinterest.com\/positiveprintscom\/"]}]}},"jetpack_sharing_enabled":true,"_links":{"self":[{"href":"https:\/\/positiveprints.com\/es\/wp-json\/wp\/v2\/product\/1091908","targetHints":{"allow":["GET"]}}],"collection":[{"href":"https:\/\/positiveprints.com\/es\/wp-json\/wp\/v2\/product"}],"about":[{"href":"https:\/\/positiveprints.com\/es\/wp-json\/wp\/v2\/types\/product"}],"wp:featuredmedia":[{"embeddable":true,"href":"https:\/\/positiveprints.com\/es\/wp-json\/wp\/v2\/media\/1096552"}],"wp:attachment":[{"href":"https:\/\/positiveprints.com\/es\/wp-json\/wp\/v2\/media?parent=1091908"}],"wp:term":[{"taxonomy":"product_brand","embeddable":true,"href":"https:\/\/positiveprints.com\/es\/wp-json\/wp\/v2\/product_brand?post=1091908"},{"taxonomy":"product_cat","embeddable":true,"href":"https:\/\/positiveprints.com\/es\/wp-json\/wp\/v2\/product_cat?post=1091908"},{"taxonomy":"product_tag","embeddable":true,"href":"https:\/\/positiveprints.com\/es\/wp-json\/wp\/v2\/product_tag?post=1091908"}],"curies":[{"name":"wp","href":"https:\/\/api.w.org\/{rel}","templated":true}]}}