{"id":1091905,"date":"2024-03-28T19:22:38","date_gmt":"2024-03-28T18:22:38","guid":{"rendered":"https:\/\/positiveprints.com\/?post_type=product&#038;p=1091905"},"modified":"2026-04-03T02:55:25","modified_gmt":"2026-04-03T01:55:25","slug":"collage-de-fotos-de-graduacion-4","status":"publish","type":"product","link":"https:\/\/positiveprints.com\/es\/producto\/collage-de-fotos-de-graduacion-4\/","title":{"rendered":"Collage de fotos de graduaci\u00f3n 4"},"content":{"rendered":"<p>\u00bfEst\u00e1s buscando el regalo perfecto para conmemorar la graduaci\u00f3n de tu ser querido? \u00a1No busques m\u00e1s! Nuestro &#8220;Collage de 4 fotos de graduaci\u00f3n&#8221; es la forma ideal de honrar este hito y crear un recuerdo duradero. Vamos a ver c\u00f3mo puedes hacer que su d\u00eda de graduaci\u00f3n sea muy especial con un collage personalizado.<\/p>\r\n\r\n<h2>Collage personalizado de 4 fotos de graduaci\u00f3n<\/h2>\r\n\r\n<p>\u00a1Crear tu &#8220;Collage de fotos de graduaci\u00f3n 4&#8221; es f\u00e1cil! Simplemente elige un tema que refleje la trayectoria del graduado, ya sean los colores de su colegio, sus momentos de mayor orgullo o sus recuerdos favoritos. A continuaci\u00f3n, a\u00f1ade cuatro preciadas fotos que capten la esencia de su experiencia de graduaci\u00f3n, desde los orgullosos momentos familiares hasta las alegres celebraciones con los amigos.<\/p>\r\n\r\n<p>Una vez colocadas las fotos, selecciona la opci\u00f3n de exposici\u00f3n perfecta para mostrar su collage. Tanto si optas por un p\u00f3ster impreso, una obra maestra enmarcada, un lienzo o una descarga digital instant\u00e1nea, cada opci\u00f3n ofrece una forma \u00fanica de atesorar sus logros. Con unos sencillos pasos, puedes crear un regalo sincero que celebre su duro trabajo y dedicaci\u00f3n.  <\/p>\r\n\r\n<h2>El regalo de graduaci\u00f3n \u00fanico<\/h2>\r\n\r\n<p>Imagina la alegr\u00eda en la cara de tu graduado al desenvolver un Collage de 4 fotos de graduaci\u00f3n personalizado, que muestra su trayectoria y sus logros. Encargar este collage como regalo no es s\u00f3lo una compra, sino una orgullosa proclamaci\u00f3n de su duro trabajo y dedicaci\u00f3n. Es un s\u00edmbolo tangible de tu apoyo y creencia en sus capacidades mientras se embarcan en su pr\u00f3ximo cap\u00edtulo.<\/p>\r\n\r\n<p>Presentar este collage a tu graduado es un momento lleno de orgullo, un testimonio de sus logros y del emocionante viaje que tiene por delante. Ya sea para la graduaci\u00f3n del instituto, el comienzo de la universidad o cualquier otro hito, este regalo celebra sus logros de forma significativa y sincera.<\/p>\r\n\r\n<p>Con cada opci\u00f3n de exposici\u00f3n cuidadosamente elaborada para mostrar su collage con la mejor luz, puedes estar seguro de que tu regalo ser\u00e1 apreciado durante a\u00f1os. Haz tu pedido hoy y regala orgullo, amor y celebraci\u00f3n a tu graduado cuando se embarque en su pr\u00f3xima aventura.<\/p>","protected":false},"excerpt":{"rendered":"<ul class=\"check-list\">\n<li>Muestra tu orgullo y admiraci\u00f3n por el graduado con una impresionante obra de arte y celebra su trayectoria y sus logros<\/li>\n<li>A\u00f1ade superposiciones de texto para que cada regalo sea especial y significativo<\/li>\n<li>Personaliza en s\u00f3lo 2 minutos<\/li>\n<li>Elija una plantilla o sea creativo<\/li>\n<li>Ve el resultado de inmediato: la vista previa interactiva te permite perfeccionar cada detalle<\/li>\n<\/ul>\n","protected":false},"featured_media":1097605,"template":"","meta":[],"product_brand":[],"product_cat":[7501,7917,106],"product_tag":[8496,16700,16701],"class_list":{"0":"post-1091905","1":"product","2":"type-product","3":"status-publish","4":"has-post-thumbnail","6":"product_cat-foto-es","7":"product_cat-regalos-de-graduacion","8":"product_cat-todos-los-productos","9":"product_tag-graduation-es","10":"product_tag-regalo-de-graduacion","11":"product_tag-regalos-de-graduacion","13":"first","14":"instock","15":"sale","16":"taxable","17":"shipping-taxable","18":"purchasable","19":"product-type-variable"},"yoast_head":"<!-- This site is optimized with the Yoast SEO Premium plugin v27.2 (Yoast SEO v27.2) - https:\/\/yoast.com\/product\/yoast-seo-premium-wordpress\/ -->\n<title>Collage de fotos de graduaci\u00f3n 4 - Positive Prints<\/title>\n<meta name=\"description\" content=\"Conmemora tu graduaci\u00f3n con nuestro Collage de 4 fotos de graduaci\u00f3n. Atesora tus logros con un collage personalizado. \u00a1Haz tu pedido hoy!\" \/>\n<meta name=\"robots\" content=\"index, follow, max-snippet:-1, max-image-preview:large, max-video-preview:-1\" \/>\n<link rel=\"canonical\" href=\"https:\/\/positiveprints.com\/es\/producto\/collage-de-fotos-de-graduacion-4\/\" \/>\n<meta property=\"og:locale\" content=\"es_ES\" \/>\n<meta property=\"og:type\" content=\"article\" \/>\n<meta property=\"og:title\" content=\"Collage de fotos de graduaci\u00f3n 4\" \/>\n<meta property=\"og:description\" content=\"Muestra tu orgullo y admiraci\u00f3n por el graduado con una impresionante obra de arte y celebra su trayectoria y sus logros A\u00f1ade superposiciones de texto para que cada regalo sea especial y significativo Personaliza en s\u00f3lo 2 minutos Elija una plantilla o sea creativo Ve el resultado de inmediato: la vista previa interactiva te permite perfeccionar cada detalle\" \/>\n<meta property=\"og:url\" content=\"https:\/\/positiveprints.com\/es\/producto\/collage-de-fotos-de-graduacion-4\/\" \/>\n<meta property=\"og:site_name\" content=\"Positive Prints\" \/>\n<meta property=\"article:publisher\" content=\"https:\/\/www.facebook.com\/positiveprintscom\" \/>\n<meta property=\"article:modified_time\" content=\"2026-04-03T01:55:25+00:00\" \/>\n<meta property=\"og:image\" content=\"https:\/\/positiveprints.com\/wp-content\/uploads\/2024\/04\/Graduation-4-Photo-Collage.jpg\" \/>\n\t<meta property=\"og:image:width\" content=\"1080\" \/>\n\t<meta property=\"og:image:height\" content=\"1080\" \/>\n\t<meta property=\"og:image:type\" content=\"image\/jpeg\" \/>\n<meta name=\"twitter:card\" content=\"summary_large_image\" \/>\n<meta name=\"twitter:label1\" content=\"Tiempo de lectura\" \/>\n\t<meta name=\"twitter:data1\" content=\"2 minutos\" \/>\n<!-- \/ Yoast SEO Premium plugin. -->","yoast_head_json":{"title":"Collage de fotos de graduaci\u00f3n 4 - Positive Prints","description":"Conmemora tu graduaci\u00f3n con nuestro Collage de 4 fotos de graduaci\u00f3n. Atesora tus logros con un collage personalizado. \u00a1Haz tu pedido hoy!","robots":{"index":"index","follow":"follow","max-snippet":"max-snippet:-1","max-image-preview":"max-image-preview:large","max-video-preview":"max-video-preview:-1"},"canonical":"https:\/\/positiveprints.com\/es\/producto\/collage-de-fotos-de-graduacion-4\/","og_locale":"es_ES","og_type":"article","og_title":"Collage de fotos de graduaci\u00f3n 4","og_description":"Muestra tu orgullo y admiraci\u00f3n por el graduado con una impresionante obra de arte y celebra su trayectoria y sus logros A\u00f1ade superposiciones de texto para que cada regalo sea especial y significativo Personaliza en s\u00f3lo 2 minutos Elija una plantilla o sea creativo Ve el resultado de inmediato: la vista previa interactiva te permite perfeccionar cada detalle","og_url":"https:\/\/positiveprints.com\/es\/producto\/collage-de-fotos-de-graduacion-4\/","og_site_name":"Positive Prints","article_publisher":"https:\/\/www.facebook.com\/positiveprintscom","article_modified_time":"2026-04-03T01:55:25+00:00","og_image":[{"width":1080,"height":1080,"url":"https:\/\/positiveprints.com\/wp-content\/uploads\/2024\/04\/Graduation-4-Photo-Collage.jpg","type":"image\/jpeg"}],"twitter_card":"summary_large_image","twitter_misc":{"Tiempo de lectura":"2 minutos"},"schema":{"@context":"https:\/\/schema.org","@graph":[{"@type":["WebPage","ItemPage"],"@id":"https:\/\/positiveprints.com\/es\/producto\/collage-de-fotos-de-graduacion-4\/","url":"https:\/\/positiveprints.com\/es\/producto\/collage-de-fotos-de-graduacion-4\/","name":"Collage de fotos de graduaci\u00f3n 4 - Positive Prints","isPartOf":{"@id":"https:\/\/positiveprints.com\/es\/#website"},"primaryImageOfPage":{"@id":"https:\/\/positiveprints.com\/es\/producto\/collage-de-fotos-de-graduacion-4\/#primaryimage"},"image":{"@id":"https:\/\/positiveprints.com\/es\/producto\/collage-de-fotos-de-graduacion-4\/#primaryimage"},"thumbnailUrl":"https:\/\/positiveprints.com\/wp-content\/uploads\/2024\/04\/Graduation-4-Photo-Collage.jpg","datePublished":"2024-03-28T18:22:38+00:00","dateModified":"2026-04-03T01:55:25+00:00","description":"Conmemora tu graduaci\u00f3n con nuestro Collage de 4 fotos de graduaci\u00f3n. Atesora tus logros con un collage personalizado. \u00a1Haz tu pedido hoy!","breadcrumb":{"@id":"https:\/\/positiveprints.com\/es\/producto\/collage-de-fotos-de-graduacion-4\/#breadcrumb"},"inLanguage":"es","potentialAction":[{"@type":"ReadAction","target":["https:\/\/positiveprints.com\/es\/producto\/collage-de-fotos-de-graduacion-4\/"]}]},{"@type":"ImageObject","inLanguage":"es","@id":"https:\/\/positiveprints.com\/es\/producto\/collage-de-fotos-de-graduacion-4\/#primaryimage","url":"https:\/\/positiveprints.com\/wp-content\/uploads\/2024\/04\/Graduation-4-Photo-Collage.jpg","contentUrl":"https:\/\/positiveprints.com\/wp-content\/uploads\/2024\/04\/Graduation-4-Photo-Collage.jpg","width":1080,"height":1080,"caption":"Graduation 4 Photo Collage"},{"@type":"BreadcrumbList","@id":"https:\/\/positiveprints.com\/es\/producto\/collage-de-fotos-de-graduacion-4\/#breadcrumb","itemListElement":[{"@type":"ListItem","position":1,"name":"CASA","item":"https:\/\/positiveprints.com\/es\/"},{"@type":"ListItem","position":2,"name":"Productos","item":"https:\/\/positiveprints.com\/es\/shop\/"},{"@type":"ListItem","position":3,"name":"Collage de fotos de graduaci\u00f3n 4"}]},{"@type":"WebSite","@id":"https:\/\/positiveprints.com\/es\/#website","url":"https:\/\/positiveprints.com\/es\/","name":"Positive Prints","description":"Custom Gifts for Special Occasions","publisher":{"@id":"https:\/\/positiveprints.com\/es\/#organization"},"potentialAction":[{"@type":"SearchAction","target":{"@type":"EntryPoint","urlTemplate":"https:\/\/positiveprints.com\/es\/?s={search_term_string}"},"query-input":{"@type":"PropertyValueSpecification","valueRequired":true,"valueName":"search_term_string"}}],"inLanguage":"es"},{"@type":"Organization","@id":"https:\/\/positiveprints.com\/es\/#organization","name":"Positive Prints","alternateName":"Positive Prints","url":"https:\/\/positiveprints.com\/es\/","logo":{"@type":"ImageObject","inLanguage":"es","@id":"https:\/\/positiveprints.com\/es\/#\/schema\/logo\/image\/","url":"https:\/\/positiveprints.com\/wp-content\/uploads\/2026\/03\/245815646_1337939713319158_5671353136411139666_n.png","contentUrl":"https:\/\/positiveprints.com\/wp-content\/uploads\/2026\/03\/245815646_1337939713319158_5671353136411139666_n.png","width":800,"height":800,"caption":"Positive Prints"},"image":{"@id":"https:\/\/positiveprints.com\/es\/#\/schema\/logo\/image\/"},"sameAs":["https:\/\/www.facebook.com\/positiveprintscom","https:\/\/www.instagram.com\/positiveprintscom\/","https:\/\/www.tiktok.com\/@positiveprintscom","https:\/\/www.pinterest.com\/positiveprintscom\/"]}]}},"jetpack_sharing_enabled":true,"_links":{"self":[{"href":"https:\/\/positiveprints.com\/es\/wp-json\/wp\/v2\/product\/1091905","targetHints":{"allow":["GET"]}}],"collection":[{"href":"https:\/\/positiveprints.com\/es\/wp-json\/wp\/v2\/product"}],"about":[{"href":"https:\/\/positiveprints.com\/es\/wp-json\/wp\/v2\/types\/product"}],"wp:featuredmedia":[{"embeddable":true,"href":"https:\/\/positiveprints.com\/es\/wp-json\/wp\/v2\/media\/1097605"}],"wp:attachment":[{"href":"https:\/\/positiveprints.com\/es\/wp-json\/wp\/v2\/media?parent=1091905"}],"wp:term":[{"taxonomy":"product_brand","embeddable":true,"href":"https:\/\/positiveprints.com\/es\/wp-json\/wp\/v2\/product_brand?post=1091905"},{"taxonomy":"product_cat","embeddable":true,"href":"https:\/\/positiveprints.com\/es\/wp-json\/wp\/v2\/product_cat?post=1091905"},{"taxonomy":"product_tag","embeddable":true,"href":"https:\/\/positiveprints.com\/es\/wp-json\/wp\/v2\/product_tag?post=1091905"}],"curies":[{"name":"wp","href":"https:\/\/api.w.org\/{rel}","templated":true}]}}