{"id":1091894,"date":"2024-03-28T19:47:55","date_gmt":"2024-03-28T18:47:55","guid":{"rendered":"https:\/\/positiveprints.com\/?post_type=product&#038;p=1091894"},"modified":"2026-04-28T13:53:42","modified_gmt":"2026-04-28T12:53:42","slug":"joyeria-artistica-linea-madre","status":"publish","type":"product","link":"https:\/\/positiveprints.com\/es\/producto\/joyeria-artistica-linea-madre\/","title":{"rendered":"Joyer\u00eda Art\u00edstica L\u00ednea Madre"},"content":{"rendered":"<p>Honra el amor y los sacrificios de tu madre con nuestras sentidas Joyas Art\u00edsticas L\u00ednea Mam\u00e1. Transforma un recuerdo preciado en una obra de arte personalizada e intemporal, en honor a la fuerza y el esp\u00edritu cari\u00f1oso de tu madre. Nuestros h\u00e1biles artesanos dibujan delicadamente a mano cada detalle, creando una representaci\u00f3n \u00fanica que refleja el amor y el cuidado que ella proporciona.<\/p>\n\n\n\n<h2>Sencillo proceso en tres pasos:<\/h2>\n\n\n\n<p>Nuestro intuitivo editor te permite personalizar tu joya Mom Line Art en tres sencillos pasos. Previsualiza tu dise\u00f1o en cada fase para asegurarte de que capta perfectamente la esencia de tu amor y tu gratitud. Elige la fecha, el lugar y personal\u00edzalo para crear un recuerdo entra\u00f1able.<\/p>\n\n\n\n<ol>\n\n<li>Elige tu estilo y colores: <\/li>\n\n<p>Selecciona el estilo y los colores que reflejen el amor y el esp\u00edritu cari\u00f1oso de tu querida madre.<\/p>\n\n\n\n<li>Sube una foto especial de tu madre: <\/li>\n\n<p>Comparte una foto que encierre la fuerza y el amor que encarna tu madre. Nuestros artistas dibujar\u00e1n meticulosamente a mano la obra de arte, asegur\u00e1ndose de que capta su esencia \u00fanica.<\/p>\n\n\n\n<li>A\u00f1ade un mensaje personalizado y finaliza: <\/li>\n\n<p>Realza tu L\u00ednea de Joyas Art\u00edsticas Mam\u00e1 con un mensaje sincero. Nuestro equipo de asistencia confirmar\u00e1 tu pedido y, una vez finalizado, recibir\u00e1s una prueba digital para que la revises. Tu satisfacci\u00f3n importa, as\u00ed que no dudes en solicitar cambios hasta dos veces. Una vez aprobada, tu obra maestra personalizada ser\u00e1 elaborada y entregada, honrando el v\u00ednculo especial entre tu madre y t\u00fa.<\/p>\n\n<\/ol>\n\n\n\n<h2>Celebra el v\u00ednculo especial con las joyas de arte de la l\u00ednea Madre<\/h2>\n\n\n\n<p>Celebra el amor, los sacrificios y el v\u00ednculo duradero con las Joyas Art\u00edsticas L\u00ednea Mam\u00e1, un regalo perfecto para expresar gratitud y crear un recuerdo duradero. Haz tu pedido ahora y honra a tu madre con una obra maestra personalizada que capte la esencia de su amor inquebrantable.<\/p>\n\n\n\n<p>Tus joyas personalizadas llegan en una elegante caja, acompa\u00f1adas de instrucciones para su cuidado y un pa\u00f1o de limpieza especial, que encarnan nuestra dedicaci\u00f3n a proporcionar no s\u00f3lo joyas, sino una experiencia entra\u00f1able. Sube la foto de tu madre para crear una obra de arte \u00fanica en la parte frontal del colgante: un bonito recuerdo de un momento especial. Puedes grabar un mensaje personalizado en la parte posterior para darle un toque muy personal.<\/p>","protected":false},"excerpt":{"rendered":"<ul class=\"check-list\">\n<li>Deja que nuestros artistas dibujen un arte lineal \u00fanico a partir de una foto de tu madre<\/li>\n<li>Dibujado y enviado para tu aprobaci\u00f3n en 2-3 d\u00edas laborables<\/li>\n<li>Colgante de 20 mm fabricado en plata de ley de primera calidad, grabado con l\u00e1ser y acabado a mano<\/li>\n<li>Elige un texto sincero seg\u00fan la ocasi\u00f3n<\/li>\n<li>2 revisiones disponibles a petici\u00f3n tuya<\/li>\n<\/ul>\n","protected":false},"featured_media":1534623,"template":"","meta":[],"product_brand":[],"product_cat":[7279,9264,5270,11459,7709,106],"product_tag":[15562,15096,11035,11034,11036,10959,11037,15097,11038,8408,15098,15544,11822,12633,15099],"class_list":{"0":"post-1091894","1":"product","2":"type-product","3":"status-publish","4":"has-post-thumbnail","6":"product_cat-regalos-del-dia-de-las-madres","7":"product_cat-jewelry-es","8":"product_cat-regalos-de-navidad","9":"product_cat-regalos-de-navidad-para-mama","10":"product_cat-regalos-para-mama","11":"product_cat-todos-los-productos","12":"product_tag-la-mejor-mama","13":"product_tag-lancuszek-es","14":"product_tag-mam-es","15":"product_tag-mama-es-2","16":"product_tag-mama-es-3","17":"product_tag-mama-es","18":"product_tag-mami","19":"product_tag-medalion-es","20":"product_tag-momia","21":"product_tag-mother-es","22":"product_tag-naszyjnik-es","23":"product_tag-regalo-mama","24":"product_tag-regalos-de-navidad-para-mama","25":"product_tag-regalos-para-mama","26":"product_tag-wisiorek-es","28":"first","29":"instock","30":"sale","31":"taxable","32":"shipping-taxable","33":"purchasable","34":"product-type-variable"},"yoast_head":"<!-- This site is optimized with the Yoast SEO Premium plugin v27.2 (Yoast SEO v27.2) - https:\/\/yoast.com\/product\/yoast-seo-premium-wordpress\/ -->\n<title>L\u00ednea Madre Joyas de Arte - Impresiones Positivas<\/title>\n<meta name=\"description\" content=\"Expresa amor eterno con las Joyas Art\u00edsticas L\u00ednea Mam\u00e1. Personalizado con esmero, es un tributo intemporal a la fuerza y el esp\u00edritu cari\u00f1oso de una madre.\" \/>\n<meta name=\"robots\" content=\"index, follow, max-snippet:-1, max-image-preview:large, max-video-preview:-1\" \/>\n<link rel=\"canonical\" href=\"https:\/\/positiveprints.com\/es\/producto\/joyeria-artistica-linea-madre\/\" \/>\n<meta property=\"og:locale\" content=\"es_ES\" \/>\n<meta property=\"og:type\" content=\"article\" \/>\n<meta property=\"og:title\" content=\"Joyer\u00eda Art\u00edstica L\u00ednea Madre\" \/>\n<meta property=\"og:description\" content=\"Deja que nuestros artistas dibujen un arte lineal \u00fanico a partir de una foto de tu madre  Dibujado y enviado para tu aprobaci\u00f3n en 2-3 d\u00edas laborables  Colgante de 20 mm fabricado en plata de ley de primera calidad, grabado con l\u00e1ser y acabado a mano  Elige un texto sincero seg\u00fan la ocasi\u00f3n  2 revisiones disponibles a petici\u00f3n tuya\" \/>\n<meta property=\"og:url\" content=\"https:\/\/positiveprints.com\/es\/producto\/joyeria-artistica-linea-madre\/\" \/>\n<meta property=\"og:site_name\" content=\"Positive Prints\" \/>\n<meta property=\"article:publisher\" content=\"https:\/\/www.facebook.com\/positiveprintscom\" \/>\n<meta property=\"article:modified_time\" content=\"2026-04-28T12:53:42+00:00\" \/>\n<meta property=\"og:image\" content=\"https:\/\/positiveprints.com\/wp-content\/uploads\/2025\/10\/MAIN_ES_Joyeri\u0301a-Arti\u0301stica-Li\u0301nea-Madre.webp\" \/>\n\t<meta property=\"og:image:width\" content=\"2500\" \/>\n\t<meta property=\"og:image:height\" content=\"2500\" \/>\n\t<meta property=\"og:image:type\" content=\"image\/webp\" \/>\n<meta name=\"twitter:card\" content=\"summary_large_image\" \/>\n<!-- \/ Yoast SEO Premium plugin. -->","yoast_head_json":{"title":"L\u00ednea Madre Joyas de Arte - Impresiones Positivas","description":"Expresa amor eterno con las Joyas Art\u00edsticas L\u00ednea Mam\u00e1. Personalizado con esmero, es un tributo intemporal a la fuerza y el esp\u00edritu cari\u00f1oso de una madre.","robots":{"index":"index","follow":"follow","max-snippet":"max-snippet:-1","max-image-preview":"max-image-preview:large","max-video-preview":"max-video-preview:-1"},"canonical":"https:\/\/positiveprints.com\/es\/producto\/joyeria-artistica-linea-madre\/","og_locale":"es_ES","og_type":"article","og_title":"Joyer\u00eda Art\u00edstica L\u00ednea Madre","og_description":"Deja que nuestros artistas dibujen un arte lineal \u00fanico a partir de una foto de tu madre  Dibujado y enviado para tu aprobaci\u00f3n en 2-3 d\u00edas laborables  Colgante de 20 mm fabricado en plata de ley de primera calidad, grabado con l\u00e1ser y acabado a mano  Elige un texto sincero seg\u00fan la ocasi\u00f3n  2 revisiones disponibles a petici\u00f3n tuya","og_url":"https:\/\/positiveprints.com\/es\/producto\/joyeria-artistica-linea-madre\/","og_site_name":"Positive Prints","article_publisher":"https:\/\/www.facebook.com\/positiveprintscom","article_modified_time":"2026-04-28T12:53:42+00:00","og_image":[{"width":2500,"height":2500,"url":"https:\/\/positiveprints.com\/wp-content\/uploads\/2025\/10\/MAIN_ES_Joyeri\u0301a-Arti\u0301stica-Li\u0301nea-Madre.webp","type":"image\/webp"}],"twitter_card":"summary_large_image","schema":{"@context":"https:\/\/schema.org","@graph":[{"@type":["WebPage","ItemPage"],"@id":"https:\/\/positiveprints.com\/es\/producto\/joyeria-artistica-linea-madre\/","url":"https:\/\/positiveprints.com\/es\/producto\/joyeria-artistica-linea-madre\/","name":"L\u00ednea Madre Joyas de Arte - Impresiones Positivas","isPartOf":{"@id":"https:\/\/positiveprints.com\/es\/#website"},"primaryImageOfPage":{"@id":"https:\/\/positiveprints.com\/es\/producto\/joyeria-artistica-linea-madre\/#primaryimage"},"image":{"@id":"https:\/\/positiveprints.com\/es\/producto\/joyeria-artistica-linea-madre\/#primaryimage"},"thumbnailUrl":"https:\/\/positiveprints.com\/wp-content\/uploads\/2025\/10\/MAIN_ES_Joyeri\u0301a-Arti\u0301stica-Li\u0301nea-Madre.webp","datePublished":"2024-03-28T18:47:55+00:00","dateModified":"2026-04-28T12:53:42+00:00","description":"Expresa amor eterno con las Joyas Art\u00edsticas L\u00ednea Mam\u00e1. Personalizado con esmero, es un tributo intemporal a la fuerza y el esp\u00edritu cari\u00f1oso de una madre.","breadcrumb":{"@id":"https:\/\/positiveprints.com\/es\/producto\/joyeria-artistica-linea-madre\/#breadcrumb"},"inLanguage":"es","potentialAction":[{"@type":"ReadAction","target":["https:\/\/positiveprints.com\/es\/producto\/joyeria-artistica-linea-madre\/"]}]},{"@type":"ImageObject","inLanguage":"es","@id":"https:\/\/positiveprints.com\/es\/producto\/joyeria-artistica-linea-madre\/#primaryimage","url":"https:\/\/positiveprints.com\/wp-content\/uploads\/2025\/10\/MAIN_ES_Joyeri\u0301a-Arti\u0301stica-Li\u0301nea-Madre.webp","contentUrl":"https:\/\/positiveprints.com\/wp-content\/uploads\/2025\/10\/MAIN_ES_Joyeri\u0301a-Arti\u0301stica-Li\u0301nea-Madre.webp","width":2500,"height":2500},{"@type":"BreadcrumbList","@id":"https:\/\/positiveprints.com\/es\/producto\/joyeria-artistica-linea-madre\/#breadcrumb","itemListElement":[{"@type":"ListItem","position":1,"name":"CASA","item":"https:\/\/positiveprints.com\/es\/"},{"@type":"ListItem","position":2,"name":"Productos","item":"https:\/\/positiveprints.com\/es\/shop\/"},{"@type":"ListItem","position":3,"name":"Joyer\u00eda Art\u00edstica L\u00ednea Madre"}]},{"@type":"WebSite","@id":"https:\/\/positiveprints.com\/es\/#website","url":"https:\/\/positiveprints.com\/es\/","name":"Positive Prints","description":"Custom Gifts for Special Occasions","publisher":{"@id":"https:\/\/positiveprints.com\/es\/#organization"},"potentialAction":[{"@type":"SearchAction","target":{"@type":"EntryPoint","urlTemplate":"https:\/\/positiveprints.com\/es\/?s={search_term_string}"},"query-input":{"@type":"PropertyValueSpecification","valueRequired":true,"valueName":"search_term_string"}}],"inLanguage":"es"},{"@type":"Organization","@id":"https:\/\/positiveprints.com\/es\/#organization","name":"Positive Prints","alternateName":"Positive Prints ","url":"https:\/\/positiveprints.com\/es\/","logo":{"@type":"ImageObject","inLanguage":"es","@id":"https:\/\/positiveprints.com\/es\/#\/schema\/logo\/image\/","url":"https:\/\/positiveprints.com\/wp-content\/uploads\/2026\/03\/245815646_1337939713319158_5671353136411139666_n.png","contentUrl":"https:\/\/positiveprints.com\/wp-content\/uploads\/2026\/03\/245815646_1337939713319158_5671353136411139666_n.png","width":800,"height":800,"caption":"Positive Prints"},"image":{"@id":"https:\/\/positiveprints.com\/es\/#\/schema\/logo\/image\/"},"sameAs":["https:\/\/www.facebook.com\/positiveprintscom","https:\/\/www.instagram.com\/positiveprintscom\/","https:\/\/www.tiktok.com\/@positiveprintscom","https:\/\/www.pinterest.com\/positiveprintscom\/"]}]}},"jetpack_sharing_enabled":true,"_links":{"self":[{"href":"https:\/\/positiveprints.com\/es\/wp-json\/wp\/v2\/product\/1091894","targetHints":{"allow":["GET"]}}],"collection":[{"href":"https:\/\/positiveprints.com\/es\/wp-json\/wp\/v2\/product"}],"about":[{"href":"https:\/\/positiveprints.com\/es\/wp-json\/wp\/v2\/types\/product"}],"wp:featuredmedia":[{"embeddable":true,"href":"https:\/\/positiveprints.com\/es\/wp-json\/wp\/v2\/media\/1534623"}],"wp:attachment":[{"href":"https:\/\/positiveprints.com\/es\/wp-json\/wp\/v2\/media?parent=1091894"}],"wp:term":[{"taxonomy":"product_brand","embeddable":true,"href":"https:\/\/positiveprints.com\/es\/wp-json\/wp\/v2\/product_brand?post=1091894"},{"taxonomy":"product_cat","embeddable":true,"href":"https:\/\/positiveprints.com\/es\/wp-json\/wp\/v2\/product_cat?post=1091894"},{"taxonomy":"product_tag","embeddable":true,"href":"https:\/\/positiveprints.com\/es\/wp-json\/wp\/v2\/product_tag?post=1091894"}],"curies":[{"name":"wp","href":"https:\/\/api.w.org\/{rel}","templated":true}]}}