{"id":1091892,"date":"2024-03-28T19:54:54","date_gmt":"2024-03-28T18:54:54","guid":{"rendered":"https:\/\/positiveprints.com\/?post_type=product&#038;p=1091892"},"modified":"2026-04-23T11:06:18","modified_gmt":"2026-04-23T10:06:18","slug":"graduacion-linea-arte-joyeria","status":"publish","type":"product","link":"https:\/\/positiveprints.com\/es\/producto\/graduacion-linea-arte-joyeria\/","title":{"rendered":"Graduaci\u00f3n L\u00ednea Arte Joyer\u00eda"},"content":{"rendered":"<p>Celebra los logros e hitos de la graduaci\u00f3n con nuestras exquisitas joyas art\u00edsticas de la l\u00ednea Graduaci\u00f3n. Transforma los recuerdos m\u00e1s preciados en piezas intemporales de arte personalizado, que simbolicen la dedicaci\u00f3n y el \u00e9xito de los graduados. Nuestros h\u00e1biles artesanos dibujan meticulosamente a mano cada detalle, creando representaciones \u00fanicas que captan la esencia del logro acad\u00e9mico.<\/p>\n\n\n\n<h2>Sencillo proceso en tres pasos:<\/h2>\n\n\n\n<p>Nuestro intuitivo editor agiliza la personalizaci\u00f3n de tu joya de arte lineal de graduaci\u00f3n en tres sencillos pasos. Revisa tu dise\u00f1o en cada fase para asegurarte de que encierra perfectamente la importancia del logro. Elige la fecha, el lugar y personaliza tu pieza para crear un recuerdo entra\u00f1able de esta ocasi\u00f3n trascendental.<\/p>\n\n\n\n<ol>\n\n<li>Elige tu estilo y colores: <\/li>\n\n<p>Selecciona el estilo y los colores que encarnen el esp\u00edritu del \u00e9xito y los logros acad\u00e9micos.<\/p>\n\n\n\n<li>Sube una foto especial de graduaci\u00f3n:  <\/li>\n\n<p>Comparte una foto que simbolice la dedicaci\u00f3n y el trabajo duro del graduado. Nuestros artistas dibujar\u00e1n a mano la obra de arte, asegur\u00e1ndose de que capta la esencia \u00fanica de este momento hist\u00f3rico.<\/p>\n\n\n\n<li>A\u00f1ade un mensaje personalizado y finaliza: <\/li>\n\n<p>Realza tus joyas art\u00edsticas en l\u00ednea de graduaci\u00f3n con un mensaje sincero. Nuestro equipo de asistencia verificar\u00e1 tu pedido y, una vez completado, recibir\u00e1s una prueba digital para que la revises. Tu satisfacci\u00f3n es nuestra prioridad, as\u00ed que no dudes en solicitar cambios hasta dos veces. Una vez aprobada, tu obra maestra personalizada ser\u00e1 elaborada y entregada, conmemorando el viaje del logro.<\/p>\n\n<\/ol>\n\n\n\n<h2>Celebra la graduaci\u00f3n con joyas art\u00edsticas en l\u00ednea de graduaci\u00f3n<\/h2>\n\n\n\n<p>Celebra la dedicaci\u00f3n, la perseverancia y el \u00e9xito de la graduaci\u00f3n con las Joyas Art\u00edsticas L\u00ednea Graduaci\u00f3n, un regalo perfecto para marcar la culminaci\u00f3n de los esfuerzos acad\u00e9micos. Haz tu pedido ahora y honra al graduado con una obra maestra personalizada que capte la esencia de su logro.<\/p>\n\n\n\n<p>Tu joya personalizada llega en una elegante caja, acompa\u00f1ada de instrucciones de cuidado y un pa\u00f1o de limpieza especial, lo que refleja nuestro compromiso de ofrecer no s\u00f3lo una joya, sino una experiencia entra\u00f1able. Sube una foto de graduaci\u00f3n para crear una obra de arte \u00fanica en la parte frontal del colgante: un bonito recuerdo de este hito tan significativo. En la parte posterior puedes grabar un mensaje personalizado, a\u00f1adiendo un toque profundamente personal para conmemorar el viaje de educaci\u00f3n y crecimiento.<\/p>","protected":false},"excerpt":{"rendered":"<ul class=\"check-list\">\n<li>Deja que nuestros artistas transformen un momento significativo de la graduaci\u00f3n en una pieza atemporal de joyer\u00eda personalizada<\/li>\n<li>Dibujado y enviado para tu aprobaci\u00f3n en 2-3 d\u00edas laborables<\/li>\n<li>Colgante de 20 mm fabricado en plata de ley de primera calidad, grabado con l\u00e1ser y acabado a mano<\/li>\n<li>Elige un texto sincero seg\u00fan la ocasi\u00f3n<\/li>\n<li>2 revisiones disponibles a petici\u00f3n tuya<\/li>\n<\/ul>\n","protected":false},"featured_media":1532990,"template":"","meta":[],"product_brand":[],"product_cat":[9264,9697,106,7917],"product_tag":[11903,11904,8496,15096,15097,15098,15099],"class_list":{"0":"post-1091892","1":"product","2":"type-product","3":"status-publish","4":"has-post-thumbnail","6":"product_cat-jewelry-es","7":"product_cat-joyeria-line-art","8":"product_cat-todos-los-productos","9":"product_cat-regalos-de-graduacion","10":"product_tag-dije","11":"product_tag-dijes","12":"product_tag-graduation-es","13":"product_tag-lancuszek-es","14":"product_tag-medalion-es","15":"product_tag-naszyjnik-es","16":"product_tag-wisiorek-es","18":"first","19":"instock","20":"sale","21":"taxable","22":"shipping-taxable","23":"purchasable","24":"product-type-variable"},"yoast_head":"<!-- This site is optimized with the Yoast SEO Premium plugin v27.2 (Yoast SEO v27.2) - https:\/\/yoast.com\/product\/yoast-seo-premium-wordpress\/ -->\n<title>Graduaci\u00f3n L\u00ednea Art\u00edstica Joyas - Impresiones Positivas<\/title>\n<meta name=\"description\" content=\"Conmemora el \u00e9xito acad\u00e9mico con las Joyas Art\u00edsticas L\u00ednea Graduaci\u00f3n. Personalizado a la perfecci\u00f3n, es un preciado s\u00edmbolo de logro.\" \/>\n<meta name=\"robots\" content=\"index, follow, max-snippet:-1, max-image-preview:large, max-video-preview:-1\" \/>\n<link rel=\"canonical\" href=\"https:\/\/positiveprints.com\/es\/producto\/graduacion-linea-arte-joyeria\/\" \/>\n<meta property=\"og:locale\" content=\"es_ES\" \/>\n<meta property=\"og:type\" content=\"article\" \/>\n<meta property=\"og:title\" content=\"Graduaci\u00f3n L\u00ednea Arte Joyer\u00eda\" \/>\n<meta property=\"og:description\" content=\"Deja que nuestros artistas transformen un momento significativo de la graduaci\u00f3n en una pieza atemporal de joyer\u00eda personalizada  Dibujado y enviado para tu aprobaci\u00f3n en 2-3 d\u00edas laborables  Colgante de 20 mm fabricado en plata de ley de primera calidad, grabado con l\u00e1ser y acabado a mano  Elige un texto sincero seg\u00fan la ocasi\u00f3n  2 revisiones disponibles a petici\u00f3n tuya\" \/>\n<meta property=\"og:url\" content=\"https:\/\/positiveprints.com\/es\/producto\/graduacion-linea-arte-joyeria\/\" \/>\n<meta property=\"og:site_name\" content=\"Positive Prints\" \/>\n<meta property=\"article:publisher\" content=\"https:\/\/www.facebook.com\/positiveprintscom\" \/>\n<meta property=\"article:modified_time\" content=\"2026-04-23T10:06:18+00:00\" \/>\n<meta property=\"og:image\" content=\"https:\/\/positiveprints.com\/wp-content\/uploads\/2025\/10\/MAIN_ES_Graduacio\u0301n-Li\u0301nea-Arte-Joyeri\u0301a.webp\" \/>\n\t<meta property=\"og:image:width\" content=\"2500\" \/>\n\t<meta property=\"og:image:height\" content=\"2500\" \/>\n\t<meta property=\"og:image:type\" content=\"image\/webp\" \/>\n<meta name=\"twitter:card\" content=\"summary_large_image\" \/>\n<meta name=\"twitter:label1\" content=\"Tiempo de lectura\" \/>\n\t<meta name=\"twitter:data1\" content=\"2 minutos\" \/>\n<!-- \/ Yoast SEO Premium plugin. -->","yoast_head_json":{"title":"Graduaci\u00f3n L\u00ednea Art\u00edstica Joyas - Impresiones Positivas","description":"Conmemora el \u00e9xito acad\u00e9mico con las Joyas Art\u00edsticas L\u00ednea Graduaci\u00f3n. Personalizado a la perfecci\u00f3n, es un preciado s\u00edmbolo de logro.","robots":{"index":"index","follow":"follow","max-snippet":"max-snippet:-1","max-image-preview":"max-image-preview:large","max-video-preview":"max-video-preview:-1"},"canonical":"https:\/\/positiveprints.com\/es\/producto\/graduacion-linea-arte-joyeria\/","og_locale":"es_ES","og_type":"article","og_title":"Graduaci\u00f3n L\u00ednea Arte Joyer\u00eda","og_description":"Deja que nuestros artistas transformen un momento significativo de la graduaci\u00f3n en una pieza atemporal de joyer\u00eda personalizada  Dibujado y enviado para tu aprobaci\u00f3n en 2-3 d\u00edas laborables  Colgante de 20 mm fabricado en plata de ley de primera calidad, grabado con l\u00e1ser y acabado a mano  Elige un texto sincero seg\u00fan la ocasi\u00f3n  2 revisiones disponibles a petici\u00f3n tuya","og_url":"https:\/\/positiveprints.com\/es\/producto\/graduacion-linea-arte-joyeria\/","og_site_name":"Positive Prints","article_publisher":"https:\/\/www.facebook.com\/positiveprintscom","article_modified_time":"2026-04-23T10:06:18+00:00","og_image":[{"width":2500,"height":2500,"url":"https:\/\/positiveprints.com\/wp-content\/uploads\/2025\/10\/MAIN_ES_Graduacio\u0301n-Li\u0301nea-Arte-Joyeri\u0301a.webp","type":"image\/webp"}],"twitter_card":"summary_large_image","twitter_misc":{"Tiempo de lectura":"2 minutos"},"schema":{"@context":"https:\/\/schema.org","@graph":[{"@type":["WebPage","ItemPage"],"@id":"https:\/\/positiveprints.com\/es\/producto\/graduacion-linea-arte-joyeria\/","url":"https:\/\/positiveprints.com\/es\/producto\/graduacion-linea-arte-joyeria\/","name":"Graduaci\u00f3n L\u00ednea Art\u00edstica Joyas - Impresiones Positivas","isPartOf":{"@id":"https:\/\/positiveprints.com\/es\/#website"},"primaryImageOfPage":{"@id":"https:\/\/positiveprints.com\/es\/producto\/graduacion-linea-arte-joyeria\/#primaryimage"},"image":{"@id":"https:\/\/positiveprints.com\/es\/producto\/graduacion-linea-arte-joyeria\/#primaryimage"},"thumbnailUrl":"https:\/\/positiveprints.com\/wp-content\/uploads\/2025\/10\/MAIN_ES_Graduacio\u0301n-Li\u0301nea-Arte-Joyeri\u0301a.webp","datePublished":"2024-03-28T18:54:54+00:00","dateModified":"2026-04-23T10:06:18+00:00","description":"Conmemora el \u00e9xito acad\u00e9mico con las Joyas Art\u00edsticas L\u00ednea Graduaci\u00f3n. Personalizado a la perfecci\u00f3n, es un preciado s\u00edmbolo de logro.","breadcrumb":{"@id":"https:\/\/positiveprints.com\/es\/producto\/graduacion-linea-arte-joyeria\/#breadcrumb"},"inLanguage":"es","potentialAction":[{"@type":"ReadAction","target":["https:\/\/positiveprints.com\/es\/producto\/graduacion-linea-arte-joyeria\/"]}]},{"@type":"ImageObject","inLanguage":"es","@id":"https:\/\/positiveprints.com\/es\/producto\/graduacion-linea-arte-joyeria\/#primaryimage","url":"https:\/\/positiveprints.com\/wp-content\/uploads\/2025\/10\/MAIN_ES_Graduacio\u0301n-Li\u0301nea-Arte-Joyeri\u0301a.webp","contentUrl":"https:\/\/positiveprints.com\/wp-content\/uploads\/2025\/10\/MAIN_ES_Graduacio\u0301n-Li\u0301nea-Arte-Joyeri\u0301a.webp","width":2500,"height":2500},{"@type":"BreadcrumbList","@id":"https:\/\/positiveprints.com\/es\/producto\/graduacion-linea-arte-joyeria\/#breadcrumb","itemListElement":[{"@type":"ListItem","position":1,"name":"CASA","item":"https:\/\/positiveprints.com\/es\/"},{"@type":"ListItem","position":2,"name":"Productos","item":"https:\/\/positiveprints.com\/es\/shop\/"},{"@type":"ListItem","position":3,"name":"Graduaci\u00f3n L\u00ednea Arte Joyer\u00eda"}]},{"@type":"WebSite","@id":"https:\/\/positiveprints.com\/es\/#website","url":"https:\/\/positiveprints.com\/es\/","name":"Positive Prints","description":"Custom Gifts for Special Occasions","publisher":{"@id":"https:\/\/positiveprints.com\/es\/#organization"},"potentialAction":[{"@type":"SearchAction","target":{"@type":"EntryPoint","urlTemplate":"https:\/\/positiveprints.com\/es\/?s={search_term_string}"},"query-input":{"@type":"PropertyValueSpecification","valueRequired":true,"valueName":"search_term_string"}}],"inLanguage":"es"},{"@type":"Organization","@id":"https:\/\/positiveprints.com\/es\/#organization","name":"Positive Prints","alternateName":"Positive Prints ","url":"https:\/\/positiveprints.com\/es\/","logo":{"@type":"ImageObject","inLanguage":"es","@id":"https:\/\/positiveprints.com\/es\/#\/schema\/logo\/image\/","url":"https:\/\/positiveprints.com\/wp-content\/uploads\/2026\/03\/245815646_1337939713319158_5671353136411139666_n.png","contentUrl":"https:\/\/positiveprints.com\/wp-content\/uploads\/2026\/03\/245815646_1337939713319158_5671353136411139666_n.png","width":800,"height":800,"caption":"Positive Prints"},"image":{"@id":"https:\/\/positiveprints.com\/es\/#\/schema\/logo\/image\/"},"sameAs":["https:\/\/www.facebook.com\/positiveprintscom","https:\/\/www.instagram.com\/positiveprintscom\/","https:\/\/www.tiktok.com\/@positiveprintscom","https:\/\/www.pinterest.com\/positiveprintscom\/"]}]}},"jetpack_sharing_enabled":true,"_links":{"self":[{"href":"https:\/\/positiveprints.com\/es\/wp-json\/wp\/v2\/product\/1091892","targetHints":{"allow":["GET"]}}],"collection":[{"href":"https:\/\/positiveprints.com\/es\/wp-json\/wp\/v2\/product"}],"about":[{"href":"https:\/\/positiveprints.com\/es\/wp-json\/wp\/v2\/types\/product"}],"wp:featuredmedia":[{"embeddable":true,"href":"https:\/\/positiveprints.com\/es\/wp-json\/wp\/v2\/media\/1532990"}],"wp:attachment":[{"href":"https:\/\/positiveprints.com\/es\/wp-json\/wp\/v2\/media?parent=1091892"}],"wp:term":[{"taxonomy":"product_brand","embeddable":true,"href":"https:\/\/positiveprints.com\/es\/wp-json\/wp\/v2\/product_brand?post=1091892"},{"taxonomy":"product_cat","embeddable":true,"href":"https:\/\/positiveprints.com\/es\/wp-json\/wp\/v2\/product_cat?post=1091892"},{"taxonomy":"product_tag","embeddable":true,"href":"https:\/\/positiveprints.com\/es\/wp-json\/wp\/v2\/product_tag?post=1091892"}],"curies":[{"name":"wp","href":"https:\/\/api.w.org\/{rel}","templated":true}]}}