{"id":1091884,"date":"2024-03-28T19:13:40","date_gmt":"2024-03-28T18:13:40","guid":{"rendered":"https:\/\/positiveprints.com\/?post_type=product&#038;p=1091884"},"modified":"2026-04-12T21:11:05","modified_gmt":"2026-04-12T20:11:05","slug":"collage-de-fotos-mama-4","status":"publish","type":"product","link":"https:\/\/positiveprints.com\/es\/producto\/collage-de-fotos-mama-4\/","title":{"rendered":"Collage de fotos Mam\u00e1 4"},"content":{"rendered":"<p>\u00bfBuscas la forma perfecta de expresar tu amor y aprecio por tu madre? \u00a1Nuestro &#8220;Collage de 4 fotos de mam\u00e1&#8221; es la elecci\u00f3n ideal! Con su dise\u00f1o personalizable y sus cuidados detalles, este collage se convertir\u00e1 en un preciado recuerdo para tu madre.<\/p>\r\n\r\n<h2>Crea tu collage de 4 fotos de mam\u00e1<\/h2>\r\n\r\n<p>Dise\u00f1ar tu collage personalizado es f\u00e1cil con nuestro sencillo editor en l\u00ednea. En s\u00f3lo tres sencillos pasos, puedes crear una obra maestra personalizada que capte la esencia de la relaci\u00f3n con tu madre. Empieza seleccionando un tema para tu collage. Tanto si quieres celebrar el papel de tu madre como &#8220;la mejor madre&#8221; como si quieres destacar un recuerdo especial, nuestra colecci\u00f3n de temas ofrece algo para cada madre. Cada tema incluye una elegante fuente manuscrita que a\u00f1ade un toque de sofisticaci\u00f3n a tu collage.<\/p>\r\n\r\n<p>A continuaci\u00f3n, a\u00f1ade cuatro de tus fotos favoritas a tu collage. Desde vacaciones familiares a momentos cotidianos, estas fotos dar\u00e1n vida a tu collage y crear\u00e1n una representaci\u00f3n significativa de tu v\u00ednculo con tu madre. Nuestro intuitivo editor te permite subir y organizar f\u00e1cilmente tus fotos para conseguir el dise\u00f1o perfecto. Por \u00faltimo, elige c\u00f3mo quieres que se muestre tu collage. Tanto si prefieres un p\u00f3ster impreso o enmarcado, un lienzo o un archivo de descarga digital instant\u00e1nea, te ofrecemos diversas opciones que se adaptan a tus necesidades.  <\/p>\r\n\r\n<h2>El regalo perfecto para mam\u00e1<\/h2>\r\n\r\n<p>Dale a tu madre un regalo que atesorar\u00e1 para siempre con nuestro collage personalizado &#8220;Mam\u00e1 4 fotos&#8221;. Ya sea para el D\u00eda de la Madre, para su cumplea\u00f1os o simplemente porque s\u00ed, este collage es una forma sincera de demostrarle a tu madre lo mucho que significa para ti. \u00a1Pide el tuyo hoy y haz que el d\u00eda de tu madre sea muy especial!<\/p>","protected":false},"excerpt":{"rendered":"<ul class=\"check-list\">\n<li>Recuerda a tu madre los momentos especiales que hab\u00e9is compartido juntos y haz que esos recuerdos cobren vida<\/li>\n<li>A\u00f1ade superposiciones de texto para que cada regalo sea especial y significativo<\/li>\n<li>Personaliza en s\u00f3lo 2 minutos<\/li>\n<li>Elija una plantilla o sea creativo<\/li>\n<li>Ve el resultado de inmediato: la vista previa interactiva te permite perfeccionar cada detalle<\/li>\n<\/ul>\n","protected":false},"featured_media":1096170,"template":"","meta":[],"product_brand":[],"product_cat":[7279,7501,5270,11460,11459,7709,106],"product_tag":[11035,10959,11034,11036,11037,11038,8408,11822],"class_list":{"0":"post-1091884","1":"product","2":"type-product","3":"status-publish","4":"has-post-thumbnail","6":"product_cat-regalos-del-dia-de-las-madres","7":"product_cat-foto-es","8":"product_cat-regalos-de-navidad","9":"product_cat-regalos-de-navidad-para-los-padres","10":"product_cat-regalos-de-navidad-para-mama","11":"product_cat-regalos-para-mama","12":"product_cat-todos-los-productos","13":"product_tag-mam-es","14":"product_tag-mama-es","15":"product_tag-mama-es-2","16":"product_tag-mama-es-3","17":"product_tag-mami","18":"product_tag-momia","19":"product_tag-mother-es","20":"product_tag-regalos-de-navidad-para-mama","22":"first","23":"instock","24":"sale","25":"taxable","26":"shipping-taxable","27":"purchasable","28":"product-type-variable"},"yoast_head":"<!-- This site is optimized with the Yoast SEO Premium plugin v27.2 (Yoast SEO v27.2) - https:\/\/yoast.com\/product\/yoast-seo-premium-wordpress\/ -->\n<title>Collage de 4 fotos de mam\u00e1 - Positive Prints<\/title>\n<meta name=\"description\" content=\"Captura recuerdos entra\u00f1ables con nuestro Collage de 4 fotos de mam\u00e1. F\u00e1cil de dise\u00f1ar, personalizar e imprimir. \u00a1El regalo perfecto para el d\u00eda especial de mam\u00e1!\" \/>\n<meta name=\"robots\" content=\"index, follow, max-snippet:-1, max-image-preview:large, max-video-preview:-1\" \/>\n<link rel=\"canonical\" href=\"https:\/\/positiveprints.com\/es\/producto\/collage-de-fotos-mama-4\/\" \/>\n<meta property=\"og:locale\" content=\"es_ES\" \/>\n<meta property=\"og:type\" content=\"article\" \/>\n<meta property=\"og:title\" content=\"Collage de fotos Mam\u00e1 4\" \/>\n<meta property=\"og:description\" content=\"Recuerda a tu madre los momentos especiales que hab\u00e9is compartido juntos y haz que esos recuerdos cobren vida A\u00f1ade superposiciones de texto para que cada regalo sea especial y significativo Personaliza en s\u00f3lo 2 minutos Elija una plantilla o sea creativo Ve el resultado de inmediato: la vista previa interactiva te permite perfeccionar cada detalle\" \/>\n<meta property=\"og:url\" content=\"https:\/\/positiveprints.com\/es\/producto\/collage-de-fotos-mama-4\/\" \/>\n<meta property=\"og:site_name\" content=\"Positive Prints\" \/>\n<meta property=\"article:publisher\" content=\"https:\/\/www.facebook.com\/positiveprintscom\" \/>\n<meta property=\"article:modified_time\" content=\"2026-04-12T20:11:05+00:00\" \/>\n<meta property=\"og:image\" content=\"https:\/\/positiveprints.com\/wp-content\/uploads\/2024\/04\/Mom-4-photo-collage.jpg\" \/>\n\t<meta property=\"og:image:width\" content=\"1080\" \/>\n\t<meta property=\"og:image:height\" content=\"1080\" \/>\n\t<meta property=\"og:image:type\" content=\"image\/jpeg\" \/>\n<meta name=\"twitter:card\" content=\"summary_large_image\" \/>\n<meta name=\"twitter:label1\" content=\"Tiempo de lectura\" \/>\n\t<meta name=\"twitter:data1\" content=\"2 minutos\" \/>\n<!-- \/ Yoast SEO Premium plugin. -->","yoast_head_json":{"title":"Collage de 4 fotos de mam\u00e1 - Positive Prints","description":"Captura recuerdos entra\u00f1ables con nuestro Collage de 4 fotos de mam\u00e1. F\u00e1cil de dise\u00f1ar, personalizar e imprimir. \u00a1El regalo perfecto para el d\u00eda especial de mam\u00e1!","robots":{"index":"index","follow":"follow","max-snippet":"max-snippet:-1","max-image-preview":"max-image-preview:large","max-video-preview":"max-video-preview:-1"},"canonical":"https:\/\/positiveprints.com\/es\/producto\/collage-de-fotos-mama-4\/","og_locale":"es_ES","og_type":"article","og_title":"Collage de fotos Mam\u00e1 4","og_description":"Recuerda a tu madre los momentos especiales que hab\u00e9is compartido juntos y haz que esos recuerdos cobren vida A\u00f1ade superposiciones de texto para que cada regalo sea especial y significativo Personaliza en s\u00f3lo 2 minutos Elija una plantilla o sea creativo Ve el resultado de inmediato: la vista previa interactiva te permite perfeccionar cada detalle","og_url":"https:\/\/positiveprints.com\/es\/producto\/collage-de-fotos-mama-4\/","og_site_name":"Positive Prints","article_publisher":"https:\/\/www.facebook.com\/positiveprintscom","article_modified_time":"2026-04-12T20:11:05+00:00","og_image":[{"width":1080,"height":1080,"url":"https:\/\/positiveprints.com\/wp-content\/uploads\/2024\/04\/Mom-4-photo-collage.jpg","type":"image\/jpeg"}],"twitter_card":"summary_large_image","twitter_misc":{"Tiempo de lectura":"2 minutos"},"schema":{"@context":"https:\/\/schema.org","@graph":[{"@type":["WebPage","ItemPage"],"@id":"https:\/\/positiveprints.com\/es\/producto\/collage-de-fotos-mama-4\/","url":"https:\/\/positiveprints.com\/es\/producto\/collage-de-fotos-mama-4\/","name":"Collage de 4 fotos de mam\u00e1 - Positive Prints","isPartOf":{"@id":"https:\/\/positiveprints.com\/es\/#website"},"primaryImageOfPage":{"@id":"https:\/\/positiveprints.com\/es\/producto\/collage-de-fotos-mama-4\/#primaryimage"},"image":{"@id":"https:\/\/positiveprints.com\/es\/producto\/collage-de-fotos-mama-4\/#primaryimage"},"thumbnailUrl":"https:\/\/positiveprints.com\/wp-content\/uploads\/2024\/04\/Mom-4-photo-collage.jpg","datePublished":"2024-03-28T18:13:40+00:00","dateModified":"2026-04-12T20:11:05+00:00","description":"Captura recuerdos entra\u00f1ables con nuestro Collage de 4 fotos de mam\u00e1. F\u00e1cil de dise\u00f1ar, personalizar e imprimir. \u00a1El regalo perfecto para el d\u00eda especial de mam\u00e1!","breadcrumb":{"@id":"https:\/\/positiveprints.com\/es\/producto\/collage-de-fotos-mama-4\/#breadcrumb"},"inLanguage":"es","potentialAction":[{"@type":"ReadAction","target":["https:\/\/positiveprints.com\/es\/producto\/collage-de-fotos-mama-4\/"]}]},{"@type":"ImageObject","inLanguage":"es","@id":"https:\/\/positiveprints.com\/es\/producto\/collage-de-fotos-mama-4\/#primaryimage","url":"https:\/\/positiveprints.com\/wp-content\/uploads\/2024\/04\/Mom-4-photo-collage.jpg","contentUrl":"https:\/\/positiveprints.com\/wp-content\/uploads\/2024\/04\/Mom-4-photo-collage.jpg","width":1080,"height":1080,"caption":"Mom 4 photo collage"},{"@type":"BreadcrumbList","@id":"https:\/\/positiveprints.com\/es\/producto\/collage-de-fotos-mama-4\/#breadcrumb","itemListElement":[{"@type":"ListItem","position":1,"name":"CASA","item":"https:\/\/positiveprints.com\/es\/"},{"@type":"ListItem","position":2,"name":"Productos","item":"https:\/\/positiveprints.com\/es\/shop\/"},{"@type":"ListItem","position":3,"name":"Collage de fotos Mam\u00e1 4"}]},{"@type":"WebSite","@id":"https:\/\/positiveprints.com\/es\/#website","url":"https:\/\/positiveprints.com\/es\/","name":"Positive Prints","description":"Custom Gifts for Special Occasions","publisher":{"@id":"https:\/\/positiveprints.com\/es\/#organization"},"potentialAction":[{"@type":"SearchAction","target":{"@type":"EntryPoint","urlTemplate":"https:\/\/positiveprints.com\/es\/?s={search_term_string}"},"query-input":{"@type":"PropertyValueSpecification","valueRequired":true,"valueName":"search_term_string"}}],"inLanguage":"es"},{"@type":"Organization","@id":"https:\/\/positiveprints.com\/es\/#organization","name":"Positive Prints","alternateName":"Positive Prints","url":"https:\/\/positiveprints.com\/es\/","logo":{"@type":"ImageObject","inLanguage":"es","@id":"https:\/\/positiveprints.com\/es\/#\/schema\/logo\/image\/","url":"https:\/\/positiveprints.com\/wp-content\/uploads\/2026\/03\/245815646_1337939713319158_5671353136411139666_n.png","contentUrl":"https:\/\/positiveprints.com\/wp-content\/uploads\/2026\/03\/245815646_1337939713319158_5671353136411139666_n.png","width":800,"height":800,"caption":"Positive Prints"},"image":{"@id":"https:\/\/positiveprints.com\/es\/#\/schema\/logo\/image\/"},"sameAs":["https:\/\/www.facebook.com\/positiveprintscom","https:\/\/www.instagram.com\/positiveprintscom\/","https:\/\/www.tiktok.com\/@positiveprintscom","https:\/\/www.pinterest.com\/positiveprintscom\/"]}]}},"jetpack_sharing_enabled":true,"_links":{"self":[{"href":"https:\/\/positiveprints.com\/es\/wp-json\/wp\/v2\/product\/1091884","targetHints":{"allow":["GET"]}}],"collection":[{"href":"https:\/\/positiveprints.com\/es\/wp-json\/wp\/v2\/product"}],"about":[{"href":"https:\/\/positiveprints.com\/es\/wp-json\/wp\/v2\/types\/product"}],"wp:featuredmedia":[{"embeddable":true,"href":"https:\/\/positiveprints.com\/es\/wp-json\/wp\/v2\/media\/1096170"}],"wp:attachment":[{"href":"https:\/\/positiveprints.com\/es\/wp-json\/wp\/v2\/media?parent=1091884"}],"wp:term":[{"taxonomy":"product_brand","embeddable":true,"href":"https:\/\/positiveprints.com\/es\/wp-json\/wp\/v2\/product_brand?post=1091884"},{"taxonomy":"product_cat","embeddable":true,"href":"https:\/\/positiveprints.com\/es\/wp-json\/wp\/v2\/product_cat?post=1091884"},{"taxonomy":"product_tag","embeddable":true,"href":"https:\/\/positiveprints.com\/es\/wp-json\/wp\/v2\/product_tag?post=1091884"}],"curies":[{"name":"wp","href":"https:\/\/api.w.org\/{rel}","templated":true}]}}