{"id":1089367,"date":"2024-03-28T11:39:12","date_gmt":"2024-03-28T10:39:12","guid":{"rendered":"https:\/\/positiveprints.com\/product\/cartel-con-la-definicion-de-graduacion\/"},"modified":"2026-04-28T13:54:36","modified_gmt":"2026-04-28T12:54:36","slug":"poster-definicion-de-graduacion","status":"publish","type":"product","link":"https:\/\/positiveprints.com\/es\/producto\/poster-definicion-de-graduacion\/","title":{"rendered":"Cartel con la definici\u00f3n de graduaci\u00f3n"},"content":{"rendered":"<p>\u00bfBuscas una forma memorable de conmemorar el hito de la graduaci\u00f3n? \u00a1Nuestro &#8220;P\u00f3ster de definici\u00f3n de graduaci\u00f3n&#8221; es la elecci\u00f3n perfecta! Este arte mural personalizado te permite crear un homenaje \u00fanico al graduado, celebrando su duro trabajo, sus logros y sus aspiraciones futuras.<\/p>\r\n\r\n<h2>Crea tu p\u00f3ster de definici\u00f3n de graduaci\u00f3n<\/h2>\r\n\r\n<p>Con nuestro sencillo editor en l\u00ednea, dise\u00f1ar tu &#8220;Cartel de definici\u00f3n de graduaci\u00f3n&#8221; es pan comido. Sigue tres sencillos pasos para crear una obra maestra personalizada. Empieza seleccionando un dise\u00f1o que refleje el estilo y la personalidad del graduado, y luego a\u00f1ade tu toque personal subiendo una foto y escribiendo la palabra elegida junto con una definici\u00f3n.<\/p>\r\n\r\n<p>Puedes elegir entre nuestra selecci\u00f3n de definiciones inspiradoras o crear tu propio mensaje sincero para inspirar al graduado cuando se embarque en su pr\u00f3ximo cap\u00edtulo. Ya sea en el instituto, la universidad o cualquier otro logro acad\u00e9mico, nuestro p\u00f3ster es el regalo perfecto para conmemorar sus logros.<\/p>\r\n\r\n<h2>El regalo perfecto para cualquier graduado<\/h2>\r\n\r\n<p>Una vez que hayas perfeccionado tu dise\u00f1o, elige entre una serie de opciones que incluyen impresiones enmarcadas, impresiones en lienzo o descargas digitales instant\u00e1neas. Es una forma significativa de conmemorar sus logros y mostrarles tu apoyo en la transici\u00f3n a la siguiente fase de su trayectoria vital.<\/p>\r\n\r\n<p>Dale al graduado de tu vida un regalo que atesorar\u00e1 para siempre con nuestro &#8220;P\u00f3ster de definici\u00f3n de graduaci\u00f3n&#8221; personalizado. \u00a1Pide el tuyo hoy y celebra su \u00e9xito por todo lo alto!<\/p>","protected":false},"excerpt":{"rendered":"<ul class=\"check-list\">\n<li>Haz tu definici\u00f3n personal de graduaci\u00f3n<\/li>\n<li>A\u00f1ade tu propia foto<\/li>\n<li>Personalizar en 3 sencillos pasos<\/li>\n<li>Elija una plantilla o sea creativo<\/li>\n<li>Ve el resultado de inmediato: la vista previa interactiva te permite perfeccionar cada detalle<\/li>\n<\/ul>\n","protected":false},"featured_media":1093372,"template":"","meta":[],"product_brand":[],"product_cat":[9526,7917,106,9766],"product_tag":[8496],"class_list":{"0":"post-1089367","1":"product","2":"type-product","3":"status-publish","4":"has-post-thumbnail","6":"product_cat-definicion","7":"product_cat-regalos-de-graduacion","8":"product_cat-todos-los-productos","9":"product_cat-trending-label-es","10":"product_tag-graduation-es","12":"first","13":"instock","14":"sale","15":"taxable","16":"shipping-taxable","17":"purchasable","18":"product-type-variable"},"yoast_head":"<!-- This site is optimized with the Yoast SEO Premium plugin v27.2 (Yoast SEO v27.2) - https:\/\/yoast.com\/product\/yoast-seo-premium-wordpress\/ -->\n<title>P\u00f3ster Definici\u00f3n de Graduaci\u00f3n - Positive Prints<\/title>\n<meta name=\"description\" content=\"Conmemora el hito de la graduaci\u00f3n con nuestro P\u00f3ster de definici\u00f3n de la graduaci\u00f3n. Elige su palabra y dise\u00f1o favoritos. \u00a1Perfecto para celebrar los logros!\" \/>\n<meta name=\"robots\" content=\"index, follow, max-snippet:-1, max-image-preview:large, max-video-preview:-1\" \/>\n<link rel=\"canonical\" href=\"https:\/\/positiveprints.com\/es\/producto\/poster-definicion-de-graduacion\/\" \/>\n<meta property=\"og:locale\" content=\"es_ES\" \/>\n<meta property=\"og:type\" content=\"article\" \/>\n<meta property=\"og:title\" content=\"Cartel con la definici\u00f3n de graduaci\u00f3n\" \/>\n<meta property=\"og:description\" content=\"Haz tu definici\u00f3n personal de graduaci\u00f3n A\u00f1ade tu propia foto Personalizar en 3 sencillos pasos Elija una plantilla o sea creativo Ve el resultado de inmediato: la vista previa interactiva te permite perfeccionar cada detalle\" \/>\n<meta property=\"og:url\" content=\"https:\/\/positiveprints.com\/es\/producto\/poster-definicion-de-graduacion\/\" \/>\n<meta property=\"og:site_name\" content=\"Positive Prints\" \/>\n<meta property=\"article:publisher\" content=\"https:\/\/www.facebook.com\/positiveprintscom\" \/>\n<meta property=\"article:modified_time\" content=\"2026-04-28T12:54:36+00:00\" \/>\n<meta property=\"og:image\" content=\"https:\/\/positiveprints.com\/wp-content\/uploads\/2024\/04\/Cartel-con-la-definicion-de-graduacion.jpg\" \/>\n\t<meta property=\"og:image:width\" content=\"1080\" \/>\n\t<meta property=\"og:image:height\" content=\"1080\" \/>\n\t<meta property=\"og:image:type\" content=\"image\/jpeg\" \/>\n<meta name=\"twitter:card\" content=\"summary_large_image\" \/>\n<!-- \/ Yoast SEO Premium plugin. -->","yoast_head_json":{"title":"P\u00f3ster Definici\u00f3n de Graduaci\u00f3n - Positive Prints","description":"Conmemora el hito de la graduaci\u00f3n con nuestro P\u00f3ster de definici\u00f3n de la graduaci\u00f3n. Elige su palabra y dise\u00f1o favoritos. \u00a1Perfecto para celebrar los logros!","robots":{"index":"index","follow":"follow","max-snippet":"max-snippet:-1","max-image-preview":"max-image-preview:large","max-video-preview":"max-video-preview:-1"},"canonical":"https:\/\/positiveprints.com\/es\/producto\/poster-definicion-de-graduacion\/","og_locale":"es_ES","og_type":"article","og_title":"Cartel con la definici\u00f3n de graduaci\u00f3n","og_description":"Haz tu definici\u00f3n personal de graduaci\u00f3n A\u00f1ade tu propia foto Personalizar en 3 sencillos pasos Elija una plantilla o sea creativo Ve el resultado de inmediato: la vista previa interactiva te permite perfeccionar cada detalle","og_url":"https:\/\/positiveprints.com\/es\/producto\/poster-definicion-de-graduacion\/","og_site_name":"Positive Prints","article_publisher":"https:\/\/www.facebook.com\/positiveprintscom","article_modified_time":"2026-04-28T12:54:36+00:00","og_image":[{"width":1080,"height":1080,"url":"https:\/\/positiveprints.com\/wp-content\/uploads\/2024\/04\/Cartel-con-la-definicion-de-graduacion.jpg","type":"image\/jpeg"}],"twitter_card":"summary_large_image","schema":{"@context":"https:\/\/schema.org","@graph":[{"@type":["WebPage","ItemPage"],"@id":"https:\/\/positiveprints.com\/es\/producto\/poster-definicion-de-graduacion\/","url":"https:\/\/positiveprints.com\/es\/producto\/poster-definicion-de-graduacion\/","name":"P\u00f3ster Definici\u00f3n de Graduaci\u00f3n - Positive Prints","isPartOf":{"@id":"https:\/\/positiveprints.com\/es\/#website"},"primaryImageOfPage":{"@id":"https:\/\/positiveprints.com\/es\/producto\/poster-definicion-de-graduacion\/#primaryimage"},"image":{"@id":"https:\/\/positiveprints.com\/es\/producto\/poster-definicion-de-graduacion\/#primaryimage"},"thumbnailUrl":"https:\/\/positiveprints.com\/wp-content\/uploads\/2024\/04\/Cartel-con-la-definicion-de-graduacion.jpg","datePublished":"2024-03-28T10:39:12+00:00","dateModified":"2026-04-28T12:54:36+00:00","description":"Conmemora el hito de la graduaci\u00f3n con nuestro P\u00f3ster de definici\u00f3n de la graduaci\u00f3n. Elige su palabra y dise\u00f1o favoritos. \u00a1Perfecto para celebrar los logros!","breadcrumb":{"@id":"https:\/\/positiveprints.com\/es\/producto\/poster-definicion-de-graduacion\/#breadcrumb"},"inLanguage":"es","potentialAction":[{"@type":"ReadAction","target":["https:\/\/positiveprints.com\/es\/producto\/poster-definicion-de-graduacion\/"]}]},{"@type":"ImageObject","inLanguage":"es","@id":"https:\/\/positiveprints.com\/es\/producto\/poster-definicion-de-graduacion\/#primaryimage","url":"https:\/\/positiveprints.com\/wp-content\/uploads\/2024\/04\/Cartel-con-la-definicion-de-graduacion.jpg","contentUrl":"https:\/\/positiveprints.com\/wp-content\/uploads\/2024\/04\/Cartel-con-la-definicion-de-graduacion.jpg","width":1080,"height":1080,"caption":"Cartel con la definici\u00f3n de graduaci\u00f3n"},{"@type":"BreadcrumbList","@id":"https:\/\/positiveprints.com\/es\/producto\/poster-definicion-de-graduacion\/#breadcrumb","itemListElement":[{"@type":"ListItem","position":1,"name":"CASA","item":"https:\/\/positiveprints.com\/es\/"},{"@type":"ListItem","position":2,"name":"Productos","item":"https:\/\/positiveprints.com\/es\/shop\/"},{"@type":"ListItem","position":3,"name":"Cartel con la definici\u00f3n de graduaci\u00f3n"}]},{"@type":"WebSite","@id":"https:\/\/positiveprints.com\/es\/#website","url":"https:\/\/positiveprints.com\/es\/","name":"Positive Prints","description":"Custom Gifts for Special Occasions","publisher":{"@id":"https:\/\/positiveprints.com\/es\/#organization"},"potentialAction":[{"@type":"SearchAction","target":{"@type":"EntryPoint","urlTemplate":"https:\/\/positiveprints.com\/es\/?s={search_term_string}"},"query-input":{"@type":"PropertyValueSpecification","valueRequired":true,"valueName":"search_term_string"}}],"inLanguage":"es"},{"@type":"Organization","@id":"https:\/\/positiveprints.com\/es\/#organization","name":"Positive Prints","alternateName":"Positive Prints ","url":"https:\/\/positiveprints.com\/es\/","logo":{"@type":"ImageObject","inLanguage":"es","@id":"https:\/\/positiveprints.com\/es\/#\/schema\/logo\/image\/","url":"https:\/\/positiveprints.com\/wp-content\/uploads\/2026\/03\/245815646_1337939713319158_5671353136411139666_n.png","contentUrl":"https:\/\/positiveprints.com\/wp-content\/uploads\/2026\/03\/245815646_1337939713319158_5671353136411139666_n.png","width":800,"height":800,"caption":"Positive Prints"},"image":{"@id":"https:\/\/positiveprints.com\/es\/#\/schema\/logo\/image\/"},"sameAs":["https:\/\/www.facebook.com\/positiveprintscom","https:\/\/www.instagram.com\/positiveprintscom\/","https:\/\/www.tiktok.com\/@positiveprintscom","https:\/\/www.pinterest.com\/positiveprintscom\/"]}]}},"jetpack_sharing_enabled":true,"_links":{"self":[{"href":"https:\/\/positiveprints.com\/es\/wp-json\/wp\/v2\/product\/1089367","targetHints":{"allow":["GET"]}}],"collection":[{"href":"https:\/\/positiveprints.com\/es\/wp-json\/wp\/v2\/product"}],"about":[{"href":"https:\/\/positiveprints.com\/es\/wp-json\/wp\/v2\/types\/product"}],"wp:featuredmedia":[{"embeddable":true,"href":"https:\/\/positiveprints.com\/es\/wp-json\/wp\/v2\/media\/1093372"}],"wp:attachment":[{"href":"https:\/\/positiveprints.com\/es\/wp-json\/wp\/v2\/media?parent=1089367"}],"wp:term":[{"taxonomy":"product_brand","embeddable":true,"href":"https:\/\/positiveprints.com\/es\/wp-json\/wp\/v2\/product_brand?post=1089367"},{"taxonomy":"product_cat","embeddable":true,"href":"https:\/\/positiveprints.com\/es\/wp-json\/wp\/v2\/product_cat?post=1089367"},{"taxonomy":"product_tag","embeddable":true,"href":"https:\/\/positiveprints.com\/es\/wp-json\/wp\/v2\/product_tag?post=1089367"}],"curies":[{"name":"wp","href":"https:\/\/api.w.org\/{rel}","templated":true}]}}