{"id":1089357,"date":"2024-03-28T11:04:32","date_gmt":"2024-03-28T10:04:32","guid":{"rendered":"https:\/\/positiveprints.com\/product\/poster-definicion-de-papa\/"},"modified":"2026-04-03T02:56:11","modified_gmt":"2026-04-03T01:56:11","slug":"papa-definicion-poster","status":"publish","type":"product","link":"https:\/\/positiveprints.com\/es\/producto\/papa-definicion-poster\/","title":{"rendered":"P\u00f3ster Definici\u00f3n de Pap\u00e1"},"content":{"rendered":"<p>\u00bfBuscas la forma perfecta de honrar a la figura paterna de tu vida? \u00a1Nuestro &#8220;P\u00f3ster de definici\u00f3n de pap\u00e1&#8221; es justo lo que necesitas! Este arte mural personalizado te permite crear un homenaje \u00fanico a pap\u00e1, celebrando todas las cualidades que le hacen especial. Elige su palabra favorita, ya sea &#8220;pap\u00e1&#8221;, &#8220;pap\u00e1&#8221;, &#8220;padre&#8221; o un apodo que le guste, y crea una pieza de decoraci\u00f3n \u00fanica que apreciar\u00e1 durante a\u00f1os.<\/p>\r\n\r\n<h2>P\u00f3ster personalizado con la definici\u00f3n de tu padre perfecto<\/h2>\r\n\r\n<p>Con nuestro editor en l\u00ednea f\u00e1cil de usar, dise\u00f1ar tu &#8220;P\u00f3ster de definici\u00f3n de pap\u00e1&#8221; es pan comido. S\u00f3lo tienes que seguir tres sencillos pasos para crear una obra maestra personalizada. Empieza por seleccionar un dise\u00f1o que se adapte al estilo de pap\u00e1, luego a\u00f1ade tu toque personal subiendo una foto y escribiendo la palabra elegida junto con una definici\u00f3n. Puedes elegir entre nuestra selecci\u00f3n de definiciones divertidas o inventar tu propio mensaje sincero.<\/p>\r\n\r\n<p>Una vez que hayas perfeccionado tu dise\u00f1o, elige entre una serie de opciones que incluyen impresiones enmarcadas, impresiones en lienzo o descargas digitales instant\u00e1neas. Tanto si celebras el D\u00eda del Padre, su cumplea\u00f1os o simplemente quieres demostrarle lo mucho que significa para ti, el P\u00f3ster &#8220;Definici\u00f3n de Pap\u00e1&#8221; es el regalo perfecto. Es una forma reflexiva y significativa de expresar tu amor y aprecio por el padre de tu vida.<\/p>\r\n\r\n<h2>Regalo perfecto para cualquier ocasi\u00f3n<\/h2>\r\n\r\n<p>Dale a pap\u00e1 un regalo que atesorar\u00e1 para siempre con nuestro p\u00f3ster personalizado &#8220;Definici\u00f3n de pap\u00e1&#8221;. Esta pieza \u00fanica de arte mural es algo m\u00e1s que decoraci\u00f3n: es una expresi\u00f3n sincera de tu amor y aprecio por el hombre que siempre ha estado ah\u00ed para ti. Tanto si celebras el D\u00eda del Padre, su cumplea\u00f1os o simplemente quieres hacer que un d\u00eda normal sea extraordinario, nuestro p\u00f3ster es la elecci\u00f3n perfecta. Con sus opciones personalizables y su cuidado dise\u00f1o, es una forma significativa de honrar a la figura paterna de tu vida y recordarle el impacto que ha tenido en ti. \u00a1Pide el tuyo hoy y haz que su d\u00eda sea muy especial!<\/p>","protected":false},"excerpt":{"rendered":"<ul class=\"check-list\">\n<li>A\u00f1ade tu propia foto<\/li>\n<li>Personalizar en 3 sencillos pasos<\/li>\n<li>Elija una plantilla o sea creativo<\/li>\n<li>Ve el resultado de inmediato: la vista previa interactiva te permite perfeccionar cada detalle<\/li>\n<\/ul>\n","protected":false},"featured_media":1090514,"template":"","meta":[],"product_brand":[],"product_cat":[9526,9766,106,7334,7965,5270,11451,7981,7821],"product_tag":[8559,11764],"class_list":{"0":"post-1089357","1":"product","2":"type-product","3":"status-publish","4":"has-post-thumbnail","6":"product_cat-definicion","7":"product_cat-trending-label-es","8":"product_cat-todos-los-productos","9":"product_cat-regalos-del-dia-del-padre","10":"product_cat-regalos-para-baby-showers","11":"product_cat-regalos-de-navidad","12":"product_cat-regalos-de-navidad-para-papa","13":"product_cat-regalos-para-papa","14":"product_cat-regalos-para-padres-primerizos","15":"product_tag-father-es","16":"product_tag-regalos-de-navidad-para-papa","18":"first","19":"instock","20":"sale","21":"taxable","22":"shipping-taxable","23":"purchasable","24":"product-type-variable"},"yoast_head":"<!-- This site is optimized with the Yoast SEO Premium plugin v27.2 (Yoast SEO v27.2) - https:\/\/yoast.com\/product\/yoast-seo-premium-wordpress\/ -->\n<title>P\u00f3ster Definici\u00f3n de Pap\u00e1 - Positive Prints<\/title>\n<meta name=\"description\" content=\"Crea un homenaje personalizado para pap\u00e1 con nuestro &#039;P\u00f3ster de definici\u00f3n de pap\u00e1&#039;. Elige su palabra y dise\u00f1o favoritos. \u00a1Perfecto para el D\u00eda del Padre o simplemente porque s\u00ed!\" \/>\n<meta name=\"robots\" content=\"index, follow, max-snippet:-1, max-image-preview:large, max-video-preview:-1\" \/>\n<link rel=\"canonical\" href=\"https:\/\/positiveprints.com\/es\/producto\/papa-definicion-poster\/\" \/>\n<meta property=\"og:locale\" content=\"es_ES\" \/>\n<meta property=\"og:type\" content=\"article\" \/>\n<meta property=\"og:title\" content=\"P\u00f3ster Definici\u00f3n de Pap\u00e1\" \/>\n<meta property=\"og:description\" content=\"A\u00f1ade tu propia foto  Personalizar en 3 sencillos pasos  Elija una plantilla o sea creativo  Ve el resultado de inmediato: la vista previa interactiva te permite perfeccionar cada detalle\" \/>\n<meta property=\"og:url\" content=\"https:\/\/positiveprints.com\/es\/producto\/papa-definicion-poster\/\" \/>\n<meta property=\"og:site_name\" content=\"Positive Prints\" \/>\n<meta property=\"article:publisher\" content=\"https:\/\/www.facebook.com\/positiveprintscom\" \/>\n<meta property=\"article:modified_time\" content=\"2026-04-03T01:56:11+00:00\" \/>\n<meta property=\"og:image\" content=\"https:\/\/positiveprints.com\/wp-content\/uploads\/2024\/03\/Poster-Definicion-de-Papa.jpg\" \/>\n\t<meta property=\"og:image:width\" content=\"1080\" \/>\n\t<meta property=\"og:image:height\" content=\"1080\" \/>\n\t<meta property=\"og:image:type\" content=\"image\/jpeg\" \/>\n<meta name=\"twitter:card\" content=\"summary_large_image\" \/>\n<meta name=\"twitter:label1\" content=\"Tiempo de lectura\" \/>\n\t<meta name=\"twitter:data1\" content=\"2 minutos\" \/>\n<!-- \/ Yoast SEO Premium plugin. -->","yoast_head_json":{"title":"P\u00f3ster Definici\u00f3n de Pap\u00e1 - Positive Prints","description":"Crea un homenaje personalizado para pap\u00e1 con nuestro 'P\u00f3ster de definici\u00f3n de pap\u00e1'. Elige su palabra y dise\u00f1o favoritos. \u00a1Perfecto para el D\u00eda del Padre o simplemente porque s\u00ed!","robots":{"index":"index","follow":"follow","max-snippet":"max-snippet:-1","max-image-preview":"max-image-preview:large","max-video-preview":"max-video-preview:-1"},"canonical":"https:\/\/positiveprints.com\/es\/producto\/papa-definicion-poster\/","og_locale":"es_ES","og_type":"article","og_title":"P\u00f3ster Definici\u00f3n de Pap\u00e1","og_description":"A\u00f1ade tu propia foto  Personalizar en 3 sencillos pasos  Elija una plantilla o sea creativo  Ve el resultado de inmediato: la vista previa interactiva te permite perfeccionar cada detalle","og_url":"https:\/\/positiveprints.com\/es\/producto\/papa-definicion-poster\/","og_site_name":"Positive Prints","article_publisher":"https:\/\/www.facebook.com\/positiveprintscom","article_modified_time":"2026-04-03T01:56:11+00:00","og_image":[{"width":1080,"height":1080,"url":"https:\/\/positiveprints.com\/wp-content\/uploads\/2024\/03\/Poster-Definicion-de-Papa.jpg","type":"image\/jpeg"}],"twitter_card":"summary_large_image","twitter_misc":{"Tiempo de lectura":"2 minutos"},"schema":{"@context":"https:\/\/schema.org","@graph":[{"@type":["WebPage","ItemPage"],"@id":"https:\/\/positiveprints.com\/es\/producto\/papa-definicion-poster\/","url":"https:\/\/positiveprints.com\/es\/producto\/papa-definicion-poster\/","name":"P\u00f3ster Definici\u00f3n de Pap\u00e1 - Positive Prints","isPartOf":{"@id":"https:\/\/positiveprints.com\/es\/#website"},"primaryImageOfPage":{"@id":"https:\/\/positiveprints.com\/es\/producto\/papa-definicion-poster\/#primaryimage"},"image":{"@id":"https:\/\/positiveprints.com\/es\/producto\/papa-definicion-poster\/#primaryimage"},"thumbnailUrl":"https:\/\/positiveprints.com\/wp-content\/uploads\/2024\/03\/Poster-Definicion-de-Papa.jpg","datePublished":"2024-03-28T10:04:32+00:00","dateModified":"2026-04-03T01:56:11+00:00","description":"Crea un homenaje personalizado para pap\u00e1 con nuestro 'P\u00f3ster de definici\u00f3n de pap\u00e1'. Elige su palabra y dise\u00f1o favoritos. \u00a1Perfecto para el D\u00eda del Padre o simplemente porque s\u00ed!","breadcrumb":{"@id":"https:\/\/positiveprints.com\/es\/producto\/papa-definicion-poster\/#breadcrumb"},"inLanguage":"es","potentialAction":[{"@type":"ReadAction","target":["https:\/\/positiveprints.com\/es\/producto\/papa-definicion-poster\/"]}]},{"@type":"ImageObject","inLanguage":"es","@id":"https:\/\/positiveprints.com\/es\/producto\/papa-definicion-poster\/#primaryimage","url":"https:\/\/positiveprints.com\/wp-content\/uploads\/2024\/03\/Poster-Definicion-de-Papa.jpg","contentUrl":"https:\/\/positiveprints.com\/wp-content\/uploads\/2024\/03\/Poster-Definicion-de-Papa.jpg","width":1080,"height":1080,"caption":"P\u00f3ster Definici\u00f3n de Pap\u00e1"},{"@type":"BreadcrumbList","@id":"https:\/\/positiveprints.com\/es\/producto\/papa-definicion-poster\/#breadcrumb","itemListElement":[{"@type":"ListItem","position":1,"name":"CASA","item":"https:\/\/positiveprints.com\/es\/"},{"@type":"ListItem","position":2,"name":"Productos","item":"https:\/\/positiveprints.com\/es\/shop\/"},{"@type":"ListItem","position":3,"name":"P\u00f3ster Definici\u00f3n de Pap\u00e1"}]},{"@type":"WebSite","@id":"https:\/\/positiveprints.com\/es\/#website","url":"https:\/\/positiveprints.com\/es\/","name":"Positive Prints","description":"Custom Gifts for Special Occasions","publisher":{"@id":"https:\/\/positiveprints.com\/es\/#organization"},"potentialAction":[{"@type":"SearchAction","target":{"@type":"EntryPoint","urlTemplate":"https:\/\/positiveprints.com\/es\/?s={search_term_string}"},"query-input":{"@type":"PropertyValueSpecification","valueRequired":true,"valueName":"search_term_string"}}],"inLanguage":"es"},{"@type":"Organization","@id":"https:\/\/positiveprints.com\/es\/#organization","name":"Positive Prints","alternateName":"Positive Prints","url":"https:\/\/positiveprints.com\/es\/","logo":{"@type":"ImageObject","inLanguage":"es","@id":"https:\/\/positiveprints.com\/es\/#\/schema\/logo\/image\/","url":"https:\/\/positiveprints.com\/wp-content\/uploads\/2026\/03\/245815646_1337939713319158_5671353136411139666_n.png","contentUrl":"https:\/\/positiveprints.com\/wp-content\/uploads\/2026\/03\/245815646_1337939713319158_5671353136411139666_n.png","width":800,"height":800,"caption":"Positive Prints"},"image":{"@id":"https:\/\/positiveprints.com\/es\/#\/schema\/logo\/image\/"},"sameAs":["https:\/\/www.facebook.com\/positiveprintscom","https:\/\/www.instagram.com\/positiveprintscom\/","https:\/\/www.tiktok.com\/@positiveprintscom","https:\/\/www.pinterest.com\/positiveprintscom\/"]}]}},"jetpack_sharing_enabled":true,"_links":{"self":[{"href":"https:\/\/positiveprints.com\/es\/wp-json\/wp\/v2\/product\/1089357","targetHints":{"allow":["GET"]}}],"collection":[{"href":"https:\/\/positiveprints.com\/es\/wp-json\/wp\/v2\/product"}],"about":[{"href":"https:\/\/positiveprints.com\/es\/wp-json\/wp\/v2\/types\/product"}],"wp:featuredmedia":[{"embeddable":true,"href":"https:\/\/positiveprints.com\/es\/wp-json\/wp\/v2\/media\/1090514"}],"wp:attachment":[{"href":"https:\/\/positiveprints.com\/es\/wp-json\/wp\/v2\/media?parent=1089357"}],"wp:term":[{"taxonomy":"product_brand","embeddable":true,"href":"https:\/\/positiveprints.com\/es\/wp-json\/wp\/v2\/product_brand?post=1089357"},{"taxonomy":"product_cat","embeddable":true,"href":"https:\/\/positiveprints.com\/es\/wp-json\/wp\/v2\/product_cat?post=1089357"},{"taxonomy":"product_tag","embeddable":true,"href":"https:\/\/positiveprints.com\/es\/wp-json\/wp\/v2\/product_tag?post=1089357"}],"curies":[{"name":"wp","href":"https:\/\/api.w.org\/{rel}","templated":true}]}}