{"id":1089267,"date":"2024-03-28T10:09:38","date_gmt":"2024-03-28T09:09:38","guid":{"rendered":"https:\/\/positiveprints.com\/product\/poster-definicion-de-mama\/"},"modified":"2026-04-03T02:56:17","modified_gmt":"2026-04-03T01:56:17","slug":"mama-definicion-poster","status":"publish","type":"product","link":"https:\/\/positiveprints.com\/es\/producto\/mama-definicion-poster\/","title":{"rendered":"P\u00f3ster Definici\u00f3n de Mam\u00e1"},"content":{"rendered":"<p>\u00bfBuscas una forma especial de celebrar a las incre\u00edbles mam\u00e1s de tu vida? \u00a1No busques m\u00e1s que nuestro &#8220;P\u00f3ster de definici\u00f3n de mam\u00e1&#8221;! Con infinitas posibilidades, puedes crear una pieza \u00fanica de arte mural que refleje tu definici\u00f3n personal de mam\u00e1.<\/p>\r\n\r\n<h2>P\u00f3ster personalizado con la definici\u00f3n de tu madre perfecta<\/h2>\r\n\r\n<p>Haz que tu madre se sienta muy especial con un &#8220;P\u00f3ster de definici\u00f3n de mam\u00e1&#8221; hecho a su medida. Elige su palabra favorita, ya sea &#8220;mam\u00e1&#8221;, &#8220;mami&#8221;, &#8220;madre&#8221; o un apodo especial que lleve en el coraz\u00f3n. Entonces, bucea en nuestra colecci\u00f3n de dise\u00f1os para encontrar uno que se adapte perfectamente a su estilo.<\/p>\r\n\r\n\r\n<p>Crear este sentido regalo no podr\u00eda ser m\u00e1s f\u00e1cil gracias a nuestro sencillo editor en l\u00ednea. En primer lugar, seleccionar\u00e1s un dise\u00f1o que te llame la atenci\u00f3n. A continuaci\u00f3n, a\u00f1ade tu toque personal subiendo una foto y escribiendo la palabra elegida junto con una definici\u00f3n. Incluso puedes ponerte creativa e inventar tu propia definici\u00f3n que refleje la personalidad \u00fanica y las peculiaridades de tu madre. Por \u00faltimo, elige entre nuestra gama de opciones, como cuadros enmarcados, p\u00f3sters impresos, impresiones en lienzo o descargas digitales instant\u00e1neas.<\/p>\r\n\r\n<h2>Regalo perfecto para cualquier ocasi\u00f3n<\/h2>\r\n\r\n<p>No importa la ocasi\u00f3n: ya sea el D\u00eda de la Madre, su cumplea\u00f1os, Navidad o un d\u00eda cualquiera en el que quieras demostrarle lo mucho que te importa, el P\u00f3ster &#8220;Definici\u00f3n de mam\u00e1&#8221; seguro que le arrancar\u00e1 una sonrisa. Es un regalo atento y sincero que puede ser divertido, sentimental o cualquier cosa intermedia, seg\u00fan la definici\u00f3n que elijas. Haz que se sienta querida y apreciada con un regalo personalizado que atesorar\u00e1 durante a\u00f1os.<\/p>","protected":false},"excerpt":{"rendered":"<ul class=\"check-list\">\n<li>Haz tu definici\u00f3n personal de mam\u00e1<\/li>\n<li>A\u00f1ade tu propia foto<\/li>\n<li>Personalizar en 3 sencillos pasos<\/li>\n<li>Elija una plantilla o sea creativo<\/li>\n<li>Ve el resultado de inmediato: la vista previa interactiva te permite perfeccionar cada detalle<\/li>\n<\/ul>\n","protected":false},"featured_media":1090042,"template":"","meta":[],"product_brand":[],"product_cat":[7965,9526,7279,5270,7709,11459,7821,106,9766],"product_tag":[11035,11036,10959,11034,11037,11038,8408,11822],"class_list":{"0":"post-1089267","1":"product","2":"type-product","3":"status-publish","4":"has-post-thumbnail","6":"product_cat-regalos-para-baby-showers","7":"product_cat-definicion","8":"product_cat-regalos-del-dia-de-las-madres","9":"product_cat-regalos-de-navidad","10":"product_cat-regalos-para-mama","11":"product_cat-regalos-de-navidad-para-mama","12":"product_cat-regalos-para-padres-primerizos","13":"product_cat-todos-los-productos","14":"product_cat-trending-label-es","15":"product_tag-mam-es","16":"product_tag-mama-es-3","17":"product_tag-mama-es","18":"product_tag-mama-es-2","19":"product_tag-mami","20":"product_tag-momia","21":"product_tag-mother-es","22":"product_tag-regalos-de-navidad-para-mama","24":"first","25":"instock","26":"sale","27":"taxable","28":"shipping-taxable","29":"purchasable","30":"product-type-variable"},"yoast_head":"<!-- This site is optimized with the Yoast SEO Premium plugin v27.2 (Yoast SEO v27.2) - https:\/\/yoast.com\/product\/yoast-seo-premium-wordpress\/ -->\n<title>P\u00f3ster Definici\u00f3n de Mam\u00e1 - Positive Prints<\/title>\n<meta name=\"description\" content=\"Crea un sentido homenaje para mam\u00e1 con nuestro P\u00f3ster de definici\u00f3n de mam\u00e1 personalizado. Elige su palabra y dise\u00f1o favoritos.\" \/>\n<meta name=\"robots\" content=\"index, follow, max-snippet:-1, max-image-preview:large, max-video-preview:-1\" \/>\n<link rel=\"canonical\" href=\"https:\/\/positiveprints.com\/es\/producto\/mama-definicion-poster\/\" \/>\n<meta property=\"og:locale\" content=\"es_ES\" \/>\n<meta property=\"og:type\" content=\"article\" \/>\n<meta property=\"og:title\" content=\"P\u00f3ster Definici\u00f3n de Mam\u00e1\" \/>\n<meta property=\"og:description\" content=\"Haz tu definici\u00f3n personal de mam\u00e1 A\u00f1ade tu propia foto Personalizar en 3 sencillos pasos Elija una plantilla o sea creativo Ve el resultado de inmediato: la vista previa interactiva te permite perfeccionar cada detalle\" \/>\n<meta property=\"og:url\" content=\"https:\/\/positiveprints.com\/es\/producto\/mama-definicion-poster\/\" \/>\n<meta property=\"og:site_name\" content=\"Positive Prints\" \/>\n<meta property=\"article:publisher\" content=\"https:\/\/www.facebook.com\/positiveprintscom\" \/>\n<meta property=\"article:modified_time\" content=\"2026-04-03T01:56:17+00:00\" \/>\n<meta property=\"og:image\" content=\"https:\/\/positiveprints.com\/wp-content\/uploads\/2024\/03\/Poster-Definicion-de-Mama.jpg\" \/>\n\t<meta property=\"og:image:width\" content=\"1080\" \/>\n\t<meta property=\"og:image:height\" content=\"1080\" \/>\n\t<meta property=\"og:image:type\" content=\"image\/jpeg\" \/>\n<meta name=\"twitter:card\" content=\"summary_large_image\" \/>\n<meta name=\"twitter:label1\" content=\"Tiempo de lectura\" \/>\n\t<meta name=\"twitter:data1\" content=\"2 minutos\" \/>\n<!-- \/ Yoast SEO Premium plugin. -->","yoast_head_json":{"title":"P\u00f3ster Definici\u00f3n de Mam\u00e1 - Positive Prints","description":"Crea un sentido homenaje para mam\u00e1 con nuestro P\u00f3ster de definici\u00f3n de mam\u00e1 personalizado. Elige su palabra y dise\u00f1o favoritos.","robots":{"index":"index","follow":"follow","max-snippet":"max-snippet:-1","max-image-preview":"max-image-preview:large","max-video-preview":"max-video-preview:-1"},"canonical":"https:\/\/positiveprints.com\/es\/producto\/mama-definicion-poster\/","og_locale":"es_ES","og_type":"article","og_title":"P\u00f3ster Definici\u00f3n de Mam\u00e1","og_description":"Haz tu definici\u00f3n personal de mam\u00e1 A\u00f1ade tu propia foto Personalizar en 3 sencillos pasos Elija una plantilla o sea creativo Ve el resultado de inmediato: la vista previa interactiva te permite perfeccionar cada detalle","og_url":"https:\/\/positiveprints.com\/es\/producto\/mama-definicion-poster\/","og_site_name":"Positive Prints","article_publisher":"https:\/\/www.facebook.com\/positiveprintscom","article_modified_time":"2026-04-03T01:56:17+00:00","og_image":[{"width":1080,"height":1080,"url":"https:\/\/positiveprints.com\/wp-content\/uploads\/2024\/03\/Poster-Definicion-de-Mama.jpg","type":"image\/jpeg"}],"twitter_card":"summary_large_image","twitter_misc":{"Tiempo de lectura":"2 minutos"},"schema":{"@context":"https:\/\/schema.org","@graph":[{"@type":["WebPage","ItemPage"],"@id":"https:\/\/positiveprints.com\/es\/producto\/mama-definicion-poster\/","url":"https:\/\/positiveprints.com\/es\/producto\/mama-definicion-poster\/","name":"P\u00f3ster Definici\u00f3n de Mam\u00e1 - Positive Prints","isPartOf":{"@id":"https:\/\/positiveprints.com\/es\/#website"},"primaryImageOfPage":{"@id":"https:\/\/positiveprints.com\/es\/producto\/mama-definicion-poster\/#primaryimage"},"image":{"@id":"https:\/\/positiveprints.com\/es\/producto\/mama-definicion-poster\/#primaryimage"},"thumbnailUrl":"https:\/\/positiveprints.com\/wp-content\/uploads\/2024\/03\/Poster-Definicion-de-Mama.jpg","datePublished":"2024-03-28T09:09:38+00:00","dateModified":"2026-04-03T01:56:17+00:00","description":"Crea un sentido homenaje para mam\u00e1 con nuestro P\u00f3ster de definici\u00f3n de mam\u00e1 personalizado. Elige su palabra y dise\u00f1o favoritos.","breadcrumb":{"@id":"https:\/\/positiveprints.com\/es\/producto\/mama-definicion-poster\/#breadcrumb"},"inLanguage":"es","potentialAction":[{"@type":"ReadAction","target":["https:\/\/positiveprints.com\/es\/producto\/mama-definicion-poster\/"]}]},{"@type":"ImageObject","inLanguage":"es","@id":"https:\/\/positiveprints.com\/es\/producto\/mama-definicion-poster\/#primaryimage","url":"https:\/\/positiveprints.com\/wp-content\/uploads\/2024\/03\/Poster-Definicion-de-Mama.jpg","contentUrl":"https:\/\/positiveprints.com\/wp-content\/uploads\/2024\/03\/Poster-Definicion-de-Mama.jpg","width":1080,"height":1080,"caption":"P\u00f3ster Definici\u00f3n de Mam\u00e1"},{"@type":"BreadcrumbList","@id":"https:\/\/positiveprints.com\/es\/producto\/mama-definicion-poster\/#breadcrumb","itemListElement":[{"@type":"ListItem","position":1,"name":"CASA","item":"https:\/\/positiveprints.com\/es\/"},{"@type":"ListItem","position":2,"name":"Productos","item":"https:\/\/positiveprints.com\/es\/shop\/"},{"@type":"ListItem","position":3,"name":"P\u00f3ster Definici\u00f3n de Mam\u00e1"}]},{"@type":"WebSite","@id":"https:\/\/positiveprints.com\/es\/#website","url":"https:\/\/positiveprints.com\/es\/","name":"Positive Prints","description":"Custom Gifts for Special Occasions","publisher":{"@id":"https:\/\/positiveprints.com\/es\/#organization"},"potentialAction":[{"@type":"SearchAction","target":{"@type":"EntryPoint","urlTemplate":"https:\/\/positiveprints.com\/es\/?s={search_term_string}"},"query-input":{"@type":"PropertyValueSpecification","valueRequired":true,"valueName":"search_term_string"}}],"inLanguage":"es"},{"@type":"Organization","@id":"https:\/\/positiveprints.com\/es\/#organization","name":"Positive Prints","alternateName":"Positive Prints","url":"https:\/\/positiveprints.com\/es\/","logo":{"@type":"ImageObject","inLanguage":"es","@id":"https:\/\/positiveprints.com\/es\/#\/schema\/logo\/image\/","url":"https:\/\/positiveprints.com\/wp-content\/uploads\/2026\/03\/245815646_1337939713319158_5671353136411139666_n.png","contentUrl":"https:\/\/positiveprints.com\/wp-content\/uploads\/2026\/03\/245815646_1337939713319158_5671353136411139666_n.png","width":800,"height":800,"caption":"Positive Prints"},"image":{"@id":"https:\/\/positiveprints.com\/es\/#\/schema\/logo\/image\/"},"sameAs":["https:\/\/www.facebook.com\/positiveprintscom","https:\/\/www.instagram.com\/positiveprintscom\/","https:\/\/www.tiktok.com\/@positiveprintscom","https:\/\/www.pinterest.com\/positiveprintscom\/"]}]}},"jetpack_sharing_enabled":true,"_links":{"self":[{"href":"https:\/\/positiveprints.com\/es\/wp-json\/wp\/v2\/product\/1089267","targetHints":{"allow":["GET"]}}],"collection":[{"href":"https:\/\/positiveprints.com\/es\/wp-json\/wp\/v2\/product"}],"about":[{"href":"https:\/\/positiveprints.com\/es\/wp-json\/wp\/v2\/types\/product"}],"wp:featuredmedia":[{"embeddable":true,"href":"https:\/\/positiveprints.com\/es\/wp-json\/wp\/v2\/media\/1090042"}],"wp:attachment":[{"href":"https:\/\/positiveprints.com\/es\/wp-json\/wp\/v2\/media?parent=1089267"}],"wp:term":[{"taxonomy":"product_brand","embeddable":true,"href":"https:\/\/positiveprints.com\/es\/wp-json\/wp\/v2\/product_brand?post=1089267"},{"taxonomy":"product_cat","embeddable":true,"href":"https:\/\/positiveprints.com\/es\/wp-json\/wp\/v2\/product_cat?post=1089267"},{"taxonomy":"product_tag","embeddable":true,"href":"https:\/\/positiveprints.com\/es\/wp-json\/wp\/v2\/product_tag?post=1089267"}],"curies":[{"name":"wp","href":"https:\/\/api.w.org\/{rel}","templated":true}]}}