{"id":1080171,"date":"2023-10-24T14:08:48","date_gmt":"2023-10-24T13:08:48","guid":{"rendered":"https:\/\/positiveprints.com\/product\/el-dia-que-naciste-con-foto\/"},"modified":"2026-04-28T14:05:51","modified_gmt":"2026-04-28T13:05:51","slug":"el-dia-en-que-naciste-con-foto","status":"publish","type":"product","link":"https:\/\/positiveprints.com\/es\/producto\/el-dia-en-que-naciste-con-foto\/","title":{"rendered":"El d\u00eda que naciste con foto"},"content":{"rendered":"<p>Celebra un <a href=\"https:\/\/positiveprints.com\/birthday-gifts\/\">cumplea\u00f1os <\/a>como nunca con &#8220;El d\u00eda que naciste con foto&#8221;. Ya sea el primero, el 20, el 30 o el 80, este regalo es un tesoro intemporal. A\u00f1ade la hora y el lugar de nacimiento de tu ser querido y su foto junto a un <a href=\"https:\/\/positiveprints.com\/product\/star-map\/\">mapa estelar<\/a>. &#8220;El d\u00eda que naciste&#8221; como t\u00edtulo principal capta la esencia de esta obra de arte personalizada.<\/p>\r\n\r\n<h2>Personalizar El d\u00eda que naciste con foto<\/h2>\r\n\r\n<p>Nuestro creador online hace que dise\u00f1ar &#8220;El d\u00eda que naciste con foto&#8221; sea f\u00e1cil. Elige el estilo que prefieras, incluye elementos como constelaciones y la V\u00eda L\u00e1ctea, y personaliza con el t\u00edtulo principal. Introduce la hora y el lugar de nacimiento, y presencia la magia del mapa estelar en la vista previa en l\u00ednea. A\u00f1adir una foto al lado le da un toque personal sin igual.<\/p>\r\n\r\n<p>&#8220;El d\u00eda que naciste con foto&#8221; es una cautivadora visi\u00f3n del cielo celeste en el d\u00eda y lugar exactos del nacimiento de tu ser querido. Es un mapa bellamente detallado de las estrellas que adornaban los cielos cuando vinieron al mundo.<\/p>\r\n\r\n<h2>Regalo de cumplea\u00f1os perfecto y recuerdo duradero<\/h2>\r\n\r\n<p>Este extraordinario regalo no es s\u00f3lo para los cumplea\u00f1os. Es un viaje emocional a trav\u00e9s del tiempo. Ya sea un primer cumplea\u00f1os, un hito como cumplir 30 a\u00f1os o celebrar la sabidur\u00eda de 80 a\u00f1os, esta obra de arte es el regalo perfecto. El t\u00edtulo principal, &#8220;El d\u00eda que naciste&#8221;, a\u00f1ade un toque de nostalgia y asombro a las festividades del d\u00eda.<\/p>\r\n\r\n<p>&#8220;El d\u00eda que naciste con foto&#8221; es un tesoro que resistir\u00e1 el paso del tiempo. Es un recuerdo exquisito de ese d\u00eda especial, una conexi\u00f3n con las estrellas y el amor que rodea a la persona que cumple a\u00f1os. Cada mirada a esta combinaci\u00f3n \u00fanica de mapa estelar y foto reavivar\u00e1 recuerdos entra\u00f1ables y emociones c\u00e1lidas. Haz que tu regalo de cumplea\u00f1os sea inolvidable con esta obra maestra personalizada.<\/p>","protected":false},"excerpt":{"rendered":"<ul class=\"check-list\">\n<li>Crea un bonito mapa detallado de las estrellas con una foto de la persona que cumple a\u00f1os<\/li>\n<li>A\u00f1ade constelaciones a tu mapa estelar y elige una foto<\/li>\n<li>Personalizar en 3 sencillos pasos<\/li>\n<li>Incluye un texto personalizado significativo<\/li>\n<li>Ve el resultado de inmediato: la vista previa interactiva te permite perfeccionar cada detalle<\/li>\n<\/ul>\n","protected":false},"featured_media":1249703,"template":"","meta":[],"product_brand":[],"product_cat":[3128,9106,5254,8012,7773,7693,7821,11220,11219,106],"product_tag":[8471,15095],"class_list":{"0":"post-1080171","1":"product","2":"type-product","3":"status-publish","4":"has-post-thumbnail","6":"product_cat-regalos-de-cumpleanos","7":"product_cat-duo-stars-es","8":"product_cat-regalos-de-nacimiento-de-bebe","9":"product_cat-regalos-para-hombres","10":"product_cat-regalos-para-mi-hija","11":"product_cat-regalos-para-mujeres","12":"product_cat-regalos-para-padres-primerizos","13":"product_cat-regalos-de-cumpleanos-para-hombres","14":"product_cat-regalos-de-cumpleanos-para-mujeres","15":"product_cat-todos-los-productos","16":"product_tag-birthday-es","17":"product_tag-birthday-pl-es","19":"first","20":"instock","21":"sale","22":"taxable","23":"shipping-taxable","24":"purchasable","25":"product-type-variable"},"yoast_head":"<!-- This site is optimized with the Yoast SEO Premium plugin v27.2 (Yoast SEO v27.2) - https:\/\/yoast.com\/product\/yoast-seo-premium-wordpress\/ -->\n<title>El d\u00eda que naciste con foto - Positive Prints<\/title>\n<meta name=\"description\" content=\"Celebra un cumplea\u00f1os como nunca con El d\u00eda que naciste con Foto. Ya sea el primero o el 80, este regalo es un tesoro intemporal.\" \/>\n<meta name=\"robots\" content=\"index, follow, max-snippet:-1, max-image-preview:large, max-video-preview:-1\" \/>\n<link rel=\"canonical\" href=\"https:\/\/positiveprints.com\/es\/producto\/el-dia-en-que-naciste-con-foto\/\" \/>\n<meta property=\"og:locale\" content=\"es_ES\" \/>\n<meta property=\"og:type\" content=\"article\" \/>\n<meta property=\"og:title\" content=\"El d\u00eda que naciste con foto\" \/>\n<meta property=\"og:description\" content=\"Crea un bonito mapa detallado de las estrellas con una foto de la persona que cumple a\u00f1os A\u00f1ade constelaciones a tu mapa estelar y elige una foto Personalizar en 3 sencillos pasos Incluye un texto personalizado significativo Ve el resultado de inmediato: la vista previa interactiva te permite perfeccionar cada detalle\" \/>\n<meta property=\"og:url\" content=\"https:\/\/positiveprints.com\/es\/producto\/el-dia-en-que-naciste-con-foto\/\" \/>\n<meta property=\"og:site_name\" content=\"Positive Prints\" \/>\n<meta property=\"article:publisher\" content=\"https:\/\/www.facebook.com\/positiveprintscom\" \/>\n<meta property=\"article:modified_time\" content=\"2026-04-28T13:05:51+00:00\" \/>\n<meta property=\"og:image\" content=\"https:\/\/positiveprints.com\/wp-content\/uploads\/2024\/11\/ES_PACKSHOT_The-Day-You-Were-Born-with-Photo-product-image-.webp\" \/>\n\t<meta property=\"og:image:width\" content=\"1450\" \/>\n\t<meta property=\"og:image:height\" content=\"1450\" \/>\n\t<meta property=\"og:image:type\" content=\"image\/webp\" \/>\n<meta name=\"twitter:card\" content=\"summary_large_image\" \/>\n<!-- \/ Yoast SEO Premium plugin. -->","yoast_head_json":{"title":"El d\u00eda que naciste con foto - Positive Prints","description":"Celebra un cumplea\u00f1os como nunca con El d\u00eda que naciste con Foto. Ya sea el primero o el 80, este regalo es un tesoro intemporal.","robots":{"index":"index","follow":"follow","max-snippet":"max-snippet:-1","max-image-preview":"max-image-preview:large","max-video-preview":"max-video-preview:-1"},"canonical":"https:\/\/positiveprints.com\/es\/producto\/el-dia-en-que-naciste-con-foto\/","og_locale":"es_ES","og_type":"article","og_title":"El d\u00eda que naciste con foto","og_description":"Crea un bonito mapa detallado de las estrellas con una foto de la persona que cumple a\u00f1os A\u00f1ade constelaciones a tu mapa estelar y elige una foto Personalizar en 3 sencillos pasos Incluye un texto personalizado significativo Ve el resultado de inmediato: la vista previa interactiva te permite perfeccionar cada detalle","og_url":"https:\/\/positiveprints.com\/es\/producto\/el-dia-en-que-naciste-con-foto\/","og_site_name":"Positive Prints","article_publisher":"https:\/\/www.facebook.com\/positiveprintscom","article_modified_time":"2026-04-28T13:05:51+00:00","og_image":[{"width":1450,"height":1450,"url":"https:\/\/positiveprints.com\/wp-content\/uploads\/2024\/11\/ES_PACKSHOT_The-Day-You-Were-Born-with-Photo-product-image-.webp","type":"image\/webp"}],"twitter_card":"summary_large_image","schema":{"@context":"https:\/\/schema.org","@graph":[{"@type":["WebPage","ItemPage"],"@id":"https:\/\/positiveprints.com\/es\/producto\/el-dia-en-que-naciste-con-foto\/","url":"https:\/\/positiveprints.com\/es\/producto\/el-dia-en-que-naciste-con-foto\/","name":"El d\u00eda que naciste con foto - Positive Prints","isPartOf":{"@id":"https:\/\/positiveprints.com\/es\/#website"},"primaryImageOfPage":{"@id":"https:\/\/positiveprints.com\/es\/producto\/el-dia-en-que-naciste-con-foto\/#primaryimage"},"image":{"@id":"https:\/\/positiveprints.com\/es\/producto\/el-dia-en-que-naciste-con-foto\/#primaryimage"},"thumbnailUrl":"https:\/\/positiveprints.com\/wp-content\/uploads\/2024\/11\/ES_PACKSHOT_The-Day-You-Were-Born-with-Photo-product-image-.webp","datePublished":"2023-10-24T13:08:48+00:00","dateModified":"2026-04-28T13:05:51+00:00","description":"Celebra un cumplea\u00f1os como nunca con El d\u00eda que naciste con Foto. Ya sea el primero o el 80, este regalo es un tesoro intemporal.","breadcrumb":{"@id":"https:\/\/positiveprints.com\/es\/producto\/el-dia-en-que-naciste-con-foto\/#breadcrumb"},"inLanguage":"es","potentialAction":[{"@type":"ReadAction","target":["https:\/\/positiveprints.com\/es\/producto\/el-dia-en-que-naciste-con-foto\/"]}]},{"@type":"ImageObject","inLanguage":"es","@id":"https:\/\/positiveprints.com\/es\/producto\/el-dia-en-que-naciste-con-foto\/#primaryimage","url":"https:\/\/positiveprints.com\/wp-content\/uploads\/2024\/11\/ES_PACKSHOT_The-Day-You-Were-Born-with-Photo-product-image-.webp","contentUrl":"https:\/\/positiveprints.com\/wp-content\/uploads\/2024\/11\/ES_PACKSHOT_The-Day-You-Were-Born-with-Photo-product-image-.webp","width":1450,"height":1450},{"@type":"BreadcrumbList","@id":"https:\/\/positiveprints.com\/es\/producto\/el-dia-en-que-naciste-con-foto\/#breadcrumb","itemListElement":[{"@type":"ListItem","position":1,"name":"CASA","item":"https:\/\/positiveprints.com\/es\/"},{"@type":"ListItem","position":2,"name":"Productos","item":"https:\/\/positiveprints.com\/es\/shop\/"},{"@type":"ListItem","position":3,"name":"El d\u00eda que naciste con foto"}]},{"@type":"WebSite","@id":"https:\/\/positiveprints.com\/es\/#website","url":"https:\/\/positiveprints.com\/es\/","name":"Positive Prints","description":"Custom Gifts for Special Occasions","publisher":{"@id":"https:\/\/positiveprints.com\/es\/#organization"},"potentialAction":[{"@type":"SearchAction","target":{"@type":"EntryPoint","urlTemplate":"https:\/\/positiveprints.com\/es\/?s={search_term_string}"},"query-input":{"@type":"PropertyValueSpecification","valueRequired":true,"valueName":"search_term_string"}}],"inLanguage":"es"},{"@type":"Organization","@id":"https:\/\/positiveprints.com\/es\/#organization","name":"Positive Prints","alternateName":"Positive Prints ","url":"https:\/\/positiveprints.com\/es\/","logo":{"@type":"ImageObject","inLanguage":"es","@id":"https:\/\/positiveprints.com\/es\/#\/schema\/logo\/image\/","url":"https:\/\/positiveprints.com\/wp-content\/uploads\/2026\/03\/245815646_1337939713319158_5671353136411139666_n.png","contentUrl":"https:\/\/positiveprints.com\/wp-content\/uploads\/2026\/03\/245815646_1337939713319158_5671353136411139666_n.png","width":800,"height":800,"caption":"Positive Prints"},"image":{"@id":"https:\/\/positiveprints.com\/es\/#\/schema\/logo\/image\/"},"sameAs":["https:\/\/www.facebook.com\/positiveprintscom","https:\/\/www.instagram.com\/positiveprintscom\/","https:\/\/www.tiktok.com\/@positiveprintscom","https:\/\/www.pinterest.com\/positiveprintscom\/"]}]}},"jetpack_sharing_enabled":true,"_links":{"self":[{"href":"https:\/\/positiveprints.com\/es\/wp-json\/wp\/v2\/product\/1080171","targetHints":{"allow":["GET"]}}],"collection":[{"href":"https:\/\/positiveprints.com\/es\/wp-json\/wp\/v2\/product"}],"about":[{"href":"https:\/\/positiveprints.com\/es\/wp-json\/wp\/v2\/types\/product"}],"wp:featuredmedia":[{"embeddable":true,"href":"https:\/\/positiveprints.com\/es\/wp-json\/wp\/v2\/media\/1249703"}],"wp:attachment":[{"href":"https:\/\/positiveprints.com\/es\/wp-json\/wp\/v2\/media?parent=1080171"}],"wp:term":[{"taxonomy":"product_brand","embeddable":true,"href":"https:\/\/positiveprints.com\/es\/wp-json\/wp\/v2\/product_brand?post=1080171"},{"taxonomy":"product_cat","embeddable":true,"href":"https:\/\/positiveprints.com\/es\/wp-json\/wp\/v2\/product_cat?post=1080171"},{"taxonomy":"product_tag","embeddable":true,"href":"https:\/\/positiveprints.com\/es\/wp-json\/wp\/v2\/product_tag?post=1080171"}],"curies":[{"name":"wp","href":"https:\/\/api.w.org\/{rel}","templated":true}]}}