{"id":1080166,"date":"2023-10-25T09:23:42","date_gmt":"2023-10-25T08:23:42","guid":{"rendered":"https:\/\/positiveprints.com\/product\/mapa-de-estrellas-de-aniversario-con-foto\/"},"modified":"2026-04-28T14:05:40","modified_gmt":"2026-04-28T13:05:40","slug":"mapa-estrella-aniversario-con-foto","status":"publish","type":"product","link":"https:\/\/positiveprints.com\/es\/producto\/mapa-estrella-aniversario-con-foto\/","title":{"rendered":"Mapa de estrellas de aniversario con foto"},"content":{"rendered":"<p>Celebra tu historia de amor con el &#8220;Mapa Estrella Aniversario con Foto&#8221;. Tanto si es vuestro aniversario de boda como el d\u00eda en que os convertisteis oficialmente en pareja, este regalo es un s\u00edmbolo intemporal de vuestro viaje. Conmemora ese d\u00eda tan significativo con un <a href=\"https:\/\/positiveprints.com\/product\/star-map\/\">mapa estelar<\/a> y una foto entra\u00f1able de los dos. Es el <a href=\"https:\/\/positiveprints.com\/anniversary-gifts\/\">regalo de aniversario<\/a> perfecto para honrar vuestro amor.<\/p>\r\n\r\n<h2>Crear Recuerdos con el Mapa de Estrellas de Aniversario con Foto<\/h2>\r\n\r\n<p>Nuestro creador online te permite convertir tus momentos m\u00e1s preciados en una bella obra de arte. Selecciona el estilo que prefieras, incluye elementos celestes como constelaciones y la V\u00eda L\u00e1ctea, y personal\u00edzalo con un t\u00edtulo especial. Introduce la fecha y el lugar de tu d\u00eda significativo, y observa c\u00f3mo cobra vida el mapa estelar en la vista previa en l\u00ednea. A\u00f1ade tu foto y tu obra maestra personalizada estar\u00e1 completa.<\/p>\r\n\r\n<p>El &#8220;Mapa estelar de aniversario con foto&#8221; es una impresionante representaci\u00f3n del cielo nocturno del d\u00eda en que os convertisteis en pareja o intercambiasteis vuestros votos. Es un mapa detallado de las estrellas que adornaron el cielo durante tu momento memorable.<\/p>\r\n\r\n<h2>El regalo de aniversario perfecto y un recuerdo duradero<\/h2>\r\n\r\n<p>Este exquisito regalo est\u00e1 pensado para celebrar vuestro viaje juntos. No es s\u00f3lo para los aniversarios de boda, sino tambi\u00e9n para el d\u00eda en que os convertisteis oficialmente en pareja. El t\u00edtulo personalizado a\u00f1ade un toque de nostalgia y calidez a la celebraci\u00f3n de tu aniversario.<\/p>\r\n\r\n<p>El &#8220;Mapa estelar de aniversario con foto&#8221; es m\u00e1s que un regalo. Es un recuerdo de vuestra historia de amor. Es un testimonio de los recuerdos y momentos que os han acercado. Cada vez que mires esta combinaci\u00f3n de mapa estelar y foto, te transportar\u00e1 a ese d\u00eda tan significativo, reavivando las emociones y el amor que sentiste. Haz que tu aniversario sea inolvidable con esta obra maestra personalizada.<\/p>","protected":false},"excerpt":{"rendered":"<ul class=\"check-list\">\n<li>Celebra tu aniversario con un mapa estelar y tu foto<\/li>\n<li>A\u00f1ade constelaciones a tu mapa estelar y elige una foto<\/li>\n<li>Personalizar en 3 sencillos pasos<\/li>\n<li>Incluye un texto personalizado significativo<\/li>\n<li>Ve el resultado de inmediato: la vista previa interactiva te permite perfeccionar cada detalle<\/li>\n<\/ul>\n","protected":false},"featured_media":1253686,"template":"","meta":[],"product_brand":[],"product_cat":[9106,106,5334,11187,11188,11189],"product_tag":[9092,14923],"class_list":{"0":"post-1080166","1":"product","2":"type-product","3":"status-publish","4":"has-post-thumbnail","6":"product_cat-duo-stars-es","7":"product_cat-todos-los-productos","8":"product_cat-regalos-de-aniversario","9":"product_cat-regalos-de-aniversario-para-pareja","10":"product_cat-regalos-de-aniversario-para-ella","11":"product_cat-regalos-de-aniversario-para-el","12":"product_tag-aniversario","13":"product_tag-anniversary-es","15":"first","16":"instock","17":"sale","18":"taxable","19":"shipping-taxable","20":"purchasable","21":"product-type-variable"},"yoast_head":"<!-- This site is optimized with the Yoast SEO Premium plugin v27.2 (Yoast SEO v27.2) - https:\/\/yoast.com\/product\/yoast-seo-premium-wordpress\/ -->\n<title>Mapa de estrellas de aniversario con foto - Positive Prints<\/title>\n<meta name=\"description\" content=\"Celebra tu historia de amor con el Mapa Estrella Aniversario con Foto. Haz que tu aniversario sea inolvidable con esta obra maestra personalizada.\" \/>\n<meta name=\"robots\" content=\"index, follow, max-snippet:-1, max-image-preview:large, max-video-preview:-1\" \/>\n<link rel=\"canonical\" href=\"https:\/\/positiveprints.com\/es\/producto\/mapa-estrella-aniversario-con-foto\/\" \/>\n<meta property=\"og:locale\" content=\"es_ES\" \/>\n<meta property=\"og:type\" content=\"article\" \/>\n<meta property=\"og:title\" content=\"Mapa de estrellas de aniversario con foto\" \/>\n<meta property=\"og:description\" content=\"Celebra tu aniversario con un mapa estelar y tu foto A\u00f1ade constelaciones a tu mapa estelar y elige una foto Personalizar en 3 sencillos pasos Incluye un texto personalizado significativo Ve el resultado de inmediato: la vista previa interactiva te permite perfeccionar cada detalle\" \/>\n<meta property=\"og:url\" content=\"https:\/\/positiveprints.com\/es\/producto\/mapa-estrella-aniversario-con-foto\/\" \/>\n<meta property=\"og:site_name\" content=\"Positive Prints\" \/>\n<meta property=\"article:publisher\" content=\"https:\/\/www.facebook.com\/positiveprintscom\" \/>\n<meta property=\"article:modified_time\" content=\"2026-04-28T13:05:40+00:00\" \/>\n<meta property=\"og:image\" content=\"https:\/\/positiveprints.com\/wp-content\/uploads\/2024\/11\/ES_PACKSHOT_Anniversary-Star-Map-with-Photo-product-image-.webp\" \/>\n\t<meta property=\"og:image:width\" content=\"1450\" \/>\n\t<meta property=\"og:image:height\" content=\"1450\" \/>\n\t<meta property=\"og:image:type\" content=\"image\/webp\" \/>\n<meta name=\"twitter:card\" content=\"summary_large_image\" \/>\n<!-- \/ Yoast SEO Premium plugin. -->","yoast_head_json":{"title":"Mapa de estrellas de aniversario con foto - Positive Prints","description":"Celebra tu historia de amor con el Mapa Estrella Aniversario con Foto. Haz que tu aniversario sea inolvidable con esta obra maestra personalizada.","robots":{"index":"index","follow":"follow","max-snippet":"max-snippet:-1","max-image-preview":"max-image-preview:large","max-video-preview":"max-video-preview:-1"},"canonical":"https:\/\/positiveprints.com\/es\/producto\/mapa-estrella-aniversario-con-foto\/","og_locale":"es_ES","og_type":"article","og_title":"Mapa de estrellas de aniversario con foto","og_description":"Celebra tu aniversario con un mapa estelar y tu foto A\u00f1ade constelaciones a tu mapa estelar y elige una foto Personalizar en 3 sencillos pasos Incluye un texto personalizado significativo Ve el resultado de inmediato: la vista previa interactiva te permite perfeccionar cada detalle","og_url":"https:\/\/positiveprints.com\/es\/producto\/mapa-estrella-aniversario-con-foto\/","og_site_name":"Positive Prints","article_publisher":"https:\/\/www.facebook.com\/positiveprintscom","article_modified_time":"2026-04-28T13:05:40+00:00","og_image":[{"width":1450,"height":1450,"url":"https:\/\/positiveprints.com\/wp-content\/uploads\/2024\/11\/ES_PACKSHOT_Anniversary-Star-Map-with-Photo-product-image-.webp","type":"image\/webp"}],"twitter_card":"summary_large_image","schema":{"@context":"https:\/\/schema.org","@graph":[{"@type":["WebPage","ItemPage"],"@id":"https:\/\/positiveprints.com\/es\/producto\/mapa-estrella-aniversario-con-foto\/","url":"https:\/\/positiveprints.com\/es\/producto\/mapa-estrella-aniversario-con-foto\/","name":"Mapa de estrellas de aniversario con foto - Positive Prints","isPartOf":{"@id":"https:\/\/positiveprints.com\/es\/#website"},"primaryImageOfPage":{"@id":"https:\/\/positiveprints.com\/es\/producto\/mapa-estrella-aniversario-con-foto\/#primaryimage"},"image":{"@id":"https:\/\/positiveprints.com\/es\/producto\/mapa-estrella-aniversario-con-foto\/#primaryimage"},"thumbnailUrl":"https:\/\/positiveprints.com\/wp-content\/uploads\/2024\/11\/ES_PACKSHOT_Anniversary-Star-Map-with-Photo-product-image-.webp","datePublished":"2023-10-25T08:23:42+00:00","dateModified":"2026-04-28T13:05:40+00:00","description":"Celebra tu historia de amor con el Mapa Estrella Aniversario con Foto. Haz que tu aniversario sea inolvidable con esta obra maestra personalizada.","breadcrumb":{"@id":"https:\/\/positiveprints.com\/es\/producto\/mapa-estrella-aniversario-con-foto\/#breadcrumb"},"inLanguage":"es","potentialAction":[{"@type":"ReadAction","target":["https:\/\/positiveprints.com\/es\/producto\/mapa-estrella-aniversario-con-foto\/"]}]},{"@type":"ImageObject","inLanguage":"es","@id":"https:\/\/positiveprints.com\/es\/producto\/mapa-estrella-aniversario-con-foto\/#primaryimage","url":"https:\/\/positiveprints.com\/wp-content\/uploads\/2024\/11\/ES_PACKSHOT_Anniversary-Star-Map-with-Photo-product-image-.webp","contentUrl":"https:\/\/positiveprints.com\/wp-content\/uploads\/2024\/11\/ES_PACKSHOT_Anniversary-Star-Map-with-Photo-product-image-.webp","width":1450,"height":1450},{"@type":"BreadcrumbList","@id":"https:\/\/positiveprints.com\/es\/producto\/mapa-estrella-aniversario-con-foto\/#breadcrumb","itemListElement":[{"@type":"ListItem","position":1,"name":"CASA","item":"https:\/\/positiveprints.com\/es\/"},{"@type":"ListItem","position":2,"name":"Productos","item":"https:\/\/positiveprints.com\/es\/shop\/"},{"@type":"ListItem","position":3,"name":"Mapa de estrellas de aniversario con foto"}]},{"@type":"WebSite","@id":"https:\/\/positiveprints.com\/es\/#website","url":"https:\/\/positiveprints.com\/es\/","name":"Positive Prints","description":"Custom Gifts for Special Occasions","publisher":{"@id":"https:\/\/positiveprints.com\/es\/#organization"},"potentialAction":[{"@type":"SearchAction","target":{"@type":"EntryPoint","urlTemplate":"https:\/\/positiveprints.com\/es\/?s={search_term_string}"},"query-input":{"@type":"PropertyValueSpecification","valueRequired":true,"valueName":"search_term_string"}}],"inLanguage":"es"},{"@type":"Organization","@id":"https:\/\/positiveprints.com\/es\/#organization","name":"Positive Prints","alternateName":"Positive Prints ","url":"https:\/\/positiveprints.com\/es\/","logo":{"@type":"ImageObject","inLanguage":"es","@id":"https:\/\/positiveprints.com\/es\/#\/schema\/logo\/image\/","url":"https:\/\/positiveprints.com\/wp-content\/uploads\/2026\/03\/245815646_1337939713319158_5671353136411139666_n.png","contentUrl":"https:\/\/positiveprints.com\/wp-content\/uploads\/2026\/03\/245815646_1337939713319158_5671353136411139666_n.png","width":800,"height":800,"caption":"Positive Prints"},"image":{"@id":"https:\/\/positiveprints.com\/es\/#\/schema\/logo\/image\/"},"sameAs":["https:\/\/www.facebook.com\/positiveprintscom","https:\/\/www.instagram.com\/positiveprintscom\/","https:\/\/www.tiktok.com\/@positiveprintscom","https:\/\/www.pinterest.com\/positiveprintscom\/"]}]}},"jetpack_sharing_enabled":true,"_links":{"self":[{"href":"https:\/\/positiveprints.com\/es\/wp-json\/wp\/v2\/product\/1080166","targetHints":{"allow":["GET"]}}],"collection":[{"href":"https:\/\/positiveprints.com\/es\/wp-json\/wp\/v2\/product"}],"about":[{"href":"https:\/\/positiveprints.com\/es\/wp-json\/wp\/v2\/types\/product"}],"wp:featuredmedia":[{"embeddable":true,"href":"https:\/\/positiveprints.com\/es\/wp-json\/wp\/v2\/media\/1253686"}],"wp:attachment":[{"href":"https:\/\/positiveprints.com\/es\/wp-json\/wp\/v2\/media?parent=1080166"}],"wp:term":[{"taxonomy":"product_brand","embeddable":true,"href":"https:\/\/positiveprints.com\/es\/wp-json\/wp\/v2\/product_brand?post=1080166"},{"taxonomy":"product_cat","embeddable":true,"href":"https:\/\/positiveprints.com\/es\/wp-json\/wp\/v2\/product_cat?post=1080166"},{"taxonomy":"product_tag","embeddable":true,"href":"https:\/\/positiveprints.com\/es\/wp-json\/wp\/v2\/product_tag?post=1080166"}],"curies":[{"name":"wp","href":"https:\/\/api.w.org\/{rel}","templated":true}]}}