{"id":1080157,"date":"2023-10-24T14:26:46","date_gmt":"2023-10-24T13:26:46","guid":{"rendered":"https:\/\/positiveprints.com\/product\/estrellas-la-noche-que-nos-conocimos-con-foto\/"},"modified":"2026-04-23T11:15:18","modified_gmt":"2026-04-23T10:15:18","slug":"estrellas-la-noche-que-nos-encontramos-con-fotos","status":"publish","type":"product","link":"https:\/\/positiveprints.com\/es\/producto\/estrellas-la-noche-que-nos-encontramos-con-fotos\/","title":{"rendered":"Estrellas la noche que nos conocimos con Foto"},"content":{"rendered":"<p>El romance y la observaci\u00f3n de las estrellas se unen en &#8220;Estrellas la noche que nos vimos con foto&#8221;. Ya sea un aniversario, San Valent\u00edn, Navidad o el cumplea\u00f1os de tu ser querido, este regalo enciende las chispas del amor. Conmemora la noche m\u00e1gica en que os conocisteis con un mapa estelar y una foto de vosotros dos. &#8220;Estrellas la noche que nos conocimos&#8221; adorna la ilustraci\u00f3n como t\u00edtulo principal perfecto.<\/p>\r\n\r\n<h2>C\u00f3mo crear una foto de Estrellas la noche que nos conocimos<\/h2>\r\n\r\n<p>Nuestro creador online transforma tus recuerdos en una obra de arte. Elige tu estilo, escoge elementos celestes como constelaciones y la V\u00eda L\u00e1ctea, y hazlo tuyo con el t\u00edtulo principal. Introduce la fecha y el lugar de esa noche inolvidable, y observa c\u00f3mo cobra vida el mapa estelar en la vista previa en l\u00ednea. A\u00f1ade tu foto especial y tu rom\u00e1ntica obra maestra estar\u00e1 completa.<\/p>\r\n\r\n<p>&#8220;Estrellas la noche que nos conocimos con foto&#8221; es como una instant\u00e1nea del cielo de la noche en que comenz\u00f3 vuestra historia de amor, plasmada en una obra de arte con vuestra foto. Es una hermosa imagen de las estrellas que adornaban el cielo cuando compartisteis ese momento m\u00e1gico.<\/p>\r\n\r\n<h2>El regalo rom\u00e1ntico perfecto y un recuerdo duradero<\/h2>\r\n\r\n<p>Este regalo excepcional es la personificaci\u00f3n del romanticismo. No es s\u00f3lo para aniversarios o San Valent\u00edn. Es para cualquier momento en que quieras celebrar el amor que compart\u00eds. El t\u00edtulo principal, &#8220;Estrellas la noche que nos conocimos&#8221;, encierra el aura encantadora de esa noche especial.<\/p>\r\n\r\n<p>&#8220;Estrellas la noche que nos conocimos con foto&#8221; es una historia de amor a la vista. Es un testimonio de vuestro amor y de los recuerdos que os han unido. Cada mirada a esta combinaci\u00f3n de mapa estelar y foto trae de vuelta las sensaciones de esa noche m\u00e1gica, convirti\u00e9ndola en un recuerdo duradero de vuestra historia de amor. Haz que tu regalo rom\u00e1ntico sea inolvidable con esta obra maestra personalizada.<\/p>","protected":false},"excerpt":{"rendered":"<ul class=\"check-list\">\n<li>Conmemora la noche m\u00e1gica en que os conocisteis con un mapa estelar y una foto<\/li>\n<li>A\u00f1ade constelaciones a tu mapa estelar y elige una foto<\/li>\n<li>Personalizar en 3 sencillos pasos<\/li>\n<li>Incluye un texto personalizado significativo<\/li>\n<li>Ve el resultado de inmediato: la vista previa interactiva te permite perfeccionar cada detalle<\/li>\n<\/ul>\n","protected":false},"featured_media":1258889,"template":"","meta":[],"product_brand":[],"product_cat":[9106,8189,8215,106,7933,5270,11455,11456,11452,11448,11462,11457,8012,7678,7646,7693,7789,7757,7805,3119,11249,11250],"product_tag":[14923,15455,11826,11821,11757,11825,11820,11771],"class_list":{"0":"post-1080157","1":"product","2":"type-product","3":"status-publish","4":"has-post-thumbnail","6":"product_cat-duo-stars-es","7":"product_cat-para-ella","8":"product_cat-para-el","9":"product_cat-todos-los-productos","10":"product_cat-regalos-para-despedidas-de-soltera","11":"product_cat-regalos-de-navidad","12":"product_cat-regalos-de-navidad-para-mujer","13":"product_cat-regalos-de-navidad-para-hombre","14":"product_cat-regalos-de-navidad-para-la-novia","15":"product_cat-regalos-de-navidad-para-el-novio","16":"product_cat-regalos-de-navidad-para-la-esposa","17":"product_cat-regalos-de-navidad-para-el-marido","18":"product_cat-regalos-para-hombres","19":"product_cat-regalos-para-mi-novio","20":"product_cat-regalos-para-mi-esposo","21":"product_cat-regalos-para-mujeres","22":"product_cat-regalos-para-mi-novia","23":"product_cat-regalos-para-mi-esposa","24":"product_cat-regalos-para-parejas","25":"product_cat-regalos-de-san-valentin","26":"product_cat-regalos-de-san-valentin-mujeres","27":"product_cat-regalos-de-san-valentin-hombres","28":"product_tag-anniversary-es","29":"product_tag-el-cielo-bajo-el-que-nos-conocimos","30":"product_tag-regalos-de-navidad-para-el","31":"product_tag-regalos-de-navidad-para-el-marido","32":"product_tag-regalos-de-navidad-para-el-novio","33":"product_tag-regalos-de-navidad-para-ella","34":"product_tag-regalos-de-navidad-para-la-esposa","35":"product_tag-regalos-de-navidad-para-la-novia","37":"first","38":"instock","39":"sale","40":"taxable","41":"shipping-taxable","42":"purchasable","43":"product-type-variable"},"yoast_head":"<!-- This site is optimized with the Yoast SEO Premium plugin v27.2 (Yoast SEO v27.2) - https:\/\/yoast.com\/product\/yoast-seo-premium-wordpress\/ -->\n<title>Estrellas la noche que nos conocimos con Foto - Positive Prints<\/title>\n<meta name=\"description\" content=\"Estrellas la Noche que nos Encontramos con Foto es una historia de amor a la vista. Es un testimonio de vuestro amor y de los recuerdos que os han unido.\" \/>\n<meta name=\"robots\" content=\"index, follow, max-snippet:-1, max-image-preview:large, max-video-preview:-1\" \/>\n<link rel=\"canonical\" href=\"https:\/\/positiveprints.com\/es\/producto\/estrellas-la-noche-que-nos-encontramos-con-fotos\/\" \/>\n<meta property=\"og:locale\" content=\"es_ES\" \/>\n<meta property=\"og:type\" content=\"article\" \/>\n<meta property=\"og:title\" content=\"Estrellas la noche que nos conocimos con Foto\" \/>\n<meta property=\"og:description\" content=\"Conmemora la noche m\u00e1gica en que os conocisteis con un mapa estelar y una foto A\u00f1ade constelaciones a tu mapa estelar y elige una foto Personalizar en 3 sencillos pasos Incluye un texto personalizado significativo Ve el resultado de inmediato: la vista previa interactiva te permite perfeccionar cada detalle\" \/>\n<meta property=\"og:url\" content=\"https:\/\/positiveprints.com\/es\/producto\/estrellas-la-noche-que-nos-encontramos-con-fotos\/\" \/>\n<meta property=\"og:site_name\" content=\"Positive Prints\" \/>\n<meta property=\"article:publisher\" content=\"https:\/\/www.facebook.com\/positiveprintscom\" \/>\n<meta property=\"article:modified_time\" content=\"2026-04-23T10:15:18+00:00\" \/>\n<meta property=\"og:image\" content=\"https:\/\/positiveprints.com\/wp-content\/uploads\/2024\/11\/ES_PACKSHOT_Stars-the-Night-We-Met-with-Photo-product-image-.webp\" \/>\n\t<meta property=\"og:image:width\" content=\"1450\" \/>\n\t<meta property=\"og:image:height\" content=\"1450\" \/>\n\t<meta property=\"og:image:type\" content=\"image\/webp\" \/>\n<meta name=\"twitter:card\" content=\"summary_large_image\" \/>\n<!-- \/ Yoast SEO Premium plugin. -->","yoast_head_json":{"title":"Estrellas la noche que nos conocimos con Foto - Positive Prints","description":"Estrellas la Noche que nos Encontramos con Foto es una historia de amor a la vista. Es un testimonio de vuestro amor y de los recuerdos que os han unido.","robots":{"index":"index","follow":"follow","max-snippet":"max-snippet:-1","max-image-preview":"max-image-preview:large","max-video-preview":"max-video-preview:-1"},"canonical":"https:\/\/positiveprints.com\/es\/producto\/estrellas-la-noche-que-nos-encontramos-con-fotos\/","og_locale":"es_ES","og_type":"article","og_title":"Estrellas la noche que nos conocimos con Foto","og_description":"Conmemora la noche m\u00e1gica en que os conocisteis con un mapa estelar y una foto A\u00f1ade constelaciones a tu mapa estelar y elige una foto Personalizar en 3 sencillos pasos Incluye un texto personalizado significativo Ve el resultado de inmediato: la vista previa interactiva te permite perfeccionar cada detalle","og_url":"https:\/\/positiveprints.com\/es\/producto\/estrellas-la-noche-que-nos-encontramos-con-fotos\/","og_site_name":"Positive Prints","article_publisher":"https:\/\/www.facebook.com\/positiveprintscom","article_modified_time":"2026-04-23T10:15:18+00:00","og_image":[{"width":1450,"height":1450,"url":"https:\/\/positiveprints.com\/wp-content\/uploads\/2024\/11\/ES_PACKSHOT_Stars-the-Night-We-Met-with-Photo-product-image-.webp","type":"image\/webp"}],"twitter_card":"summary_large_image","schema":{"@context":"https:\/\/schema.org","@graph":[{"@type":["WebPage","ItemPage"],"@id":"https:\/\/positiveprints.com\/es\/producto\/estrellas-la-noche-que-nos-encontramos-con-fotos\/","url":"https:\/\/positiveprints.com\/es\/producto\/estrellas-la-noche-que-nos-encontramos-con-fotos\/","name":"Estrellas la noche que nos conocimos con Foto - Positive Prints","isPartOf":{"@id":"https:\/\/positiveprints.com\/es\/#website"},"primaryImageOfPage":{"@id":"https:\/\/positiveprints.com\/es\/producto\/estrellas-la-noche-que-nos-encontramos-con-fotos\/#primaryimage"},"image":{"@id":"https:\/\/positiveprints.com\/es\/producto\/estrellas-la-noche-que-nos-encontramos-con-fotos\/#primaryimage"},"thumbnailUrl":"https:\/\/positiveprints.com\/wp-content\/uploads\/2024\/11\/ES_PACKSHOT_Stars-the-Night-We-Met-with-Photo-product-image-.webp","datePublished":"2023-10-24T13:26:46+00:00","dateModified":"2026-04-23T10:15:18+00:00","description":"Estrellas la Noche que nos Encontramos con Foto es una historia de amor a la vista. Es un testimonio de vuestro amor y de los recuerdos que os han unido.","breadcrumb":{"@id":"https:\/\/positiveprints.com\/es\/producto\/estrellas-la-noche-que-nos-encontramos-con-fotos\/#breadcrumb"},"inLanguage":"es","potentialAction":[{"@type":"ReadAction","target":["https:\/\/positiveprints.com\/es\/producto\/estrellas-la-noche-que-nos-encontramos-con-fotos\/"]}]},{"@type":"ImageObject","inLanguage":"es","@id":"https:\/\/positiveprints.com\/es\/producto\/estrellas-la-noche-que-nos-encontramos-con-fotos\/#primaryimage","url":"https:\/\/positiveprints.com\/wp-content\/uploads\/2024\/11\/ES_PACKSHOT_Stars-the-Night-We-Met-with-Photo-product-image-.webp","contentUrl":"https:\/\/positiveprints.com\/wp-content\/uploads\/2024\/11\/ES_PACKSHOT_Stars-the-Night-We-Met-with-Photo-product-image-.webp","width":1450,"height":1450},{"@type":"BreadcrumbList","@id":"https:\/\/positiveprints.com\/es\/producto\/estrellas-la-noche-que-nos-encontramos-con-fotos\/#breadcrumb","itemListElement":[{"@type":"ListItem","position":1,"name":"CASA","item":"https:\/\/positiveprints.com\/es\/"},{"@type":"ListItem","position":2,"name":"Productos","item":"https:\/\/positiveprints.com\/es\/shop\/"},{"@type":"ListItem","position":3,"name":"Estrellas la noche que nos conocimos con Foto"}]},{"@type":"WebSite","@id":"https:\/\/positiveprints.com\/es\/#website","url":"https:\/\/positiveprints.com\/es\/","name":"Positive Prints","description":"Custom Gifts for Special Occasions","publisher":{"@id":"https:\/\/positiveprints.com\/es\/#organization"},"potentialAction":[{"@type":"SearchAction","target":{"@type":"EntryPoint","urlTemplate":"https:\/\/positiveprints.com\/es\/?s={search_term_string}"},"query-input":{"@type":"PropertyValueSpecification","valueRequired":true,"valueName":"search_term_string"}}],"inLanguage":"es"},{"@type":"Organization","@id":"https:\/\/positiveprints.com\/es\/#organization","name":"Positive Prints","alternateName":"Positive Prints ","url":"https:\/\/positiveprints.com\/es\/","logo":{"@type":"ImageObject","inLanguage":"es","@id":"https:\/\/positiveprints.com\/es\/#\/schema\/logo\/image\/","url":"https:\/\/positiveprints.com\/wp-content\/uploads\/2026\/03\/245815646_1337939713319158_5671353136411139666_n.png","contentUrl":"https:\/\/positiveprints.com\/wp-content\/uploads\/2026\/03\/245815646_1337939713319158_5671353136411139666_n.png","width":800,"height":800,"caption":"Positive Prints"},"image":{"@id":"https:\/\/positiveprints.com\/es\/#\/schema\/logo\/image\/"},"sameAs":["https:\/\/www.facebook.com\/positiveprintscom","https:\/\/www.instagram.com\/positiveprintscom\/","https:\/\/www.tiktok.com\/@positiveprintscom","https:\/\/www.pinterest.com\/positiveprintscom\/"]}]}},"jetpack_sharing_enabled":true,"_links":{"self":[{"href":"https:\/\/positiveprints.com\/es\/wp-json\/wp\/v2\/product\/1080157","targetHints":{"allow":["GET"]}}],"collection":[{"href":"https:\/\/positiveprints.com\/es\/wp-json\/wp\/v2\/product"}],"about":[{"href":"https:\/\/positiveprints.com\/es\/wp-json\/wp\/v2\/types\/product"}],"wp:featuredmedia":[{"embeddable":true,"href":"https:\/\/positiveprints.com\/es\/wp-json\/wp\/v2\/media\/1258889"}],"wp:attachment":[{"href":"https:\/\/positiveprints.com\/es\/wp-json\/wp\/v2\/media?parent=1080157"}],"wp:term":[{"taxonomy":"product_brand","embeddable":true,"href":"https:\/\/positiveprints.com\/es\/wp-json\/wp\/v2\/product_brand?post=1080157"},{"taxonomy":"product_cat","embeddable":true,"href":"https:\/\/positiveprints.com\/es\/wp-json\/wp\/v2\/product_cat?post=1080157"},{"taxonomy":"product_tag","embeddable":true,"href":"https:\/\/positiveprints.com\/es\/wp-json\/wp\/v2\/product_tag?post=1080157"}],"curies":[{"name":"wp","href":"https:\/\/api.w.org\/{rel}","templated":true}]}}