{"id":1080146,"date":"2023-10-25T12:22:35","date_gmt":"2023-10-25T11:22:35","guid":{"rendered":"https:\/\/positiveprints.com\/product\/la-noche-que-nos-comprometimos-con-foto\/"},"modified":"2026-04-03T03:02:15","modified_gmt":"2026-04-03T02:02:15","slug":"la-noche-que-nos-comprometimos-con-la-foto","status":"publish","type":"product","link":"https:\/\/positiveprints.com\/es\/producto\/la-noche-que-nos-comprometimos-con-la-foto\/","title":{"rendered":"La noche que nos comprometimos con Foto"},"content":{"rendered":"<p>Celebra el hermoso viaje del amor con &#8220;La noche que nos comprometimos con foto&#8221;. Esta sentida obra de arte captura el cielo estrellado del momento exacto de vuestro <a href=\"https:\/\/positiveprints.com\/engagement-gifts\/\">compromiso<\/a>. Ya sea un regalo para tus amigos reci\u00e9n prometidos o para tu pareja, es la forma perfecta de conmemorar el comienzo de una eternidad. Combina el mapa estelar de esa noche especial con tu foto favorita, creando un recuerdo entra\u00f1able.<\/p>\r\n\r\n<h2>La noche que nos comprometimos: Crear amor y recuerdos<\/h2>\r\n\r\n<p>Nuestro creador en l\u00ednea convierte sin esfuerzo tus momentos m\u00e1s queridos en una obra de arte. Elige el estilo que prefieras, incorpora elementos celestes como constelaciones y la V\u00eda L\u00e1ctea, y personal\u00edzalo con un t\u00edtulo especial. Introduce la fecha y el lugar de tu compromiso, y observa c\u00f3mo cobra vida el <a href=\"https:\/\/positiveprints.com\/product\/star-map\/\">mapa estelar<\/a> en la vista previa en l\u00ednea. A\u00f1ade tu foto de compromiso favorita para completar esta conmovedora obra maestra.<\/p>\r\n\r\n<p>&#8220;La noche que nos comprometimos con foto&#8221; es un retrato impresionante del cielo nocturno de la noche en que dijisteis &#8220;s\u00ed&#8221;. Es una representaci\u00f3n detallada de las estrellas que adornaron el cielo durante vuestro trascendental compromiso.<\/p>\r\n\r\n<h2>El regalo de compromiso perfecto y un recuerdo duradero<\/h2>\r\n\r\n<p>Este regalo va m\u00e1s all\u00e1 de ser un obsequio. Es una celebraci\u00f3n de vuestro amor y del compromiso que hab\u00e9is contra\u00eddo el uno con el otro. Es ideal para amigos reci\u00e9n prometidos o como un gesto sincero para tu pareja. El t\u00edtulo, &#8220;La noche que nos comprometimos&#8221;, capta la calidez y la emoci\u00f3n de este momento tan especial.<\/p>\r\n\r\n<p>&#8220;La noche que nos comprometimos con foto&#8221; es un tesoro de vuestro amor y de los recuerdos que hab\u00e9is creado juntos. Cada mirada a esta combinaci\u00f3n de mapa estelar y foto te transporta a esa noche entra\u00f1able, reavivando las emociones y la alegr\u00eda que sentisteis durante vuestro compromiso. Haz que tu regalo sea inolvidable con esta obra maestra personalizada, que celebra el amor que os uni\u00f3.<\/p>","protected":false},"excerpt":{"rendered":"<ul class=\"check-list\">\n<li>Captura el cielo estrellado del momento exacto de tu compromiso y a\u00f1ade una foto entra\u00f1able<\/li>\n<li>A\u00f1ade constelaciones a tu mapa estelar y elige una foto<\/li>\n<li>Personalizar en 3 sencillos pasos<\/li>\n<li>Incluye un texto personalizado significativo<\/li>\n<li>Ve el resultado de inmediato: la vista previa interactiva te permite perfeccionar cada detalle<\/li>\n<\/ul>\n","protected":false},"featured_media":1248851,"template":"","meta":[],"product_brand":[],"product_cat":[5277,9106,106,9766],"product_tag":[8440],"class_list":{"0":"post-1080146","1":"product","2":"type-product","3":"status-publish","4":"has-post-thumbnail","6":"product_cat-regalos-de-compromiso","7":"product_cat-duo-stars-es","8":"product_cat-todos-los-productos","9":"product_cat-trending-label-es","10":"product_tag-compromiso","12":"first","13":"instock","14":"sale","15":"taxable","16":"shipping-taxable","17":"purchasable","18":"product-type-variable"},"yoast_head":"<!-- This site is optimized with the Yoast SEO Premium plugin v27.2 (Yoast SEO v27.2) - https:\/\/yoast.com\/product\/yoast-seo-premium-wordpress\/ -->\n<title>La noche que nos comprometimos con Foto - Positive Prints<\/title>\n<meta name=\"description\" content=\"Celebra el viaje del amor con La noche que nos comprometimos con Foto. Esta obra de arte captura el cielo estrellado del momento exacto de vuestro compromiso\" \/>\n<meta name=\"robots\" content=\"index, follow, max-snippet:-1, max-image-preview:large, max-video-preview:-1\" \/>\n<link rel=\"canonical\" href=\"https:\/\/positiveprints.com\/es\/producto\/la-noche-que-nos-comprometimos-con-la-foto\/\" \/>\n<meta property=\"og:locale\" content=\"es_ES\" \/>\n<meta property=\"og:type\" content=\"article\" \/>\n<meta property=\"og:title\" content=\"La noche que nos comprometimos con Foto\" \/>\n<meta property=\"og:description\" content=\"Captura el cielo estrellado del momento exacto de tu compromiso y a\u00f1ade una foto entra\u00f1able A\u00f1ade constelaciones a tu mapa estelar y elige una foto Personalizar en 3 sencillos pasos Incluye un texto personalizado significativo Ve el resultado de inmediato: la vista previa interactiva te permite perfeccionar cada detalle\" \/>\n<meta property=\"og:url\" content=\"https:\/\/positiveprints.com\/es\/producto\/la-noche-que-nos-comprometimos-con-la-foto\/\" \/>\n<meta property=\"og:site_name\" content=\"Positive Prints\" \/>\n<meta property=\"article:publisher\" content=\"https:\/\/www.facebook.com\/positiveprintscom\" \/>\n<meta property=\"article:modified_time\" content=\"2026-04-03T02:02:15+00:00\" \/>\n<meta property=\"og:image\" content=\"https:\/\/positiveprints.com\/wp-content\/uploads\/2024\/11\/ES_PACKSHOT_The-Night-We-Got-Engaged-with-Photo-product-image-.webp\" \/>\n\t<meta property=\"og:image:width\" content=\"1450\" \/>\n\t<meta property=\"og:image:height\" content=\"1450\" \/>\n\t<meta property=\"og:image:type\" content=\"image\/webp\" \/>\n<meta name=\"twitter:card\" content=\"summary_large_image\" \/>\n<meta name=\"twitter:label1\" content=\"Tiempo de lectura\" \/>\n\t<meta name=\"twitter:data1\" content=\"2 minutos\" \/>\n<!-- \/ Yoast SEO Premium plugin. -->","yoast_head_json":{"title":"La noche que nos comprometimos con Foto - Positive Prints","description":"Celebra el viaje del amor con La noche que nos comprometimos con Foto. Esta obra de arte captura el cielo estrellado del momento exacto de vuestro compromiso","robots":{"index":"index","follow":"follow","max-snippet":"max-snippet:-1","max-image-preview":"max-image-preview:large","max-video-preview":"max-video-preview:-1"},"canonical":"https:\/\/positiveprints.com\/es\/producto\/la-noche-que-nos-comprometimos-con-la-foto\/","og_locale":"es_ES","og_type":"article","og_title":"La noche que nos comprometimos con Foto","og_description":"Captura el cielo estrellado del momento exacto de tu compromiso y a\u00f1ade una foto entra\u00f1able A\u00f1ade constelaciones a tu mapa estelar y elige una foto Personalizar en 3 sencillos pasos Incluye un texto personalizado significativo Ve el resultado de inmediato: la vista previa interactiva te permite perfeccionar cada detalle","og_url":"https:\/\/positiveprints.com\/es\/producto\/la-noche-que-nos-comprometimos-con-la-foto\/","og_site_name":"Positive Prints","article_publisher":"https:\/\/www.facebook.com\/positiveprintscom","article_modified_time":"2026-04-03T02:02:15+00:00","og_image":[{"width":1450,"height":1450,"url":"https:\/\/positiveprints.com\/wp-content\/uploads\/2024\/11\/ES_PACKSHOT_The-Night-We-Got-Engaged-with-Photo-product-image-.webp","type":"image\/webp"}],"twitter_card":"summary_large_image","twitter_misc":{"Tiempo de lectura":"2 minutos"},"schema":{"@context":"https:\/\/schema.org","@graph":[{"@type":["WebPage","ItemPage"],"@id":"https:\/\/positiveprints.com\/es\/producto\/la-noche-que-nos-comprometimos-con-la-foto\/","url":"https:\/\/positiveprints.com\/es\/producto\/la-noche-que-nos-comprometimos-con-la-foto\/","name":"La noche que nos comprometimos con Foto - Positive Prints","isPartOf":{"@id":"https:\/\/positiveprints.com\/es\/#website"},"primaryImageOfPage":{"@id":"https:\/\/positiveprints.com\/es\/producto\/la-noche-que-nos-comprometimos-con-la-foto\/#primaryimage"},"image":{"@id":"https:\/\/positiveprints.com\/es\/producto\/la-noche-que-nos-comprometimos-con-la-foto\/#primaryimage"},"thumbnailUrl":"https:\/\/positiveprints.com\/wp-content\/uploads\/2024\/11\/ES_PACKSHOT_The-Night-We-Got-Engaged-with-Photo-product-image-.webp","datePublished":"2023-10-25T11:22:35+00:00","dateModified":"2026-04-03T02:02:15+00:00","description":"Celebra el viaje del amor con La noche que nos comprometimos con Foto. Esta obra de arte captura el cielo estrellado del momento exacto de vuestro compromiso","breadcrumb":{"@id":"https:\/\/positiveprints.com\/es\/producto\/la-noche-que-nos-comprometimos-con-la-foto\/#breadcrumb"},"inLanguage":"es","potentialAction":[{"@type":"ReadAction","target":["https:\/\/positiveprints.com\/es\/producto\/la-noche-que-nos-comprometimos-con-la-foto\/"]}]},{"@type":"ImageObject","inLanguage":"es","@id":"https:\/\/positiveprints.com\/es\/producto\/la-noche-que-nos-comprometimos-con-la-foto\/#primaryimage","url":"https:\/\/positiveprints.com\/wp-content\/uploads\/2024\/11\/ES_PACKSHOT_The-Night-We-Got-Engaged-with-Photo-product-image-.webp","contentUrl":"https:\/\/positiveprints.com\/wp-content\/uploads\/2024\/11\/ES_PACKSHOT_The-Night-We-Got-Engaged-with-Photo-product-image-.webp","width":1450,"height":1450},{"@type":"BreadcrumbList","@id":"https:\/\/positiveprints.com\/es\/producto\/la-noche-que-nos-comprometimos-con-la-foto\/#breadcrumb","itemListElement":[{"@type":"ListItem","position":1,"name":"CASA","item":"https:\/\/positiveprints.com\/es\/"},{"@type":"ListItem","position":2,"name":"Productos","item":"https:\/\/positiveprints.com\/es\/shop\/"},{"@type":"ListItem","position":3,"name":"La noche que nos comprometimos con Foto"}]},{"@type":"WebSite","@id":"https:\/\/positiveprints.com\/es\/#website","url":"https:\/\/positiveprints.com\/es\/","name":"Positive Prints","description":"Custom Gifts for Special Occasions","publisher":{"@id":"https:\/\/positiveprints.com\/es\/#organization"},"potentialAction":[{"@type":"SearchAction","target":{"@type":"EntryPoint","urlTemplate":"https:\/\/positiveprints.com\/es\/?s={search_term_string}"},"query-input":{"@type":"PropertyValueSpecification","valueRequired":true,"valueName":"search_term_string"}}],"inLanguage":"es"},{"@type":"Organization","@id":"https:\/\/positiveprints.com\/es\/#organization","name":"Positive Prints","alternateName":"Positive Prints","url":"https:\/\/positiveprints.com\/es\/","logo":{"@type":"ImageObject","inLanguage":"es","@id":"https:\/\/positiveprints.com\/es\/#\/schema\/logo\/image\/","url":"https:\/\/positiveprints.com\/wp-content\/uploads\/2026\/03\/245815646_1337939713319158_5671353136411139666_n.png","contentUrl":"https:\/\/positiveprints.com\/wp-content\/uploads\/2026\/03\/245815646_1337939713319158_5671353136411139666_n.png","width":800,"height":800,"caption":"Positive Prints"},"image":{"@id":"https:\/\/positiveprints.com\/es\/#\/schema\/logo\/image\/"},"sameAs":["https:\/\/www.facebook.com\/positiveprintscom","https:\/\/www.instagram.com\/positiveprintscom\/","https:\/\/www.tiktok.com\/@positiveprintscom","https:\/\/www.pinterest.com\/positiveprintscom\/"]}]}},"jetpack_sharing_enabled":true,"_links":{"self":[{"href":"https:\/\/positiveprints.com\/es\/wp-json\/wp\/v2\/product\/1080146","targetHints":{"allow":["GET"]}}],"collection":[{"href":"https:\/\/positiveprints.com\/es\/wp-json\/wp\/v2\/product"}],"about":[{"href":"https:\/\/positiveprints.com\/es\/wp-json\/wp\/v2\/types\/product"}],"wp:featuredmedia":[{"embeddable":true,"href":"https:\/\/positiveprints.com\/es\/wp-json\/wp\/v2\/media\/1248851"}],"wp:attachment":[{"href":"https:\/\/positiveprints.com\/es\/wp-json\/wp\/v2\/media?parent=1080146"}],"wp:term":[{"taxonomy":"product_brand","embeddable":true,"href":"https:\/\/positiveprints.com\/es\/wp-json\/wp\/v2\/product_brand?post=1080146"},{"taxonomy":"product_cat","embeddable":true,"href":"https:\/\/positiveprints.com\/es\/wp-json\/wp\/v2\/product_cat?post=1080146"},{"taxonomy":"product_tag","embeddable":true,"href":"https:\/\/positiveprints.com\/es\/wp-json\/wp\/v2\/product_tag?post=1080146"}],"curies":[{"name":"wp","href":"https:\/\/api.w.org\/{rel}","templated":true}]}}